{"id":3740,"date":"2021-03-04T13:23:01","date_gmt":"2021-03-04T13:23:01","guid":{"rendered":"https:\/\/agrarias.ufpr.br\/pgapv\/?page_id=3740"},"modified":"2021-04-07T12:07:16","modified_gmt":"2021-04-07T12:07:16","slug":"manejo-em-fitossanidade-e-impacto-ambiental","status":"publish","type":"page","link":"https:\/\/agrarias.ufpr.br\/pgapv\/manejo-em-fitossanidade-e-impacto-ambiental\/","title":{"rendered":"Manejo em Fitossanidade e Impacto Ambiental-2017"},"content":{"rendered":"<table style=\"height: 82px;width: 101.25%;border-collapse: collapse;border-style: dotted\" border=\"1\">\n<tbody>\n<tr style=\"height: 24px\">\n<td style=\"width: 100.773%;height: 24px;text-align: center\" colspan=\"3\"><span style=\"font-size: 12pt;color: #008000\"><strong>MANEJO EM FITOSSANIDADE E IMPACTO AMBIENTAL<\/strong><\/span><\/td>\n<\/tr>\n<tr style=\"height: 96px\">\n<td style=\"width: 26.8381%;height: 96px\"><span style=\"font-size: 12pt\">Marlon Henrique Hahn<\/span><\/td>\n<td style=\"width: 44.8866%;height: 96px;text-align: justify\"><span style=\"font-size: 12pt\"><a href=\"https:\/\/www.prppg.ufpr.br\/siga\/visitante\/gerenciadownload?op=download&amp;doc=30507_2017_24_3_2_(.*)&amp;idPessoal=30507&amp;idPrograma=40001016031P6&amp;nivelP=Pessoal&amp;isMatch=false\">LEVANTAMENTO BIBLIOM\u00c9TRICO DOS ESTUDOS COM FUNGOS NEMAT\u00d3FAGOS PARA O CONTROLE DE <em>Meloidogyne<\/em> spp E POTENCIAL DE COGUMELOS NO CONTROLE DE <em>Meloidogyne javanica<\/em><\/a><\/span><\/td>\n<td style=\"width: 29.0485%;height: 96px\"><span style=\"font-size: 12pt\"><a href=\"https:\/\/agrarias.ufpr.br\/pgapv\/henrique-da-silva-silveira-duarte\/\">Dr. Henrique da Silva Silveira Duarte<\/a><\/span><\/td>\n<\/tr>\n<tr style=\"height: 96px\">\n<td style=\"width: 26.8381%;height: 96px\"><span style=\"font-size: 12pt\">Jhulia Gelain<br \/>\n<\/span><\/td>\n<td style=\"width: 44.8866%;height: 96px;text-align: justify\"><span style=\"font-size: 12pt\"><a href=\"https:\/\/www.prppg.ufpr.br\/siga\/visitante\/gerenciadownload?op=download&amp;doc=30500_2017_24_19_2_(.*)&amp;idPessoal=30500&amp;idPrograma=40001016031P6&amp;nivelP=Pessoal&amp;isMatch=false\">FISIOLOGIA, COMPONENTES DO MONOCICLO DA PODRID\u00c3O DE Neonectria ditissima EM FRUTOS E SOBREVIV\u00caNCIA DE PAT\u00d3GENOS EM RAMOS DE MACIEIRA<\/a><\/span><\/td>\n<td style=\"width: 29.0485%;height: 96px\"><span style=\"font-size: 12pt\"><a href=\"https:\/\/agrarias.ufpr.br\/pgapv\/louise-larissa-may-de-mio\/\">Dra. Louise Larissa May De Mio<\/a><br \/>\n<\/span><\/td>\n<\/tr>\n<tr style=\"height: 96px\">\n<td style=\"width: 26.8381%;height: 96px\"><span style=\"font-size: 12pt\">Angelo Peruffo Rodrigues<br \/>\n<\/span><\/td>\n<td style=\"width: 44.8866%;height: 96px;text-align: justify\"><span style=\"font-size: 12pt\"><a href=\"https:\/\/www.prppg.ufpr.br\/siga\/visitante\/gerenciadownload?op=download&amp;doc=2518_2017_24_35_2_(.*)&amp;idPessoal=2518&amp;idPrograma=40001016031P6&amp;nivelP=Pessoal&amp;isMatch=false\">ARMAZENAMENTO A 5 \u00baC DE <em>Cleruchoides noackae<\/em> (HYMENOPTERA: MYMARIDAE) E DE SEU HOSPEDEIRO <em>Thaumastocoris peregrinus<\/em> (HEMIPTERA: THAUMASTOCORIDAE)<\/a><\/span><\/td>\n<td style=\"width: 29.0485%;height: 96px\"><span style=\"font-size: 12pt\"><a href=\"https:\/\/agrarias.ufpr.br\/pgapv\/luis-amilton-foerster\/\">Dr. Luis Amilton Foerster<\/a><br \/>\n<\/span><\/td>\n<\/tr>\n<\/tbody>\n<\/table>\n","protected":false},"excerpt":{"rendered":"<p>MANEJO EM FITOSSANIDADE E IMPACTO AMBIENTAL Marlon Henrique Hahn LEVANTAMENTO BIBLIOM\u00c9TRICO DOS ESTUDOS COM FUNGOS NEMAT\u00d3FAGOS PARA O CONTROLE DE Meloidogyne spp E POTENCIAL DE COGUMELOS NO CONTROLE DE Meloidogyne javanica Dr. Henrique da Silva Silveira Duarte Jhulia Gelain FISIOLOGIA, COMPONENTES DO MONOCICLO DA PODRID\u00c3O DE Neonectria ditissima EM FRUTOS E SOBREVIV\u00caNCIA DE PAT\u00d3GENOS EM [&hellip;]<\/p>\n","protected":false},"author":10269,"featured_media":0,"parent":0,"menu_order":0,"comment_status":"closed","ping_status":"closed","template":"","meta":{"footnotes":""},"class_list":["post-3740","page","type-page","status-publish","hentry"],"_links":{"self":[{"href":"https:\/\/agrarias.ufpr.br\/pgapv\/wp-json\/wp\/v2\/pages\/3740","targetHints":{"allow":["GET"]}}],"collection":[{"href":"https:\/\/agrarias.ufpr.br\/pgapv\/wp-json\/wp\/v2\/pages"}],"about":[{"href":"https:\/\/agrarias.ufpr.br\/pgapv\/wp-json\/wp\/v2\/types\/page"}],"author":[{"embeddable":true,"href":"https:\/\/agrarias.ufpr.br\/pgapv\/wp-json\/wp\/v2\/users\/10269"}],"replies":[{"embeddable":true,"href":"https:\/\/agrarias.ufpr.br\/pgapv\/wp-json\/wp\/v2\/comments?post=3740"}],"version-history":[{"count":7,"href":"https:\/\/agrarias.ufpr.br\/pgapv\/wp-json\/wp\/v2\/pages\/3740\/revisions"}],"predecessor-version":[{"id":4026,"href":"https:\/\/agrarias.ufpr.br\/pgapv\/wp-json\/wp\/v2\/pages\/3740\/revisions\/4026"}],"wp:attachment":[{"href":"https:\/\/agrarias.ufpr.br\/pgapv\/wp-json\/wp\/v2\/media?parent=3740"}],"curies":[{"name":"wp","href":"https:\/\/api.w.org\/{rel}","templated":true}]}}