{"id":3662,"date":"2021-03-03T02:36:21","date_gmt":"2021-03-03T02:36:21","guid":{"rendered":"https:\/\/agrarias.ufpr.br\/pgapv\/?page_id=3662"},"modified":"2026-02-03T18:33:07","modified_gmt":"2026-02-03T18:33:07","slug":"projetos-de-pesquisa","status":"publish","type":"page","link":"https:\/\/agrarias.ufpr.br\/pgapv\/projetos-de-pesquisa\/","title":{"rendered":"Projetos de Pesquisa"},"content":{"rendered":"\n<p><a href=\"http:\/\/www.prppg.ufpr.br\/site\/ppgapv\/projetos-de-pesquisa\/\" target=\"_blank\" rel=\"noopener\">Projetos de pesquisa por linha<\/a><\/p>\n\n\n\n<p>Lembramos que em 2021, foram adotadas tr\u00eas novas linhas de pesquisa no PGAPV:<\/p>\n\n\n\n<ul class=\"wp-block-list\">\n<li>Prote\u00e7\u00e3o de Plantas e Seguran\u00e7a Ambiental<\/li>\n\n\n\n<li>Fisiologia, Morfog\u00eanese e Biotecnologia de Plantas<\/li>\n\n\n\n<li>Produ\u00e7\u00e3o Vegetal na Agricultura Sustent\u00e1vel\u00a0<\/li>\n<\/ul>\n","protected":false},"excerpt":{"rendered":"<p>Projetos de pesquisa por linha Lembramos que em 2021, foram adotadas tr\u00eas novas linhas de pesquisa no PGAPV:<\/p>\n","protected":false},"author":10266,"featured_media":0,"parent":0,"menu_order":0,"comment_status":"closed","ping_status":"closed","template":"","meta":{"footnotes":""},"class_list":["post-3662","page","type-page","status-publish","hentry"],"_links":{"self":[{"href":"https:\/\/agrarias.ufpr.br\/pgapv\/wp-json\/wp\/v2\/pages\/3662","targetHints":{"allow":["GET"]}}],"collection":[{"href":"https:\/\/agrarias.ufpr.br\/pgapv\/wp-json\/wp\/v2\/pages"}],"about":[{"href":"https:\/\/agrarias.ufpr.br\/pgapv\/wp-json\/wp\/v2\/types\/page"}],"author":[{"embeddable":true,"href":"https:\/\/agrarias.ufpr.br\/pgapv\/wp-json\/wp\/v2\/users\/10266"}],"replies":[{"embeddable":true,"href":"https:\/\/agrarias.ufpr.br\/pgapv\/wp-json\/wp\/v2\/comments?post=3662"}],"version-history":[{"count":11,"href":"https:\/\/agrarias.ufpr.br\/pgapv\/wp-json\/wp\/v2\/pages\/3662\/revisions"}],"predecessor-version":[{"id":7625,"href":"https:\/\/agrarias.ufpr.br\/pgapv\/wp-json\/wp\/v2\/pages\/3662\/revisions\/7625"}],"wp:attachment":[{"href":"https:\/\/agrarias.ufpr.br\/pgapv\/wp-json\/wp\/v2\/media?parent=3662"}],"curies":[{"name":"wp","href":"https:\/\/api.w.org\/{rel}","templated":true}]}}