{"id":3598,"date":"2021-03-01T21:23:37","date_gmt":"2021-03-01T21:23:37","guid":{"rendered":"https:\/\/agrarias.ufpr.br\/pgapv\/?page_id=3598"},"modified":"2026-02-03T17:22:14","modified_gmt":"2026-02-03T17:22:14","slug":"protecao-vegetal-e-seguranca-ambiental","status":"publish","type":"page","link":"https:\/\/agrarias.ufpr.br\/pgapv\/protecao-vegetal-e-seguranca-ambiental\/","title":{"rendered":"Prote\u00e7\u00e3o de Plantas e Seguran\u00e7a Ambiental"},"content":{"rendered":"\n<p><strong><span style=\"vertical-align: inherit;\"><span style=\"vertical-align: inherit;\">Descri\u00e7\u00e3o:<\/span><\/span><\/strong><span style=\"vertical-align: inherit;\"><span style=\"vertical-align: inherit;\"> Estudo da base da biologia e manejo de plantas espec\u00edficas; ciclos de vida, etiologia, diagn\u00f3stico, epidemiologia e medidas de controle de pat\u00f3genos; identifica\u00e7\u00e3o, bioecologia e medidas de controle de previs\u00f5es na busca de solu\u00e7\u00f5es tecnol\u00f3gicas integradas e mais sustent\u00e1veis \u200b\u200bao meio ambiente. Desenvolvimento de bioinsumos com seletividades a organismos ben\u00e9ficos, e estudos de mecanismos de a\u00e7\u00e3o e detec\u00e7\u00e3o de resist\u00eancia a agrot\u00f3xicos.<\/span><\/span><\/p>\n\n\n\n<div style=\"height:30px\" aria-hidden=\"true\" class=\"wp-block-spacer\"><\/div>\n\n\n\n<div class=\"wp-block-media-text is-stacked-on-mobile\" style=\"grid-template-columns:15% auto\"><figure class=\"wp-block-media-text__media\"><img loading=\"lazy\" decoding=\"async\" width=\"140\" height=\"224\" src=\"https:\/\/agrarias.ufpr.br\/pgapv\/wp-content\/uploads\/sites\/39\/2025\/04\/alvaro140224.jpg\" alt=\"\" class=\"wp-image-6716 size-full\" srcset=\"https:\/\/agrarias.ufpr.br\/pgapv\/wp-content\/uploads\/sites\/39\/2025\/04\/alvaro140224.jpg 140w, https:\/\/agrarias.ufpr.br\/pgapv\/wp-content\/uploads\/sites\/39\/2025\/04\/alvaro140224-75x120.jpg 75w\" sizes=\"auto, (max-width: 140px) 100vw, 140px\" \/><\/figure><div class=\"wp-block-media-text__content\">\n<p><a href=\"https:\/\/agrarias.ufpr.br\/pgapv\/alfredo-junior-paiola-albrecht\/\"><strong>Alfredo J\u00fanior Paiola Albrecht<\/strong><\/a><\/p>\n\n\n\n<p>Prof. Permanente<\/p>\n\n\n\n<p>Biologia e Manejo de Plantas Daninhas<\/p>\n\n\n\n<p><img loading=\"lazy\" decoding=\"async\" width=\"22\" height=\"22\" src=\"https:\/\/agrarias.ufpr.br\/fitotecnia\/wp-content\/uploads\/sites\/26\/2016\/03\/email-small-.jpg\" alt=\"e-mail pequeno\">&nbsp;ajpalbrecht@ufpr.br \/ ajpalbrecht@yahoo.com.br &nbsp;&nbsp;&nbsp;&nbsp;<\/p>\n\n\n\n<p><img loading=\"lazy\" decoding=\"async\" width=\"22\" height=\"22\" src=\"https:\/\/agrarias.ufpr.br\/fitotecnia\/wp-content\/uploads\/sites\/26\/2016\/03\/telefone.png\" alt=\"telefone\">+55 (44) 3211-1314 ou +55 (44) 99963-4193<\/p>\n<\/div><\/div>\n\n\n\n<div style=\"height:30px\" aria-hidden=\"true\" class=\"wp-block-spacer\"><\/div>\n\n\n\n<div class=\"wp-block-media-text is-stacked-on-mobile\" style=\"grid-template-columns:15% auto\"><figure class=\"wp-block-media-text__media\"><img loading=\"lazy\" decoding=\"async\" width=\"140\" height=\"224\" src=\"https:\/\/agrarias.ufpr.br\/pgapv\/wp-content\/uploads\/sites\/39\/2025\/04\/alvaro140224-1.jpg\" alt=\"\" class=\"wp-image-6782 size-full\" srcset=\"https:\/\/agrarias.ufpr.br\/pgapv\/wp-content\/uploads\/sites\/39\/2025\/04\/alvaro140224-1.jpg 140w, https:\/\/agrarias.ufpr.br\/pgapv\/wp-content\/uploads\/sites\/39\/2025\/04\/alvaro140224-1-75x120.jpg 75w\" sizes=\"auto, (max-width: 140px) 100vw, 140px\" \/><\/figure><div class=\"wp-block-media-text__content\">\n<p><a href=\"https:\/\/agrarias.ufpr.br\/pgapv\/alvaro-figueiredo-dos-santos\/\"><strong>\u00c1lvaro Figueredo dos Santos<\/strong><\/a><\/p>\n\n\n\n<p>Prof. Colaborador<\/p>\n\n\n\n<p>Fitopatologia<\/p>\n\n\n\n<p><img loading=\"lazy\" decoding=\"async\" width=\"22\" height=\"22\" src=\"https:\/\/agrarias.ufpr.br\/fitotecnia\/wp-content\/uploads\/sites\/26\/2016\/03\/email-small-.jpg\" alt=\"e-mail pequeno\">&nbsp;alvarofigueredo@gmail.com &nbsp;<\/p>\n\n\n\n<p>&nbsp;<img loading=\"lazy\" decoding=\"async\" width=\"22\" height=\"22\" src=\"https:\/\/agrarias.ufpr.br\/fitotecnia\/wp-content\/uploads\/sites\/26\/2016\/03\/telefone.png\" alt=\"telefone\">+55 (41) 3675-5685<\/p>\n<\/div><\/div>\n\n\n\n<div style=\"height:30px\" aria-hidden=\"true\" class=\"wp-block-spacer\"><\/div>\n\n\n\n<div class=\"wp-block-media-text is-stacked-on-mobile\" style=\"grid-template-columns:15% auto\"><figure class=\"wp-block-media-text__media\"><img loading=\"lazy\" decoding=\"async\" width=\"140\" height=\"224\" src=\"https:\/\/agrarias.ufpr.br\/pgapv\/wp-content\/uploads\/sites\/39\/2021\/04\/arthur2.jpg\" alt=\"\" class=\"wp-image-4159 size-full\" srcset=\"https:\/\/agrarias.ufpr.br\/pgapv\/wp-content\/uploads\/sites\/39\/2021\/04\/arthur2.jpg 140w, https:\/\/agrarias.ufpr.br\/pgapv\/wp-content\/uploads\/sites\/39\/2021\/04\/arthur2-75x120.jpg 75w\" sizes=\"auto, (max-width: 140px) 100vw, 140px\" \/><\/figure><div class=\"wp-block-media-text__content\">\n<p><a href=\"https:\/\/agrarias.ufpr.br\/pgapv\/arthur-arrobas-martins-barroso\/\"><strong>Arthur Arrobas Martins Barroso<\/strong><\/a><\/p>\n\n\n\n<p>Prof. Permanente<\/p>\n\n\n\n<p>Biologia e Manejo de Plantas Daninhas<\/p>\n\n\n\n<p><img loading=\"lazy\" decoding=\"async\" width=\"22\" height=\"22\" class=\"\" src=\"https:\/\/agrarias.ufpr.br\/fitotecnia\/wp-content\/uploads\/sites\/26\/2016\/03\/email-small-.jpg\" alt=\"e-mail pequeno\">&nbsp;arrobas@ufpr.br \/ arthuragro07@hotmail.com&nbsp; &nbsp;&nbsp;<\/p>\n\n\n\n<p><img loading=\"lazy\" decoding=\"async\" width=\"22\" height=\"22\" src=\"https:\/\/agrarias.ufpr.br\/fitotecnia\/wp-content\/uploads\/sites\/26\/2016\/03\/telefone.png\" alt=\"telefone\">+ 55 (41) 33505645 \/ + 55 (16) 996041069<\/p>\n<\/div><\/div>\n\n\n\n<div style=\"height:30px\" aria-hidden=\"true\" class=\"wp-block-spacer\"><\/div>\n\n\n\n<div class=\"wp-block-media-text is-stacked-on-mobile\" style=\"grid-template-columns:15% auto\"><figure class=\"wp-block-media-text__media\"><img loading=\"lazy\" decoding=\"async\" width=\"683\" height=\"1024\" src=\"https:\/\/agrarias.ufpr.br\/pgapv\/wp-content\/uploads\/sites\/39\/2025\/10\/Henrique_da_Silva_100x150-1-683x1024.jpg\" alt=\"\" class=\"wp-image-7344 size-full\" srcset=\"https:\/\/agrarias.ufpr.br\/pgapv\/wp-content\/uploads\/sites\/39\/2025\/10\/Henrique_da_Silva_100x150-1-683x1024.jpg 683w, https:\/\/agrarias.ufpr.br\/pgapv\/wp-content\/uploads\/sites\/39\/2025\/10\/Henrique_da_Silva_100x150-1-200x300.jpg 200w, https:\/\/agrarias.ufpr.br\/pgapv\/wp-content\/uploads\/sites\/39\/2025\/10\/Henrique_da_Silva_100x150-1-768x1152.jpg 768w, https:\/\/agrarias.ufpr.br\/pgapv\/wp-content\/uploads\/sites\/39\/2025\/10\/Henrique_da_Silva_100x150-1-1024x1536.jpg 1024w, https:\/\/agrarias.ufpr.br\/pgapv\/wp-content\/uploads\/sites\/39\/2025\/10\/Henrique_da_Silva_100x150-1-250x375.jpg 250w, https:\/\/agrarias.ufpr.br\/pgapv\/wp-content\/uploads\/sites\/39\/2025\/10\/Henrique_da_Silva_100x150-1-80x120.jpg 80w, https:\/\/agrarias.ufpr.br\/pgapv\/wp-content\/uploads\/sites\/39\/2025\/10\/Henrique_da_Silva_100x150-1.jpg 1210w\" sizes=\"auto, (max-width: 683px) 100vw, 683px\" \/><\/figure><div class=\"wp-block-media-text__content\">\n<p><a href=\"https:\/\/agrarias.ufpr.br\/pgapv\/henrique-da-silva-silveira-duarte\/\"><strong>Henrique da Silva Silveira Duarte<\/strong><\/a><\/p>\n\n\n\n<p>Prof. Permanente<\/p>\n\n\n\n<p>Fitopatologia<\/p>\n\n\n\n<p><img loading=\"lazy\" decoding=\"async\" width=\"22\" height=\"22\" src=\"https:\/\/agrarias.ufpr.br\/fitotecnia\/wp-content\/uploads\/sites\/26\/2016\/03\/email-small-.jpg\" alt=\"e-mail pequeno\">&nbsp;henriqueduarte@ufpr.br\/henrique.duarte49@gmail.com&nbsp;<\/p>\n\n\n\n<p>&nbsp;<img loading=\"lazy\" decoding=\"async\" width=\"22\" height=\"22\" src=\"https:\/\/agrarias.ufpr.br\/fitotecnia\/wp-content\/uploads\/sites\/26\/2016\/03\/telefone.png\" alt=\"telefone\">&nbsp;+55 (41) 3350-5684<\/p>\n<\/div><\/div>\n\n\n\n<div style=\"height:30px\" aria-hidden=\"true\" class=\"wp-block-spacer\"><\/div>\n\n\n\n<div class=\"wp-block-media-text is-stacked-on-mobile\" style=\"grid-template-columns:15% auto\"><figure class=\"wp-block-media-text__media\"><img loading=\"lazy\" decoding=\"async\" width=\"140\" height=\"224\" src=\"https:\/\/agrarias.ufpr.br\/pgapv\/wp-content\/uploads\/sites\/39\/2025\/04\/joatan140224.jpg\" alt=\"\" class=\"wp-image-6721 size-full\" srcset=\"https:\/\/agrarias.ufpr.br\/pgapv\/wp-content\/uploads\/sites\/39\/2025\/04\/joatan140224.jpg 140w, https:\/\/agrarias.ufpr.br\/pgapv\/wp-content\/uploads\/sites\/39\/2025\/04\/joatan140224-75x120.jpg 75w\" sizes=\"auto, (max-width: 140px) 100vw, 140px\" \/><\/figure><div class=\"wp-block-media-text__content\">\n<p><a href=\"https:\/\/agrarias.ufpr.br\/pgapv\/joatan-machado-da-rosa\/\"><strong>Joatan Machado da Rosa<\/strong><\/a><\/p>\n\n\n\n<p>Prof. Permanente<\/p>\n\n\n\n<p>Entomologia<\/p>\n\n\n\n<p><img loading=\"lazy\" decoding=\"async\" width=\"22\" height=\"22\" src=\"https:\/\/agrarias.ufpr.br\/fitotecnia\/wp-content\/uploads\/sites\/26\/2016\/03\/email-small-.jpg\" alt=\"e-mail pequeno\">&nbsp;joatanmachado@ufpr.br \/ joatanmachado@gmail.com&nbsp;&nbsp;<\/p>\n\n\n\n<p><img loading=\"lazy\" decoding=\"async\" width=\"22\" height=\"22\" src=\"https:\/\/agrarias.ufpr.br\/fitotecnia\/wp-content\/uploads\/sites\/26\/2016\/03\/telefone.png\" alt=\"telefone\">&nbsp;(41) 3361-1698<\/p>\n<\/div><\/div>\n\n\n\n<div style=\"height:30px\" aria-hidden=\"true\" class=\"wp-block-spacer\"><\/div>\n\n\n\n<div class=\"wp-block-media-text is-stacked-on-mobile\" style=\"grid-template-columns:15% auto\"><figure class=\"wp-block-media-text__media\"><img loading=\"lazy\" decoding=\"async\" width=\"140\" height=\"224\" src=\"https:\/\/agrarias.ufpr.br\/pgapv\/wp-content\/uploads\/sites\/39\/2026\/02\/larissa140227.fw_.png\" alt=\"\" class=\"wp-image-7563 size-full\" srcset=\"https:\/\/agrarias.ufpr.br\/pgapv\/wp-content\/uploads\/sites\/39\/2026\/02\/larissa140227.fw_.png 140w, https:\/\/agrarias.ufpr.br\/pgapv\/wp-content\/uploads\/sites\/39\/2026\/02\/larissa140227.fw_-75x120.png 75w\" sizes=\"auto, (max-width: 140px) 100vw, 140px\" \/><\/figure><div class=\"wp-block-media-text__content\">\n<p><a href=\"https:\/\/agrarias.ufpr.br\/pgapv\/louise-larissa-may-de-mio\/\"><strong>Louise Larissa May De Mio<\/strong><\/a><\/p>\n\n\n\n<p>Profa. Permanente<\/p>\n\n\n\n<p>Fitopatologia<\/p>\n\n\n\n<p><img loading=\"lazy\" decoding=\"async\" src=\"https:\/\/agrarias.ufpr.br\/fitotecnia\/wp-content\/uploads\/sites\/26\/2016\/03\/email-small-.jpg\" alt=\"e-mail pequeno\" width=\"22\" height=\"22\">&nbsp;maydemio@ufpr.br\/maydemio@gmail.com&nbsp;<img loading=\"lazy\" decoding=\"async\" src=\"https:\/\/agrarias.ufpr.br\/fitotecnia\/wp-content\/uploads\/sites\/26\/2016\/03\/telefone.png\" alt=\"telefone\" width=\"22\" height=\"22\">+55 (41) 3350-5736<\/p>\n<\/div><\/div>\n\n\n\n<div style=\"height:30px\" aria-hidden=\"true\" class=\"wp-block-spacer\"><\/div>\n\n\n\n<div class=\"wp-block-media-text is-stacked-on-mobile\" style=\"grid-template-columns:15% auto\"><figure class=\"wp-block-media-text__media\"><img loading=\"lazy\" decoding=\"async\" width=\"140\" height=\"224\" src=\"https:\/\/agrarias.ufpr.br\/pgapv\/wp-content\/uploads\/sites\/39\/2025\/04\/cida.jpg\" alt=\"\" class=\"wp-image-6728 size-full\" srcset=\"https:\/\/agrarias.ufpr.br\/pgapv\/wp-content\/uploads\/sites\/39\/2025\/04\/cida.jpg 140w, https:\/\/agrarias.ufpr.br\/pgapv\/wp-content\/uploads\/sites\/39\/2025\/04\/cida-75x120.jpg 75w\" sizes=\"auto, (max-width: 140px) 100vw, 140px\" \/><\/figure><div class=\"wp-block-media-text__content\">\n<p><a href=\"https:\/\/agrarias.ufpr.br\/pgapv\/maria-aparecida-cassilha-zawadneak\/\"><strong>Maria Aparecida Cassilha Zawadneak<\/strong><\/a><\/p>\n\n\n\n<p>Profa. Permanente<\/p>\n\n\n\n<p>Entomologia<\/p>\n\n\n\n<p><img loading=\"lazy\" decoding=\"async\" width=\"22\" height=\"22\" src=\"https:\/\/agrarias.ufpr.br\/fitotecnia\/wp-content\/uploads\/sites\/26\/2016\/03\/email-small-.jpg\" alt=\"e-mail pequeno\">&nbsp;mazawa@ufpr.br\/cidazawadneak@gmail.com&nbsp; &nbsp;&nbsp;<\/p>\n\n\n\n<p><img loading=\"lazy\" decoding=\"async\" width=\"22\" height=\"22\" src=\"https:\/\/agrarias.ufpr.br\/fitotecnia\/wp-content\/uploads\/sites\/26\/2016\/03\/telefone.png\" alt=\"telefone\">+55 (41) 3361-1700\/ 1710<\/p>\n<\/div><\/div>\n\n\n\n<div style=\"height:30px\" aria-hidden=\"true\" class=\"wp-block-spacer\"><\/div>\n\n\n\n<div class=\"wp-block-media-text is-stacked-on-mobile\" style=\"grid-template-columns:15% auto\"><figure class=\"wp-block-media-text__media\"><img loading=\"lazy\" decoding=\"async\" width=\"140\" height=\"224\" src=\"https:\/\/agrarias.ufpr.br\/pgapv\/wp-content\/uploads\/sites\/39\/2025\/04\/orcial140224.jpg\" alt=\"\" class=\"wp-image-6725 size-full\" srcset=\"https:\/\/agrarias.ufpr.br\/pgapv\/wp-content\/uploads\/sites\/39\/2025\/04\/orcial140224.jpg 140w, https:\/\/agrarias.ufpr.br\/pgapv\/wp-content\/uploads\/sites\/39\/2025\/04\/orcial140224-75x120.jpg 75w\" sizes=\"auto, (max-width: 140px) 100vw, 140px\" \/><\/figure><div class=\"wp-block-media-text__content\">\n<p><a href=\"https:\/\/agrarias.ufpr.br\/pgapv\/orcial-ceolin-bortolotto\/\"><strong>Orcial Ceolin Bortolotto&nbsp;<\/strong><\/a><\/p>\n\n\n\n<p>Prof. Colaborador<\/p>\n\n\n\n<p>Entomologia<\/p>\n\n\n\n<p><img loading=\"lazy\" decoding=\"async\" src=\"https:\/\/agrarias.ufpr.br\/fitotecnia\/wp-content\/uploads\/sites\/26\/2016\/03\/email-small-.jpg\" alt=\"e-mail pequeno\" width=\"22\" height=\"22\">&nbsp;bortolotto.orcial@gmail.com&nbsp;<\/p>\n<\/div><\/div>\n\n\n\n<div style=\"height:30px\" aria-hidden=\"true\" class=\"wp-block-spacer\"><\/div>\n\n\n\n<div class=\"wp-block-media-text is-stacked-on-mobile\" style=\"grid-template-columns:15% auto\"><figure class=\"wp-block-media-text__media\"><img loading=\"lazy\" decoding=\"async\" width=\"140\" height=\"224\" src=\"https:\/\/agrarias.ufpr.br\/pgapv\/wp-content\/uploads\/sites\/39\/2018\/09\/renata.jpg\" alt=\"\" class=\"wp-image-1155 size-full\" srcset=\"https:\/\/agrarias.ufpr.br\/pgapv\/wp-content\/uploads\/sites\/39\/2018\/09\/renata.jpg 140w, https:\/\/agrarias.ufpr.br\/pgapv\/wp-content\/uploads\/sites\/39\/2018\/09\/renata-75x120.jpg 75w\" sizes=\"auto, (max-width: 140px) 100vw, 140px\" \/><\/figure><div class=\"wp-block-media-text__content\">\n<p><a href=\"https:\/\/agrarias.ufpr.br\/pgapv\/renata-faier-calegario\/\"><strong>Renata Faier Calegario<\/strong><\/a><\/p>\n\n\n\n<p>Profa. Permanente<\/p>\n\n\n\n<p>Fitopatologia<\/p>\n\n\n\n<p><img loading=\"lazy\" decoding=\"async\" width=\"22\" height=\"22\" src=\"https:\/\/agrarias.ufpr.br\/fitotecnia\/wp-content\/uploads\/sites\/26\/2016\/03\/email-small-.jpg\" alt=\"e-mail pequeno\">&nbsp;renata.faier@ufpr.br\/rfaier@hotmail.com&nbsp;&nbsp;&nbsp;<\/p>\n\n\n\n<p><img loading=\"lazy\" decoding=\"async\" width=\"22\" height=\"22\" src=\"https:\/\/agrarias.ufpr.br\/fitotecnia\/wp-content\/uploads\/sites\/26\/2016\/03\/telefone.png\" alt=\"telefone\">&nbsp;+55 (41) 3350-5715<\/p>\n<\/div><\/div>\n\n\n\n<div style=\"height:30px\" aria-hidden=\"true\" class=\"wp-block-spacer\"><\/div>\n","protected":false},"excerpt":{"rendered":"<p>Descri\u00e7\u00e3o: Estudo da base da biologia e manejo de plantas espec\u00edficas; ciclos de vida, etiologia, diagn\u00f3stico, epidemiologia e medidas de controle de pat\u00f3genos; identifica\u00e7\u00e3o, bioecologia e medidas de controle de previs\u00f5es na busca de solu\u00e7\u00f5es tecnol\u00f3gicas integradas e mais sustent\u00e1veis \u200b\u200bao meio ambiente. Desenvolvimento de bioinsumos com seletividades a organismos ben\u00e9ficos, e estudos de mecanismos [&hellip;]<\/p>\n","protected":false},"author":3,"featured_media":0,"parent":0,"menu_order":0,"comment_status":"closed","ping_status":"closed","template":"","meta":{"footnotes":""},"class_list":["post-3598","page","type-page","status-publish","hentry"],"_links":{"self":[{"href":"https:\/\/agrarias.ufpr.br\/pgapv\/wp-json\/wp\/v2\/pages\/3598","targetHints":{"allow":["GET"]}}],"collection":[{"href":"https:\/\/agrarias.ufpr.br\/pgapv\/wp-json\/wp\/v2\/pages"}],"about":[{"href":"https:\/\/agrarias.ufpr.br\/pgapv\/wp-json\/wp\/v2\/types\/page"}],"author":[{"embeddable":true,"href":"https:\/\/agrarias.ufpr.br\/pgapv\/wp-json\/wp\/v2\/users\/3"}],"replies":[{"embeddable":true,"href":"https:\/\/agrarias.ufpr.br\/pgapv\/wp-json\/wp\/v2\/comments?post=3598"}],"version-history":[{"count":83,"href":"https:\/\/agrarias.ufpr.br\/pgapv\/wp-json\/wp\/v2\/pages\/3598\/revisions"}],"predecessor-version":[{"id":7575,"href":"https:\/\/agrarias.ufpr.br\/pgapv\/wp-json\/wp\/v2\/pages\/3598\/revisions\/7575"}],"wp:attachment":[{"href":"https:\/\/agrarias.ufpr.br\/pgapv\/wp-json\/wp\/v2\/media?parent=3598"}],"curies":[{"name":"wp","href":"https:\/\/api.w.org\/{rel}","templated":true}]}}