{"id":3494,"date":"2021-02-26T14:04:14","date_gmt":"2021-02-26T14:04:14","guid":{"rendered":"https:\/\/agrarias.ufpr.br\/pgapv\/?page_id=3494"},"modified":"2026-02-04T19:43:35","modified_gmt":"2026-02-04T19:43:35","slug":"leandro-bittencourt-de-oliveira","status":"publish","type":"page","link":"https:\/\/agrarias.ufpr.br\/pgapv\/leandro-bittencourt-de-oliveira\/","title":{"rendered":"Leandro Bittencourt de Oliveira"},"content":{"rendered":"\n<p>Prof. Permanente<\/p>\n\n\n\n<p><strong>Forma\u00e7\u00e3o Acad\u00eamica<\/strong><\/p>\n\n\n\n<p>P\u00f3s-Doutorado, EMBRAPA CppSul &#8211; UFSM (2015-2016),<\/p>\n\n\n\n<p>Dr. em Zootecnia, UFSM (2015) \u2013 Per\u00edodo Sanduiche INRA-Toulouse\/FR (2014)<\/p>\n\n\n\n<p>M.Sc. em Ci\u00eancia do Solo, UFSM (2012)<\/p>\n\n\n\n<p>Eng. Agr\u00f4nomo, UFSM (2010)<\/p>\n\n\n\n<p><strong>Linha de pesquisa\/\u00c1rea<\/strong><\/p>\n\n\n\n<p>Produ\u00e7\u00e3o Vegetal na Agricultura Sustent\u00e1vel\/Sistemas Integrados em Produ\u00e7\u00e3o Agropecu\u00e1ria<\/p>\n\n\n\n<p><strong>Disciplinas Ministradas<\/strong><\/p>\n\n\n\n<p><a href=\"https:\/\/agrarias.ufpr.br\/pgapv\/agro-7027-pratica-docente-i\/\">AGRO 7027 \u2013 Pr\u00e1tica Docente I<\/a><\/p>\n\n\n\n<p><a href=\"https:\/\/agrarias.ufpr.br\/pgapv\/agro7028-pratica-docente-ii\/\">AGRO 7028 \u2013 Pr\u00e1tica Docente II<\/a><\/p>\n\n\n\n<p><a href=\"https:\/\/agrarias.ufpr.br\/pgapv\/agro-7033-seminarios-ii\/\">AGRO 7033 \u2013 Semin\u00e1rios II<\/a><\/p>\n\n\n\n<p><a href=\"https:\/\/agrarias.ufpr.br\/pgapv\/apv-7034-sistemas-integrados-na-producao-agropecuaria\/\">AGRO 7034 \u2013 Sistemas Integrados na Produ\u00e7\u00e3o Agropecu\u00e1ria<\/a><\/p>\n\n\n\n<p><a href=\"https:\/\/agrarias.ufpr.br\/pgapv\/agro-7038-topicos-especiais-iv-relacao-solo-planta-e-o-animal-em-sipa\/\">AGRO 7038 \u2013 T\u00f3picos Especiais IV \u2013 Rela\u00e7\u00e3o Solo \u2013 Planta e o Animal em SIPA<\/a><\/p>\n\n\n\n<p><strong>Unidade de Apoio<\/strong><\/p>\n\n\n\n<p><a href=\"https:\/\/agrarias.ufpr.br\/pgapv\/nucleo-de-inovacao-tecnologica-em-agropecuaria-nita\/\">N\u00facleo de Inova\u00e7\u00e3o Tecnol\u00f3gica em Agropecu\u00e1ria (NITA)<\/a><\/p>\n\n\n\n<p><strong>Publica\u00e7\u00f5es<\/strong><\/p>\n\n\n\n<p><a href=\"http:\/\/lattes.cnpq.br\/0652815976305762\"><strong><img loading=\"lazy\" decoding=\"async\" class=\"alignnone wp-image-742\" src=\"https:\/\/agrarias.ufpr.br\/fitotecnia\/wp-content\/uploads\/sites\/26\/2016\/03\/icon_lattes.png\" alt=\"icon_lattes\" width=\"30\" height=\"29\">&nbsp;<\/strong><\/a><a href=\"http:\/\/lattes.cnpq.br\/0652815976305762\"><strong><span style=\"color: #000080;\">Lattes<\/span>&nbsp;<\/strong><\/a><strong><a href=\"https:\/\/www.researchgate.net\/profile\/Leandro-Oliveira-3\"><img loading=\"lazy\" decoding=\"async\" class=\"alignnone wp-image-1136 size-full\" src=\"https:\/\/agrarias.ufpr.br\/fitotecnia\/wp-content\/uploads\/sites\/26\/2016\/03\/apple-touch-icon-180x180-e1459453504744.png\" alt=\"apple-touch-icon-180x180\" width=\"29\" height=\"29\">&nbsp;<\/a><span style=\"color: #000080;\"><a style=\"color: #000080;\" href=\"https:\/\/www.researchgate.net\/profile\/Leandro-Oliveira-3\">Research Gate&nbsp;<\/a><\/span><a href=\"https:\/\/orcid.org\/0000-0003-1969-5263\"><img loading=\"lazy\" decoding=\"async\" class=\"alignnone wp-image-3360\" src=\"https:\/\/agrarias.ufpr.br\/pgapv\/wp-content\/uploads\/sites\/39\/2021\/02\/unnamed.jpg\" alt=\"\" width=\"93\" height=\"37\" srcset=\"https:\/\/agrarias.ufpr.br\/pgapv\/wp-content\/uploads\/sites\/39\/2021\/02\/unnamed.jpg 347w, https:\/\/agrarias.ufpr.br\/pgapv\/wp-content\/uploads\/sites\/39\/2021\/02\/unnamed-300x119.jpg 300w, https:\/\/agrarias.ufpr.br\/pgapv\/wp-content\/uploads\/sites\/39\/2021\/02\/unnamed-250x99.jpg 250w, https:\/\/agrarias.ufpr.br\/pgapv\/wp-content\/uploads\/sites\/39\/2021\/02\/unnamed-160x64.jpg 160w\" sizes=\"auto, (max-width: 93px) 100vw, 93px\" \/><\/a><\/strong><\/p>\n\n\n\n<p><strong>Contatos<\/strong><\/p>\n\n\n\n<p><img loading=\"lazy\" decoding=\"async\" class=\"alignnone wp-image-757\" src=\"https:\/\/agrarias.ufpr.br\/fitotecnia\/wp-content\/uploads\/sites\/26\/2016\/03\/email-small-.jpg\" alt=\"email small\" width=\"22\" height=\"22\"> bittencourtoliveira@ufpr.br<\/p>\n\n\n\n<p><img loading=\"lazy\" decoding=\"async\" class=\"wp-image-758 alignnone\" src=\"https:\/\/agrarias.ufpr.br\/fitotecnia\/wp-content\/uploads\/sites\/26\/2016\/03\/telefone.png\" alt=\"telefone\" width=\"22\" height=\"22\">&nbsp;+55 (41) 3350-5754<\/p>\n","protected":false},"excerpt":{"rendered":"<p>Prof. Permanente Forma\u00e7\u00e3o Acad\u00eamica P\u00f3s-Doutorado, EMBRAPA CppSul &#8211; UFSM (2015-2016), Dr. em Zootecnia, UFSM (2015) \u2013 Per\u00edodo Sanduiche INRA-Toulouse\/FR (2014) M.Sc. em Ci\u00eancia do Solo, UFSM (2012) Eng. Agr\u00f4nomo, UFSM (2010) Linha de pesquisa\/\u00c1rea Produ\u00e7\u00e3o Vegetal na Agricultura Sustent\u00e1vel\/Sistemas Integrados em Produ\u00e7\u00e3o Agropecu\u00e1ria Disciplinas Ministradas AGRO 7027 \u2013 Pr\u00e1tica Docente I AGRO 7028 \u2013 Pr\u00e1tica Docente II AGRO 7033 \u2013 Semin\u00e1rios II AGRO 7034 \u2013 Sistemas Integrados na Produ\u00e7\u00e3o Agropecu\u00e1ria AGRO 7038 \u2013 T\u00f3picos Especiais [&hellip;]<\/p>\n","protected":false},"author":10266,"featured_media":0,"parent":0,"menu_order":0,"comment_status":"closed","ping_status":"closed","template":"","meta":{"footnotes":""},"class_list":["post-3494","page","type-page","status-publish","hentry"],"_links":{"self":[{"href":"https:\/\/agrarias.ufpr.br\/pgapv\/wp-json\/wp\/v2\/pages\/3494","targetHints":{"allow":["GET"]}}],"collection":[{"href":"https:\/\/agrarias.ufpr.br\/pgapv\/wp-json\/wp\/v2\/pages"}],"about":[{"href":"https:\/\/agrarias.ufpr.br\/pgapv\/wp-json\/wp\/v2\/types\/page"}],"author":[{"embeddable":true,"href":"https:\/\/agrarias.ufpr.br\/pgapv\/wp-json\/wp\/v2\/users\/10266"}],"replies":[{"embeddable":true,"href":"https:\/\/agrarias.ufpr.br\/pgapv\/wp-json\/wp\/v2\/comments?post=3494"}],"version-history":[{"count":16,"href":"https:\/\/agrarias.ufpr.br\/pgapv\/wp-json\/wp\/v2\/pages\/3494\/revisions"}],"predecessor-version":[{"id":7722,"href":"https:\/\/agrarias.ufpr.br\/pgapv\/wp-json\/wp\/v2\/pages\/3494\/revisions\/7722"}],"wp:attachment":[{"href":"https:\/\/agrarias.ufpr.br\/pgapv\/wp-json\/wp\/v2\/media?parent=3494"}],"curies":[{"name":"wp","href":"https:\/\/api.w.org\/{rel}","templated":true}]}}