{"id":347,"date":"2018-07-04T13:50:41","date_gmt":"2018-07-04T13:50:41","guid":{"rendered":"https:\/\/agrarias.ufpr.br\/pgapv\/?page_id=347"},"modified":"2022-07-20T16:28:22","modified_gmt":"2022-07-20T16:28:22","slug":"af-728-producao-de-mudas-horticolas","status":"publish","type":"page","link":"https:\/\/agrarias.ufpr.br\/pgapv\/af-728-producao-de-mudas-horticolas\/","title":{"rendered":"AF 728 &#8211; PRODU\u00c7\u00c3O DE MUDAS HORT\u00cdCOLAS"},"content":{"rendered":"<p><img loading=\"lazy\" decoding=\"async\" class=\"alignnone size-large wp-image-196\" src=\"https:\/\/agrarias.ufpr.br\/pgapv\/wp-content\/uploads\/sites\/39\/2018\/07\/foto-pos-gd-logo-maior-1024x369.jpg\" alt=\"foto-pos-gd-logo-maior\" width=\"1024\" height=\"369\" srcset=\"https:\/\/agrarias.ufpr.br\/pgapv\/wp-content\/uploads\/sites\/39\/2018\/07\/foto-pos-gd-logo-maior-1024x369.jpg 1024w, https:\/\/agrarias.ufpr.br\/pgapv\/wp-content\/uploads\/sites\/39\/2018\/07\/foto-pos-gd-logo-maior-300x108.jpg 300w, https:\/\/agrarias.ufpr.br\/pgapv\/wp-content\/uploads\/sites\/39\/2018\/07\/foto-pos-gd-logo-maior-768x277.jpg 768w, https:\/\/agrarias.ufpr.br\/pgapv\/wp-content\/uploads\/sites\/39\/2018\/07\/foto-pos-gd-logo-maior-250x90.jpg 250w, https:\/\/agrarias.ufpr.br\/pgapv\/wp-content\/uploads\/sites\/39\/2018\/07\/foto-pos-gd-logo-maior-160x58.jpg 160w, https:\/\/agrarias.ufpr.br\/pgapv\/wp-content\/uploads\/sites\/39\/2018\/07\/foto-pos-gd-logo-maior.jpg 1094w\" sizes=\"auto, (max-width: 1024px) 100vw, 1024px\" \/><\/p>\n<table width=\"532\">\n<tbody>\n<tr>\n<td width=\"532\">N\u00edvel: MESTRADO\/DOUTORADO<\/td>\n<\/tr>\n<tr>\n<td width=\"532\">Natureza: SEMESTRAL<\/td>\n<\/tr>\n<tr>\n<td width=\"532\">Carga Hor\u00e1ria:\u00a0 60 horas (30 hs te\u00f3ricas \/ 30 hs pr\u00e1ticas)<\/td>\n<\/tr>\n<tr>\n<td width=\"532\">Cr\u00e9dito:\u00a0 04<\/td>\n<\/tr>\n<tr>\n<td width=\"532\">Ementa: Estudo comparativo dos sistemas de produ\u00e7\u00e3o de mudas de esp\u00e9cies hort\u00edcolas. Obten\u00e7\u00e3o de plantas matrizes. Manejo em viveiro de mudas. Uso e caracteriza\u00e7\u00e3o de porta-enxertos. T\u00e9cnicas alternativas para produ\u00e7\u00e3o de mudas. Sistemas de produ\u00e7\u00e3o de mudas das principais esp\u00e9cies frut\u00edferas. Produ\u00e7\u00e3o de mudas in vitro. Compara\u00e7\u00e3o de mudas obtidas in vitro e a campo. Substratos para produ\u00e7\u00e3o de mudas. Estudo dirigido de temas relacionados com a produ\u00e7\u00e3o de mudas: varia\u00e7\u00e3o somaclonal, poliembrionia, sementesint\u00e9tica, micro-enxertia, incompatibilidade de enxertia, uso de porta-enxertos an\u00f5es na horticultura, uso de enxerto-filtro na horticultura, estiolamento de plantas.<\/td>\n<\/tr>\n<tr>\n<td width=\"532\">Cursos para os quais \u00e9 ministrada:<\/p>\n<p>Agronomia &#8211; Produ\u00e7\u00e3o Vegetal<\/td>\n<\/tr>\n<tr>\n<td width=\"532\">Professor Respons\u00e1vel: Prof. Dr. Luiz Antonio Biasi<\/td>\n<\/tr>\n<\/tbody>\n<\/table>\n","protected":false},"excerpt":{"rendered":"<p>N\u00edvel: MESTRADO\/DOUTORADO Natureza: SEMESTRAL Carga Hor\u00e1ria:\u00a0 60 horas (30 hs te\u00f3ricas \/ 30 hs pr\u00e1ticas) Cr\u00e9dito:\u00a0 04 Ementa: Estudo comparativo dos sistemas de produ\u00e7\u00e3o de mudas de esp\u00e9cies hort\u00edcolas. Obten\u00e7\u00e3o de plantas matrizes. Manejo em viveiro de mudas. Uso e caracteriza\u00e7\u00e3o de porta-enxertos. T\u00e9cnicas alternativas para produ\u00e7\u00e3o de mudas. Sistemas de produ\u00e7\u00e3o de mudas das [&hellip;]<\/p>\n","protected":false},"author":3,"featured_media":0,"parent":0,"menu_order":0,"comment_status":"closed","ping_status":"closed","template":"","meta":{"footnotes":""},"class_list":["post-347","page","type-page","status-publish","hentry"],"_links":{"self":[{"href":"https:\/\/agrarias.ufpr.br\/pgapv\/wp-json\/wp\/v2\/pages\/347","targetHints":{"allow":["GET"]}}],"collection":[{"href":"https:\/\/agrarias.ufpr.br\/pgapv\/wp-json\/wp\/v2\/pages"}],"about":[{"href":"https:\/\/agrarias.ufpr.br\/pgapv\/wp-json\/wp\/v2\/types\/page"}],"author":[{"embeddable":true,"href":"https:\/\/agrarias.ufpr.br\/pgapv\/wp-json\/wp\/v2\/users\/3"}],"replies":[{"embeddable":true,"href":"https:\/\/agrarias.ufpr.br\/pgapv\/wp-json\/wp\/v2\/comments?post=347"}],"version-history":[{"count":3,"href":"https:\/\/agrarias.ufpr.br\/pgapv\/wp-json\/wp\/v2\/pages\/347\/revisions"}],"predecessor-version":[{"id":4957,"href":"https:\/\/agrarias.ufpr.br\/pgapv\/wp-json\/wp\/v2\/pages\/347\/revisions\/4957"}],"wp:attachment":[{"href":"https:\/\/agrarias.ufpr.br\/pgapv\/wp-json\/wp\/v2\/media?parent=347"}],"curies":[{"name":"wp","href":"https:\/\/api.w.org\/{rel}","templated":true}]}}