{"id":3457,"date":"2021-02-22T20:09:03","date_gmt":"2021-02-22T20:09:03","guid":{"rendered":"https:\/\/agrarias.ufpr.br\/pgapv\/?page_id=3457"},"modified":"2026-02-04T15:18:00","modified_gmt":"2026-02-04T15:18:00","slug":"luciana-lopes-fortes-ribas","status":"publish","type":"page","link":"https:\/\/agrarias.ufpr.br\/pgapv\/luciana-lopes-fortes-ribas\/","title":{"rendered":"Luciana Lopes Fortes Ribas"},"content":{"rendered":"\n<p>Profa. Colaboradora<\/p>\n\n\n\n<p><b>Forma\u00e7\u00e3o Acad\u00eamica&nbsp;<\/b><\/p>\n\n\n\n<p>Dr. Silvicultura, Engenharia Florestal, UFPR (1999)<\/p>\n\n\n\n<p>Msc. Bot\u00e2nica, UFPR (1991)<\/p>\n\n\n\n<p>Bi\u00f3loga \u2013 Pontif\u00edcia Universidade Cat\u00f3lica do Paran\u00e1 (1985)<\/p>\n\n\n\n<p><strong>Linha de pesquisa\/\u00c1rea<\/strong><\/p>\n\n\n\n<p>Fisiologia, Morfog\u00eanese e Biotecnologia de Plantas\/Fisiologia Vegetal&nbsp;e Cultura de Tecidos Vegetais<\/p>\n\n\n\n<p>Fisiologia vegetal, com \u00eanfase em t\u00e9cnicas de micropropaga\u00e7\u00e3o, principalmente organog\u00eanese e embriog\u00eanese som\u00e1tica de esp\u00e9cies ornamentais, frut\u00edferas e florestais. Efeito de reguladores vegetais, poliaminas e microalgas no cultivo <em>in vitro<\/em>. Conserva\u00e7\u00e3o de sementes, germina\u00e7\u00e3o <em>in vitro<\/em> e t\u00e9cnicas para propaga\u00e7\u00e3o massal de orqu\u00eddeas da Mata Atl\u00e2ntica.<\/p>\n\n\n\n<p><strong>Disciplinas ministradas<\/strong><\/p>\n\n\n\n<p class=\"Normal_Web_ tm6\"><a href=\"https:\/\/agrarias.ufpr.br\/pgapv\/agro-7027-pratica-docente-i\/\"><span class=\"tm7\">AGRO 7027 \u2013 Pr\u00e1tica Docente I<\/span><\/a><\/p>\n\n\n\n<p class=\"Normal_Web_ tm6\"><a href=\"https:\/\/agrarias.ufpr.br\/pgapv\/agro7028-pratica-docente-ii\/\"><span class=\"tm7\">AGRO 7028 \u2013 Pr\u00e1tica Docente II&nbsp;<\/span><\/a><\/p>\n\n\n\n<p><a href=\"https:\/\/agrarias.ufpr.br\/pgapv\/agro-7038-topicos-especiais-iv-micropropagacao-de-plantas\/\">AGRO 7038 \u2013 T\u00f3picos Especiais IV \u2013 Micropropaga\u00e7\u00e3o de Plantas<\/a><\/p>\n\n\n\n<p><strong>Laborat\u00f3rio<\/strong><\/p>\n\n\n\n<p><a href=\"https:\/\/agrarias.ufpr.br\/pgapv\/laboratorio-de-micropropagacao-de-plantas\/\">Laborat\u00f3rio de Micropropaga\u00e7\u00e3o de Plantas<\/a><\/p>\n\n\n\n<p><strong>Publica\u00e7\u00f5es<\/strong><\/p>\n\n\n\n<p><strong><span style=\"color: #000080;\"><a href=\"http:\/\/lattes.cnpq.br\/9283357374616431\"><img loading=\"lazy\" decoding=\"async\" class=\"alignnone wp-image-742\" src=\"https:\/\/agrarias.ufpr.br\/fitotecnia\/wp-content\/uploads\/sites\/26\/2016\/03\/icon_lattes.png\" alt=\"icon_lattes\" width=\"30\" height=\"29\">&nbsp;<\/a><\/span><a href=\"http:\/\/lattes.cnpq.br\/9283357374616431\"><span style=\"color: #000080;\"><b>Lattes&nbsp;<\/b><b>&nbsp;<\/b><\/span><\/a><span style=\"color: #000080;\"><a href=\"https:\/\/www.researchgate.net\/profile\/Luciana-Ribas\"><img loading=\"lazy\" decoding=\"async\" class=\"alignnone wp-image-1136 size-full\" src=\"https:\/\/agrarias.ufpr.br\/fitotecnia\/wp-content\/uploads\/sites\/26\/2016\/03\/apple-touch-icon-180x180-e1459453504744.png\" alt=\"apple-touch-icon-180x180\" width=\"29\" height=\"29\">&nbsp;<\/a><a style=\"color: #000080;\" href=\"https:\/\/www.researchgate.net\/profile\/Luciana-Ribas\">Research Gate&nbsp;&nbsp;<\/a><a href=\"https:\/\/orcid.org\/0000-0003-1099-1090\"><img loading=\"lazy\" decoding=\"async\" class=\"alignnone wp-image-3185\" src=\"https:\/\/agrarias.ufpr.br\/pgapv\/wp-content\/uploads\/sites\/39\/2021\/02\/unnamed.jpg\" alt=\"\" width=\"93\" height=\"37\" srcset=\"https:\/\/agrarias.ufpr.br\/pgapv\/wp-content\/uploads\/sites\/39\/2021\/02\/unnamed.jpg 347w, https:\/\/agrarias.ufpr.br\/pgapv\/wp-content\/uploads\/sites\/39\/2021\/02\/unnamed-300x119.jpg 300w, https:\/\/agrarias.ufpr.br\/pgapv\/wp-content\/uploads\/sites\/39\/2021\/02\/unnamed-250x99.jpg 250w, https:\/\/agrarias.ufpr.br\/pgapv\/wp-content\/uploads\/sites\/39\/2021\/02\/unnamed-160x64.jpg 160w\" sizes=\"auto, (max-width: 93px) 100vw, 93px\" \/><\/a><\/span><\/strong><\/p>\n\n\n\n<p><strong>Contatos<\/strong><\/p>\n\n\n\n<p><img loading=\"lazy\" decoding=\"async\" class=\"alignnone wp-image-757\" src=\"https:\/\/agrarias.ufpr.br\/fitotecnia\/wp-content\/uploads\/sites\/26\/2016\/03\/email-small-.jpg\" alt=\"email small\" width=\"22\" height=\"22\">&nbsp;llfribas@ufpr.br\/llfribas@gmail.com<\/p>\n\n\n\n<p><img loading=\"lazy\" decoding=\"async\" class=\"wp-image-758 alignnone\" src=\"https:\/\/agrarias.ufpr.br\/fitotecnia\/wp-content\/uploads\/sites\/26\/2016\/03\/telefone.png\" alt=\"telefone\" width=\"22\" height=\"22\"> (41) 3361-1626<\/p>\n","protected":false},"excerpt":{"rendered":"<p>Profa. Colaboradora Forma\u00e7\u00e3o Acad\u00eamica&nbsp; Dr. Silvicultura, Engenharia Florestal, UFPR (1999) Msc. Bot\u00e2nica, UFPR (1991) Bi\u00f3loga \u2013 Pontif\u00edcia Universidade Cat\u00f3lica do Paran\u00e1 (1985) Linha de pesquisa\/\u00c1rea Fisiologia, Morfog\u00eanese e Biotecnologia de Plantas\/Fisiologia Vegetal&nbsp;e Cultura de Tecidos Vegetais Fisiologia vegetal, com \u00eanfase em t\u00e9cnicas de micropropaga\u00e7\u00e3o, principalmente organog\u00eanese e embriog\u00eanese som\u00e1tica de esp\u00e9cies ornamentais, frut\u00edferas e florestais. Efeito de reguladores vegetais, poliaminas e microalgas no cultivo in vitro. Conserva\u00e7\u00e3o de sementes, germina\u00e7\u00e3o in vitro e t\u00e9cnicas para [&hellip;]<\/p>\n","protected":false},"author":3,"featured_media":0,"parent":0,"menu_order":0,"comment_status":"closed","ping_status":"closed","template":"","meta":{"footnotes":""},"class_list":["post-3457","page","type-page","status-publish","hentry"],"_links":{"self":[{"href":"https:\/\/agrarias.ufpr.br\/pgapv\/wp-json\/wp\/v2\/pages\/3457","targetHints":{"allow":["GET"]}}],"collection":[{"href":"https:\/\/agrarias.ufpr.br\/pgapv\/wp-json\/wp\/v2\/pages"}],"about":[{"href":"https:\/\/agrarias.ufpr.br\/pgapv\/wp-json\/wp\/v2\/types\/page"}],"author":[{"embeddable":true,"href":"https:\/\/agrarias.ufpr.br\/pgapv\/wp-json\/wp\/v2\/users\/3"}],"replies":[{"embeddable":true,"href":"https:\/\/agrarias.ufpr.br\/pgapv\/wp-json\/wp\/v2\/comments?post=3457"}],"version-history":[{"count":19,"href":"https:\/\/agrarias.ufpr.br\/pgapv\/wp-json\/wp\/v2\/pages\/3457\/revisions"}],"predecessor-version":[{"id":7704,"href":"https:\/\/agrarias.ufpr.br\/pgapv\/wp-json\/wp\/v2\/pages\/3457\/revisions\/7704"}],"wp:attachment":[{"href":"https:\/\/agrarias.ufpr.br\/pgapv\/wp-json\/wp\/v2\/media?parent=3457"}],"curies":[{"name":"wp","href":"https:\/\/api.w.org\/{rel}","templated":true}]}}