{"id":344,"date":"2018-07-04T13:46:50","date_gmt":"2018-07-04T13:46:50","guid":{"rendered":"https:\/\/agrarias.ufpr.br\/pgapv\/?page_id=344"},"modified":"2018-07-04T13:47:01","modified_gmt":"2018-07-04T13:47:01","slug":"apv-7037-topicos-especiais-iv-planejamento-e-analise-de-experimentos-com-aplicacoes-em-r","status":"publish","type":"page","link":"https:\/\/agrarias.ufpr.br\/pgapv\/apv-7037-topicos-especiais-iv-planejamento-e-analise-de-experimentos-com-aplicacoes-em-r\/","title":{"rendered":"APV 7037 \u2013 T\u00d3PICOS ESPECIAIS IV  PLANEJAMENTO E AN\u00c1LISE DE EXPERIMENTOS COM APLICA\u00c7\u00d5ES EM R\u00a0 \u00a0"},"content":{"rendered":"<p><img loading=\"lazy\" decoding=\"async\" class=\"alignnone size-large wp-image-196\" src=\"https:\/\/agrarias.ufpr.br\/pgapv\/wp-content\/uploads\/sites\/39\/2018\/07\/foto-pos-gd-logo-maior-1024x369.jpg\" alt=\"foto-pos-gd-logo-maior\" width=\"1024\" height=\"369\" srcset=\"https:\/\/agrarias.ufpr.br\/pgapv\/wp-content\/uploads\/sites\/39\/2018\/07\/foto-pos-gd-logo-maior-1024x369.jpg 1024w, https:\/\/agrarias.ufpr.br\/pgapv\/wp-content\/uploads\/sites\/39\/2018\/07\/foto-pos-gd-logo-maior-300x108.jpg 300w, https:\/\/agrarias.ufpr.br\/pgapv\/wp-content\/uploads\/sites\/39\/2018\/07\/foto-pos-gd-logo-maior-768x277.jpg 768w, https:\/\/agrarias.ufpr.br\/pgapv\/wp-content\/uploads\/sites\/39\/2018\/07\/foto-pos-gd-logo-maior-250x90.jpg 250w, https:\/\/agrarias.ufpr.br\/pgapv\/wp-content\/uploads\/sites\/39\/2018\/07\/foto-pos-gd-logo-maior-160x58.jpg 160w, https:\/\/agrarias.ufpr.br\/pgapv\/wp-content\/uploads\/sites\/39\/2018\/07\/foto-pos-gd-logo-maior.jpg 1094w\" sizes=\"auto, (max-width: 1024px) 100vw, 1024px\" \/><\/p>\n<table width=\"532\">\n<tbody>\n<tr>\n<td width=\"532\">N\u00edvel: MESTRADO\/DOUTORADO &nbsp;<\/td>\n<\/tr>\n<tr>\n<td width=\"532\">Natureza: SEMESTRAL &nbsp;<\/td>\n<\/tr>\n<tr>\n<td width=\"532\">Carga Hor\u00e1ria: 60 horas (30 te\u00f3ricas\/30 pr\u00e1ticas) &nbsp;<\/td>\n<\/tr>\n<tr>\n<td width=\"532\">Cr\u00e9dito: 04 &nbsp;<\/td>\n<\/tr>\n<tr>\n<td width=\"532\">Ementa: Obten\u00e7\u00e3o, prepara\u00e7\u00e3o e manipula\u00e7\u00e3o de dados, an\u00e1lise explorat\u00f3rio de dados e visualiza\u00e7\u00e3o; delineamentos experimentais e especifica\u00e7\u00e3o de modelos, an\u00e1lise de regress\u00e3o; interpreta\u00e7\u00e3o dos resultados experimentais. &nbsp;<\/td>\n<\/tr>\n<tr>\n<td width=\"532\">Cursos para os quais \u00e9 ministrada: Agronomia-Produ\u00e7\u00e3o Vegetal &nbsp;<\/td>\n<\/tr>\n<tr>\n<td width=\"532\">Professor(a) Respons\u00e1vel: Profa. Dra. Louise Larissa May De Mio&nbsp; Prof. Dr. Walmes Marques Zeviani &nbsp;<\/td>\n<\/tr>\n<\/tbody>\n<\/table>\n","protected":false},"excerpt":{"rendered":"<p>N\u00edvel: MESTRADO\/DOUTORADO &nbsp; Natureza: SEMESTRAL &nbsp; Carga Hor\u00e1ria: 60 horas (30 te\u00f3ricas\/30 pr\u00e1ticas) &nbsp; Cr\u00e9dito: 04 &nbsp; Ementa: Obten\u00e7\u00e3o, prepara\u00e7\u00e3o e manipula\u00e7\u00e3o de dados, an\u00e1lise explorat\u00f3rio de dados e visualiza\u00e7\u00e3o; delineamentos experimentais e especifica\u00e7\u00e3o de modelos, an\u00e1lise de regress\u00e3o; interpreta\u00e7\u00e3o dos resultados experimentais. &nbsp; Cursos para os quais \u00e9 ministrada: Agronomia-Produ\u00e7\u00e3o Vegetal &nbsp; Professor(a) Respons\u00e1vel: [&hellip;]<\/p>\n","protected":false},"author":3,"featured_media":0,"parent":0,"menu_order":0,"comment_status":"closed","ping_status":"closed","template":"","meta":{"footnotes":""},"class_list":["post-344","page","type-page","status-publish","hentry"],"_links":{"self":[{"href":"https:\/\/agrarias.ufpr.br\/pgapv\/wp-json\/wp\/v2\/pages\/344","targetHints":{"allow":["GET"]}}],"collection":[{"href":"https:\/\/agrarias.ufpr.br\/pgapv\/wp-json\/wp\/v2\/pages"}],"about":[{"href":"https:\/\/agrarias.ufpr.br\/pgapv\/wp-json\/wp\/v2\/types\/page"}],"author":[{"embeddable":true,"href":"https:\/\/agrarias.ufpr.br\/pgapv\/wp-json\/wp\/v2\/users\/3"}],"replies":[{"embeddable":true,"href":"https:\/\/agrarias.ufpr.br\/pgapv\/wp-json\/wp\/v2\/comments?post=344"}],"version-history":[{"count":2,"href":"https:\/\/agrarias.ufpr.br\/pgapv\/wp-json\/wp\/v2\/pages\/344\/revisions"}],"predecessor-version":[{"id":346,"href":"https:\/\/agrarias.ufpr.br\/pgapv\/wp-json\/wp\/v2\/pages\/344\/revisions\/346"}],"wp:attachment":[{"href":"https:\/\/agrarias.ufpr.br\/pgapv\/wp-json\/wp\/v2\/media?parent=344"}],"curies":[{"name":"wp","href":"https:\/\/api.w.org\/{rel}","templated":true}]}}