{"id":3282,"date":"2021-02-15T01:38:54","date_gmt":"2021-02-15T01:38:54","guid":{"rendered":"https:\/\/agrarias.ufpr.br\/pgapv\/?page_id=3282"},"modified":"2026-02-04T12:33:40","modified_gmt":"2026-02-04T12:33:40","slug":"agro-7049-weed-science-topics","status":"publish","type":"page","link":"https:\/\/agrarias.ufpr.br\/pgapv\/agro-7049-weed-science-topics\/","title":{"rendered":"AGRO 7049 \u2013 Weed Science Topics"},"content":{"rendered":"\n<p><strong>N\u00edvel<\/strong><\/p>\n\n\n\n<p>Mestrado\/Doutorado<\/p>\n\n\n\n<p><strong>Natureza<\/strong><\/p>\n\n\n\n<p>Semestral<\/p>\n\n\n\n<p><strong>Cr\u00e9ditos<\/strong><\/p>\n\n\n\n<p>04<\/p>\n\n\n\n<p><strong>Carga hor\u00e1ria<\/strong><\/p>\n\n\n\n<p>60 horas<\/p>\n\n\n\n<p><strong>Ementa<\/strong><\/p>\n\n\n\n<p>Identifica\u00e7\u00e3o das principais fam\u00edlias e esp\u00e9cies de plantas daninhas. Estudo da din\u00e2mica populacional e ecologia de plantas. Caracteriza\u00e7\u00e3o dos m\u00e9todos de controle n\u00e3o-qu\u00edmicos de plantas daninhas. Aplica\u00e7\u00e3o de sistemas de produ\u00e7\u00e3o e do manejo integrado de plantas daninhas. Aprofundamento do conhecimento da competi\u00e7\u00e3o e da alelopatia.<\/p>\n\n\n\n<p><strong>Semestre<\/strong><\/p>\n\n\n\n<p>1\u00ba semestre (Quadrienal em anos \u00edmpares \u2013 2023)<\/p>\n\n\n\n<p><strong>Dia\/Hor\u00e1rio<\/strong><\/p>\n\n\n\n<p>Ter\u00e7a-Feira\/ 08:00 \u2013 12:00 horas<\/p>\n\n\n\n<p><strong>Docente<\/strong><\/p>\n\n\n\n<p class=\"Normal_Web_ tm9\"><a href=\"https:\/\/agrarias.ufpr.br\/pgapv\/alfredo-junior-paiola-albrecht\/\">Alfredo Junior Paiola Albrecht<\/a><\/p>\n\n\n\n<p><a href=\"https:\/\/agrarias.ufpr.br\/pgapv\/arthur-arrobas-martins-barroso\/\">Arthur Arrobas Martins Barroso<\/a><\/p>\n\n\n\n<p><a href=\"https:\/\/agrarias.ufpr.br\/pgapv\/leandropaiola\/\" data-type=\"page\" data-id=\"6773\">Leandro Paiola Albrecht<\/a><\/p>\n\n\n\n<p><strong>Home page<\/strong><\/p>\n\n\n\n<p><a href=\"http:\/\/www.nomato.wordpress.com\/\">www.nomato.wordpress.com<\/a><\/p>\n\n\n\n<p><strong>Bibliografia Recomendada<\/strong><\/p>\n\n\n\n<p>Affi, M.; Swanton, C. Early physiological mechanisms of weed competition. Weed Science, v.60, 2012.<\/p>\n\n\n\n<p>Broster, J.; Powles, S.B. iHSD mill efficacy on the seeds of Australian cropping system weeds. Weed Technology, v.32, 2017.<\/p>\n\n\n\n<p>Chen, Z.; Zhaomin, M. A review: the survey of the effects of light on weed recognition. MATEC Web of Conference, v.228, 2018.<\/p>\n\n\n\n<p>Cheng, G.; Cheng, Z. Research progress on the use of plant allelopathy in agriculture and the physiological and ecological mechanisms of allelopathy. Frontiers in Plant Science, v.6, 2015.<\/p>\n\n\n\n<p>Clark, M.; Tilman, D. Comparative analysis of environmental impacts of agricultural production systems, agricultural input efficiency, and food choice. Environmental Research Letters, v.12, 2017.<\/p>\n\n\n\n<p>Duke, S.O. Proving allelopathy in crop-weed interactions. Weed Science, special issue, 2015.<\/p>\n\n\n\n<p>Hestwood, J.H. et al. Weed management in 2050: perspectives on the future of weed science. Weed Science, v.66, 2017.<\/p>\n\n\n\n<p>Lechenet, M. et al. Reducing pesticide use while preserving crop productivity and profitability on arable farms. Nature plants, v.3, 2017.<\/p>\n\n\n\n<p>Norsworthy, J.K. et al. Weed seedbank management: revisiting how herbicides are evaluated. Weed Science, v.66, 2018.<\/p>\n\n\n\n<p>Panetta, F.D. Weed eradication feasibility: lessons of the 21st centurt. Weed research, v.55, 2015.<\/p>\n\n\n\n<p>Pitelli, R.A. O termo planta-daninhas. Planta Daninha, v.33, 2015.<\/p>\n\n\n\n<p>Storkey, J.; Neve, P. What good is weed diversity? Weed Research, v.58, 2018.<\/p>\n\n\n\n<p>Tominaga, T.; Kurokawa, S. Research issues, challenges, and opportunities for weed management in Japan. Crop protection, v.134, 2020.<\/p>\n\n\n\n<p>Vigueira, C.C.; Olsen, k.N.; Caicedo, A.L. The red queen in the cord: agricultural weeds as models of rapid adaptive evolution. Heredity, v.110, 2013.<\/p>\n","protected":false},"excerpt":{"rendered":"<p>N\u00edvel Mestrado\/Doutorado Natureza Semestral Cr\u00e9ditos 04 Carga hor\u00e1ria 60 horas Ementa Identifica\u00e7\u00e3o das principais fam\u00edlias e esp\u00e9cies de plantas daninhas. Estudo da din\u00e2mica populacional e ecologia de plantas. Caracteriza\u00e7\u00e3o dos m\u00e9todos de controle n\u00e3o-qu\u00edmicos de plantas daninhas. Aplica\u00e7\u00e3o de sistemas de produ\u00e7\u00e3o e do manejo integrado de plantas daninhas. Aprofundamento do conhecimento da competi\u00e7\u00e3o e da alelopatia. Semestre 1\u00ba semestre (Quadrienal em anos \u00edmpares \u2013 2023) Dia\/Hor\u00e1rio Ter\u00e7a-Feira\/ 08:00 \u2013 12:00 horas Docente Alfredo Junior [&hellip;]<\/p>\n","protected":false},"author":10266,"featured_media":0,"parent":0,"menu_order":0,"comment_status":"closed","ping_status":"closed","template":"","meta":{"footnotes":""},"class_list":["post-3282","page","type-page","status-publish","hentry"],"_links":{"self":[{"href":"https:\/\/agrarias.ufpr.br\/pgapv\/wp-json\/wp\/v2\/pages\/3282","targetHints":{"allow":["GET"]}}],"collection":[{"href":"https:\/\/agrarias.ufpr.br\/pgapv\/wp-json\/wp\/v2\/pages"}],"about":[{"href":"https:\/\/agrarias.ufpr.br\/pgapv\/wp-json\/wp\/v2\/types\/page"}],"author":[{"embeddable":true,"href":"https:\/\/agrarias.ufpr.br\/pgapv\/wp-json\/wp\/v2\/users\/10266"}],"replies":[{"embeddable":true,"href":"https:\/\/agrarias.ufpr.br\/pgapv\/wp-json\/wp\/v2\/comments?post=3282"}],"version-history":[{"count":5,"href":"https:\/\/agrarias.ufpr.br\/pgapv\/wp-json\/wp\/v2\/pages\/3282\/revisions"}],"predecessor-version":[{"id":7649,"href":"https:\/\/agrarias.ufpr.br\/pgapv\/wp-json\/wp\/v2\/pages\/3282\/revisions\/7649"}],"wp:attachment":[{"href":"https:\/\/agrarias.ufpr.br\/pgapv\/wp-json\/wp\/v2\/media?parent=3282"}],"curies":[{"name":"wp","href":"https:\/\/api.w.org\/{rel}","templated":true}]}}