{"id":3273,"date":"2021-02-15T01:28:00","date_gmt":"2021-02-15T01:28:00","guid":{"rendered":"https:\/\/agrarias.ufpr.br\/pgapv\/?page_id=3273"},"modified":"2021-04-14T14:48:53","modified_gmt":"2021-04-14T14:48:53","slug":"agro-7038-topicos-especiais-iv-analises-avancadas-em-epidemiologia-usando-o-r","status":"publish","type":"page","link":"https:\/\/agrarias.ufpr.br\/pgapv\/agro-7038-topicos-especiais-iv-analises-avancadas-em-epidemiologia-usando-o-r\/","title":{"rendered":"AGRO 7038 &#8211; T\u00f3picos Especiais IV &#8211; An\u00e1lises Avan\u00e7adas em Epidemiologia usando o R"},"content":{"rendered":"<p><strong>N\u00edvel<\/strong><\/p>\n<p>Mestrado\/Doutorado<\/p>\n<p><strong>Natureza<\/strong><\/p>\n<p>Semestral<\/p>\n<p><strong>Cr\u00e9ditos<\/strong><\/p>\n<p>04<\/p>\n<p><strong>Carga hor\u00e1ria<\/strong><\/p>\n<p>60 horas&nbsp;<\/p>\n<p><strong>Ementa<\/strong><\/p>\n<p style=\"text-align: justify\">Aplicar o programa R para testar e desenvolver ferramentas aplicadas para uso em epidemiologia para manejo de doen\u00e7as em plantas com temas espec\u00edficos de interesse dos professores, pesquisadores e alunos.<\/p>\n<p><strong>Semestre<\/strong><\/p>\n<p>A depender da demanda<\/p>\n<p><strong>Dia\/Hor\u00e1rio<\/strong><\/p>\n<p>A definir<\/p>\n<p><strong>Docente<\/strong><\/p>\n<p><a href=\"https:\/\/agrarias.ufpr.br\/pgapv\/louise-larissa-may-de-mio\/\">Louise Larissa May De Mio&nbsp;<\/a><\/p>\n<p>Walmes Marques Zeviani &nbsp;<\/p>\n<p><strong>Bibliografia Recomendada<\/strong><\/p>\n<p style=\"text-align: justify\">BUSSAB, W &amp; MORETTIN, P. Estat\u00edstica B\u00e1sica. Saraiva. 9a edi\u00e7\u00e3o (2017).<\/p>\n<p style=\"text-align: justify\">LOGAN, M. (2010). *Biostatistical Design and Analysis Using R*. Wiley-Blackwell.<\/p>\n<p style=\"text-align: justify\">MADDEN, L.V.; HUGHES, G.; VAN DEN BOSCH, F. The study of plant disease epidemics. St. Paul: APS Press, 2007. 421p.<\/p>\n<p style=\"text-align: justify\">NEWMAN, S. C. (2001). Biostatistical Methods in Epidemiology*(1st ed.). Wiley-Interscience.<\/p>\n<p style=\"text-align: justify\">RITZ, C., &amp; STREIBIG, J. C. (2008). Nonlinear regression with R (1st ed., p. 142). New York: Springer.<\/p>\n<p style=\"text-align: justify\">TWISK, J. W. R. (2003). Applied Longitudinal Data Analysis for&nbsp; Epidemiology: A Practical Guide (1st ed.). Cambridge University Press.<\/p>\n<p style=\"text-align: justify\">VIRASAKDI, C. (2008). Analysis of epidemiological data using R and Epicalc. Chanmuang Press. https:\/\/cran.r-project.org\/doc\/contrib\/Epicalc_Book.pdf<\/p>\n","protected":false},"excerpt":{"rendered":"<p>N\u00edvel Mestrado\/Doutorado Natureza Semestral Cr\u00e9ditos 04 Carga hor\u00e1ria 60 horas&nbsp; Ementa Aplicar o programa R para testar e desenvolver ferramentas aplicadas para uso em epidemiologia para manejo de doen\u00e7as em plantas com temas espec\u00edficos de interesse dos professores, pesquisadores e alunos. Semestre A depender da demanda Dia\/Hor\u00e1rio A definir Docente Louise Larissa May De Mio&nbsp; [&hellip;]<\/p>\n","protected":false},"author":10266,"featured_media":0,"parent":0,"menu_order":0,"comment_status":"closed","ping_status":"closed","template":"","meta":{"footnotes":""},"class_list":["post-3273","page","type-page","status-publish","hentry"],"_links":{"self":[{"href":"https:\/\/agrarias.ufpr.br\/pgapv\/wp-json\/wp\/v2\/pages\/3273","targetHints":{"allow":["GET"]}}],"collection":[{"href":"https:\/\/agrarias.ufpr.br\/pgapv\/wp-json\/wp\/v2\/pages"}],"about":[{"href":"https:\/\/agrarias.ufpr.br\/pgapv\/wp-json\/wp\/v2\/types\/page"}],"author":[{"embeddable":true,"href":"https:\/\/agrarias.ufpr.br\/pgapv\/wp-json\/wp\/v2\/users\/10266"}],"replies":[{"embeddable":true,"href":"https:\/\/agrarias.ufpr.br\/pgapv\/wp-json\/wp\/v2\/comments?post=3273"}],"version-history":[{"count":5,"href":"https:\/\/agrarias.ufpr.br\/pgapv\/wp-json\/wp\/v2\/pages\/3273\/revisions"}],"predecessor-version":[{"id":4131,"href":"https:\/\/agrarias.ufpr.br\/pgapv\/wp-json\/wp\/v2\/pages\/3273\/revisions\/4131"}],"wp:attachment":[{"href":"https:\/\/agrarias.ufpr.br\/pgapv\/wp-json\/wp\/v2\/media?parent=3273"}],"curies":[{"name":"wp","href":"https:\/\/api.w.org\/{rel}","templated":true}]}}