{"id":325,"date":"2018-07-04T13:31:47","date_gmt":"2018-07-04T13:31:47","guid":{"rendered":"https:\/\/agrarias.ufpr.br\/pgapv\/?page_id=325"},"modified":"2018-09-19T11:48:12","modified_gmt":"2018-09-19T11:48:12","slug":"agro-7037","status":"publish","type":"page","link":"https:\/\/agrarias.ufpr.br\/pgapv\/agro-7037\/","title":{"rendered":"AGRO 7037 \u2013T\u00f3picos Especiais IV \u2013 Agentes Causais de Doen\u00e7as de Plantas"},"content":{"rendered":"<p><strong><b>N\u00edvel<\/b><\/strong><\/p>\n<p>Mestrado\/Doutorado<\/p>\n<p><strong><b>Natureza<\/b><\/strong><\/p>\n<p>Concentrada<\/p>\n<p><strong><b>Cr\u00e9ditos <\/b><\/strong><\/p>\n<p>04<\/p>\n<p><strong><b>Carga hor\u00e1ria<\/b><\/strong><\/p>\n<p>60 horas<\/p>\n<p><strong><b>Ementa: <\/b><\/strong><\/p>\n<p>Introdu\u00e7\u00e3o \u00e0 Nematologia. Morfologia de fitonematoides. Aspectos biol\u00f3gicos e ecol\u00f3gicos dos fitonematoides. Sintomatologia e diagnose de fitonematoides. Principais g\u00eaneros de fitonematoides de interesse agr\u00edcola.<\/p>\n<p>Hist\u00f3rico, Import\u00e2ncia, Morfologia e Sintomatologia de Fitoviroses. Taxonomia e Replica\u00e7\u00e3o dos principais g\u00eaneros de Fitov\u00edrus. Movimento e Transmiss\u00e3o de Fitov\u00edrus. Controle, Variabilidade e Diagnose de Fitov\u00edrus.<\/p>\n<p>Hist\u00f3rico e import\u00e2ncia econ\u00f4mica das fitobacterioses. Aspectos anatomorfol\u00f3gicos, fisiol\u00f3gicos, multiplica\u00e7\u00e3o e variabilidade gen\u00e9tica de fitobact\u00e9rias. Sobreviv\u00eancia, dissemina\u00e7\u00e3o, penetra\u00e7\u00e3o e coloniza\u00e7\u00e3o de fitobact\u00e9rias. Ambiente, sintomatologia, diagnose e medidas gerais de controle de fitobacterioses. Caracter\u00edsticas gerais de fitoplasmas e espiroplasmas.<\/p>\n<p>&nbsp;<\/p>\n<p><strong><b>Semestre<\/b><\/strong><\/p>\n<p>2\u00ba semestre de anos pares<\/p>\n<p><strong><b>Dia\/Hor\u00e1rio<\/b><\/strong><\/p>\n<p>A definir<\/p>\n<p><strong><b>Docentes<\/b><\/strong><\/p>\n<p>Renata Faier Calegario<\/p>\n<p>Henrique da Silva Silveira Duarte<\/p>\n<p><strong><b>&nbsp;<\/b><\/strong><\/p>\n<p><strong><b>Bibliografia Recomendada<\/b><\/strong><\/p>\n<p>&nbsp;<\/p>\n<p>Agrios, G.N.&nbsp;<strong><b>Plant Pathology<\/b><\/strong>. 5. ed. Burlington: Academic Press, 2005.<\/p>\n<p>Amorim, L., Rezende, J.A.M., Bergamin Filho, A.&nbsp;<strong><b>Manual de Fitopatologia-Princ\u00edpios e Conceitos<\/b><\/strong>. v.1. 5 ed. Ouro Fino: Editora Agron\u00f4mica Ceres&nbsp;Ltda, 2018.<\/p>\n<p>Amorim, L., Rezende, J.A.M., Bergamin Filho, A., Camargo, L.E.A.&nbsp;<strong><b>Manual de Fitopatologia-Doen\u00e7as das Plantas Cultivadas<\/b><\/strong>. 5. ed. v.2. Ouro Fino: Editora Agron\u00f4mica Ceres&nbsp;Ltda, 2016.<\/p>\n<p>Eiras, M.; Galleti, S.R.&nbsp;<strong><b>T\u00e9cnicas de diagn\u00f3stico de fitopat\u00f3genos.<\/b><\/strong>&nbsp;S\u00e3o Paulo: Editora Devir, 2012.<\/p>\n<p>Ferraz, L.C.C.B.; Brown, D.J.F.&nbsp;<strong><b>Nematologia de plantas: fundamentos e import\u00e2ncia<\/b><\/strong>. Manaus: Editora Norma, 2016.<\/p>\n<p>Ferraz, S.; Freitas, L.G.; Lopes, E.A.; Dias-Arieira, C.R. <strong><b>Manejo Sustent\u00e1vel de Fitonematoides<\/b><\/strong>. Vi\u00e7osa: Editora UFV, 2010.<\/p>\n<p>Freitas, L.G.; Oliveira, R.D.L., Ferraz, S.&nbsp;<strong><b>Introdu\u00e7\u00e3o \u00e0 nematologia<\/b><\/strong>. Vi\u00e7osa: Editora UFV, 2014.<\/p>\n<p>Goto, M.&nbsp;<strong><b>Fundamentals of Bacterial Plant Pathology<\/b><\/strong>. Burlington: Academic Press, 1992.<\/p>\n<p>Hull, R.&nbsp;<strong><b>Matthews\u2019 Plant Virology<\/b><\/strong>. 5. ed. Burlington: Academic Press, 2014.<\/p>\n<p>Matthews, R.E.F.&nbsp;<strong><b>Diagnosis of plant virus diseases.<\/b><\/strong>&nbsp;Boca Raton: CRC Press, 1993.<\/p>\n<p>Medeiros, R.B.; Resende, R.O; Carvalho, R.C.P.; Dianese, E.C.; Costa, C.L.; Sgro, J.Y.&nbsp;<strong><b>Virologia Vegetal: conceitos, fundamentos, classifica\u00e7\u00e3o e controle. <\/b><\/strong>Bras\u00edlia: Editora UNB, 2015.<\/p>\n<p>Romeiro, R.S. <strong><b>Bact\u00e9rias fitopatog\u00eanicas<\/b><\/strong>. 2. ed. Vi\u00e7osa: Editora UFV, 2005.<\/p>\n<p>Romeiro, R.S.&nbsp;<strong><b>M\u00e9todos em Bacteriologia de Plantas<\/b><\/strong>. Vi\u00e7osa: Editora UFV, 2001.<\/p>\n<p>ZAMBOLIM, L.; JESUS JUNIOR, W. C.; PEREIRA, O. L. <strong><b>O Essencial da Fitopatologia &#8211; Agentes Causais<\/b><\/strong>. v. 1, Vi\u00e7osa: Suprema gr\u00e1fica e Editora Ltda, 2012.<\/p>\n<p>ZAMBOLIM, L.; JESUS JUNIOR, W. C.; PEREIRA, O. L. <strong><b>O Essencial da Fitopatologia &#8211; Agentes Causais<\/b><\/strong>. v. 2, Vi\u00e7osa: Suprema gr\u00e1fica e Editora Ltda, 2012.<\/p>\n<p>Zerbini JR, F.M; Carvalho, M.G; Zambolim, E.M.&nbsp;<strong><b>Introdu\u00e7\u00e3o \u00e0 virologia vegetal<\/b><\/strong>. Vi\u00e7osa: Editora UFV, 2002.<\/p>\n<p>&nbsp;<\/p>\n","protected":false},"excerpt":{"rendered":"<p>N\u00edvel Mestrado\/Doutorado Natureza Concentrada Cr\u00e9ditos 04 Carga hor\u00e1ria 60 horas Ementa: Introdu\u00e7\u00e3o \u00e0 Nematologia. Morfologia de fitonematoides. Aspectos biol\u00f3gicos e ecol\u00f3gicos dos fitonematoides. Sintomatologia e diagnose de fitonematoides. Principais g\u00eaneros de fitonematoides de interesse agr\u00edcola. Hist\u00f3rico, Import\u00e2ncia, Morfologia e Sintomatologia de Fitoviroses. Taxonomia e Replica\u00e7\u00e3o dos principais g\u00eaneros de Fitov\u00edrus. Movimento e Transmiss\u00e3o de Fitov\u00edrus. [&hellip;]<\/p>\n","protected":false},"author":3,"featured_media":0,"parent":0,"menu_order":0,"comment_status":"closed","ping_status":"closed","template":"","meta":{"footnotes":""},"class_list":["post-325","page","type-page","status-publish","hentry"],"_links":{"self":[{"href":"https:\/\/agrarias.ufpr.br\/pgapv\/wp-json\/wp\/v2\/pages\/325","targetHints":{"allow":["GET"]}}],"collection":[{"href":"https:\/\/agrarias.ufpr.br\/pgapv\/wp-json\/wp\/v2\/pages"}],"about":[{"href":"https:\/\/agrarias.ufpr.br\/pgapv\/wp-json\/wp\/v2\/types\/page"}],"author":[{"embeddable":true,"href":"https:\/\/agrarias.ufpr.br\/pgapv\/wp-json\/wp\/v2\/users\/3"}],"replies":[{"embeddable":true,"href":"https:\/\/agrarias.ufpr.br\/pgapv\/wp-json\/wp\/v2\/comments?post=325"}],"version-history":[{"count":9,"href":"https:\/\/agrarias.ufpr.br\/pgapv\/wp-json\/wp\/v2\/pages\/325\/revisions"}],"predecessor-version":[{"id":1315,"href":"https:\/\/agrarias.ufpr.br\/pgapv\/wp-json\/wp\/v2\/pages\/325\/revisions\/1315"}],"wp:attachment":[{"href":"https:\/\/agrarias.ufpr.br\/pgapv\/wp-json\/wp\/v2\/media?parent=325"}],"curies":[{"name":"wp","href":"https:\/\/api.w.org\/{rel}","templated":true}]}}