{"id":315,"date":"2018-07-04T13:25:33","date_gmt":"2018-07-04T13:25:33","guid":{"rendered":"https:\/\/agrarias.ufpr.br\/pgapv\/?page_id=315"},"modified":"2026-02-04T12:41:17","modified_gmt":"2026-02-04T12:41:17","slug":"apv-7035-topicos-especiais-ii-hibridacao-da-cana-de-acucar","status":"publish","type":"page","link":"https:\/\/agrarias.ufpr.br\/pgapv\/apv-7035-topicos-especiais-ii-hibridacao-da-cana-de-acucar\/","title":{"rendered":"AGRO 7036 \u2013 T\u00f3picos Especiais II \u2013 Hibrida\u00e7\u00e3o da Cana-de-A\u00e7\u00facar"},"content":{"rendered":"\n<p><strong>N\u00edvel<\/strong><\/p>\n\n\n\n<p>Mestrado\/Doutorado<\/p>\n\n\n\n<p><strong>Natureza<\/strong><\/p>\n\n\n\n<p>Semestral<\/p>\n\n\n\n<p><strong>Cr\u00e9ditos <\/strong><\/p>\n\n\n\n<p>02<\/p>\n\n\n\n<p><strong>Carga hor\u00e1ria<\/strong><\/p>\n\n\n\n<p>30 horas&nbsp;<\/p>\n\n\n\n<p><strong>Ementa<\/strong><\/p>\n\n\n\n<p>Florescimento de cana-de-a\u00e7\u00facar. Indu\u00e7\u00e3o artificial do florescimento. Tipos de cruzamento. Crit\u00e9rios de escolha de parentais para cruzamento. Processamento e armazenamento de sementes de cana. Cruzamentos interespec\u00edficos.&nbsp;<\/p>\n\n\n\n<p><strong>Semestre&nbsp;&nbsp;&nbsp;&nbsp;&nbsp;&nbsp;&nbsp; <\/strong><\/p>\n\n\n\n<p>1\u00ba semestre (Quadrienal em anos pares &#8211; 2022)<\/p>\n\n\n\n<p><strong>Docente<\/strong><\/p>\n\n\n\n<p><a href=\"https:\/\/agrarias.ufpr.br\/pgapv\/joao-carlos-bespalhok-filho\/\">Jo\u00e3o Carlos Bespalhok Filho<\/a><\/p>\n\n\n\n<p><strong>Bibliografia Recomendada<\/strong><\/p>\n\n\n\n<p>ARALDI, R., SILVA, F.M.L., ONO, E.O.; RODRIGUES, J.D. Florescimento em cana-de-a\u00e7\u00facar. <strong>Ci\u00eancia Rural.<\/strong> 2010, v. 3, p. 694-702.<\/p>\n\n\n\n<p>CESNIK, R.; MIOCQUE, J. <strong>Melhoramento da cana-de-a\u00e7\u00facar<\/strong>. Bras\u00edlia: Embrapa Informa\u00e7\u00f5es Tecnol\u00f3gicas, 2004.<\/p>\n\n\n\n<p>LANDELL, M.G.A.; BRESSIANI, A. Melhoramento gen\u00e9tico, caracteriza\u00e7\u00e3o e manejo varietal. In: MINARDO-MIRANDA, L.L.; VASCONCELOS, A.C.M.; LANDELL, M.G.A. (Ed.) <strong>Cana-de-a\u00e7\u00facar.<\/strong> Campinas: Instituto Agron\u00f4mico, 2008, p. 101-155.<\/p>\n\n\n\n<p>MATSUOKA, S.; GARCIA, A.A.F.; ARIZONO, H. Melhoramento da Cana-de-a\u00e7\u00facar<strong>. <\/strong>In: BOR\u00c9M, A.(Org.). <strong>Melhoramento de esp\u00e9cies cultivadas<\/strong>. Vi\u00e7osa: Editora da Universidade Federal de Vi\u00e7osa, 1999. v. 1, p. 205 \u2013 252.<\/p>\n\n\n\n<p>MING, R.; MOORE, P.H.; WU, K.K.; D\u00b4HONT, A.; TOMAS, T. Sugarcane Improvement through Breeding and Biotechnology. <strong>Plant Breeding Reviews<\/strong>, New York, USA, v. 27, 2006.<\/p>\n","protected":false},"excerpt":{"rendered":"<p>N\u00edvel Mestrado\/Doutorado Natureza Semestral Cr\u00e9ditos 02 Carga hor\u00e1ria 30 horas&nbsp; Ementa Florescimento de cana-de-a\u00e7\u00facar. Indu\u00e7\u00e3o artificial do florescimento. Tipos de cruzamento. Crit\u00e9rios de escolha de parentais para cruzamento. Processamento e armazenamento de sementes de cana. Cruzamentos interespec\u00edficos.&nbsp; Semestre&nbsp;&nbsp;&nbsp;&nbsp;&nbsp;&nbsp;&nbsp; 1\u00ba semestre (Quadrienal em anos pares &#8211; 2022) Docente Jo\u00e3o Carlos Bespalhok Filho Bibliografia Recomendada ARALDI, R., [&hellip;]<\/p>\n","protected":false},"author":3,"featured_media":0,"parent":0,"menu_order":0,"comment_status":"closed","ping_status":"closed","template":"","meta":{"footnotes":""},"class_list":["post-315","page","type-page","status-publish","hentry"],"_links":{"self":[{"href":"https:\/\/agrarias.ufpr.br\/pgapv\/wp-json\/wp\/v2\/pages\/315","targetHints":{"allow":["GET"]}}],"collection":[{"href":"https:\/\/agrarias.ufpr.br\/pgapv\/wp-json\/wp\/v2\/pages"}],"about":[{"href":"https:\/\/agrarias.ufpr.br\/pgapv\/wp-json\/wp\/v2\/types\/page"}],"author":[{"embeddable":true,"href":"https:\/\/agrarias.ufpr.br\/pgapv\/wp-json\/wp\/v2\/users\/3"}],"replies":[{"embeddable":true,"href":"https:\/\/agrarias.ufpr.br\/pgapv\/wp-json\/wp\/v2\/comments?post=315"}],"version-history":[{"count":8,"href":"https:\/\/agrarias.ufpr.br\/pgapv\/wp-json\/wp\/v2\/pages\/315\/revisions"}],"predecessor-version":[{"id":7670,"href":"https:\/\/agrarias.ufpr.br\/pgapv\/wp-json\/wp\/v2\/pages\/315\/revisions\/7670"}],"wp:attachment":[{"href":"https:\/\/agrarias.ufpr.br\/pgapv\/wp-json\/wp\/v2\/media?parent=315"}],"curies":[{"name":"wp","href":"https:\/\/api.w.org\/{rel}","templated":true}]}}