{"id":300,"date":"2018-07-04T13:00:17","date_gmt":"2018-07-04T13:00:17","guid":{"rendered":"https:\/\/agrarias.ufpr.br\/pgapv\/?page_id=300"},"modified":"2026-02-04T12:55:57","modified_gmt":"2026-02-04T12:55:57","slug":"apv-7034-sistemas-integrados-na-producao-agropecuaria","status":"publish","type":"page","link":"https:\/\/agrarias.ufpr.br\/pgapv\/apv-7034-sistemas-integrados-na-producao-agropecuaria\/","title":{"rendered":"AGRO 7034 \u2013 Sistemas Integrados na Produ\u00e7\u00e3o Agropecu\u00e1ria"},"content":{"rendered":"\n<p class=\"Normal_Web_ tm7\"><strong><span class=\"tm8\">N\u00edvel<\/span><\/strong><\/p>\n\n\n\n<p class=\"Normal_Web_ tm7\"><span class=\"tm10\">Mestrado\/Doutorado<\/span><\/p>\n\n\n\n<p class=\"Normal_Web_ tm7\"><strong><span class=\"Forte\">Natureza<\/span><\/strong><\/p>\n\n\n\n<p class=\"Normal_Web_ tm7\"><span class=\"tm10\">Semestral<\/span><\/p>\n\n\n\n<p class=\"Normal_Web_ tm7\"><strong><span class=\"tm8\">Cr\u00e9ditos <\/span><\/strong><\/p>\n\n\n\n<p class=\"Normal_Web_ tm7\"><span class=\"tm10\">04<\/span><\/p>\n\n\n\n<p class=\"Normal_Web_ tm7\"><strong><span class=\"Forte\">Carga hor\u00e1ria<\/span><\/strong><\/p>\n\n\n\n<p class=\"Normal_Web_ tm7\"><span class=\"tm10\">60 horas<\/span><\/p>\n\n\n\n<p class=\"Normal_Web_ tm7\"><strong><span class=\"Forte\">Ementa<\/span><\/strong><\/p>\n\n\n\n<p>Hist\u00f3rico e fundamentos dos sistemas integrados de produ\u00e7\u00e3o agropecu\u00e1ria (SIPA); Sustentabilidade ambiental e econ\u00f4mica do SIPA. Fundamentos da ciclagem de nutrientes em sistemas integrados. Estacionalidade da produ\u00e7\u00e3o forrageira e o desempenho da pecu\u00e1ria. Planejamento forrageiro estrat\u00e9gico para a produ\u00e7\u00e3o de carne e leite com base em pastagens em SIPA. Aspectos biol\u00f3gicos e econ\u00f4micos para escolha das diferentes combina\u00e7\u00f5es agr\u00edcolas e pecu\u00e1rias nos sistemas integrados. Um enfoque multidisciplinar e sist\u00eamico ser\u00e1 priorizado. Tal enfoque visa esclarecer e ilustrar o potencial de aplica\u00e7\u00e3o de sistemas integrados para incrementar a resili\u00eancia ambiental e econ\u00f4mica, al\u00e9m de prover servi\u00e7os ecossist\u00eamicos, e contribuir para a adapta\u00e7\u00e3o e mitiga\u00e7\u00e3o das mudan\u00e7as clim\u00e1ticas.<\/p>\n\n\n\n<p class=\"Normal_Web_ tm7\"><strong><span class=\"Forte\">Semestre<\/span><\/strong><\/p>\n\n\n\n<p class=\"Normal_Web_ tm7\"><span class=\"tm10\">1\u00ba<\/span><\/p>\n\n\n\n<p class=\"Normal_Web_ tm7\"><strong><span class=\"tm8\">Dia\/Hor\u00e1rio<\/span><\/strong><\/p>\n\n\n\n<p class=\"Normal_Web_ tm7\"><span class=\"tm13\">Quinta-feira (08:00 \u2013 12:00 horas)<\/span><\/p>\n\n\n\n<p class=\"Normal_Web_ tm7\"><strong><span class=\"Forte\">Docente<\/span><\/strong><\/p>\n\n\n\n<p><a href=\"https:\/\/agrarias.ufpr.br\/pgapv\/leandro-bittencourt-de-oliveira\/\">Leandro Bittencourt de Oliveira&nbsp;<\/a><\/p>\n\n\n\n<p><a href=\"https:\/\/agrarias.ufpr.br\/pgapv\/paulo-cesar-de-faccio-carvalho\/\">Paulo Cezar de Faccio Carvalho<\/a><\/p>\n\n\n\n<p class=\"Normal_Web_ tm14\"><strong><span class=\"tm9\">Bibliografia Recomendada<\/span><\/strong><\/p>\n\n\n\n<p>ABRANTES, Karen Keli Barbosa et al. Modeling the individual height and volume of two integrated crop-livestock-forest systems of Eucalyptus spp. in the Brazilian Savannah.&nbsp;Acta Scientiarum. Agronomy, v. 41, 2019.&nbsp;http:\/\/dx.doi.org\/10.4025\/actasciagron.v41i1.42626<\/p>\n\n\n\n<p>BOSI, Cristiam; PEZZOPANE, Jose Ricardo M.; SENTELHAS, Paulo Cesar. Silvopastoral system with Eucalyptus as a strategy for mitigating the effects of climate change on Brazilian pasturelands.&nbsp;Anais da Academia Brasileira de Ci\u00eancias, v. 92, 2020.&nbsp;&nbsp;http:\/\/dx.doi.org\/10.1590\/0001-3765202020180425<\/p>\n\n\n\n<p>CARVALHO,&nbsp;Paulo C\u00e9sar De Faccio;&nbsp;Barro, Raquel Santiago; Barth Neto, Armindo; Nunes, Pedro Arthur De Albuquerque;&nbsp;Moraes, Anibal De;&nbsp;Anghinoni, Ibanor; Bredemeier, Christian; Bayer, Cim\u00e9lio; Martins, Amanda Posselt;&nbsp;Kunrath, Taise Robinson;&nbsp;Santos, Davi Teixeira Dos; Carmona, Felipe De Campos; Barros, Thiago; Souza Filho, William De; Almeida, Gleice Menezes De; Caetano, Luis Augusto Martins; Cecagno, Diego; Arnuti, Fernando; Denardin, Luiz Gustavo De Oliveira; Bonetti, Jo\u00e3o De Andrade; Toni, Cezar Augusto Gama De; Borin, Jos\u00e9 Bernardo Moraes. Integrating the pastoral component in agricultural systems. REVISTA BRASILEIRA DE ZOOTECNIA-BRAZILIAN JOURNAL OF ANIMAL SCIENCE.&nbsp;, v.47, p.1\/e20170001 &#8211; 12,&nbsp;2018<\/p>\n\n\n\n<p>DOUGLAS, Grant et al. Soil carbon stocks under grazed pasture and pasture-tree systems.&nbsp;Science of The Total Environment, v. 715, p. 136910, 2020.&nbsp;https:\/\/doi.org\/10.1016\/j.scitotenv.2020.136910<\/p>\n\n\n\n<p>FERREIRA, Mayra Daniela et al. Physical\u2013mechanical properties of wood from a eucalyptus clone planted in an integrated crop-livestock-forest system.&nbsp;International Wood Products Journal, v. 11, n. 1, p. 12-19, 2020.&nbsp;https:\/\/doi.org\/10.5902\/19805098338<\/p>\n\n\n\n<p>KUNRATH, Taise Robinson&nbsp;; Nunes, Pedro Arthur De Albuquerque ; De Souza Filho, William ; Cadenazzi, M\u00f3nica ;&nbsp;Bremm, Carolina&nbsp;; Martins, Amanda Posselt ;&nbsp;Carvalho, Paulo C\u00e9sar De Faccio&nbsp;. Sward height determines pasture production and animal performance in a long-term soybean-beef cattle integrated system. AGRICULTURAL SYSTEMS, v. 177, p. 102716, 2020.<\/p>\n\n\n\n<p>LEMAIRE, Gilles ; De Faccio Carvalho, P.C. ; Kronberg, S. ; Recous, S.&nbsp; Agroecosystem Diversity: reconciling contemporary agriculture and environmental quality. 1. ed. Oxford: Academic Press &#8211; Elsevier, 2019<\/p>\n\n\n\n<p>MARTINS, Amanda Posselt ; Denardin, L. G. O. ; Tiecher, Tales ; Borin, J. B. M. ; Schaidhauer, W. S. ;&nbsp;Anghinoni, Ibanor&nbsp;;&nbsp;Carvalho, P. C. F.&nbsp;. Nine-year impact of grazing management on soil acidity and aluminum speciation and fractionation in a long-term no-till integrated crop-livestock system in the subtropics. GEODERMA, v. 359, p. 113986, 2020.<\/p>\n\n\n\n<p>ROESE, Alexandre Dinnys; Vidal, Gloria Soriano; Zeviani, Walmes Marques;&nbsp;De Moraes, Anibal; May De Mio, Louise Larissa<br>Agricultural diversification reduces the survival period of Sclerotinia sclerotiorum sclerotia. European Journal of Plant Pathology.&nbsp;, v.1, p.1 &#8211; 10, 2017.<\/p>\n\n\n\n<p>SHUSTER M. Z.; Gastal, F; NOISY, D.; CHARRIER, X.;&nbsp;Moraes, Anibal de; MEDIENE, S.; BARBI, C. M, Weed regulation by crop and grassland competition: critical biomass level and persistence. European Journal of Agronomy. V.113, p.1-10, 2020<\/p>\n\n\n\n<p>Sartor, L.R., Sandini, I.E., Adami, P.F. Novakowiski, J. H. Ruthes, B. E. S.&nbsp; Corn Yield and Grain Nutritional Status in a Crop-Livestock System with Winter\/Summer Nitrogen Levels.&nbsp;<em>Int. J. Plant Prod.<\/em>&nbsp;12,&nbsp;309\u2013314 (2018).&nbsp;https:\/\/doi.org\/10.1007\/s42106-018-0028-9<\/p>\n\n\n\n<p>Sarto, M.V.M.; Borges, L.B.W.; Sarto, J. R. W.; Pires, C. A. B.; Rice, C. W.; Rosalem, C. A.. Soil microbial community and activity in a tropical integrated crop-livestock system. Applied Soil Ecology 145 (2020). https:\/\/&nbsp;doi.org\/10.1016\/j.apsoil.2019.08.012<\/p>\n","protected":false},"excerpt":{"rendered":"<p>N\u00edvel Mestrado\/Doutorado Natureza Semestral Cr\u00e9ditos 04 Carga hor\u00e1ria 60 horas Ementa Hist\u00f3rico e fundamentos dos sistemas integrados de produ\u00e7\u00e3o agropecu\u00e1ria (SIPA); Sustentabilidade ambiental e econ\u00f4mica do SIPA. Fundamentos da ciclagem de nutrientes em sistemas integrados. Estacionalidade da produ\u00e7\u00e3o forrageira e o desempenho da pecu\u00e1ria. Planejamento forrageiro estrat\u00e9gico para a produ\u00e7\u00e3o de carne e leite com [&hellip;]<\/p>\n","protected":false},"author":3,"featured_media":0,"parent":0,"menu_order":0,"comment_status":"closed","ping_status":"closed","template":"","meta":{"footnotes":""},"class_list":["post-300","page","type-page","status-publish","hentry"],"_links":{"self":[{"href":"https:\/\/agrarias.ufpr.br\/pgapv\/wp-json\/wp\/v2\/pages\/300","targetHints":{"allow":["GET"]}}],"collection":[{"href":"https:\/\/agrarias.ufpr.br\/pgapv\/wp-json\/wp\/v2\/pages"}],"about":[{"href":"https:\/\/agrarias.ufpr.br\/pgapv\/wp-json\/wp\/v2\/types\/page"}],"author":[{"embeddable":true,"href":"https:\/\/agrarias.ufpr.br\/pgapv\/wp-json\/wp\/v2\/users\/3"}],"replies":[{"embeddable":true,"href":"https:\/\/agrarias.ufpr.br\/pgapv\/wp-json\/wp\/v2\/comments?post=300"}],"version-history":[{"count":8,"href":"https:\/\/agrarias.ufpr.br\/pgapv\/wp-json\/wp\/v2\/pages\/300\/revisions"}],"predecessor-version":[{"id":7681,"href":"https:\/\/agrarias.ufpr.br\/pgapv\/wp-json\/wp\/v2\/pages\/300\/revisions\/7681"}],"wp:attachment":[{"href":"https:\/\/agrarias.ufpr.br\/pgapv\/wp-json\/wp\/v2\/media?parent=300"}],"curies":[{"name":"wp","href":"https:\/\/api.w.org\/{rel}","templated":true}]}}