{"id":294,"date":"2018-07-04T12:56:02","date_gmt":"2018-07-04T12:56:02","guid":{"rendered":"https:\/\/agrarias.ufpr.br\/pgapv\/?page_id=294"},"modified":"2025-04-24T13:37:42","modified_gmt":"2025-04-24T13:37:42","slug":"agro-7031-reguladores-vegetais-e-bioestimulantes-aplicacoes-fitotecnicas","status":"publish","type":"page","link":"https:\/\/agrarias.ufpr.br\/pgapv\/agro-7031-reguladores-vegetais-e-bioestimulantes-aplicacoes-fitotecnicas\/","title":{"rendered":"AGRO 7031 \u2013 Reguladores Vegetais e Bioestimulantes: Aplica\u00e7\u00f5es Fitot\u00e9cnicas"},"content":{"rendered":"\n<p><strong><b>N\u00edvel<\/b><\/strong><\/p>\n\n\n\n<p>Mestrado\/Doutorado<\/p>\n\n\n\n<p><strong><b>Natureza<\/b><\/strong><\/p>\n\n\n\n<p>Semanal <\/p>\n\n\n\n<p><strong><b>Cr\u00e9ditos <\/b><\/strong><\/p>\n\n\n\n<p>04<\/p>\n\n\n\n<p><strong><b>Carga hor\u00e1ria<\/b><\/strong><\/p>\n\n\n\n<p>60 horas&nbsp;<\/p>\n\n\n\n<p><strong><b>Ementa<\/b><\/strong><\/p>\n\n\n\n<p>Conceitua\u00e7\u00e3o e classifica\u00e7\u00e3o de horm\u00f4nios vegetais e fitoreguladores; Bioss\u00edntese e metabolismo dos horm\u00f4nios vegetais; Transporte de horm\u00f4nios no corpo do vegetal; Mecanismo de a\u00e7\u00e3o de horm\u00f4nios em plantas; Efeitos fisiol\u00f3gicos dos horm\u00f4nios vegetais; M\u00e9todos de quantifica\u00e7\u00e3o de horm\u00f4nios vegetais end\u00f3genos. Aplica\u00e7\u00e3o de horm\u00f4nios vegetais em plantas cultivadas. Conceitua\u00e7\u00e3o e classifica\u00e7\u00e3o de bioestimulantes; Aplica\u00e7\u00e3o e efeito dos bioestimulantes em plantas cultivadas.\u00a0<\/p>\n\n\n\n<p><strong><b>Semestre<\/b><\/strong><\/p>\n\n\n\n<p>2\u00ba semestre de anos pares<\/p>\n\n\n\n<p><strong><b>Dia\/Hor\u00e1rio<\/b><\/strong><\/p>\n\n\n\n<p>A definir<\/p>\n\n\n\n<p><strong><b>Docente<\/b><\/strong><\/p>\n\n\n\n<p><a href=\"https:\/\/agrarias.ufpr.br\/pgapv\/daniel-fernandes-da-silva\/\" data-type=\"page\" data-id=\"6743\">Daniel Fernandes da Silva <\/a><\/p>\n\n\n\n<p><strong><b>Bibliografia Recomendada<\/b><\/strong><\/p>\n\n\n\n<p>EVERT, R. F.; EICHHORN, S. E. <strong>Biologia vegetal<\/strong>. 8ed. Rio de Janeiro: Guanabara Koogan , 2014. 876p.&nbsp;<\/p>\n\n\n\n<p>FAGAN, E. B.; ONO, E. O.; RODRIGUES, J. D.; CHALFUN J\u00daNIOR, A.; DOURADO NETO, D. <strong>Fisiologia vegetal: Reguladores vegetais<\/strong>. S\u00e3o Paulo: Editora Andrei, 2015. 300p.&nbsp;<\/p>\n\n\n\n<p>FLOSS, E. F. <strong>Fisiologia das Plantas Cultivadas: <\/strong>O estudo do que est\u00e1 por tr\u00e1s do que se v\u00ea. 5ed. Passo Fundo: UPF. 2011. 733p.&nbsp;<\/p>\n\n\n\n<p>HUZEN, A. IDBAL, M. <strong>Biostimulants in plant protection and performace: <\/strong>Plant Biology, sustainability and climate change. Amsterdam: Elsevier, 2024. 422p.<strong>&nbsp;<\/strong>&nbsp;<\/p>\n\n\n\n<p>KERBAUY, G. B. Fisiologia vegetal. 3ed. Rio de Janeiro: Guanabara Koogan, 2019. 420p.&nbsp;<\/p>\n\n\n\n<p>LI, JIAYANG; LI, CHUANYOU; SMITH, S. M. <strong>Hormone metabolism and signaling in plants<\/strong>. Cambridge: Academic Press, 2017. 597p.&nbsp;<\/p>\n\n\n\n<p>LOPES, N. F.; LIMA, M. G. S. <strong>Fisiologia da produ\u00e7\u00e3o<\/strong>. Vi\u00e7osa: Editora UFV. 2015. 492p.&nbsp;<\/p>\n\n\n\n<p>SENA, J. O. A.; CASTRO, P. R. C.; KLUGE, R. A. <strong>Introdu\u00e7\u00e3o \u00e0 fisiologia do desenvolvimento vegetal<\/strong>, 2ed. Maring\u00e1: EDUEM, 2019. 396p.&nbsp;<\/p>\n\n\n\n<p>RIGOBELO, E. C. <strong>Microbiological services for cereal crops<\/strong> \u2013 Reducing costs and environmental impact. Gewebestrasse: Springer, 2024. 194p.&nbsp;<\/p>\n\n\n\n<p>TAIZ, L.; ZEIGER, E.; Moller, I. M; Murphy, A. <strong>Fisiologia e desenvolvimento Vegetal. <\/strong>6ed. Porto Alegre: Artmed , 2017. 858 p.&nbsp;<\/p>\n","protected":false},"excerpt":{"rendered":"<p>N\u00edvel Mestrado\/Doutorado Natureza Semanal Cr\u00e9ditos 04 Carga hor\u00e1ria 60 horas&nbsp; Ementa Conceitua\u00e7\u00e3o e classifica\u00e7\u00e3o de horm\u00f4nios vegetais e fitoreguladores; Bioss\u00edntese e metabolismo dos horm\u00f4nios vegetais; Transporte de horm\u00f4nios no corpo do vegetal; Mecanismo de a\u00e7\u00e3o de horm\u00f4nios em plantas; Efeitos fisiol\u00f3gicos dos horm\u00f4nios vegetais; M\u00e9todos de quantifica\u00e7\u00e3o de horm\u00f4nios vegetais end\u00f3genos. Aplica\u00e7\u00e3o de horm\u00f4nios vegetais [&hellip;]<\/p>\n","protected":false},"author":3,"featured_media":0,"parent":0,"menu_order":0,"comment_status":"closed","ping_status":"closed","template":"","meta":{"footnotes":""},"class_list":["post-294","page","type-page","status-publish","hentry"],"_links":{"self":[{"href":"https:\/\/agrarias.ufpr.br\/pgapv\/wp-json\/wp\/v2\/pages\/294","targetHints":{"allow":["GET"]}}],"collection":[{"href":"https:\/\/agrarias.ufpr.br\/pgapv\/wp-json\/wp\/v2\/pages"}],"about":[{"href":"https:\/\/agrarias.ufpr.br\/pgapv\/wp-json\/wp\/v2\/types\/page"}],"author":[{"embeddable":true,"href":"https:\/\/agrarias.ufpr.br\/pgapv\/wp-json\/wp\/v2\/users\/3"}],"replies":[{"embeddable":true,"href":"https:\/\/agrarias.ufpr.br\/pgapv\/wp-json\/wp\/v2\/comments?post=294"}],"version-history":[{"count":13,"href":"https:\/\/agrarias.ufpr.br\/pgapv\/wp-json\/wp\/v2\/pages\/294\/revisions"}],"predecessor-version":[{"id":6856,"href":"https:\/\/agrarias.ufpr.br\/pgapv\/wp-json\/wp\/v2\/pages\/294\/revisions\/6856"}],"wp:attachment":[{"href":"https:\/\/agrarias.ufpr.br\/pgapv\/wp-json\/wp\/v2\/media?parent=294"}],"curies":[{"name":"wp","href":"https:\/\/api.w.org\/{rel}","templated":true}]}}