{"id":2893,"date":"2019-12-20T14:04:12","date_gmt":"2019-12-20T14:04:12","guid":{"rendered":"https:\/\/agrarias.ufpr.br\/pgapv\/?page_id=2893"},"modified":"2019-12-20T16:45:39","modified_gmt":"2019-12-20T16:45:39","slug":"agro-7035-topicos-especiais-i-solar-energy-and-water-in-agricultural-systems","status":"publish","type":"page","link":"https:\/\/agrarias.ufpr.br\/pgapv\/agro-7035-topicos-especiais-i-solar-energy-and-water-in-agricultural-systems\/","title":{"rendered":"AGRO 7035 &#8211; T\u00f3picos Especiais I &#8211; Solar Energy and Water in Agricultural Systems"},"content":{"rendered":"<p><strong><b>N\u00edvel<\/b><\/strong><\/p>\n<p>Mestrado\/Doutorado<\/p>\n<p><strong><b>Natureza<\/b><\/strong><\/p>\n<p>Concentrada<\/p>\n<p><strong><b>Cr\u00e9ditos <\/b><\/strong><\/p>\n<p>01<\/p>\n<p><strong><b>Carga hor\u00e1ria<\/b><\/strong><\/p>\n<p>15 horas (15 te\u00f3ricas)<\/p>\n<p><strong><b>Ementa<\/b><\/strong><\/p>\n<p>Chapter 1 : Solar Radiation<\/p>\n<p>Basic conceptions and definitions. Laws of radiation. Distribution of solar energy on terrestrial surface. Photoperiod and agronomic importance. Potential of solar radiation available to the surface. Measurements of solar and terrestrial radiation. Photosynthetic efficiency. Net radiation and energy balance.<\/p>\n<p>Chapter 2: Water in Agricultural Systems<\/p>\n<p>Importance of water to plants. Water relations and economy. Evapotranspiration and crop production. Measurement of evaporation and evapotranspiration. Lysimetry.Estimation approaches of potential evapotranspiration. Energy balance and evapotranspiration. Irrigation planning and scheduling. Project of irrigation frequency. Physiological parameters employed as an irrigation guiding tool.<\/p>\n<p>Chapter 3 : Crop-Weather Modelling<\/p>\n<p>Types of crop productivity. Potential Productivity \u2014 FAO Model.Attainable productivity \u2014 FAO Model. Yield Gap of agricultural crops and agricultural recommendations.<\/p>\n<p><strong><b>Semestre<\/b><\/strong><\/p>\n<p>A definir<\/p>\n<p><strong><b>Dia\/Hor\u00e1rio<\/b><\/strong><\/p>\n<p><strong><b>&nbsp;A definir<\/b><\/strong><\/p>\n<p><strong><b>Docentes<\/b><\/strong><\/p>\n<p>Katia Christina Zuffellato Ribas<\/p>\n<p>Andr\u00e9 Belmont Pereira (UEPG)<\/p>\n<p><strong><b>Bibliografia Recomendada<\/b><\/strong><\/p>\n<p>Books:<\/p>\n<p>ARYA, S.P. Introduction to micrometeorology. London: Academic Press, 2001. 2<sup>nd <\/sup>edition. 420p.<\/p>\n<p>BURMAN, R &#8216;, POCHOP, L.O. Evaporation, evapotranspira\u00edion and climatic data. Development in Atmospheric Science, n<sup>o <\/sup>22, Amsterdam, 1994. 278p.<\/p>\n<p>DOORENBOS, Jr, PRUITT, W.O. crop water requirements. Boletim n<sup>O <\/sup>24. Rome, FAO, 1975. 179p.<\/p>\n<p>KLAUS, R. A \u00e1gua em sistemas agr\u00edcolas. S\u00e3o Paulo: Ed. Manole Ltda, 1987. 188p.<\/p>\n<p>GEROSA, G A. Evapofranspiration from measurements to agricultural and environmental applications. Croatia: Intech Open Access Publisher, 2011. 41 Op.<\/p>\n<p>JENSEN, ME.; BURMAN, R.D.; ALLEN, R.G. Evapotranspiration and irrigation water requirements. ASCE Manuals and Reports on Engineering Practice, n<sup>o <\/sup>70, New Yorlq 1990. 332p.<\/p>\n<p>MAVI, H.S.; TUPPER G.J. Agrometeoroloo: principies and applications of climate stud\u017des in agriculture. Binghamton: The Haworth Press, 2004. 364p.<\/p>\n<p>MONTEITH, J.L.; UNSWORTH, M.H. Principies of environmental physics. London: Edward Arnold, 1990. 291p.<\/p>\n<p>MURTHY, V.R.K. Basic principies ofagricultural meteoroloo. Hyderabad: BSP BS Publications, 2002. 261p.<\/p>\n<p>PALZ, W. Energia solar e fontes alternativas. S\u00e3o Paulo: Ed. Hemus, 1981. 358p. ilust.<\/p>\n<p>PEREIRA, A.R.; VILLA NOVA, N.A.\u2022, SEDIYAMA, G.C. Evapotranspira\u00e7\u00e3o.<\/p>\n<p>Piracicaba: FEALQ, 1997. 183p. ilust-<\/p>\n<p>PEREIRA, A.R.; ANGELOCCI, L.R.; SENTELHAS, P C. Agrometeorologia: Fundamentos e aplica\u00e7\u00f5es pr\u00e1ticas. Gua\u00edra: Ed Agropecu\u00e1ria, 2002 4781).<\/p>\n<p>TAYLOR, F. W. Elementary climate physics. New York: Oxford University Press Inc., 2005. 212p.<\/p>\n<p>WOLF, J; KEULEN van H. Modelling of agricultural production: weather, soils and crops. Simulation monograph, Centre for Agricultural Publishing and Documentation. Wageningen, 1986. 513p.<\/p>\n<p>Dissertations and Thesis:<\/p>\n<p>GALVANI, E. Avalia\u00e7\u00e3o agrometeorol\u00f3gica do cultivo de pepino (Cucumbis sativus L.) em ambientes protegido e a campo, em ciclos de outono-inverno e primaveraver\u00e3o. Botucatu, 2001 124p. Tese (Doutorado em Agronomia\u00c6nergia na Agricultura) Faculdade de Ci\u00eancias Agron\u00f4micas, Universidade Estadual Paulista.<\/p>\n<p>PEREIRA, A.B. Demanda clim\u00e1tica ideal de \u00e1gua e produtividade da cultura da batata. Botucatu, 1991. 155p\u201e Disserta\u00e7\u00e3o (Mestrado em Agronomia\/Agricultura) Faculdade de Ci\u00eancias Agron\u00f4micas, Universidade Estadual Paulista.<\/p>\n<p>PEREIRA, A.B. Modelo de estimativa do potencial de energia solar \u00e0 superf\u00edcie. Botucatu, 1997. 92p. Tese (Doutorado em Agronomia\/Energia na Agricultura). Faculdade de Ci\u00eancias Agron\u00f4micas, Universidade Estadual Paulista.<\/p>\n<p>VLLA NOVA, N. A. Estudo sobre o balan\u00e7o de energia em cultura de arroz. Piracicaba, 1973. 85p. Tese (Livre-doc\u00eancia em Agronomia\/Agrometeorologia) Escola Superior de Agricultura &#8220;Luiz de Queiroz&#8221;, Universidade de S\u00e3o Paulo.<\/p>\n<p>Journals.<\/p>\n<p>Agricultural and Forest Meteorology<\/p>\n<p>Agronomy Journal<\/p>\n<p>Biosystems Engineering<\/p>\n<p>HortScience<\/p>\n<p>Agricultural Water Management<\/p>\n<p>Potato Research<\/p>\n<p>American Journal ofPotato Research<\/p>\n<p>Solar Energy<\/p>\n<p>Horticultural Science and Biotechnology<\/p>\n<p>Scientia Agricola<\/p>\n<p>Bragantia<\/p>\n<p>Pesquisa Agropecu\u00e1ria Brasileira<\/p>\n<p>Energia na Agricultura<\/p>\n<p>Engenharia Agr\u00edcola<\/p>\n<p>Revista Brasileira de Agrometeorologia<\/p>\n<p>Revista Brasileira de Fruticultura<\/p>\n<p>Revista Brasileira de Meteorologia<\/p>\n<p>Irriga<\/p>\n<p>Acta Scientiarum<\/p>\n<p>Revista Brasileira de Engenharia Agr\u00edcola e Ambiental<\/p>\n<p>Meteorological Applications Revista Ci\u00eancia Agron\u00f4mica<\/p>\n<p>Ci\u00eancia Rural Food Security<\/p>\n<p>Sugar Tech<\/p>\n<p>Agricultural Sciences<\/p>\n<p>Journal of Agricultural Science<\/p>\n<p>Agricultural Engineering International: CIGR Journal<\/p>\n<p>International Journal of Advanced Engineering Research and Science<\/p>\n<p><u>Goals<\/u>:<\/p>\n<p>&nbsp;Pointing out the basic knowledges and applications of solar energy to agriculture, once solar radiation comes to being the driving force of all atmospheric phenomena plus physical, chemical and biological processes observed in agricultural systems; &nbsp;Demonstrating that scrutiny on availability of solar energy potential along with global solar radiation flux density is of a great deal for estimation of evaporation maximum demand, water consumption of cultivated plants, as well as for dimensioning of solar engineering artifices;<\/p>\n<p>&nbsp;Evidencing and discussing relationships between natural resources, such as solar radiation and water supply in conjunction with crop growth and development, aiming at maximization of yield and improvements of grade with less inputs at a given site;<\/p>\n<p>&nbsp;Directing young scientists to dive into research field within the context of Operational Agrometeorology in the light of transference of knowledges that might be applied to advanced scientific studies.<\/p>\n<p>&nbsp;<\/p>\n","protected":false},"excerpt":{"rendered":"<p>N\u00edvel Mestrado\/Doutorado Natureza Concentrada Cr\u00e9ditos 01 Carga hor\u00e1ria 15 horas (15 te\u00f3ricas) Ementa Chapter 1 : Solar Radiation Basic conceptions and definitions. Laws of radiation. Distribution of solar energy on terrestrial surface. Photoperiod and agronomic importance. Potential of solar radiation available to the surface. Measurements of solar and terrestrial radiation. Photosynthetic efficiency. Net radiation and [&hellip;]<\/p>\n","protected":false},"author":10269,"featured_media":0,"parent":0,"menu_order":0,"comment_status":"closed","ping_status":"closed","template":"","meta":{"footnotes":""},"class_list":["post-2893","page","type-page","status-publish","hentry"],"_links":{"self":[{"href":"https:\/\/agrarias.ufpr.br\/pgapv\/wp-json\/wp\/v2\/pages\/2893","targetHints":{"allow":["GET"]}}],"collection":[{"href":"https:\/\/agrarias.ufpr.br\/pgapv\/wp-json\/wp\/v2\/pages"}],"about":[{"href":"https:\/\/agrarias.ufpr.br\/pgapv\/wp-json\/wp\/v2\/types\/page"}],"author":[{"embeddable":true,"href":"https:\/\/agrarias.ufpr.br\/pgapv\/wp-json\/wp\/v2\/users\/10269"}],"replies":[{"embeddable":true,"href":"https:\/\/agrarias.ufpr.br\/pgapv\/wp-json\/wp\/v2\/comments?post=2893"}],"version-history":[{"count":2,"href":"https:\/\/agrarias.ufpr.br\/pgapv\/wp-json\/wp\/v2\/pages\/2893\/revisions"}],"predecessor-version":[{"id":2903,"href":"https:\/\/agrarias.ufpr.br\/pgapv\/wp-json\/wp\/v2\/pages\/2893\/revisions\/2903"}],"wp:attachment":[{"href":"https:\/\/agrarias.ufpr.br\/pgapv\/wp-json\/wp\/v2\/media?parent=2893"}],"curies":[{"name":"wp","href":"https:\/\/api.w.org\/{rel}","templated":true}]}}