{"id":285,"date":"2018-07-04T12:47:08","date_gmt":"2018-07-04T12:47:08","guid":{"rendered":"https:\/\/agrarias.ufpr.br\/pgapv\/?page_id=285"},"modified":"2026-02-04T12:56:05","modified_gmt":"2026-02-04T12:56:05","slug":"agro-7026-pos-colheita-de-produtos-horticolas-ii","status":"publish","type":"page","link":"https:\/\/agrarias.ufpr.br\/pgapv\/agro-7026-pos-colheita-de-produtos-horticolas-ii\/","title":{"rendered":"AGRO 7026 \u2013 P\u00f3s-Colheita de Produtos Hort\u00edcolas II"},"content":{"rendered":"\n<p class=\"Normal_Web_ tm10\"><strong><span class=\"tm11\">N\u00edvel<\/span><\/strong><\/p>\n\n\n\n<p class=\"Normal_Web_ tm10\"><span class=\"tm12\">Mestrado\/Doutorado<\/span><\/p>\n\n\n\n<p class=\"Normal_Web_ tm10\"><strong><span class=\"Forte\">Natureza<\/span><\/strong><\/p>\n\n\n\n<p class=\"Normal_Web_ tm10\"><span class=\"tm12\">Semestral<\/span><\/p>\n\n\n\n<p class=\"Normal_Web_ tm10\"><strong><span class=\"tm11\">Cr\u00e9ditos<\/span><\/strong><\/p>\n\n\n\n<p class=\"Normal_Web_ tm10\"><span class=\"tm12\">04<\/span><\/p>\n\n\n\n<p class=\"Normal_Web_ tm10\"><strong><span class=\"Forte\">Carga hor\u00e1ria<\/span><\/strong><\/p>\n\n\n\n<p class=\"Normal_Web_ tm10\"><span class=\"tm12\">60 horas&nbsp;<\/span><\/p>\n\n\n\n<p class=\"Normal_Web_ tm10\"><strong><span class=\"tm11\">Ementa<\/span><\/strong><\/p>\n\n\n\n<p>A tem\u00e1tica a ser desenvolvida envolver\u00e1 as etapas de desenvolvimento de uma pesquisa em p\u00f3s-colheita: conceitua\u00e7\u00e3o te\u00f3rica sobre o assunto, planejamento experimental, implanta\u00e7\u00e3o do projeto, quantifica\u00e7\u00e3o das vari\u00e1veis, interpreta\u00e7\u00e3o e an\u00e1lise dos resultados, discuss\u00e3o dos resultados, elabora\u00e7\u00e3o das conclus\u00f5es e reda\u00e7\u00e3o de um artigo cient\u00edfico.<\/p>\n\n\n\n<p class=\"Normal_Web_ tm10\"><strong><span class=\"Forte\">Semestre<\/span><\/strong><\/p>\n\n\n\n<p class=\"Normal_Web_ tm10\"><span class=\"tm12\">1\u00ba semestre de anos pares<\/span><\/p>\n\n\n\n<p><strong>Dia\/Hor\u00e1rio<\/strong><\/p>\n\n\n\n<p>A definir<\/p>\n\n\n\n<p class=\"Normal_Web_ tm10\"><strong><span class=\"Forte\">Docente<\/span><\/strong><\/p>\n\n\n\n<p class=\"Normal_Web_ tm10\"><a href=\"https:\/\/agrarias.ufpr.br\/pgapv\/francine-lorena-cuquel\/\"><span class=\"tm12\">Francine Lorena Cuquel<\/span><\/a><\/p>\n\n\n\n<p class=\"Normal_Web_ tm10\"><strong><span class=\"tm17\">Bibliografia Recomendada<\/span><\/strong><\/p>\n\n\n\n<p>ANESE,&nbsp; R. de O. et al. (2020) Growth regulators on quality traits and volatile organic compounds profile of \u2018Royal Gala\u2019 apple at harvest and after dynamic controlled atmosphere storage, Postharvest Biology and Technology, v. 164, Dispon\u00edvel em: http:\/\/www.sciencedirect.com\/science\/article\/pii\/S0925521419305952<\/p>\n\n\n\n<p>BOKHARY, S. U. F. et al. (2020) Pre-storage hot water treatment enhances chilling tolerance of zucchini (<em>Cucurbita pepo<\/em> L.) squash by regulating arginine metabolism, Postharvest Biology and Technology, v. 166, Dispon\u00edvel em: http:\/\/www.sciencedirect.com\/science\/article\/pii\/S0925521420301022)<\/p>\n\n\n\n<p>CHEN, S. et al. (2021) Adjustments of both phospholipids and sphingolipids contribute to cold tolerance in stony hard peach fruit by continuous ethylene, Postharvest Biology and Technology, v. 171, Dispon\u00edvel em: http:\/\/www.sciencedirect.com\/science\/article\/pii\/S0925521420309042<\/p>\n\n\n\n<p>CHEN, Y.&nbsp; et al. (2020) Salicylic acid treatment suppresses <em>Phomopsis longanae<\/em> Chi-induced disease development of postharvest longan fruit by modulating membrane lipid metabolism, Postharvest Biology and Technology, v. 164, Dispon\u00edvel em: http:\/\/www.sciencedirect.com\/science\/article\/pii\/S0925521419313857<\/p>\n\n\n\n<p>FALAG\u00c1N, N. et al. (2015) Comparative study on postharvest performance of nectarines grown under regulated deficit irrigation, Postharvest Biology and Technology, v. 110. Dispon\u00edvel em: http:\/\/www.sciencedirect.com\/science\/article\/pii\/S0925521415300594<\/p>\n\n\n\n<p>FARCUH, M. (2020) Texture diversity in melon (<em>Cucumis melo<\/em> L.): Sensory and physical assessments, Postharvest Biology and Technology, v. 159, Dispon\u00edvel em: http:\/\/www.sciencedirect.com\/science\/article\/pii\/S0925521419306325<\/p>\n\n\n\n<p>FASCIGLIONE, M.G. et al. (2020) Revaluation of waste from fishing industry through generation of chitosan coatings to improve quality and extend shelf-life of minimally processed lettuce, Postharvest Biology and Technology, v. 170, Dispon\u00edvel em: http:\/\/www.sciencedirect.com\/science\/article\/pii\/S0925521420308826<\/p>\n\n\n\n<p>HAN, A. et al. (2019) Sucrose treatment suppresses programmed cell death in broccoli florets by improving mitochondrial physiological properties, Postharvest Biology and Technology, v. 156, Dispon\u00edvel em: http:\/\/www.sciencedirect.com\/science\/article\/pii\/S0925521419301899<\/p>\n\n\n\n<p>HOU, L. et al. (2016) Radio frequency heating for postharvest control of pests in agricultural products: A review. Postharvest Biology and Technology, v. 13, Dispon\u00edvel em: http:\/\/www.sciencedirect.com\/science\/article\/pii\/S0925521415301721<\/p>\n\n\n\n<p>HUI, X. ET AL. (2020) Changes in the carotenoids profile of two yellow-fleshed kiwifruit cultivars during storage, Postharvest Biology and Technology, v. 164, Dispon\u00edvel em: http:\/\/www.sciencedirect.com\/science\/article\/pii\/S0925521419312980<\/p>\n\n\n\n<p>LI, Q.&nbsp; et al. (2020) Preharvest bagging and postharvest calcium treatment affects superficial scald incidence and calcium nutrition during storage of \u2018Chili\u2019 pear (Pyrus bretschneideri) fruit, Postharvest Biology and Technology, v. 163, Dispon\u00edvel em: http:\/\/www.sciencedirect.com\/science\/article\/pii\/S0925521419312335<\/p>\n\n\n\n<p>LOAYZA et al. (2020) Synergy between hot water treatment and high temperature ethylene treatment in promoting antioxidants in mature-green tomatoes, Postharvest Biology and Technology, v. 170, Dispon\u00edvel em: http:\/\/www.sciencedirect.com\/science\/article\/pii\/S0925521420308863<\/p>\n\n\n\n<p>REN, Y. (2020) Degradation of cell wall polysaccharides and change of related enzyme activities with fruit softening in Annona squamosa during storage, Postharvest Biology and Technology, v. 166, Dispon\u00edvel em: http:\/\/www.sciencedirect.com\/science\/article\/pii\/S0925521419312050<\/p>\n\n\n\n<p>TAHERI, A. et al. (2020) Shelf life extension of bell pepper by application of chitosan nanoparticles containing <em>Heracleum persicum<\/em> fruit essential oil, Postharvest Biology and Technology, v. 170, Dispon\u00edvel em: http:\/\/www.sciencedirect.com\/science\/article\/pii\/S0925521420308851<\/p>\n\n\n\n<p>VELDE, F. V. et al.&nbsp; (2020) Effect of enriched O2 and CO2 atmospheres on the overall quality and the bioactive potential of fresh blackberries, Postharvest Biology and Technology, v. 164, Dispon\u00edvel em: http:\/\/www.sciencedirect.com\/science\/article\/pii\/S0925521419310981<\/p>\n\n\n\n<p>WANG, D.; MA, Q.; LI, D.; LI, W.; LUO, Z. (2021) Moderation of respiratory cascades and energy metabolism of fresh-cut pear fruit in response to high CO2 controlled atmosphere, Postharvest Biology and Technology, v. 172, Dispon\u00edvel em: http:\/\/www.sciencedirect.com\/science\/article\/pii\/S0925521420309510<\/p>\n\n\n\n<p>WU, C. et al. (2021) Melatonin delays yellowing of broccoli during storage by regulating chlorophyll catabolism and maintaining chloroplast ultrastructure, Postharvest Biology and Technology, v. 172, Dispon\u00edvel em: http:\/\/www.sciencedirect.com\/science\/article\/pii\/S0925521420309509<\/p>\n\n\n\n<p>XU, &nbsp;&nbsp;&nbsp;&nbsp;&nbsp;&nbsp;&nbsp;&nbsp;&nbsp;&nbsp;&nbsp;&nbsp;&nbsp;&nbsp; Y. et al. (2020) Effects of 1\u00admethylcyclopropene treatment on quality and anthocyanin biosynthesis in plum (<em>Prunus salicina<\/em> cv. Taoxingli) fruit during storage at a non-chilling temperature, Postharvest Biology and Technology, v. 169. Dispon\u00edvel em: http:\/\/www.sciencedirect.com\/science\/article\/pii\/S0925521420308632<\/p>\n\n\n\n<p>YANG, C. et al. (2020) Effect of salicylic acid treatment on sensory quality, flavor-related chemicals and gene expression in peach fruit after cold storage, Postharvest Biology and Technology, v. 161, Dispon\u00edvel em: http:\/\/www.sciencedirect.com\/science\/article\/pii\/S0925521419308154<\/p>\n\n\n\n<p>ZUO, X. et al. (2021) High relative humidity (HRH) storage alleviates chilling injury of zucchini fruit by promoting the accumulation of proline and ABA, Postharvest Biology and Technology, v. 171, Dispon\u00edvel em: http:\/\/www.sciencedirect.com\/science\/article\/pii\/S0925521420309169<\/p>\n","protected":false},"excerpt":{"rendered":"<p>N\u00edvel Mestrado\/Doutorado Natureza Semestral Cr\u00e9ditos 04 Carga hor\u00e1ria 60 horas&nbsp; Ementa A tem\u00e1tica a ser desenvolvida envolver\u00e1 as etapas de desenvolvimento de uma pesquisa em p\u00f3s-colheita: conceitua\u00e7\u00e3o te\u00f3rica sobre o assunto, planejamento experimental, implanta\u00e7\u00e3o do projeto, quantifica\u00e7\u00e3o das vari\u00e1veis, interpreta\u00e7\u00e3o e an\u00e1lise dos resultados, discuss\u00e3o dos resultados, elabora\u00e7\u00e3o das conclus\u00f5es e reda\u00e7\u00e3o de um artigo [&hellip;]<\/p>\n","protected":false},"author":3,"featured_media":0,"parent":0,"menu_order":0,"comment_status":"closed","ping_status":"closed","template":"","meta":{"footnotes":""},"class_list":["post-285","page","type-page","status-publish","hentry"],"_links":{"self":[{"href":"https:\/\/agrarias.ufpr.br\/pgapv\/wp-json\/wp\/v2\/pages\/285","targetHints":{"allow":["GET"]}}],"collection":[{"href":"https:\/\/agrarias.ufpr.br\/pgapv\/wp-json\/wp\/v2\/pages"}],"about":[{"href":"https:\/\/agrarias.ufpr.br\/pgapv\/wp-json\/wp\/v2\/types\/page"}],"author":[{"embeddable":true,"href":"https:\/\/agrarias.ufpr.br\/pgapv\/wp-json\/wp\/v2\/users\/3"}],"replies":[{"embeddable":true,"href":"https:\/\/agrarias.ufpr.br\/pgapv\/wp-json\/wp\/v2\/comments?post=285"}],"version-history":[{"count":11,"href":"https:\/\/agrarias.ufpr.br\/pgapv\/wp-json\/wp\/v2\/pages\/285\/revisions"}],"predecessor-version":[{"id":7682,"href":"https:\/\/agrarias.ufpr.br\/pgapv\/wp-json\/wp\/v2\/pages\/285\/revisions\/7682"}],"wp:attachment":[{"href":"https:\/\/agrarias.ufpr.br\/pgapv\/wp-json\/wp\/v2\/media?parent=285"}],"curies":[{"name":"wp","href":"https:\/\/api.w.org\/{rel}","templated":true}]}}