{"id":277,"date":"2018-07-04T12:43:32","date_gmt":"2018-07-04T12:43:32","guid":{"rendered":"https:\/\/agrarias.ufpr.br\/pgapv\/?page_id=277"},"modified":"2026-04-07T23:56:26","modified_gmt":"2026-04-07T23:56:26","slug":"apv-7022-nutricao-de-ruminantes-em-pastagens","status":"publish","type":"page","link":"https:\/\/agrarias.ufpr.br\/pgapv\/apv-7022-nutricao-de-ruminantes-em-pastagens\/","title":{"rendered":"APV 7022 &#8211; NUTRI\u00c7\u00c3O DE RUMINANTES EM PASTAGENS"},"content":{"rendered":"\n<figure class=\"wp-block-image\"><img loading=\"lazy\" decoding=\"async\" width=\"300\" height=\"108\" src=\"https:\/\/agrarias.ufpr.br\/pgapv\/wp-content\/uploads\/sites\/39\/2018\/07\/foto-pos-gd-logo-maior-300x108.jpg\" alt=\"foto-pos-gd-logo-maior\" class=\"wp-image-196\" srcset=\"https:\/\/agrarias.ufpr.br\/pgapv\/wp-content\/uploads\/sites\/39\/2018\/07\/foto-pos-gd-logo-maior-300x108.jpg 300w, https:\/\/agrarias.ufpr.br\/pgapv\/wp-content\/uploads\/sites\/39\/2018\/07\/foto-pos-gd-logo-maior-768x277.jpg 768w, https:\/\/agrarias.ufpr.br\/pgapv\/wp-content\/uploads\/sites\/39\/2018\/07\/foto-pos-gd-logo-maior-1024x369.jpg 1024w, https:\/\/agrarias.ufpr.br\/pgapv\/wp-content\/uploads\/sites\/39\/2018\/07\/foto-pos-gd-logo-maior-250x90.jpg 250w, https:\/\/agrarias.ufpr.br\/pgapv\/wp-content\/uploads\/sites\/39\/2018\/07\/foto-pos-gd-logo-maior-160x58.jpg 160w, https:\/\/agrarias.ufpr.br\/pgapv\/wp-content\/uploads\/sites\/39\/2018\/07\/foto-pos-gd-logo-maior.jpg 1094w\" sizes=\"auto, (max-width: 300px) 100vw, 300px\" \/><\/figure>\n\n\n\n<p><\/p>\n\n\n\n<figure class=\"wp-block-table\"><table class=\"has-fixed-layout\"><tbody><tr><td>N\u00edvel: MESTRADO\/DOUTORADO<\/td><\/tr><tr><td>Natureza: SEMESTRAL<\/td><\/tr><tr><td>Carga Hor\u00e1ria: 60 horas (60 Te\u00f3ricas)<\/td><\/tr><tr><td>Cr\u00e9ditos: 04<\/td><\/tr><tr><td>Ementa: Conceitos avan\u00e7ados de nutri\u00e7\u00e3o de ruminantes. Limita\u00e7\u00f5es nutricionais em pastagens. Avalia\u00e7\u00e3o da qualidade da pastagem. Avalia\u00e7\u00e3o do consumo em condi\u00e7\u00f5es de pastejo. Estrat\u00e9gias alimentares dos animais em pastejo. Estrat\u00e9gias de suplementa\u00e7\u00e3o em pastagens. Potencial de produ\u00e7\u00e3o animal em pastagens.<\/td><\/tr><tr><td>Cursos para os quais \u00e9 ministrado: &nbsp;\n<p>P\u00f3s-gradua\u00e7\u00e3o em Agronomia &#8211; Produ\u00e7\u00e3o Vegetal. P\u00f3sgradua\u00e7\u00e3o em Ci\u00eancias Veterin\u00e1rias<\/p>\n<\/td><\/tr><tr><td>Professores Respons\u00e1veis: Profa. Dra. Alda Lucia Gomes Monteiro<\/td><\/tr><\/tbody><\/table><\/figure>\n","protected":false},"excerpt":{"rendered":"<p>N\u00edvel: MESTRADO\/DOUTORADO Natureza: SEMESTRAL Carga Hor\u00e1ria: 60 horas (60 Te\u00f3ricas) Cr\u00e9ditos: 04 Ementa: Conceitos avan\u00e7ados de nutri\u00e7\u00e3o de ruminantes. Limita\u00e7\u00f5es nutricionais em pastagens. Avalia\u00e7\u00e3o da qualidade da pastagem. Avalia\u00e7\u00e3o do consumo em condi\u00e7\u00f5es de pastejo. Estrat\u00e9gias alimentares dos animais em pastejo. Estrat\u00e9gias de suplementa\u00e7\u00e3o em pastagens. Potencial de produ\u00e7\u00e3o animal em pastagens. Cursos para os [&hellip;]<\/p>\n","protected":false},"author":3,"featured_media":0,"parent":0,"menu_order":0,"comment_status":"closed","ping_status":"closed","template":"","meta":{"footnotes":""},"class_list":["post-277","page","type-page","status-publish","hentry"],"_links":{"self":[{"href":"https:\/\/agrarias.ufpr.br\/pgapv\/wp-json\/wp\/v2\/pages\/277","targetHints":{"allow":["GET"]}}],"collection":[{"href":"https:\/\/agrarias.ufpr.br\/pgapv\/wp-json\/wp\/v2\/pages"}],"about":[{"href":"https:\/\/agrarias.ufpr.br\/pgapv\/wp-json\/wp\/v2\/types\/page"}],"author":[{"embeddable":true,"href":"https:\/\/agrarias.ufpr.br\/pgapv\/wp-json\/wp\/v2\/users\/3"}],"replies":[{"embeddable":true,"href":"https:\/\/agrarias.ufpr.br\/pgapv\/wp-json\/wp\/v2\/comments?post=277"}],"version-history":[{"count":2,"href":"https:\/\/agrarias.ufpr.br\/pgapv\/wp-json\/wp\/v2\/pages\/277\/revisions"}],"predecessor-version":[{"id":8162,"href":"https:\/\/agrarias.ufpr.br\/pgapv\/wp-json\/wp\/v2\/pages\/277\/revisions\/8162"}],"wp:attachment":[{"href":"https:\/\/agrarias.ufpr.br\/pgapv\/wp-json\/wp\/v2\/media?parent=277"}],"curies":[{"name":"wp","href":"https:\/\/api.w.org\/{rel}","templated":true}]}}