{"id":259,"date":"2018-07-04T12:33:27","date_gmt":"2018-07-04T12:33:27","guid":{"rendered":"https:\/\/agrarias.ufpr.br\/pgapv\/?page_id=259"},"modified":"2026-02-04T12:35:19","modified_gmt":"2026-02-04T12:35:19","slug":"agro7016-manejo-integrado-de-pragas","status":"publish","type":"page","link":"https:\/\/agrarias.ufpr.br\/pgapv\/agro7016-manejo-integrado-de-pragas\/","title":{"rendered":"AGRO 7017 \u2013 Manejo Integrado de Pragas"},"content":{"rendered":"\n<p><strong>N\u00edvel<\/strong><\/p>\n\n\n\n<p>Mestrado\/Doutorado<\/p>\n\n\n\n<p><strong>Natureza<\/strong><\/p>\n\n\n\n<p>Concentrada&nbsp;<\/p>\n\n\n\n<p><strong>Cr\u00e9ditos <\/strong><\/p>\n\n\n\n<p>04<\/p>\n\n\n\n<p><strong>Carga hor\u00e1ria<\/strong><\/p>\n\n\n\n<p>60 horas&nbsp;<\/p>\n\n\n\n<p><strong>Ementa<\/strong><\/p>\n\n\n\n<p><span class=\"TextRun SCXW133772470 BCX0\" lang=\"PT-BR\" xml:lang=\"PT-BR\" data-contrast=\"none\"><span class=\"NormalTextRun SCXW133772470 BCX0\">Origem, hist\u00f3ria e import\u00e2ncia das pragas agr\u00edcolas e cen\u00e1rio atual;<\/span> <span class=\"NormalTextRun SCXW133772470 BCX0\">Revis\u00e3o dos principais grupos de pragas de culturas, com \u00eanfase em fruticultura; Avalia\u00e7\u00e3o e quantifica\u00e7\u00e3o de danos; Fatores ecol\u00f3gicos, din\u00e2micas populacionais;<\/span> <span class=\"NormalTextRun SCXW133772470 BCX0\">Hist\u00f3rico e fundamentos do MIP;<\/span> <span class=\"NormalTextRun SCXW133772470 BCX0\">Vantagens e desvantagens do MIP; Causas da ocorr\u00eancia de surtos de pragas;<\/span> <span class=\"NormalTextRun SCXW133772470 BCX0\">Alicerces do MIP;<\/span> <span class=\"NormalTextRun SCXW133772470 BCX0\">Taxonomia; Amostragem e monitoramento de pragas novas t\u00e9cnicas e tend\u00eancias. Amostragens \u2013 n\u00edveis de dano, previs\u00e3o de ocorr\u00eancia e controle. Danos \u2013 avalia\u00e7\u00e3o de danos, n\u00edveis de dano econ\u00f4mico, tipos de dano, perdas na produ\u00e7\u00e3o. M\u00e9todos de controle: m\u00e9todo qu\u00edmico;<\/span> <span class=\"NormalTextRun SCXW133772470 BCX0\">Controle biol\u00f3gico: Tipos de controle biol\u00f3gico, Uso de predadores, parasitoides e pat\u00f3genos. Resist\u00eancia de plantas a insetos;\u202fM\u00e9todos culturais e interfer\u00eancia ambiental \u2013 modifica\u00e7\u00f5es f\u00edsicas do ambiente, Boas<\/span> <span class=\"NormalTextRun SCXW133772470 BCX0\">pr\u00e1ticas agron\u00f4micas. Semioqu\u00edmicos e t\u00e9cnicas de controle comportamental. M\u00e9todos legislativos. Desenvolvimento de t\u00e9cnicas e programas de MIP em fruticultura. O futuro do MIP diante das novas tecnologias (Gen\u00e9tica, Intelig\u00eancia Artificial, agricultura 4.0, controle sustent\u00e1vel de pragas).<\/span>&nbsp;<\/span><\/p>\n\n\n\n<p><strong>Semestre<\/strong><\/p>\n\n\n\n<p>1\u00ba<\/p>\n\n\n\n<p><strong>Dia\/Hor\u00e1rio<\/strong><\/p>\n\n\n\n<p>Ter\u00e7a-feira 07:30 \u00e0s 11:30&nbsp;<\/p>\n\n\n\n<p><strong>Docente<\/strong><\/p>\n\n\n\n<p><a href=\"https:\/\/agrarias.ufpr.br\/pgapv\/joatan-machado-da-rosa\/\" data-type=\"page\" data-id=\"3511\">Joatan Machado da Rosa<\/a><\/p>\n\n\n\n<p><strong>Bibliografia Recomendada<\/strong><\/p>\n\n\n\n<p>ABROL, D. P. [ed.]. Integrated Pest Management: Current Concepts and Ecological Perspective(2014). Academic Press, 561p.&nbsp;<\/p>\n\n\n\n<p>ABROL, DP, SHANKAR, U. Integrated pest management; principles and practice (2012). CABI, 512p.&nbsp;<\/p>\n\n\n\n<p>ALBAJES, R, GULLINO, Ml, VAN LENTEREN, Jc.; ELAD, Y. Integrated Pest and Disease Management in Greenhouse Crops (2000). Kluwer Academic Publishers, 545p.&nbsp;<\/p>\n\n\n\n<p>GRANT, WYN P. et al. Biopesticides: pest management and regulation. CABI, 2010.&nbsp;<\/p>\n\n\n\n<p>GURR, G.; WRATTEN, S. Biological Control: Measures of Success. Springer-Science, 428p.&nbsp;<\/p>\n\n\n\n<p>KOGAN, M. Integrated Pest Management: historical perspectives and contemporary developments. Annual Review of Entomology, v.43, p.243-270, 1998&nbsp;<\/p>\n\n\n\n<p>RAGA, A. et al. Manual de Entomologia \u2013 Pragas das Culturas (2022). Ouro Fino, MG, Agron\u00f4mica Ceres, vol. 1, 477p.&nbsp;<\/p>\n\n\n\n<p>MUNIAPPAN, R.; HEINRICHS, E.A Eds. (2016) Integrated Pest Management of Tropical Vegetable Crops.\u202f Springer Publishing, 304p.&nbsp;<\/p>\n\n\n\n<p>PARRA, J. R. P. et al. (Org.). Controle biol\u00f3gico com parasitoides e predadores na agricultura brasileira. Piracicaba: FEALQ, 2021.&nbsp;<\/p>\n\n\n\n<p>RECHCIGAL, JE &amp; RECHCIGAL NA (2000). Insect Pest Management: Techniques for Environmental Protection. CRC Press, 374p.<\/p>\n","protected":false},"excerpt":{"rendered":"<p>N\u00edvel Mestrado\/Doutorado Natureza Concentrada&nbsp; Cr\u00e9ditos 04 Carga hor\u00e1ria 60 horas&nbsp; Ementa Origem, hist\u00f3ria e import\u00e2ncia das pragas agr\u00edcolas e cen\u00e1rio atual; Revis\u00e3o dos principais grupos de pragas de culturas, com \u00eanfase em fruticultura; Avalia\u00e7\u00e3o e quantifica\u00e7\u00e3o de danos; Fatores ecol\u00f3gicos, din\u00e2micas populacionais; Hist\u00f3rico e fundamentos do MIP; Vantagens e desvantagens do MIP; Causas da ocorr\u00eancia [&hellip;]<\/p>\n","protected":false},"author":3,"featured_media":0,"parent":0,"menu_order":0,"comment_status":"closed","ping_status":"closed","template":"","meta":{"footnotes":""},"class_list":["post-259","page","type-page","status-publish","hentry"],"_links":{"self":[{"href":"https:\/\/agrarias.ufpr.br\/pgapv\/wp-json\/wp\/v2\/pages\/259","targetHints":{"allow":["GET"]}}],"collection":[{"href":"https:\/\/agrarias.ufpr.br\/pgapv\/wp-json\/wp\/v2\/pages"}],"about":[{"href":"https:\/\/agrarias.ufpr.br\/pgapv\/wp-json\/wp\/v2\/types\/page"}],"author":[{"embeddable":true,"href":"https:\/\/agrarias.ufpr.br\/pgapv\/wp-json\/wp\/v2\/users\/3"}],"replies":[{"embeddable":true,"href":"https:\/\/agrarias.ufpr.br\/pgapv\/wp-json\/wp\/v2\/comments?post=259"}],"version-history":[{"count":12,"href":"https:\/\/agrarias.ufpr.br\/pgapv\/wp-json\/wp\/v2\/pages\/259\/revisions"}],"predecessor-version":[{"id":7659,"href":"https:\/\/agrarias.ufpr.br\/pgapv\/wp-json\/wp\/v2\/pages\/259\/revisions\/7659"}],"wp:attachment":[{"href":"https:\/\/agrarias.ufpr.br\/pgapv\/wp-json\/wp\/v2\/media?parent=259"}],"curies":[{"name":"wp","href":"https:\/\/api.w.org\/{rel}","templated":true}]}}