{"id":252,"date":"2018-07-04T12:30:41","date_gmt":"2018-07-04T12:30:41","guid":{"rendered":"https:\/\/agrarias.ufpr.br\/pgapv\/?page_id=252"},"modified":"2026-04-07T23:55:57","modified_gmt":"2026-04-07T23:55:57","slug":"apv-7014-fungos-fitopatogenicos","status":"publish","type":"page","link":"https:\/\/agrarias.ufpr.br\/pgapv\/apv-7014-fungos-fitopatogenicos\/","title":{"rendered":"APV 7014 &#8211; FUNGOS FITOPATOG\u00caNICOS \u00a0"},"content":{"rendered":"\n<p>&nbsp;<\/p>\n\n\n\n<p>&nbsp;<\/p>\n\n\n\n<figure class=\"wp-block-table\"><table class=\"has-fixed-layout\"><tbody><tr><td>N\u00edvel: MESTRADO\/DOUTORADO &nbsp;<\/td><\/tr><tr><td>Natureza: SEMESTRAL &nbsp;<\/td><\/tr><tr><td>Carga Hor\u00e1ria: 60 horas (30 te\u00f3ricas\/30 pr\u00e1ticas) &nbsp;<\/td><\/tr><tr><td>Cr\u00e9dito: 04 &nbsp;<\/td><\/tr><tr><td>&nbsp;\n<p>Ementa: Taxonomia, morfologia, fisiologia e ecologia dos principais grupos de fungos que causam doen\u00e7as em plantas. T\u00e9cnicas de coleta, isolamento, cultivo e preserva\u00e7\u00e3o de fungos. Identifica\u00e7\u00e3o e caracteriza\u00e7\u00e3o de fungos com base em caracter\u00edsticas fenot\u00edpicas. &nbsp;<\/p>\n<\/td><\/tr><tr><td>Cursos para os quais \u00e9 ministrada: Agronomia-Produ\u00e7\u00e3o Vegetal &nbsp;<\/td><\/tr><tr><td>Professor(a) Respons\u00e1vel: Dr. Alvaro Figueredo dos Santos &nbsp;<\/td><\/tr><\/tbody><\/table><\/figure>\n","protected":false},"excerpt":{"rendered":"<p>&nbsp; &nbsp; N\u00edvel: MESTRADO\/DOUTORADO &nbsp; Natureza: SEMESTRAL &nbsp; Carga Hor\u00e1ria: 60 horas (30 te\u00f3ricas\/30 pr\u00e1ticas) &nbsp; Cr\u00e9dito: 04 &nbsp; &nbsp; Ementa: Taxonomia, morfologia, fisiologia e ecologia dos principais grupos de fungos que causam doen\u00e7as em plantas. T\u00e9cnicas de coleta, isolamento, cultivo e preserva\u00e7\u00e3o de fungos. Identifica\u00e7\u00e3o e caracteriza\u00e7\u00e3o de fungos com base em caracter\u00edsticas fenot\u00edpicas. [&hellip;]<\/p>\n","protected":false},"author":3,"featured_media":0,"parent":0,"menu_order":0,"comment_status":"closed","ping_status":"closed","template":"","meta":{"footnotes":""},"class_list":["post-252","page","type-page","status-publish","hentry"],"_links":{"self":[{"href":"https:\/\/agrarias.ufpr.br\/pgapv\/wp-json\/wp\/v2\/pages\/252","targetHints":{"allow":["GET"]}}],"collection":[{"href":"https:\/\/agrarias.ufpr.br\/pgapv\/wp-json\/wp\/v2\/pages"}],"about":[{"href":"https:\/\/agrarias.ufpr.br\/pgapv\/wp-json\/wp\/v2\/types\/page"}],"author":[{"embeddable":true,"href":"https:\/\/agrarias.ufpr.br\/pgapv\/wp-json\/wp\/v2\/users\/3"}],"replies":[{"embeddable":true,"href":"https:\/\/agrarias.ufpr.br\/pgapv\/wp-json\/wp\/v2\/comments?post=252"}],"version-history":[{"count":2,"href":"https:\/\/agrarias.ufpr.br\/pgapv\/wp-json\/wp\/v2\/pages\/252\/revisions"}],"predecessor-version":[{"id":8160,"href":"https:\/\/agrarias.ufpr.br\/pgapv\/wp-json\/wp\/v2\/pages\/252\/revisions\/8160"}],"wp:attachment":[{"href":"https:\/\/agrarias.ufpr.br\/pgapv\/wp-json\/wp\/v2\/media?parent=252"}],"curies":[{"name":"wp","href":"https:\/\/api.w.org\/{rel}","templated":true}]}}