{"id":236,"date":"2018-07-04T11:49:02","date_gmt":"2018-07-04T11:49:02","guid":{"rendered":"https:\/\/agrarias.ufpr.br\/pgapv\/?page_id=236"},"modified":"2026-04-07T23:55:29","modified_gmt":"2026-04-07T23:55:29","slug":"agro-7009-epidemiologia-para-o-manejo-de-doencas-de-plantas","status":"publish","type":"page","link":"https:\/\/agrarias.ufpr.br\/pgapv\/agro-7009-epidemiologia-para-o-manejo-de-doencas-de-plantas\/","title":{"rendered":"AGRO 7009 &#8211; EPIDEMIOLOGIA PARA O MANEJO DE\u00a0  DOEN\u00c7AS DE PLANTAS"},"content":{"rendered":"\n<p class=\"Normal_Web_ tm9\">&nbsp;<\/p>\n\n\n\n<p class=\"Normal_Web_ tm9\"><strong><span class=\"tm10\">N\u00edvel<\/span><\/strong><\/p>\n\n\n\n<p class=\"Normal_Web_ tm9\"><span class=\"tm11\">Mestrado\/Doutorado<\/span><\/p>\n\n\n\n<p class=\"Normal_Web_ tm9\"><strong><span class=\"Forte\">Natureza<\/span><\/strong><\/p>\n\n\n\n<p class=\"Normal_Web_ tm9\"><span class=\"tm11\">Semestral<\/span><\/p>\n\n\n\n<p class=\"Normal_Web_ tm9\"><strong><span class=\"tm10\">Cr\u00e9ditos <\/span><\/strong><\/p>\n\n\n\n<p class=\"Normal_Web_ tm9\"><span class=\"tm11\">04<\/span><\/p>\n\n\n\n<p class=\"Normal_Web_ tm9\"><strong><span class=\"Forte\">Carga hor\u00e1ria<\/span><\/strong><\/p>\n\n\n\n<p class=\"Normal_Web_ tm9\"><span class=\"tm11\">60 horas <\/span><span class=\"tm12\">(30 te\u00f3ricas \/ 30 pr\u00e1ticas)<\/span><\/p>\n\n\n\n<p class=\"Normal_Web_ tm9\"><strong><span class=\"Forte\">Ementa<\/span><\/strong><\/p>\n\n\n\n<p class=\"Normal_Web_ tm13\"><span class=\"tm12\">Conceitos e objetivos da Epidemiologia e os diferentes tipos de doen\u00e7as. Estudos do monociclo. Progresso temporal e espacial de epidemias, dispers\u00e3o do pat\u00f3geno. <\/span><span class=\"tm14\">M\u00e9todos para estudar o hospedeiro, o pat\u00f3geno, o ambiente e a doen\u00e7a. Fitopatometria,<\/span><span class=\"tm12\"> s<\/span><span class=\"tm14\">imula\u00e7\u00e3o, modelagem e previs\u00e3o de doen\u00e7a. Quantifica\u00e7\u00e3o de danos e perdas. Estudos de casos para manejo integrado de doen\u00e7as<\/span><\/p>\n\n\n\n<p class=\"Normal_Web_ tm13\"><span class=\"tm12\">&nbsp;<\/span><\/p>\n\n\n\n<p class=\"Normal_Web_ tm9\"><strong><span class=\"Forte\">Semestre<\/span><\/strong><\/p>\n\n\n\n<p class=\"Normal_Web_ tm9\"><span class=\"tm11\">1\u00ba semestre de anos pares<\/span><\/p>\n\n\n\n<p class=\"Normal_Web_ tm9\"><strong><span class=\"tm10\">Dia\/Hor\u00e1rio<\/span><\/strong><\/p>\n\n\n\n<p class=\"Normal_Web_ tm9\"><span class=\"tm15\">Quinta-feira\/ 08:00 \u2013 12:00 horas<\/span><\/p>\n\n\n\n<p class=\"Normal_Web_ tm9\"><strong><span class=\"Forte\">Docentes<\/span><\/strong><\/p>\n\n\n\n<p class=\"Normal_Web_ tm9\"><span class=\"tm11\">Louise Larissa May De Mio (coordenador)<\/span><\/p>\n\n\n\n<p class=\"Normal_Web_ tm9\"><span class=\"tm11\">Henrique da Silva Silveira Duarte (colaborador)<\/span><\/p>\n\n\n\n<p class=\"Normal_Web_ tm9\"><strong><span class=\"tm10\">&nbsp;<\/span><\/strong><\/p>\n\n\n\n<p class=\"Normal_Web_ tm16\"><strong><span class=\"tm17\">Bibliografia Recomendada<\/span><\/strong><\/p>\n\n\n\n<p class=\"Normal_Web_ tm18\"><span class=\"tm12\">&nbsp;<\/span><\/p>\n\n\n\n<p class=\"Normal tm19\"><span class=\"tm20\">AGRIOS G. N. <\/span><strong><span class=\"tm8\">Plant Pathology<\/span><\/strong><span class=\"tm20\">. <\/span><span class=\"tm20\">5. ed. <\/span><span class=\"tm20\">Burlington: Academic Press, 2005. <\/span><\/p>\n\n\n\n<p class=\"Normal tm19\"><span class=\"tm20\">AMORIM, L.; REZENDE, J. A. M.; BERGAMIN FILHO, A. <\/span><strong><span class=\"tm8\">Manual de Fitopatologia &#8211; Princ\u00edpios e Conceitos<\/span><\/strong><span class=\"tm20\">. <\/span><span class=\"tm20\">5. ed. v. 1. Ouro Fino, MG: Editora Agron\u00f4mica Ceres, 2018. <\/span><\/p>\n\n\n\n<p class=\"Normal tm21\"><span class=\"tm20\">CAMPBELL, C.L.; MADDEN, L.V. <\/span><strong><span class=\"tm8\">Introduction to Plant Disease Epidemiology<\/span><\/strong><span class=\"tm20\">. New York, John Wiley, 1990.<\/span><\/p>\n\n\n\n<p class=\"Normal tm21\"><span class=\"tm20\">FRANTZEN, J. <\/span><strong><span class=\"tm8\">Epidemiology and Plant Ecology, Principles and applications<\/span><\/strong><span class=\"tm20\">. World Scientific Publishing, 2007.<\/span><\/p>\n\n\n\n<p class=\"Normal tm21\"><span class=\"tm20\">JONES, D.G. The Epidemiology of Plant Diseases. 1998. Dordrecht, Kluwer.&nbsp;<\/span><\/p>\n\n\n\n<p class=\"Normal tm19\"><span class=\"tm20\">KIMATI, H.; AMORIM, L.; REZENDE, J. A. M.; BERGAMIN FILHO, A.; CAMARGO, L. E. A. <\/span><strong><span class=\"tm8\">Manual de Fitopatologia &#8211; Doen\u00e7as das Plantas Cultivadas<\/span><\/strong><span class=\"tm20\">. <\/span><span class=\"tm20\">4. ed. v. 2. S\u00e3o Paulo: Editora Ceres, 2005.<\/span><\/p>\n\n\n\n<p class=\"Normal tm21\"><span class=\"tm20\">KRANZ, J. Comparative Epidemiology of Plant Diseases. <\/span><span class=\"tm20\">2003. Berlin, Springer.&nbsp;<\/span><\/p>\n\n\n\n<p class=\"Normal tm21\"><span class=\"tm20\">KRANZ, J.; ROTEM, J. Experimental techniques in plant disease epidemiology, Berlin, Springer-Verlag, 1988.<\/span><\/p>\n\n\n\n<p class=\"Normal tm21\"><span class=\"tm20\">MADDEN, L.V; HUGHES, G.; VAN DE BOSCH, F. <\/span><strong><span class=\"tm8\">The Study of Plant Disease Epidemics<\/span><\/strong><span class=\"tm20\">. <\/span><span class=\"tm20\">APS Press, 2007.<\/span><\/p>\n\n\n\n<p class=\"Normal tm21\"><span class=\"tm20\">VALE, F.X.R; JESUS JR., W.C.; ZAMBOLIM, L. Epidemiologia Aplicada ao Manejo de Doen\u00e7as de Plantas. 2004. Belo Horizonte, Perffil.&nbsp;<br>Reis, E.M. Previs\u00e3o de Doen\u00e7as de Plantas. <\/span><span class=\"tm20\">2004. UPF Editora, Passo Fundo.&nbsp;<\/span><\/p>\n\n\n\n<p class=\"Normal tm19\"><span class=\"tm20\">ZAMBOLIM, L.; JESUS JUNIOR, W. C.; PEREIRA, O. L. <\/span><strong><span class=\"tm8\">O Essencial da Fitopatologia &#8211; Agentes Causais<\/span><\/strong><span class=\"tm20\">. v. 1, Vi\u00e7osa: Suprema gr\u00e1fica e Editora Ltda, 2012.<\/span><\/p>\n\n\n\n<p class=\"Normal tm19\"><span class=\"tm20\">ZAMBOLIM, L.; JESUS JUNIOR, W. C.; PEREIRA, O. L. <\/span><strong><span class=\"tm8\">O Essencial da Fitopatologia &#8211; Agentes Causais<\/span><\/strong><span class=\"tm20\">. v. 2, Vi\u00e7osa: Suprema gr\u00e1fica e Editora Ltda, 2012.<\/span><\/p>\n\n\n\n<p class=\"Normal_Web_ tm22\"><span class=\"tm12\">ARTIGOS DE PER\u00cd\u00d3DICOS, tais como: Plant Disease, Phytopathology, Annual Review of Phytopathology, Plant Pathology, Tropical Plant Pathology, Revis\u00e3o Anual de Doen\u00e7as de Plantas, dentre outros.<\/span><\/p>\n","protected":false},"excerpt":{"rendered":"<p>&nbsp; N\u00edvel Mestrado\/Doutorado Natureza Semestral Cr\u00e9ditos 04 Carga hor\u00e1ria 60 horas (30 te\u00f3ricas \/ 30 pr\u00e1ticas) Ementa Conceitos e objetivos da Epidemiologia e os diferentes tipos de doen\u00e7as. Estudos do monociclo. Progresso temporal e espacial de epidemias, dispers\u00e3o do pat\u00f3geno. M\u00e9todos para estudar o hospedeiro, o pat\u00f3geno, o ambiente e a doen\u00e7a. Fitopatometria, simula\u00e7\u00e3o, modelagem [&hellip;]<\/p>\n","protected":false},"author":3,"featured_media":0,"parent":0,"menu_order":0,"comment_status":"closed","ping_status":"closed","template":"","meta":{"footnotes":""},"class_list":["post-236","page","type-page","status-publish","hentry"],"_links":{"self":[{"href":"https:\/\/agrarias.ufpr.br\/pgapv\/wp-json\/wp\/v2\/pages\/236","targetHints":{"allow":["GET"]}}],"collection":[{"href":"https:\/\/agrarias.ufpr.br\/pgapv\/wp-json\/wp\/v2\/pages"}],"about":[{"href":"https:\/\/agrarias.ufpr.br\/pgapv\/wp-json\/wp\/v2\/types\/page"}],"author":[{"embeddable":true,"href":"https:\/\/agrarias.ufpr.br\/pgapv\/wp-json\/wp\/v2\/users\/3"}],"replies":[{"embeddable":true,"href":"https:\/\/agrarias.ufpr.br\/pgapv\/wp-json\/wp\/v2\/comments?post=236"}],"version-history":[{"count":5,"href":"https:\/\/agrarias.ufpr.br\/pgapv\/wp-json\/wp\/v2\/pages\/236\/revisions"}],"predecessor-version":[{"id":8156,"href":"https:\/\/agrarias.ufpr.br\/pgapv\/wp-json\/wp\/v2\/pages\/236\/revisions\/8156"}],"wp:attachment":[{"href":"https:\/\/agrarias.ufpr.br\/pgapv\/wp-json\/wp\/v2\/media?parent=236"}],"curies":[{"name":"wp","href":"https:\/\/api.w.org\/{rel}","templated":true}]}}