{"id":2353,"date":"2018-11-09T15:19:44","date_gmt":"2018-11-09T15:19:44","guid":{"rendered":"https:\/\/agrarias.ufpr.br\/pgapv\/?page_id=2353"},"modified":"2018-11-11T17:48:14","modified_gmt":"2018-11-11T17:48:14","slug":"laboratorio-de-sementes-setor-palotina-11806403","status":"publish","type":"page","link":"https:\/\/agrarias.ufpr.br\/pgapv\/laboratorio-de-sementes-setor-palotina-11806403\/","title":{"rendered":"Laborat\u00f3rio de Sementes \u2013 Setor Palotina"},"content":{"rendered":"<p><strong><b>Interesses de pesquisa<\/b><\/strong><\/p>\n<p style=\"text-align: justify\">S\u00e3o realizados estudos com sementes de plantas daninhas, analisando seu comportamento e aplica\u00e7\u00f5es diversas. Bem como, v\u00eam sendo realizada uma s\u00e9rie de pesquisas focadas na qualidade de sementes de culturas transg\u00eanicas, submetidas a aplica\u00e7\u00e3o de herbicidas. &nbsp;<\/p>\n<p style=\"text-align: justify\">Tamb\u00e9m, devido aos equipamentos contidos neste laborat\u00f3rio, o mesmo d\u00e1 suporte para uma s\u00e9rie de experimentos realizados em campo e em casa de vegeta\u00e7\u00e3o, que abordam a \u00e1rea de ci\u00eancia das plantas daninhas em sistemas de produ\u00e7\u00e3o.<\/p>\n<p><strong><b>Coordenador<\/b><\/strong><\/p>\n<p><a href=\"https:\/\/agrarias.ufpr.br\/fitotecnia\/henrique-da-silva-silveira-duarte\/\">Alfredo Junior Paiola Albrecht &nbsp;<\/a><\/p>\n<p><strong><b>Vice-coordenador<\/b><\/strong><\/p>\n<p><a href=\"https:\/\/agrarias.ufpr.br\/fitotecnia\/louise-larissa-may-de-mio\/\">Leandro Paiola Albrecht &nbsp;<\/a><\/p>\n<p><strong><b>T\u00e9cnico respons\u00e1vel<\/b><\/strong><\/p>\n<p>Joelmir dos Santos<\/p>\n<p><strong><b>Contato<\/b><\/strong><\/p>\n<p><strong><b><img loading=\"lazy\" decoding=\"async\" class=\"wp-image-758 alignnone\" src=\"https:\/\/agrarias.ufpr.br\/fitotecnia\/wp-content\/uploads\/sites\/26\/2016\/03\/telefone.png\" alt=\"telefone\" width=\"22\" height=\"22\">&nbsp;&nbsp;<\/b><\/strong>+55 (41) 3211-1317<\/p>\n<p><strong>Fotos<\/strong><\/p>\n<p>[Best_Wordpress_Gallery id=&#8221;24&#8243; gal_title=&#8221;sementes palotina&#8221;]<\/p>\n","protected":false},"excerpt":{"rendered":"<p>Interesses de pesquisa S\u00e3o realizados estudos com sementes de plantas daninhas, analisando seu comportamento e aplica\u00e7\u00f5es diversas. Bem como, v\u00eam sendo realizada uma s\u00e9rie de pesquisas focadas na qualidade de sementes de culturas transg\u00eanicas, submetidas a aplica\u00e7\u00e3o de herbicidas. &nbsp; Tamb\u00e9m, devido aos equipamentos contidos neste laborat\u00f3rio, o mesmo d\u00e1 suporte para uma s\u00e9rie de [&hellip;]<\/p>\n","protected":false},"author":3,"featured_media":0,"parent":0,"menu_order":0,"comment_status":"closed","ping_status":"closed","template":"","meta":{"footnotes":""},"class_list":["post-2353","page","type-page","status-publish","hentry"],"_links":{"self":[{"href":"https:\/\/agrarias.ufpr.br\/pgapv\/wp-json\/wp\/v2\/pages\/2353","targetHints":{"allow":["GET"]}}],"collection":[{"href":"https:\/\/agrarias.ufpr.br\/pgapv\/wp-json\/wp\/v2\/pages"}],"about":[{"href":"https:\/\/agrarias.ufpr.br\/pgapv\/wp-json\/wp\/v2\/types\/page"}],"author":[{"embeddable":true,"href":"https:\/\/agrarias.ufpr.br\/pgapv\/wp-json\/wp\/v2\/users\/3"}],"replies":[{"embeddable":true,"href":"https:\/\/agrarias.ufpr.br\/pgapv\/wp-json\/wp\/v2\/comments?post=2353"}],"version-history":[{"count":4,"href":"https:\/\/agrarias.ufpr.br\/pgapv\/wp-json\/wp\/v2\/pages\/2353\/revisions"}],"predecessor-version":[{"id":2376,"href":"https:\/\/agrarias.ufpr.br\/pgapv\/wp-json\/wp\/v2\/pages\/2353\/revisions\/2376"}],"wp:attachment":[{"href":"https:\/\/agrarias.ufpr.br\/pgapv\/wp-json\/wp\/v2\/media?parent=2353"}],"curies":[{"name":"wp","href":"https:\/\/api.w.org\/{rel}","templated":true}]}}