{"id":2330,"date":"2018-11-09T13:49:51","date_gmt":"2018-11-09T13:49:51","guid":{"rendered":"https:\/\/agrarias.ufpr.br\/pgapv\/?page_id=2330"},"modified":"2026-02-04T14:43:07","modified_gmt":"2026-02-04T14:43:07","slug":"alfredo-junior-paiola-albrecht","status":"publish","type":"page","link":"https:\/\/agrarias.ufpr.br\/pgapv\/alfredo-junior-paiola-albrecht\/","title":{"rendered":"Alfredo Junior Paiola Albrecht"},"content":{"rendered":"\n<p><span style=\"font-family: helvetica, arial, sans-serif;\">Prof. Permanente<\/span><\/p>\n\n\n\n<p><span style=\"font-family: helvetica, arial, sans-serif;\"><strong><b>Forma\u00e7\u00e3o Acad\u00eamica<\/b><\/strong><\/span><\/p>\n\n\n\n<p><span style=\"font-family: helvetica, arial, sans-serif;\">Dr. em Fitotecnia USP\/ESALQ (2016)<\/span><\/p>\n\n\n\n<p><span style=\"font-family: helvetica, arial, sans-serif;\">MBA em Agroneg\u00f3cios USP\/ESALQ (2015)<\/span><\/p>\n\n\n\n<p><span style=\"font-family: helvetica, arial, sans-serif;\">M.Sc. em Fitotecnia USP\/ESALQ (2014)<\/span><\/p>\n\n\n\n<p><span style=\"font-family: helvetica, arial, sans-serif;\">Eng. Agr\u00f4nomo, UEM (2011)<\/span><\/p>\n\n\n\n<p><span style=\"font-family: helvetica, arial, sans-serif;\"><strong><b>Linha de pesquisa\/\u00c1rea<\/b><\/strong><\/span><\/p>\n\n\n\n<p><span style=\"font-family: helvetica, arial, sans-serif;\">Prote\u00e7\u00e3o Vegetal e Seguran\u00e7a Ambiental\/Biologia e Manejo de Plantas Daninhas&nbsp;<\/span><\/p>\n\n\n\n<p><span style=\"font-family: helvetica, arial, sans-serif;\"><strong><b>Disciplinas Ministradas<\/b><\/strong><\/span><\/p>\n\n\n\n<p><a href=\"https:\/\/agrarias.ufpr.br\/pgapv\/agro-7000-analise-de-sementes\/\">AGRO 7001 \u2013 An\u00e1lise de Sementes<\/a><\/p>\n\n\n\n<p><a href=\"https:\/\/agrarias.ufpr.br\/pgapv\/apv-7010-estudos-avancados-em-tecnologia-de-sementes\/\">AGRO 7011 \u2013 Estudos Avan\u00e7ados em Tecnologia de Sementes<\/a><\/p>\n\n\n\n<p><a href=\"https:\/\/agrarias.ufpr.br\/pgapv\/apv-7017-matologia-2\/\">AGRO 7018 \u2013 Matologia<\/a><\/p>\n\n\n\n<p><a href=\"https:\/\/agrarias.ufpr.br\/pgapv\/agro-7027-pratica-docente-i\/\">AGRO 7027 \u2013 Pr\u00e1tica Docente I<\/a><\/p>\n\n\n\n<p><a href=\"https:\/\/agrarias.ufpr.br\/pgapv\/agro7028-pratica-docente-ii\/\">AGRO 7028 \u2013 Pr\u00e1tica Docente II<\/a><\/p>\n\n\n\n<p><a href=\"https:\/\/agrarias.ufpr.br\/pgapv\/agro-7036-topicos-especiais-ii-cultivo-de-pequenas-frutas-e-frutas-nativas\/\">AGRO 7036 \u2013 T\u00f3picos Especiais II \u2013 Crop Protection and Climate Change<\/a><\/p>\n\n\n\n<p><a href=\"https:\/\/agrarias.ufpr.br\/pgapv\/agro-7037-topicos-especiais-iii-toxicologia-de-agrotoxicos-e-metodos-alternativos-no-controle-de-insetos-praga\/\">AGRO 7037 \u2013 T\u00f3picos Especiais III&nbsp; \u2013<\/a><a href=\"https:\/\/agrarias.ufpr.br\/pgapv\/topicos-especiais-3-bases-cientificas-tecnocientificas-e-agrotecnologicas-em-sistemas-sustentaveis-de-producao-agricola\/\">&nbsp;Bases Cient\u00edficas, Tecnocient\u00edficas e Agrotecnol\u00f3gicas em Sistemas Sustent\u00e1veis de Produ\u00e7\u00e3o Agr\u00edcola<\/a><\/p>\n\n\n\n<p><a href=\"https:\/\/agrarias.ufpr.br\/pgapv\/agro-7038-topicos-especiais-iv-mecanismo-de-acao-e-interacao-ambiental-de-herbicidas\/\">AGRO 7038 \u2013 T\u00f3picos Especiais IV \u2013&nbsp;Mecanismo de A\u00e7\u00e3o e Intera\u00e7\u00e3o Ambiental de Herbicidas<\/a><\/p>\n\n\n\n<p><a href=\"https:\/\/agrarias.ufpr.br\/pgapv\/topicos-especiais-tecnologias-de-producao-em-grandes-culturas-soja-e-milho\/\" data-type=\"page\" data-id=\"6875\">AGRO 7038 \u2013 T\u00f3picos Especiais IV \u2013 Tecnologias de Produ\u00e7\u00e3o em Grandes Culturas: Soja e Milho&nbsp;<\/a><\/p>\n\n\n\n<p><a href=\"https:\/\/agrarias.ufpr.br\/pgapv\/topicos-resistencia-de-plantas-daninhas-a-herbicidas\/\">AGRO 7047 \u2013 Resist\u00eancia de Plantas Daninhas a Herbicidas<\/a><\/p>\n\n\n\n<p><a href=\"https:\/\/agrarias.ufpr.br\/pgapv\/agro-7049-weed-science-topics\/\">AGRO 7049 \u2013 Weed Science Topics<\/a><\/p>\n\n\n\n<p><a href=\"https:\/\/agrarias.ufpr.br\/pgapv\/agro-7038-topicos-especiais-iv-manejo-de-culturas-geneticamente-modificadas-em-sistemas-integrados\/\">AGRO 7050 \u2013 Controle Qu\u00edmico de Plantas Daninhas<\/a><\/p>\n\n\n\n<p><a href=\"https:\/\/agrarias.ufpr.br\/pgapv\/agro-7038-topicos-especiais-iv-manejo-de-plantas-daninhas-nas-grandes-culturas-utilizadas-em-sistemas-integrados\/\">AGRO 7051 \u2013 Manejo Integrado de Plantas Daninhas<\/a><\/p>\n\n\n\n<p><span style=\"font-family: helvetica, arial, sans-serif;\"><strong><b>Laborat\u00f3rios\/Unidade de Apoio&nbsp;<\/b><\/strong><\/span><\/p>\n\n\n\n<p><span style=\"font-family: helvetica, arial, sans-serif;\"><a href=\"https:\/\/agrarias.ufpr.br\/pgapv\/laboratorio-de-sementes-setor-palotina-11806403\/\">Laborat\u00f3rio de Sementes \u2013 Setor Palotina<\/a><\/span><\/p>\n\n\n\n<p><span style=\"font-family: helvetica, arial, sans-serif;\"><a href=\"https:\/\/agrarias.ufpr.br\/pgapv\/laboratorio-de-plantas-daninhas-setor-palotina-11806402\/\">Laborat\u00f3rio de Plantas Daninhas \u2013 Setor Palotina<\/a><\/span><\/p>\n\n\n\n<p><span style=\"font-family: helvetica, arial, sans-serif;\"><a href=\"https:\/\/agrarias.ufpr.br\/pgapv\/areas-experimentais-setor-palotina\/\">\u00c1rea Experimental na Fazenda Experimental de Palotina<\/a><\/span><\/p>\n\n\n\n<p><span style=\"font-family: helvetica, arial, sans-serif;\"><strong><b>Publica\u00e7\u00f5es<\/b><\/strong><\/span><\/p>\n\n\n\n<p><span style=\"font-family: helvetica, arial, sans-serif;\"><strong><b>&nbsp;<a href=\"http:\/\/lattes.cnpq.br\/2567582971674205\"><img loading=\"lazy\" decoding=\"async\" class=\"alignnone wp-image-742\" src=\"https:\/\/agrarias.ufpr.br\/fitotecnia\/wp-content\/uploads\/sites\/26\/2016\/03\/icon_lattes.png\" alt=\"icon_lattes\" width=\"30\" height=\"29\">&nbsp;<\/a><\/b><\/strong><a href=\"http:\/\/lattes.cnpq.br\/2567582971674205\"><span style=\"color: #000080;\"><strong><b>Lattes<\/b><\/strong><\/span><\/a><strong><b>&nbsp; &nbsp;<a href=\"https:\/\/www.researchgate.net\/profile\/Alfredo_Albrecht\"><img loading=\"lazy\" decoding=\"async\" class=\"alignnone wp-image-1136 size-full\" src=\"https:\/\/agrarias.ufpr.br\/fitotecnia\/wp-content\/uploads\/sites\/26\/2016\/03\/apple-touch-icon-180x180-e1459453504744.png\" alt=\"apple-touch-icon-180x180\" width=\"29\" height=\"29\">&nbsp;<\/a><\/b><\/strong><a href=\"https:\/\/www.researchgate.net\/profile\/Alfredo_Albrecht\"><span style=\"color: #000080;\"><strong><b>Research Gate&nbsp;&nbsp;<\/b><\/strong><\/span><\/a><a href=\"https:\/\/orcid.org\/0000-0002-8390-3381\"><img loading=\"lazy\" decoding=\"async\" class=\"alignnone wp-image-3185\" src=\"https:\/\/agrarias.ufpr.br\/pgapv\/wp-content\/uploads\/sites\/39\/2021\/02\/unnamed.jpg\" alt=\"\" width=\"93\" height=\"37\" srcset=\"https:\/\/agrarias.ufpr.br\/pgapv\/wp-content\/uploads\/sites\/39\/2021\/02\/unnamed.jpg 347w, https:\/\/agrarias.ufpr.br\/pgapv\/wp-content\/uploads\/sites\/39\/2021\/02\/unnamed-300x119.jpg 300w, https:\/\/agrarias.ufpr.br\/pgapv\/wp-content\/uploads\/sites\/39\/2021\/02\/unnamed-250x99.jpg 250w, https:\/\/agrarias.ufpr.br\/pgapv\/wp-content\/uploads\/sites\/39\/2021\/02\/unnamed-160x64.jpg 160w\" sizes=\"auto, (max-width: 93px) 100vw, 93px\" \/><\/a><\/span><\/p>\n\n\n\n<p><span style=\"font-family: helvetica, arial, sans-serif;\"><strong>Contatos<\/strong><\/span><\/p>\n\n\n\n<p><span style=\"font-family: helvetica, arial, sans-serif;\"><img decoding=\"async\" src=\"https:\/\/agrarias.ufpr.br\/fitotecnia\/wp-content\/uploads\/sites\/26\/2016\/03\/email-small-.jpg\" alt=\"email small\">&nbsp;ajpalbrecht@ufpr.br \/ ajpalbrecht@yahoo.com.br &nbsp;<\/span><\/p>\n\n\n\n<p><span style=\"font-family: helvetica, arial, sans-serif;\"><img loading=\"lazy\" decoding=\"async\" class=\"wp-image-758 alignnone\" src=\"https:\/\/agrarias.ufpr.br\/fitotecnia\/wp-content\/uploads\/sites\/26\/2016\/03\/telefone.png\" alt=\"telefone\" width=\"22\" height=\"22\">+55 (44) 3211-1314 ou +55 (44) 99963-4193<\/span><\/p>\n","protected":false},"excerpt":{"rendered":"<p>Prof. Permanente Forma\u00e7\u00e3o Acad\u00eamica Dr. em Fitotecnia USP\/ESALQ (2016) MBA em Agroneg\u00f3cios USP\/ESALQ (2015) M.Sc. em Fitotecnia USP\/ESALQ (2014) Eng. Agr\u00f4nomo, UEM (2011) Linha de pesquisa\/\u00c1rea Prote\u00e7\u00e3o Vegetal e Seguran\u00e7a Ambiental\/Biologia e Manejo de Plantas Daninhas&nbsp; Disciplinas Ministradas AGRO 7001 \u2013 An\u00e1lise de Sementes AGRO 7011 \u2013 Estudos Avan\u00e7ados em Tecnologia de Sementes AGRO 7018 \u2013 Matologia AGRO 7027 \u2013 Pr\u00e1tica Docente I AGRO 7028 \u2013 Pr\u00e1tica Docente II AGRO 7036 \u2013 T\u00f3picos Especiais II [&hellip;]<\/p>\n","protected":false},"author":3,"featured_media":0,"parent":0,"menu_order":0,"comment_status":"closed","ping_status":"closed","template":"","meta":{"footnotes":""},"class_list":["post-2330","page","type-page","status-publish","hentry"],"_links":{"self":[{"href":"https:\/\/agrarias.ufpr.br\/pgapv\/wp-json\/wp\/v2\/pages\/2330","targetHints":{"allow":["GET"]}}],"collection":[{"href":"https:\/\/agrarias.ufpr.br\/pgapv\/wp-json\/wp\/v2\/pages"}],"about":[{"href":"https:\/\/agrarias.ufpr.br\/pgapv\/wp-json\/wp\/v2\/types\/page"}],"author":[{"embeddable":true,"href":"https:\/\/agrarias.ufpr.br\/pgapv\/wp-json\/wp\/v2\/users\/3"}],"replies":[{"embeddable":true,"href":"https:\/\/agrarias.ufpr.br\/pgapv\/wp-json\/wp\/v2\/comments?post=2330"}],"version-history":[{"count":31,"href":"https:\/\/agrarias.ufpr.br\/pgapv\/wp-json\/wp\/v2\/pages\/2330\/revisions"}],"predecessor-version":[{"id":7701,"href":"https:\/\/agrarias.ufpr.br\/pgapv\/wp-json\/wp\/v2\/pages\/2330\/revisions\/7701"}],"wp:attachment":[{"href":"https:\/\/agrarias.ufpr.br\/pgapv\/wp-json\/wp\/v2\/media?parent=2330"}],"curies":[{"name":"wp","href":"https:\/\/api.w.org\/{rel}","templated":true}]}}