{"id":233,"date":"2018-07-04T11:47:19","date_gmt":"2018-07-04T11:47:19","guid":{"rendered":"https:\/\/agrarias.ufpr.br\/pgapv\/?page_id=233"},"modified":"2026-04-07T23:55:22","modified_gmt":"2026-04-07T23:55:22","slug":"apv-7006-ecologia-aplicada-a-producao-vegetal","status":"publish","type":"page","link":"https:\/\/agrarias.ufpr.br\/pgapv\/apv-7006-ecologia-aplicada-a-producao-vegetal\/","title":{"rendered":"APV 7006 &#8211; ECOLOGIA APLICADA \u00c0 PRODU\u00c7\u00c3O VEGETAL"},"content":{"rendered":"\n<figure class=\"wp-block-image\"><img loading=\"lazy\" decoding=\"async\" width=\"300\" height=\"108\" src=\"https:\/\/agrarias.ufpr.br\/pgapv\/wp-content\/uploads\/sites\/39\/2018\/07\/foto-pos-gd-logo-maior-300x108.jpg\" alt=\"foto-pos-gd-logo-maior\" class=\"wp-image-196\" srcset=\"https:\/\/agrarias.ufpr.br\/pgapv\/wp-content\/uploads\/sites\/39\/2018\/07\/foto-pos-gd-logo-maior-300x108.jpg 300w, https:\/\/agrarias.ufpr.br\/pgapv\/wp-content\/uploads\/sites\/39\/2018\/07\/foto-pos-gd-logo-maior-768x277.jpg 768w, https:\/\/agrarias.ufpr.br\/pgapv\/wp-content\/uploads\/sites\/39\/2018\/07\/foto-pos-gd-logo-maior-1024x369.jpg 1024w, https:\/\/agrarias.ufpr.br\/pgapv\/wp-content\/uploads\/sites\/39\/2018\/07\/foto-pos-gd-logo-maior-250x90.jpg 250w, https:\/\/agrarias.ufpr.br\/pgapv\/wp-content\/uploads\/sites\/39\/2018\/07\/foto-pos-gd-logo-maior-160x58.jpg 160w, https:\/\/agrarias.ufpr.br\/pgapv\/wp-content\/uploads\/sites\/39\/2018\/07\/foto-pos-gd-logo-maior.jpg 1094w\" sizes=\"auto, (max-width: 300px) 100vw, 300px\" \/><\/figure>\n\n\n\n<p><\/p>\n\n\n\n<figure class=\"wp-block-table\"><table class=\"has-fixed-layout\"><tbody><tr><td>N\u00edvel: MESTRADO\/DOUTORADO<\/td><\/tr><tr><td>Natureza: SEMESTRAL<\/td><\/tr><tr><td>Carga Hor\u00e1ria: 60 horas (30 te\u00f3ricas \/ 30 pr\u00e1ticas)<\/td><\/tr><tr><td>Cr\u00e9dito: 04<\/td><\/tr><tr><td>Ementa: Esta disciplina visa fornecer informa\u00e7\u00f5es b\u00e1sicas sobre agentes, processos, recursos e condi\u00e7\u00f5es que definem ecossistemas naturais e sua aplica\u00e7\u00e3o na an\u00e1lise, delineamento e melhoria de sistemas de produ\u00e7\u00e3o vegetal.<\/td><\/tr><tr><td>Cursos para os quais \u00e9 ministrado: &nbsp;\n<p>Agronomia-Produ\u00e7\u00e3o Vegetal; Bot\u00e2nica<\/p>\n<\/td><\/tr><tr><td>Professor Respons\u00e1vel: Profa. Dra. Raquel Rejane Bonato Negrelle<\/td><\/tr><\/tbody><\/table><\/figure>\n","protected":false},"excerpt":{"rendered":"<p>N\u00edvel: MESTRADO\/DOUTORADO Natureza: SEMESTRAL Carga Hor\u00e1ria: 60 horas (30 te\u00f3ricas \/ 30 pr\u00e1ticas) Cr\u00e9dito: 04 Ementa: Esta disciplina visa fornecer informa\u00e7\u00f5es b\u00e1sicas sobre agentes, processos, recursos e condi\u00e7\u00f5es que definem ecossistemas naturais e sua aplica\u00e7\u00e3o na an\u00e1lise, delineamento e melhoria de sistemas de produ\u00e7\u00e3o vegetal. Cursos para os quais \u00e9 ministrado: &nbsp; Agronomia-Produ\u00e7\u00e3o Vegetal; Bot\u00e2nica [&hellip;]<\/p>\n","protected":false},"author":3,"featured_media":0,"parent":0,"menu_order":0,"comment_status":"closed","ping_status":"closed","template":"","meta":{"footnotes":""},"class_list":["post-233","page","type-page","status-publish","hentry"],"_links":{"self":[{"href":"https:\/\/agrarias.ufpr.br\/pgapv\/wp-json\/wp\/v2\/pages\/233","targetHints":{"allow":["GET"]}}],"collection":[{"href":"https:\/\/agrarias.ufpr.br\/pgapv\/wp-json\/wp\/v2\/pages"}],"about":[{"href":"https:\/\/agrarias.ufpr.br\/pgapv\/wp-json\/wp\/v2\/types\/page"}],"author":[{"embeddable":true,"href":"https:\/\/agrarias.ufpr.br\/pgapv\/wp-json\/wp\/v2\/users\/3"}],"replies":[{"embeddable":true,"href":"https:\/\/agrarias.ufpr.br\/pgapv\/wp-json\/wp\/v2\/comments?post=233"}],"version-history":[{"count":2,"href":"https:\/\/agrarias.ufpr.br\/pgapv\/wp-json\/wp\/v2\/pages\/233\/revisions"}],"predecessor-version":[{"id":8155,"href":"https:\/\/agrarias.ufpr.br\/pgapv\/wp-json\/wp\/v2\/pages\/233\/revisions\/8155"}],"wp:attachment":[{"href":"https:\/\/agrarias.ufpr.br\/pgapv\/wp-json\/wp\/v2\/media?parent=233"}],"curies":[{"name":"wp","href":"https:\/\/api.w.org\/{rel}","templated":true}]}}