{"id":231,"date":"2018-07-04T11:44:01","date_gmt":"2018-07-04T11:44:01","guid":{"rendered":"https:\/\/agrarias.ufpr.br\/pgapv\/?page_id=231"},"modified":"2026-04-07T23:55:16","modified_gmt":"2026-04-07T23:55:16","slug":"agro-7007-ecologia-e-manejo-de-pastagens","status":"publish","type":"page","link":"https:\/\/agrarias.ufpr.br\/pgapv\/agro-7007-ecologia-e-manejo-de-pastagens\/","title":{"rendered":"AGRO  7008 &#8211; ECOLOGIA E MANEJO DE PASTAGENS"},"content":{"rendered":"\n<figure class=\"wp-block-image\"><img loading=\"lazy\" decoding=\"async\" width=\"300\" height=\"108\" src=\"https:\/\/agrarias.ufpr.br\/pgapv\/wp-content\/uploads\/sites\/39\/2018\/07\/foto-pos-gd-logo-maior-300x108.jpg\" alt=\"foto-pos-gd-logo-maior\" class=\"wp-image-196\" srcset=\"https:\/\/agrarias.ufpr.br\/pgapv\/wp-content\/uploads\/sites\/39\/2018\/07\/foto-pos-gd-logo-maior-300x108.jpg 300w, https:\/\/agrarias.ufpr.br\/pgapv\/wp-content\/uploads\/sites\/39\/2018\/07\/foto-pos-gd-logo-maior-768x277.jpg 768w, https:\/\/agrarias.ufpr.br\/pgapv\/wp-content\/uploads\/sites\/39\/2018\/07\/foto-pos-gd-logo-maior-1024x369.jpg 1024w, https:\/\/agrarias.ufpr.br\/pgapv\/wp-content\/uploads\/sites\/39\/2018\/07\/foto-pos-gd-logo-maior-250x90.jpg 250w, https:\/\/agrarias.ufpr.br\/pgapv\/wp-content\/uploads\/sites\/39\/2018\/07\/foto-pos-gd-logo-maior-160x58.jpg 160w, https:\/\/agrarias.ufpr.br\/pgapv\/wp-content\/uploads\/sites\/39\/2018\/07\/foto-pos-gd-logo-maior.jpg 1094w\" sizes=\"auto, (max-width: 300px) 100vw, 300px\" \/><\/figure>\n\n\n\n<p><\/p>\n\n\n\n<figure class=\"wp-block-table\"><table class=\"has-fixed-layout\"><tbody><tr><td>N\u00edvel: MESTRADO\/DOUTORADO<\/td><\/tr><tr><td>Natureza: SEMESTRAL<\/td><\/tr><tr><td>Carga Hor\u00e1ria: 60 horas (30 te\u00f3ricas \/ 30 pr\u00e1ticas)<\/td><\/tr><tr><td>Cr\u00e9ditos: 04<\/td><\/tr><tr><td>Ementa: A pastagem numa perspectiva ecol\u00f3gica. Efic\u00e1cia do uso da refra\u00e7\u00e3o em pastagens. Morfog\u00eanese e fluxo de tecidos em pastagens. Din\u00e2mica do perfilhamento. A competi\u00e7\u00e3o entre plantas e din\u00e2mica da popula\u00e7\u00e3o. Plasticidade fenot\u00edpica e mecanismos de adapta\u00e7\u00e3o ao pastejo.<\/td><\/tr><tr><td>Cursos para os quais \u00e9 ministrado: &nbsp;Agronomia-Produ\u00e7\u00e3o Vegetal<\/td><\/tr><tr><td>Professor Respons\u00e1vel: Professor Dr. An\u00edbal de Moraes<\/td><\/tr><\/tbody><\/table><\/figure>\n","protected":false},"excerpt":{"rendered":"<p>N\u00edvel: MESTRADO\/DOUTORADO Natureza: SEMESTRAL Carga Hor\u00e1ria: 60 horas (30 te\u00f3ricas \/ 30 pr\u00e1ticas) Cr\u00e9ditos: 04 Ementa: A pastagem numa perspectiva ecol\u00f3gica. Efic\u00e1cia do uso da refra\u00e7\u00e3o em pastagens. Morfog\u00eanese e fluxo de tecidos em pastagens. Din\u00e2mica do perfilhamento. A competi\u00e7\u00e3o entre plantas e din\u00e2mica da popula\u00e7\u00e3o. Plasticidade fenot\u00edpica e mecanismos de adapta\u00e7\u00e3o ao pastejo. Cursos [&hellip;]<\/p>\n","protected":false},"author":3,"featured_media":0,"parent":0,"menu_order":0,"comment_status":"closed","ping_status":"closed","template":"","meta":{"footnotes":""},"class_list":["post-231","page","type-page","status-publish","hentry"],"_links":{"self":[{"href":"https:\/\/agrarias.ufpr.br\/pgapv\/wp-json\/wp\/v2\/pages\/231","targetHints":{"allow":["GET"]}}],"collection":[{"href":"https:\/\/agrarias.ufpr.br\/pgapv\/wp-json\/wp\/v2\/pages"}],"about":[{"href":"https:\/\/agrarias.ufpr.br\/pgapv\/wp-json\/wp\/v2\/types\/page"}],"author":[{"embeddable":true,"href":"https:\/\/agrarias.ufpr.br\/pgapv\/wp-json\/wp\/v2\/users\/3"}],"replies":[{"embeddable":true,"href":"https:\/\/agrarias.ufpr.br\/pgapv\/wp-json\/wp\/v2\/comments?post=231"}],"version-history":[{"count":3,"href":"https:\/\/agrarias.ufpr.br\/pgapv\/wp-json\/wp\/v2\/pages\/231\/revisions"}],"predecessor-version":[{"id":8154,"href":"https:\/\/agrarias.ufpr.br\/pgapv\/wp-json\/wp\/v2\/pages\/231\/revisions\/8154"}],"wp:attachment":[{"href":"https:\/\/agrarias.ufpr.br\/pgapv\/wp-json\/wp\/v2\/media?parent=231"}],"curies":[{"name":"wp","href":"https:\/\/api.w.org\/{rel}","templated":true}]}}