{"id":223,"date":"2018-07-04T11:37:22","date_gmt":"2018-07-04T11:37:22","guid":{"rendered":"https:\/\/agrarias.ufpr.br\/pgapv\/?page_id=223"},"modified":"2026-04-07T23:55:03","modified_gmt":"2026-04-07T23:55:03","slug":"agro-7001-avaliacao-de-forrageiras-e-pastagens","status":"publish","type":"page","link":"https:\/\/agrarias.ufpr.br\/pgapv\/agro-7001-avaliacao-de-forrageiras-e-pastagens\/","title":{"rendered":"AGRO 7001 &#8211; AVALIA\u00c7\u00c3O DE FORRAGEIRAS E PASTAGENS"},"content":{"rendered":"\n<figure class=\"wp-block-image\"><img loading=\"lazy\" decoding=\"async\" width=\"300\" height=\"108\" src=\"https:\/\/agrarias.ufpr.br\/pgapv\/wp-content\/uploads\/sites\/39\/2018\/07\/foto-pos-gd-logo-maior-300x108.jpg\" alt=\"foto-pos-gd-logo-maior\" class=\"wp-image-196\" srcset=\"https:\/\/agrarias.ufpr.br\/pgapv\/wp-content\/uploads\/sites\/39\/2018\/07\/foto-pos-gd-logo-maior-300x108.jpg 300w, https:\/\/agrarias.ufpr.br\/pgapv\/wp-content\/uploads\/sites\/39\/2018\/07\/foto-pos-gd-logo-maior-768x277.jpg 768w, https:\/\/agrarias.ufpr.br\/pgapv\/wp-content\/uploads\/sites\/39\/2018\/07\/foto-pos-gd-logo-maior-1024x369.jpg 1024w, https:\/\/agrarias.ufpr.br\/pgapv\/wp-content\/uploads\/sites\/39\/2018\/07\/foto-pos-gd-logo-maior-250x90.jpg 250w, https:\/\/agrarias.ufpr.br\/pgapv\/wp-content\/uploads\/sites\/39\/2018\/07\/foto-pos-gd-logo-maior-160x58.jpg 160w, https:\/\/agrarias.ufpr.br\/pgapv\/wp-content\/uploads\/sites\/39\/2018\/07\/foto-pos-gd-logo-maior.jpg 1094w\" sizes=\"auto, (max-width: 300px) 100vw, 300px\" \/><\/figure>\n\n\n\n<p><\/p>\n\n\n\n<p>&nbsp;<\/p>\n\n\n\n<figure class=\"wp-block-table\"><table class=\"has-fixed-layout\"><tbody><tr><td>N\u00edvel:&nbsp; MESTRADO\/DOUTORADO<\/td><\/tr><tr><td>Natureza: SEMESTRAL<\/td><\/tr><tr><td>Carga Hor\u00e1ria: 60 horas (30 te\u00f3rica\/30 pr\u00e1tica)<\/td><\/tr><tr><td>Cr\u00e9dito: 04<\/td><\/tr><tr><td>Ementa: Avalia\u00e7\u00e3o de plantas forrageiras em etapas iniciais, incluindo a introdu\u00e7\u00e3o de novos materiais e estudos agron\u00f4micos de pequenas parcelas. Avalia\u00e7\u00e3o em experimentos de pastejo e medidas do valor nutritivo das forrageiras. Melhoramento de pastagens, consorcia\u00e7\u00e3o e sistema de produ\u00e7\u00e3o animal em pastagens. Produ\u00e7\u00e3o de sementes de plantas forrageiras.<\/td><\/tr><tr><td>Cursos para os quais \u00e9 ministrada: Agronomia-Produ\u00e7\u00e3o Vegetal<\/td><\/tr><tr><td>Professor Respons\u00e1vel: Prof. Dr. ANIBAL DE MORAES<\/td><\/tr><\/tbody><\/table><\/figure>\n\n\n\n<p>&nbsp;<\/p>\n","protected":false},"excerpt":{"rendered":"<p>&nbsp; N\u00edvel:&nbsp; MESTRADO\/DOUTORADO Natureza: SEMESTRAL Carga Hor\u00e1ria: 60 horas (30 te\u00f3rica\/30 pr\u00e1tica) Cr\u00e9dito: 04 Ementa: Avalia\u00e7\u00e3o de plantas forrageiras em etapas iniciais, incluindo a introdu\u00e7\u00e3o de novos materiais e estudos agron\u00f4micos de pequenas parcelas. Avalia\u00e7\u00e3o em experimentos de pastejo e medidas do valor nutritivo das forrageiras. Melhoramento de pastagens, consorcia\u00e7\u00e3o e sistema de produ\u00e7\u00e3o animal [&hellip;]<\/p>\n","protected":false},"author":3,"featured_media":0,"parent":0,"menu_order":0,"comment_status":"closed","ping_status":"closed","template":"","meta":{"footnotes":""},"class_list":["post-223","page","type-page","status-publish","hentry"],"_links":{"self":[{"href":"https:\/\/agrarias.ufpr.br\/pgapv\/wp-json\/wp\/v2\/pages\/223","targetHints":{"allow":["GET"]}}],"collection":[{"href":"https:\/\/agrarias.ufpr.br\/pgapv\/wp-json\/wp\/v2\/pages"}],"about":[{"href":"https:\/\/agrarias.ufpr.br\/pgapv\/wp-json\/wp\/v2\/types\/page"}],"author":[{"embeddable":true,"href":"https:\/\/agrarias.ufpr.br\/pgapv\/wp-json\/wp\/v2\/users\/3"}],"replies":[{"embeddable":true,"href":"https:\/\/agrarias.ufpr.br\/pgapv\/wp-json\/wp\/v2\/comments?post=223"}],"version-history":[{"count":4,"href":"https:\/\/agrarias.ufpr.br\/pgapv\/wp-json\/wp\/v2\/pages\/223\/revisions"}],"predecessor-version":[{"id":8153,"href":"https:\/\/agrarias.ufpr.br\/pgapv\/wp-json\/wp\/v2\/pages\/223\/revisions\/8153"}],"wp:attachment":[{"href":"https:\/\/agrarias.ufpr.br\/pgapv\/wp-json\/wp\/v2\/media?parent=223"}],"curies":[{"name":"wp","href":"https:\/\/api.w.org\/{rel}","templated":true}]}}