{"id":214,"date":"2018-07-03T14:15:01","date_gmt":"2018-07-03T14:15:01","guid":{"rendered":"https:\/\/agrarias.ufpr.br\/pgapv\/?page_id=214"},"modified":"2026-02-03T18:26:15","modified_gmt":"2026-02-03T18:26:15","slug":"unidades-de-apoio","status":"publish","type":"page","link":"https:\/\/agrarias.ufpr.br\/pgapv\/unidades-de-apoio\/","title":{"rendered":"Unidades de Apoio"},"content":{"rendered":"\n<p><a href=\"https:\/\/agrarias.ufpr.br\/pgapv\/area-de-ensino-pesquisa-e-extensao-em-plantas-medicinais-aromaticas-e-condimentares-nucleo-tematico-em-horticultura\/\">\u00c1rea de Ensino, Pesquisa e Extens\u00e3o em Plantas Medicinais, Arom\u00e1ticas e Condimentares (N\u00facleo Tem\u00e1tico em Horticultura)<\/a><\/p>\n\n\n\n<p><a href=\"https:\/\/agrarias.ufpr.br\/pgapv\/area-experimental-doencas-em-grandes-culturas\/\">\u00c1rea Experimental Doen\u00e7as em Grandes Culturas<\/a><\/p>\n\n\n\n<p><a href=\"https:\/\/agrarias.ufpr.br\/pgapv\/setor-de-fruticultura-pomar\/\">\u00c1rea Experimental de Fruticultura (Pomar)<\/a><\/p>\n\n\n\n<p><a href=\"https:\/\/agrarias.ufpr.br\/pgapv\/areas-experimentais-setor-palotina\/\">\u00c1reas Experimentais &#8211; Setor Palotina&nbsp;<\/a><\/p>\n\n\n\n<p><a href=\"https:\/\/agrarias.ufpr.br\/pgapv\/estacao-experimental-de-paranavai-setor-de-ciencias-agrarias\/\">Esta\u00e7\u00e3o Experimental de Paranava\u00ed<\/a><\/p>\n\n\n\n<p><a href=\"https:\/\/agrarias.ufpr.br\/pgapv\/nucleo-de-inovacao-tecnologica-em-agropecuaria-nita\/\">N\u00facleo de Inova\u00e7\u00e3o Tecnol\u00f3gica em Agropecu\u00e1ria (NITA)<\/a><\/p>\n","protected":false},"excerpt":{"rendered":"<p>\u00c1rea de Ensino, Pesquisa e Extens\u00e3o em Plantas Medicinais, Arom\u00e1ticas e Condimentares (N\u00facleo Tem\u00e1tico em Horticultura) \u00c1rea Experimental Doen\u00e7as em Grandes Culturas \u00c1rea Experimental de Fruticultura (Pomar) \u00c1reas Experimentais &#8211; Setor Palotina&nbsp; Esta\u00e7\u00e3o Experimental de Paranava\u00ed N\u00facleo de Inova\u00e7\u00e3o Tecnol\u00f3gica em Agropecu\u00e1ria (NITA)<\/p>\n","protected":false},"author":3,"featured_media":0,"parent":0,"menu_order":0,"comment_status":"closed","ping_status":"closed","template":"","meta":{"footnotes":""},"class_list":["post-214","page","type-page","status-publish","hentry"],"_links":{"self":[{"href":"https:\/\/agrarias.ufpr.br\/pgapv\/wp-json\/wp\/v2\/pages\/214","targetHints":{"allow":["GET"]}}],"collection":[{"href":"https:\/\/agrarias.ufpr.br\/pgapv\/wp-json\/wp\/v2\/pages"}],"about":[{"href":"https:\/\/agrarias.ufpr.br\/pgapv\/wp-json\/wp\/v2\/types\/page"}],"author":[{"embeddable":true,"href":"https:\/\/agrarias.ufpr.br\/pgapv\/wp-json\/wp\/v2\/users\/3"}],"replies":[{"embeddable":true,"href":"https:\/\/agrarias.ufpr.br\/pgapv\/wp-json\/wp\/v2\/comments?post=214"}],"version-history":[{"count":22,"href":"https:\/\/agrarias.ufpr.br\/pgapv\/wp-json\/wp\/v2\/pages\/214\/revisions"}],"predecessor-version":[{"id":7613,"href":"https:\/\/agrarias.ufpr.br\/pgapv\/wp-json\/wp\/v2\/pages\/214\/revisions\/7613"}],"wp:attachment":[{"href":"https:\/\/agrarias.ufpr.br\/pgapv\/wp-json\/wp\/v2\/media?parent=214"}],"curies":[{"name":"wp","href":"https:\/\/api.w.org\/{rel}","templated":true}]}}