{"id":207,"date":"2018-07-03T14:11:18","date_gmt":"2018-07-03T14:11:18","guid":{"rendered":"https:\/\/agrarias.ufpr.br\/pgapv\/?page_id=207"},"modified":"2026-02-03T18:32:18","modified_gmt":"2026-02-03T18:32:18","slug":"programa","status":"publish","type":"page","link":"https:\/\/agrarias.ufpr.br\/pgapv\/programa\/","title":{"rendered":"Programa"},"content":{"rendered":"\n<p><b><span style=\"vertical-align: inherit;\"><span style=\"vertical-align: inherit;\">NORMAS INTERNAS DO PROGRAMA PARA DISCENTES MATRICULADOS A PARTIR DE 2019<\/span><\/span><\/b><\/p>\n\n\n\n<p><a href=\"https:\/\/agrarias.ufpr.br\/pgapv\/wp-content\/uploads\/sites\/39\/2024\/02\/NORMA-01_2024-Composicao-e-Regulamenta-as-Eleicoes-para-Coordenador-Vice-Coordenador-e-Membros-do-Colegiado.pdf\"><span style=\"vertical-align: inherit;\"><span style=\"vertical-align: inherit;\">NORMA 01 &#8211; Composi\u00e7\u00e3o e Regulamentos das Elei\u00e7\u00f5es para Coordenador, Vice-Coordenador e Membros do Colegiado<\/span><\/span><\/a><\/p>\n\n\n\n<p><a href=\"https:\/\/agrarias.ufpr.br\/pgapv\/wp-content\/uploads\/sites\/39\/2018\/12\/NORMA-02-Atribui\u00e7\u00f5es-dos-Servidores-Locados-na-Secretaria.pdf\"><span style=\"vertical-align: inherit;\"><span style=\"vertical-align: inherit;\">NORMA 02 &#8211; Atribui\u00e7\u00f5es dos Servidores Locados na Secretaria<\/span><\/span><\/a><\/p>\n\n\n\n<p><a href=\"https:\/\/agrarias.ufpr.br\/pgapv\/wp-content\/uploads\/sites\/39\/2024\/11\/NORMA-03-Credenciamento-e-o-Descredenciamento-de-Docentes.pdf\"><span style=\"vertical-align: inherit;\"><span style=\"vertical-align: inherit;\">NORMA 03 &#8211; Credenciamento e Descredenciamento de Docentes<\/span><\/span><\/a><\/p>\n\n\n\n<ul class=\"wp-block-list\">\n<li><a href=\"https:\/\/agrarias.ufpr.br\/pgapv\/wp-content\/uploads\/sites\/39\/2024\/11\/Solicitacao-recredenciamento.docx\"><span style=\"vertical-align: inherit;\"><span style=\"vertical-align: inherit;\">Formul\u00e1rio de credenciamento\/recredenciamento docente (permanente\/colaborador) PGAPV (.docx)<\/span><\/span><\/a><\/li>\n<\/ul>\n\n\n\n<p><a href=\"https:\/\/agrarias.ufpr.br\/pgapv\/wp-content\/uploads\/sites\/39\/2025\/06\/NORMA-04-24-Curriculo-de-Disciplinas-1.pdf\"><span style=\"vertical-align: inherit;\"><span style=\"vertical-align: inherit;\">NORMA 04 &#8211; Curr\u00edculo de Disciplinas<\/span><\/span><\/a><\/p>\n\n\n\n<p><a href=\"https:\/\/agrarias.ufpr.br\/pgapv\/wp-content\/uploads\/sites\/39\/2018\/12\/NORMA-05-Normas-para-Matr\u00edcula-em-Disciplinas-Isoladas.pdf\"><span style=\"vertical-align: inherit;\"><span style=\"vertical-align: inherit;\">NORMA 05 &#8211; Normas para Matr\u00edcula em Disciplinas Isoladas<\/span><\/span><\/a><\/p>\n\n\n\n<p><a href=\"https:\/\/agrarias.ufpr.br\/pgapv\/wp-content\/uploads\/sites\/39\/2023\/04\/NORMA-06-Criterios-de-Ingresso-Selecao-Admissao-e-Matricula.pdf\"><span style=\"vertical-align: inherit;\"><span style=\"vertical-align: inherit;\">NORMA 06 &#8211; Crit\u00e9rios de Ingresso, Sele\u00e7\u00e3o, Admiss\u00e3o e Matr\u00edcula<\/span><\/span><\/a><\/p>\n\n\n\n<p><a href=\"https:\/\/agrarias.ufpr.br\/pgapv\/wp-content\/uploads\/sites\/39\/2025\/10\/NORMA_07_-_Selecao_de_bolsistas_assinado.pdf\"><span style=\"vertical-align: inherit;\"><span style=\"vertical-align: inherit;\">NORMA 07 &#8211; Sele\u00e7\u00e3o de bolsistas<\/span><\/span><\/a><\/p>\n\n\n\n<p><a href=\"https:\/\/agrarias.ufpr.br\/pgapv\/wp-content\/uploads\/sites\/39\/2024\/02\/NORMA-08-Numero-de-Creditos-Atividades-Curriculares-Complementares-e-outros-Requisitos.pdf\"><span style=\"vertical-align: inherit;\"><span style=\"vertical-align: inherit;\">NORMA 08 &#8211; N\u00famero de Cr\u00e9ditos, Atividades Curriculares Complementares e outros Requisitos<\/span><\/span><\/a><span style=\"vertical-align: inherit;\"><span style=\"vertical-align: inherit;\"> &#8211; Ingressos a partir de 2024<\/span><\/span><\/p>\n\n\n\n<p><a href=\"https:\/\/agrarias.ufpr.br\/pgapv\/wp-content\/uploads\/sites\/39\/2023\/04\/NORMA-08-Numero-de-Creditos-Atividades-Curriculares-Complementares-e-outros-Requisitos.pdf\"><span style=\"vertical-align: inherit;\"><span style=\"vertical-align: inherit;\">NORMA 08 &#8211; N\u00famero de Cr\u00e9ditos, Atividades Curriculares Complementares e outros Requisitos<\/span><\/span><\/a><span style=\"vertical-align: inherit;\"><span style=\"vertical-align: inherit;\"> &#8211; ingressos a partir de 2023<\/span><\/span><\/p>\n\n\n\n<p><a href=\"https:\/\/agrarias.ufpr.br\/pgapv\/wp-content\/uploads\/sites\/39\/2018\/12\/NORMA-09-Pr\u00e1tica-de-Doc\u00eancia.pdf\"><span style=\"vertical-align: inherit;\"><span style=\"vertical-align: inherit;\">NORMA 09 &#8211; Pr\u00e1tica de Doc\u00eancia<\/span><\/span><\/a><\/p>\n\n\n\n<p><a href=\"https:\/\/agrarias.ufpr.br\/pgapv\/wp-content\/uploads\/sites\/39\/2024\/02\/NORMA-10-Exame-de-Qualificacao-para-o-Nivel-de-Doutorado.pdf\"><span style=\"vertical-align: inherit;\"><span style=\"vertical-align: inherit;\">NORMA 10 &#8211; Exame de Qualifica\u00e7\u00e3o para o N\u00edvel de Doutorado<\/span><\/span><\/a><span style=\"vertical-align: inherit;\"><span style=\"vertical-align: inherit;\"> &#8211; ingressos a partir de 2024<\/span><\/span><\/p>\n\n\n\n<p><a href=\"https:\/\/agrarias.ufpr.br\/pgapv\/wp-content\/uploads\/sites\/39\/2023\/04\/NORMA-10-Exame-de-Qualificacao-para-o-Nivel-de-Doutorado.pdf\"><span style=\"vertical-align: inherit;\"><span style=\"vertical-align: inherit;\">NORMA 10 &#8211; Exame de Qualifica\u00e7\u00e3o para o N\u00edvel de Doutorado<\/span><\/span><\/a><span style=\"vertical-align: inherit;\"><span style=\"vertical-align: inherit;\"> &#8211; ingressos a partir de 2023<\/span><\/span><\/p>\n\n\n\n<p><a href=\"https:\/\/agrarias.ufpr.br\/pgapv\/wp-content\/uploads\/sites\/39\/2024\/02\/NORMA-11-Redacao-Registro-e-Deposito-de-Dissertacao-e-Tese-Atualizada.pdf\"><span style=\"vertical-align: inherit;\"><span style=\"vertical-align: inherit;\">NORMA 11 &#8211; Reda\u00e7\u00e3o, Registro e Dep\u00f3sito de Disserta\u00e7\u00e3o e Tese<\/span><\/span><\/a><\/p>\n\n\n\n<p><a href=\"https:\/\/agrarias.ufpr.br\/pgapv\/wp-content\/uploads\/sites\/39\/2024\/11\/NORMA-12-Pre-defesa-Defesa-e-Homologacao-ATUALIZADA.pdf\"><span style=\"vertical-align: inherit;\"><span style=\"vertical-align: inherit;\">NORMA 12 &#8211; Pr\u00e9-defesa, Defesa e Homologa\u00e7\u00e3o<\/span><\/span><\/a><\/p>\n\n\n\n<p><a href=\"https:\/\/agrarias.ufpr.br\/pgapv\/wp-content\/uploads\/sites\/39\/2023\/04\/NORMA-12-Pre-defesa-Defesa-e-Homologacao-ATUALIZADA.pdf\"><span style=\"vertical-align: inherit;\"><span style=\"vertical-align: inherit;\">NORMA 12 &#8211; Pr\u00e9-defesa, Defesa e Homologa\u00e7\u00e3o<\/span><\/span><\/a><span style=\"vertical-align: inherit;\"><span style=\"vertical-align: inherit;\"> &#8211; ingressos a partir de 2023<\/span><\/span><\/p>\n\n\n\n<p><a href=\"https:\/\/agrarias.ufpr.br\/pgapv\/wp-content\/uploads\/sites\/39\/2018\/12\/NORMA-13-Prazos-para-Conclus\u00e3o-do-Curso-de-Mestrado-e-Doutorado.pdf\"><span style=\"vertical-align: inherit;\"><span style=\"vertical-align: inherit;\">NORMA 13 &#8211; Prazos para Conclus\u00e3o do Curso de Mestrado e Doutorado<\/span><\/span><\/a><\/p>\n\n\n\n<p><a href=\"https:\/\/agrarias.ufpr.br\/pgapv\/wp-content\/uploads\/sites\/39\/2023\/04\/NORMA-13-Prazos-para-Conclusao-do-Curso-de-Mestrado-e-Doutorado.pdf\"><span style=\"vertical-align: inherit;\"><span style=\"vertical-align: inherit;\">NORMA 13 &#8211; Prazos para Conclus\u00e3o do Curso de Mestrado e Doutorado<\/span><\/span><\/a><span style=\"vertical-align: inherit;\"><span style=\"vertical-align: inherit;\"> &#8211; ingressos a partir de 2023<\/span><\/span><\/p>\n\n\n\n<p><a href=\"https:\/\/agrarias.ufpr.br\/pgapv\/wp-content\/uploads\/sites\/39\/2024\/12\/NORMA_14_-_Selecao_de_alunos_para_o_Programa_de_Doutorado_no_Pais_com_Estagio_no_Exterior_8093_PD.pdf\"><span style=\"vertical-align: inherit;\"><span style=\"vertical-align: inherit;\">NORMA 14 &#8211; Sele\u00e7\u00e3o de alunos para o Programa de Doutorado no Pa\u00eds com Est\u00e1gio no Exterior \u2013 PDSE<\/span><\/span><\/a><\/p>\n\n\n\n<p><a href=\"https:\/\/agrarias.ufpr.br\/pgapv\/wp-content\/uploads\/sites\/39\/2021\/03\/NORMA-15-P\u00f3s-doutorado.pdf\"><span style=\"vertical-align: inherit;\"><span style=\"vertical-align: inherit;\">NORMA 15 &#8211; P\u00f3s-doutorado<\/span><\/span><\/a><\/p>\n\n\n\n<p><a href=\"https:\/\/agrarias.ufpr.br\/pgapv\/wp-content\/uploads\/sites\/39\/2023\/01\/NORMA-16-Uso-de-Videoconferencia.pdf\"><span style=\"vertical-align: inherit;\"><span style=\"vertical-align: inherit;\">NORMA 16 &#8211; Uso de Videoconfer\u00eancia<\/span><\/span><\/a><\/p>\n","protected":false},"excerpt":{"rendered":"<p>NORMAS INTERNAS DO PROGRAMA PARA DISCENTES MATRICULADOS A PARTIR DE 2019 NORMA 01 &#8211; Composi\u00e7\u00e3o e Regulamentos das Elei\u00e7\u00f5es para Coordenador, Vice-Coordenador e Membros do Colegiado NORMA 02 &#8211; Atribui\u00e7\u00f5es dos Servidores Locados na Secretaria NORMA 03 &#8211; Credenciamento e Descredenciamento de Docentes NORMA 04 &#8211; Curr\u00edculo de Disciplinas NORMA 05 &#8211; Normas para Matr\u00edcula em Disciplinas Isoladas NORMA 06 &#8211; Crit\u00e9rios de Ingresso, Sele\u00e7\u00e3o, Admiss\u00e3o e Matr\u00edcula NORMA 07 &#8211; Sele\u00e7\u00e3o de bolsistas NORMA [&hellip;]<\/p>\n","protected":false},"author":3,"featured_media":0,"parent":0,"menu_order":0,"comment_status":"closed","ping_status":"closed","template":"","meta":{"footnotes":""},"class_list":["post-207","page","type-page","status-publish","hentry"],"_links":{"self":[{"href":"https:\/\/agrarias.ufpr.br\/pgapv\/wp-json\/wp\/v2\/pages\/207","targetHints":{"allow":["GET"]}}],"collection":[{"href":"https:\/\/agrarias.ufpr.br\/pgapv\/wp-json\/wp\/v2\/pages"}],"about":[{"href":"https:\/\/agrarias.ufpr.br\/pgapv\/wp-json\/wp\/v2\/types\/page"}],"author":[{"embeddable":true,"href":"https:\/\/agrarias.ufpr.br\/pgapv\/wp-json\/wp\/v2\/users\/3"}],"replies":[{"embeddable":true,"href":"https:\/\/agrarias.ufpr.br\/pgapv\/wp-json\/wp\/v2\/comments?post=207"}],"version-history":[{"count":73,"href":"https:\/\/agrarias.ufpr.br\/pgapv\/wp-json\/wp\/v2\/pages\/207\/revisions"}],"predecessor-version":[{"id":7623,"href":"https:\/\/agrarias.ufpr.br\/pgapv\/wp-json\/wp\/v2\/pages\/207\/revisions\/7623"}],"wp:attachment":[{"href":"https:\/\/agrarias.ufpr.br\/pgapv\/wp-json\/wp\/v2\/media?parent=207"}],"curies":[{"name":"wp","href":"https:\/\/api.w.org\/{rel}","templated":true}]}}