{"id":205,"date":"2018-07-03T14:09:49","date_gmt":"2018-07-03T14:09:49","guid":{"rendered":"https:\/\/agrarias.ufpr.br\/pgapv\/?page_id=205"},"modified":"2026-02-03T18:30:05","modified_gmt":"2026-02-03T18:30:05","slug":"universidade","status":"publish","type":"page","link":"https:\/\/agrarias.ufpr.br\/pgapv\/universidade\/","title":{"rendered":"Universidade"},"content":{"rendered":"\n<p><b>NORMAS DA UFPR<\/b><\/p>\n\n\n\n<p><a href=\"http:\/\/www.prppg.ufpr.br\/site\/wp-content\/uploads\/2020\/04\/portaria-n-55-de-29-de-abril-de-2020-portaria-n-55-de-29-de-abril-de-2020-dou-imprensa-nacional.pdf\">Portaria 55 CAPES<\/a> &#8211; Revogada pela <a href=\"https:\/\/agrarias.ufpr.br\/pgapv\/wp-content\/uploads\/sites\/39\/2023\/01\/PortariaCAPES107_2022_RevogaParcelasExcepcionaisBolsas.pdf\">Portaria 107\/2022 &#8211; CAPES<\/a><\/p>\n\n\n\n<p><a href=\"https:\/\/agrarias.ufpr.br\/pgapv\/wp-content\/uploads\/sites\/39\/2023\/01\/RESOLUCAO-52-22-CEPE.pdf\">Resolu\u00e7\u00e3o 52\/22 &#8211; altera a resolu\u00e7\u00e3o n\u00ba32\/17-CEPE<\/a> (bancas de defesa)<br><a href=\"https:\/\/agrarias.ufpr.br\/pgapv\/wp-content\/uploads\/sites\/39\/2022\/04\/Resolucao-07-2022-Defesas.pdf\">Resolu\u00e7\u00e3o 07\/22 &#8211; Estabelece a forma apresenta\u00e7\u00e3o de defesas de mestrado\/doutorado da UFPR<\/a><br><a href=\"http:\/\/www.prppg.ufpr.br\/site\/wp-content\/uploads\/2020\/05\/resolucao-n-43-2020-cepe.pdf\">Resolu\u00e7\u00e3o 43\/20 &#8211; Estabelece per\u00edodo especial para curso de p\u00f3s-gradua\u00e7\u00e3o da UFPR<\/a><br><a href=\"https:\/\/agrarias.ufpr.br\/pgapv\/wp-content\/uploads\/sites\/39\/2018\/09\/Resolucao-16-18-cepe-ps-doc.pdf\">Resolu\u00e7\u00e3o 16\/18 &#8211; Normas para est\u00e1gio de p\u00f3s-doutorado<\/a><br><a href=\"https:\/\/agrarias.ufpr.br\/pgapv\/wp-content\/uploads\/sites\/39\/2018\/07\/cepe3217.pdf\">Resolu\u00e7\u00e3o 32\/17 &#8211; Normas gerais para os cursos de p\u00f3s-gradua\u00e7\u00e3o da UFPR.<\/a><br><a href=\"https:\/\/agrarias.ufpr.br\/pgapv\/wp-content\/uploads\/sites\/39\/2018\/07\/5915cepe.pdf\">Resolu\u00e7\u00e3o 59\/15 &#8211; Normas para o Programa Professor Pesquisador S\u00eanior na UFPR<\/a><\/p>\n","protected":false},"excerpt":{"rendered":"<p>NORMAS DA UFPR Portaria 55 CAPES &#8211; Revogada pela Portaria 107\/2022 &#8211; CAPES Resolu\u00e7\u00e3o 52\/22 &#8211; altera a resolu\u00e7\u00e3o n\u00ba32\/17-CEPE (bancas de defesa)Resolu\u00e7\u00e3o 07\/22 &#8211; Estabelece a forma apresenta\u00e7\u00e3o de defesas de mestrado\/doutorado da UFPRResolu\u00e7\u00e3o 43\/20 &#8211; Estabelece per\u00edodo especial para curso de p\u00f3s-gradua\u00e7\u00e3o da UFPRResolu\u00e7\u00e3o 16\/18 &#8211; Normas para est\u00e1gio de p\u00f3s-doutoradoResolu\u00e7\u00e3o 32\/17 &#8211; [&hellip;]<\/p>\n","protected":false},"author":3,"featured_media":0,"parent":0,"menu_order":0,"comment_status":"closed","ping_status":"closed","template":"","meta":{"footnotes":""},"class_list":["post-205","page","type-page","status-publish","hentry"],"_links":{"self":[{"href":"https:\/\/agrarias.ufpr.br\/pgapv\/wp-json\/wp\/v2\/pages\/205","targetHints":{"allow":["GET"]}}],"collection":[{"href":"https:\/\/agrarias.ufpr.br\/pgapv\/wp-json\/wp\/v2\/pages"}],"about":[{"href":"https:\/\/agrarias.ufpr.br\/pgapv\/wp-json\/wp\/v2\/types\/page"}],"author":[{"embeddable":true,"href":"https:\/\/agrarias.ufpr.br\/pgapv\/wp-json\/wp\/v2\/users\/3"}],"replies":[{"embeddable":true,"href":"https:\/\/agrarias.ufpr.br\/pgapv\/wp-json\/wp\/v2\/comments?post=205"}],"version-history":[{"count":14,"href":"https:\/\/agrarias.ufpr.br\/pgapv\/wp-json\/wp\/v2\/pages\/205\/revisions"}],"predecessor-version":[{"id":7621,"href":"https:\/\/agrarias.ufpr.br\/pgapv\/wp-json\/wp\/v2\/pages\/205\/revisions\/7621"}],"wp:attachment":[{"href":"https:\/\/agrarias.ufpr.br\/pgapv\/wp-json\/wp\/v2\/media?parent=205"}],"curies":[{"name":"wp","href":"https:\/\/api.w.org\/{rel}","templated":true}]}}