{"id":1966,"date":"2018-10-10T10:47:38","date_gmt":"2018-10-10T10:47:38","guid":{"rendered":"https:\/\/agrarias.ufpr.br\/pgapv\/?page_id=1966"},"modified":"2026-03-23T13:01:06","modified_gmt":"2026-03-23T13:01:06","slug":"agro-7053-manejo-de-pastagens-em-sipa","status":"publish","type":"page","link":"https:\/\/agrarias.ufpr.br\/pgapv\/agro-7053-manejo-de-pastagens-em-sipa\/","title":{"rendered":"AGRO 7053 &#8211; Manejo de Pastagens em SIPA"},"content":{"rendered":"\n<p><strong>N\u00edvel<\/strong><\/p>\n\n\n\n<p>Mestrado\/Doutorado<\/p>\n\n\n\n<p><strong>Natureza<\/strong><\/p>\n\n\n\n<p>Concentrada<\/p>\n\n\n\n<p><strong>Cr\u00e9ditos <\/strong><\/p>\n\n\n\n<p>04<\/p>\n\n\n\n<p><strong>Carga hor\u00e1ria<\/strong><\/p>\n\n\n\n<p>60 horas<\/p>\n\n\n\n<p><strong>Ementa<\/strong><\/p>\n\n\n\n<p>Conceitos em manejo de pastagens e do pastejo. M\u00e9todos de pastoreio cont\u00ednuo e rotativo. Impacto da pastagem nas rota\u00e7\u00f5es agr\u00edcolas.<\/p>\n\n\n\n<p><strong>Semestre<\/strong><\/p>\n\n\n\n<p>2\u00ba&nbsp;<\/p>\n\n\n\n<p><strong>Dia\/Hor\u00e1rio<\/strong><\/p>\n\n\n\n<p>A definir<\/p>\n\n\n\n<p><strong>Docente<\/strong><\/p>\n\n\n\n<p><a href=\"https:\/\/agrarias.ufpr.br\/pgapv\/paulo-cesar-de-faccio-carvalho\/\">Paulo C\u00e9sar de Faccio Carvalho<\/a><\/p>\n\n\n\n<p><strong>Bibliografia Recomendada<\/strong><\/p>\n\n\n\n<p>BRISKE, D.D.; DERNER, J.D.; BROWN, J.R; FUHLENDORF, S.D.; TEAGUE, W.R.; HAVSTAD, K.M.; GILLEN, R.L.; ASH, A.J.; WILLMS, W.D. Rotational Grazing on Rangelands: Reconciliation of Perception and Experimental Evidence. Rangel. Ecol. Manage. 61, 3\u201317, 2008.<\/p>\n\n\n\n<p>CARVALHO, P. C. F. 2013. Harry Stobbs Memorial Lecture: Can grazing behaviour support innovations in grassland management? Tropical Grasslands \u2013 Forrajes Tropicales, v. 1, p. 137-155, 2013.<\/p>\n\n\n\n<p>CONGIO, G.F.S., BATALHA, C.D.A., CHIAVEGATO, M.B., BERNDT, A., OLIVEIRA, P.P.A., FRIGHETTO, R.T.S., MAXWELL, T.M.R., GREGORINI, P., DA SILVA, S.C. Strategic grazing management towards sustainable intensification at tropical pasture-based dairy systems. Sci. Total Environ. 636, 872\u2013880. 2018.<\/p>\n\n\n\n<p>GORDON, I.J.; PRINS, H.H.T.; SQUIRE, G.R. Food production and nature conservation: conflicts and solutions. Taylor &amp; Francis, 342p. 2017.<\/p>\n\n\n\n<p>DI VIRGILIO, A.; LAMBERTUCCI, S.A.; MORALES, J.M. Sustainable grazing management in rangelands: Over a century searching for a silver bullet. Agriculture, Ecosystems and Environment. v.283, n. 106561, 2019.<\/p>\n\n\n\n<p>SAVIAN, J. V. ; SCHONS, R. M. T. ; MEZZALIRA, J. C. ; BARTH NETO, A. ; DA SILVA NETO, G. F. ; BENVENUTTI, M. A. ; CARVALHO, P. C. DE F. . A comparison of two rotational stocking strategies on the foraging behaviour and herbage intake by grazing sheep. Animal, v. 1, p. 1-8, 2020.<\/p>\n\n\n\n<p>SAVIAN, JEAN V\u00cdCTOR ; SCHONS, RADAEL MARINHO TRES ; DE SOUZA FILHO, WILLIAM ; ZUBIETA, ANGEL S\u00c1NCHEZ ; KINDLEIN, LIRIS ; BINDELLE, J\u00c9R\u00d4ME ; BAYER, Cim\u00e9lio ; Bremm, Carolina ; DE FACCIO CARVALHO, PAULO C\u00c9SAR . `Rotatinuous\u2019 stocking is a win-win grazing management strategy that allows high lamb meat production with environmental sustainability: An example of climate-smart livestock production. SCIENCE OF THE TOTAL ENVIRONMENT, v. 749, p. 141790, 2020.<\/p>\n\n\n\n<p>Carvalho, Paulo C\u00e9sar de Faccio; BARRO, RAQUEL SANTIAGO ; BARTH NETO, ARMINDO ; NUNES, PEDRO ARTHUR DE ALBUQUERQUE ; MORAES, Anibal de ; ANGHINONI, Ibanor ; BREDEMEIER, CHRISTIAN ; BAYER, Cim\u00e9lio ; Martins, Amanda Posselt ; KUNRATH, Taise Robinson ; SANTOS, Davi Teixeira dos ; CARMONA, FELIPE DE CAMPOS ; BARROS, THIAGO ; SOUZA FILHO, WILLIAM DE ; ALMEIDA, GLEICE MENEZES DE ; CAETANO, LUIS AUGUSTO MARTINS ; CECAGNO, DIEGO ; ARNUTI, FERNANDO ; DENARDIN, LUIZ GUSTAVO DE OLIVEIRA ; BONETTI, JO\u00c3O DE ANDRADE ; TONI, CEZAR AUGUSTO GAMA DE ; BORIN, JOS\u00c9 BERNARDO MORAES . Integrating the pastoral component in agricultural systems. REVISTA BRASILEIRA DE ZOOTECNIA-BRAZILIAN JOURNAL OF ANIMAL SCIENCE, v. 47, p. 1-12, 2018.<\/p>\n\n\n\n<p>Carvalho, Paulo C\u00e9sar de Faccio; PETERSON, CAITLIN ADAIR ; NUNES, PEDRO ARTHUR DE ALBUQUERQUE ; Martins, Amanda Posselt ; DE SOUZA FILHO, WILLIAM ; BERTOLAZI, VANESSA THOMA ; KUNRATH, TA\u00cdSE ROBINSON ; DE MORAES, AN\u00cdBAL ; ANGHINONI, Ibanor . Animal production and soil characteristics from integrated crop-livestock systems: toward sustainable intensification. JOURNAL OF ANIMAL SCIENCE, v. 96, p. 3513-3525, 2018.<\/p>\n\n\n\n<p>LEMAIRE, GILLES ; De Faccio Carvalho, P.C. ; KRONBERG, S. ; RECOUS, S. . Agroecosystem Diversity: reconciling contemporary agriculture and environmental quality. 1. ed. Oxford: Academic Press &#8211; Elsevier, 2019.Souza, Edicarlos Damacena ; SILVA, FRANCINE DAMIAN DA ; Assmann, Tangriani Simioni ; CARNEIRO, M. A. C. ; de Faccio Carvalho, Paulo C. ; PAULINO, H. B. . Sistemas Integrados de Produ\u00e7\u00e3o Agropecu\u00e1ria no Brasil. 1. ed. Tubar\u00e3o: Copiart, 2018. v. 1. 342p .<\/p>\n\n\n","protected":false},"excerpt":{"rendered":"<p>N\u00edvel Mestrado\/Doutorado Natureza Concentrada Cr\u00e9ditos 04 Carga hor\u00e1ria 60 horas Ementa Conceitos em manejo de pastagens e do pastejo. M\u00e9todos de pastoreio cont\u00ednuo e rotativo. Impacto da pastagem nas rota\u00e7\u00f5es agr\u00edcolas. Semestre 2\u00ba&nbsp; Dia\/Hor\u00e1rio A definir Docente Paulo C\u00e9sar de Faccio Carvalho Bibliografia Recomendada BRISKE, D.D.; DERNER, J.D.; BROWN, J.R; FUHLENDORF, S.D.; TEAGUE, W.R.; HAVSTAD, K.M.; GILLEN, R.L.; ASH, A.J.; WILLMS, W.D. Rotational Grazing on Rangelands: Reconciliation of Perception and Experimental Evidence. Rangel. Ecol. Manage. [&hellip;]<\/p>\n","protected":false},"author":10266,"featured_media":0,"parent":0,"menu_order":0,"comment_status":"closed","ping_status":"closed","template":"","meta":{"footnotes":""},"class_list":["post-1966","page","type-page","status-publish","hentry"],"_links":{"self":[{"href":"https:\/\/agrarias.ufpr.br\/pgapv\/wp-json\/wp\/v2\/pages\/1966","targetHints":{"allow":["GET"]}}],"collection":[{"href":"https:\/\/agrarias.ufpr.br\/pgapv\/wp-json\/wp\/v2\/pages"}],"about":[{"href":"https:\/\/agrarias.ufpr.br\/pgapv\/wp-json\/wp\/v2\/types\/page"}],"author":[{"embeddable":true,"href":"https:\/\/agrarias.ufpr.br\/pgapv\/wp-json\/wp\/v2\/users\/10266"}],"replies":[{"embeddable":true,"href":"https:\/\/agrarias.ufpr.br\/pgapv\/wp-json\/wp\/v2\/comments?post=1966"}],"version-history":[{"count":7,"href":"https:\/\/agrarias.ufpr.br\/pgapv\/wp-json\/wp\/v2\/pages\/1966\/revisions"}],"predecessor-version":[{"id":7677,"href":"https:\/\/agrarias.ufpr.br\/pgapv\/wp-json\/wp\/v2\/pages\/1966\/revisions\/7677"}],"wp:attachment":[{"href":"https:\/\/agrarias.ufpr.br\/pgapv\/wp-json\/wp\/v2\/media?parent=1966"}],"curies":[{"name":"wp","href":"https:\/\/api.w.org\/{rel}","templated":true}]}}