{"id":195,"date":"2018-07-03T13:55:11","date_gmt":"2018-07-03T13:55:11","guid":{"rendered":"https:\/\/agrarias.ufpr.br\/pgapv\/?page_id=195"},"modified":"2026-04-07T23:53:50","modified_gmt":"2026-04-07T23:53:50","slug":"apv-7017-matologia","status":"publish","type":"page","link":"https:\/\/agrarias.ufpr.br\/pgapv\/apv-7017-matologia\/","title":{"rendered":"APV 7017 &#8211; Matologia"},"content":{"rendered":"\n<figure class=\"wp-block-image\"><img loading=\"lazy\" decoding=\"async\" width=\"1024\" height=\"369\" src=\"https:\/\/agrarias.ufpr.br\/pgapv\/wp-content\/uploads\/sites\/39\/2018\/07\/foto-pos-gd-logo-maior-1024x369.jpg\" alt=\"foto-pos-gd-logo-maior\" class=\"wp-image-196\" srcset=\"https:\/\/agrarias.ufpr.br\/pgapv\/wp-content\/uploads\/sites\/39\/2018\/07\/foto-pos-gd-logo-maior-1024x369.jpg 1024w, https:\/\/agrarias.ufpr.br\/pgapv\/wp-content\/uploads\/sites\/39\/2018\/07\/foto-pos-gd-logo-maior-300x108.jpg 300w, https:\/\/agrarias.ufpr.br\/pgapv\/wp-content\/uploads\/sites\/39\/2018\/07\/foto-pos-gd-logo-maior-768x277.jpg 768w, https:\/\/agrarias.ufpr.br\/pgapv\/wp-content\/uploads\/sites\/39\/2018\/07\/foto-pos-gd-logo-maior-250x90.jpg 250w, https:\/\/agrarias.ufpr.br\/pgapv\/wp-content\/uploads\/sites\/39\/2018\/07\/foto-pos-gd-logo-maior-160x58.jpg 160w, https:\/\/agrarias.ufpr.br\/pgapv\/wp-content\/uploads\/sites\/39\/2018\/07\/foto-pos-gd-logo-maior.jpg 1094w\" sizes=\"auto, (max-width: 1024px) 100vw, 1024px\" \/><\/figure>\n\n\n\n<p><\/p>\n\n\n\n<figure class=\"wp-block-table\"><table class=\"has-fixed-layout\"><tbody><tr><td>N\u00edvel: MESTRADO\/DOUTORADO<\/td><\/tr><tr><td>Natureza: SEMESTRAL<\/td><\/tr><tr><td>Carga Hor\u00e1ria: 60 horas (30 hs te\u00f3ricas \/ 30 hs pr\u00e1ticas)<\/td><\/tr><tr><td>Cr\u00e9dito: 04<\/td><\/tr><tr><td>Ementa: Estudo da dinamica populacional de plantas daninhas relacionados aos diferentes metodos de controle no uso atual do solo. Atividade biol\u00f3gica dos herbicidas relacionados a absor\u00e7\u00e3o e transloca\u00e7\u00e3o na planta, seletividade topon\u00f4mica, morfol\u00f3gica, fisiol\u00f3gica e bioquimica, comportamento no solo, persistencia no ambiente e biodegrada\u00e7\u00e3o. Sistemas de produ\u00e7\u00e3o de culturas correlacionadas com a competi\u00e7\u00e3o e alelopatia por plantas daninhas e controle integrado.<\/td><\/tr><tr><td>Cursos para os quais \u00e9 ministrada:\n<p>AGRONOMIA &#8211; PRODU\u00c7\u00c3O VEGETAL<\/p>\n<\/td><\/tr><tr><td>Professor Respons\u00e1vel: Prof. Dr. Adelino Pelissari<\/td><\/tr><\/tbody><\/table><\/figure>\n","protected":false},"excerpt":{"rendered":"<p>N\u00edvel: MESTRADO\/DOUTORADO Natureza: SEMESTRAL Carga Hor\u00e1ria: 60 horas (30 hs te\u00f3ricas \/ 30 hs pr\u00e1ticas) Cr\u00e9dito: 04 Ementa: Estudo da dinamica populacional de plantas daninhas relacionados aos diferentes metodos de controle no uso atual do solo. Atividade biol\u00f3gica dos herbicidas relacionados a absor\u00e7\u00e3o e transloca\u00e7\u00e3o na planta, seletividade topon\u00f4mica, morfol\u00f3gica, fisiol\u00f3gica e bioquimica, comportamento no [&hellip;]<\/p>\n","protected":false},"author":3,"featured_media":0,"parent":0,"menu_order":0,"comment_status":"closed","ping_status":"closed","template":"","meta":{"footnotes":""},"class_list":["post-195","page","type-page","status-publish","hentry"],"_links":{"self":[{"href":"https:\/\/agrarias.ufpr.br\/pgapv\/wp-json\/wp\/v2\/pages\/195","targetHints":{"allow":["GET"]}}],"collection":[{"href":"https:\/\/agrarias.ufpr.br\/pgapv\/wp-json\/wp\/v2\/pages"}],"about":[{"href":"https:\/\/agrarias.ufpr.br\/pgapv\/wp-json\/wp\/v2\/types\/page"}],"author":[{"embeddable":true,"href":"https:\/\/agrarias.ufpr.br\/pgapv\/wp-json\/wp\/v2\/users\/3"}],"replies":[{"embeddable":true,"href":"https:\/\/agrarias.ufpr.br\/pgapv\/wp-json\/wp\/v2\/comments?post=195"}],"version-history":[{"count":2,"href":"https:\/\/agrarias.ufpr.br\/pgapv\/wp-json\/wp\/v2\/pages\/195\/revisions"}],"predecessor-version":[{"id":8152,"href":"https:\/\/agrarias.ufpr.br\/pgapv\/wp-json\/wp\/v2\/pages\/195\/revisions\/8152"}],"wp:attachment":[{"href":"https:\/\/agrarias.ufpr.br\/pgapv\/wp-json\/wp\/v2\/media?parent=195"}],"curies":[{"name":"wp","href":"https:\/\/api.w.org\/{rel}","templated":true}]}}