{"id":1870,"date":"2018-09-28T12:23:59","date_gmt":"2018-09-28T12:23:59","guid":{"rendered":"https:\/\/agrarias.ufpr.br\/pgapv\/?page_id=1870"},"modified":"2026-03-18T12:13:58","modified_gmt":"2026-03-18T12:13:58","slug":"pos-doutorado","status":"publish","type":"page","link":"https:\/\/agrarias.ufpr.br\/pgapv\/pos-doutorado\/","title":{"rendered":"P\u00f3s-Doutorado"},"content":{"rendered":"\n<p><a href=\"https:\/\/agrarias.ufpr.br\/pgapv\/wp-content\/uploads\/sites\/39\/2025\/05\/012.2025_assinado.pdf\">Edital 012\/2025<\/a> \u2013 Inscri\u00e7\u00e3o Sele\u00e7\u00e3o P\u00f3s-Doutorado Volunt\u00e1rio Fluxo Cont\u00ednuo<\/p>\n\n\n\n<p>Formul\u00e1rio Inscri\u00e7\u00e3o via SIGA de <strong>Maio\/2025 a 31 de Mar\u00e7o\/2026<\/strong><\/p>\n\n\n\n<ul class=\"wp-block-list\">\n<li><a href=\"https:\/\/siga.ufpr.br\/siga\/visitante\/processoseletivo\/index.jsp?sequencial=4788\">P\u00f3s-Doutorado<\/a><\/li>\n\n\n\n<li><a href=\"https:\/\/agrarias.ufpr.br\/pgapv\/wp-content\/uploads\/sites\/39\/2025\/05\/ANEXO-I-PDoc.pdf\">Anexo I<\/a><\/li>\n<\/ul>\n\n\n\n<p><a href=\"https:\/\/agrarias.ufpr.br\/pgapv\/wp-content\/uploads\/sites\/39\/2026\/03\/006.2026_assinado.pdf\">Edital 006\/2026<\/a> &#8211; Resultado Sele\u00e7\u00e3o P\u00f3s-Doutorado Projeto NAPI Inova Vitis <\/p>\n\n\n\n\n\n<p><strong>PIPD<\/strong><\/p>\n\n\n\n<p><a href=\"https:\/\/agrarias.ufpr.br\/pgapv\/wp-content\/uploads\/sites\/39\/2025\/12\/028.2025_assinado.pdf\">Edital 028\/2025<\/a> &#8211; Resultado Sele\u00e7\u00e3o P\u00f3s-Doutorado (Bolsa CAPES\/PIPD)<\/p>\n\n\n\n<p><a href=\"https:\/\/agrarias.ufpr.br\/pgapv\/wp-content\/uploads\/sites\/39\/2025\/11\/025.2025_assinado-1.pdf\">Edital 025\/2025<\/a> &#8211; Sele\u00e7\u00e3o P\u00f3s-Doutorado com Bolsa CAPES\/PIPD<\/p>\n","protected":false},"excerpt":{"rendered":"<p>Edital 012\/2025 \u2013 Inscri\u00e7\u00e3o Sele\u00e7\u00e3o P\u00f3s-Doutorado Volunt\u00e1rio Fluxo Cont\u00ednuo Formul\u00e1rio Inscri\u00e7\u00e3o via SIGA de Maio\/2025 a 31 de Mar\u00e7o\/2026 Edital 006\/2026 &#8211; Resultado Sele\u00e7\u00e3o P\u00f3s-Doutorado Projeto NAPI Inova Vitis PIPD Edital 028\/2025 &#8211; Resultado Sele\u00e7\u00e3o P\u00f3s-Doutorado (Bolsa CAPES\/PIPD) Edital 025\/2025 &#8211; Sele\u00e7\u00e3o P\u00f3s-Doutorado com Bolsa CAPES\/PIPD<\/p>\n","protected":false},"author":3,"featured_media":0,"parent":0,"menu_order":0,"comment_status":"closed","ping_status":"closed","template":"","meta":{"footnotes":""},"class_list":["post-1870","page","type-page","status-publish","hentry"],"_links":{"self":[{"href":"https:\/\/agrarias.ufpr.br\/pgapv\/wp-json\/wp\/v2\/pages\/1870","targetHints":{"allow":["GET"]}}],"collection":[{"href":"https:\/\/agrarias.ufpr.br\/pgapv\/wp-json\/wp\/v2\/pages"}],"about":[{"href":"https:\/\/agrarias.ufpr.br\/pgapv\/wp-json\/wp\/v2\/types\/page"}],"author":[{"embeddable":true,"href":"https:\/\/agrarias.ufpr.br\/pgapv\/wp-json\/wp\/v2\/users\/3"}],"replies":[{"embeddable":true,"href":"https:\/\/agrarias.ufpr.br\/pgapv\/wp-json\/wp\/v2\/comments?post=1870"}],"version-history":[{"count":37,"href":"https:\/\/agrarias.ufpr.br\/pgapv\/wp-json\/wp\/v2\/pages\/1870\/revisions"}],"predecessor-version":[{"id":7836,"href":"https:\/\/agrarias.ufpr.br\/pgapv\/wp-json\/wp\/v2\/pages\/1870\/revisions\/7836"}],"wp:attachment":[{"href":"https:\/\/agrarias.ufpr.br\/pgapv\/wp-json\/wp\/v2\/media?parent=1870"}],"curies":[{"name":"wp","href":"https:\/\/api.w.org\/{rel}","templated":true}]}}