{"id":1868,"date":"2018-09-28T12:23:08","date_gmt":"2018-09-28T12:23:08","guid":{"rendered":"https:\/\/agrarias.ufpr.br\/pgapv\/?page_id=1868"},"modified":"2026-02-03T18:35:50","modified_gmt":"2026-02-03T18:35:50","slug":"capes-pdse","status":"publish","type":"page","link":"https:\/\/agrarias.ufpr.br\/pgapv\/capes-pdse\/","title":{"rendered":"CAPES\/PDSE"},"content":{"rendered":"\n<p><strong>2\u00aa CHAMADA<\/strong><\/p>\n\n\n\n<p><a href=\"https:\/\/agrarias.ufpr.br\/pgapv\/wp-content\/uploads\/sites\/39\/2025\/11\/027.2025_assinado-2.pdf\">Edital 027\/2025<\/a> &#8211; Resultado\/Classifica\u00e7\u00e3o Bolsa Doutorado Sandu\u00edche CAPES\/PDSE 2026 (2\u00aa chamada)<\/p>\n\n\n\n<ul class=\"wp-block-list\">\n<li>Recurso at\u00e9 \u00e0s 23:59hs do dia 30\/11\/2025<\/li>\n<\/ul>\n\n\n\n<p><a href=\"https:\/\/agrarias.ufpr.br\/pgapv\/wp-content\/uploads\/sites\/39\/2025\/11\/026.2025_assinado.pdf\">Edital 026\/2025<\/a> &#8211; Homologa\u00e7\u00e3o das inscri\u00e7\u00f5es &#8211; Sele\u00e7\u00e3o Doutorado Sandu\u00edche CAPES\/PDSE (2\u00aa chamada)<\/p>\n\n\n\n<p><a href=\"https:\/\/agrarias.ufpr.br\/pgapv\/wp-content\/uploads\/sites\/39\/2025\/10\/022.2025_assinado.pdf\">Edital 022\/2025<\/a> &#8211; Sele\u00e7\u00e3o Doutorado Sandu\u00edche CAPES\/PDSE<\/p>\n\n\n\n<p><a href=\"https:\/\/www.gov.br\/capes\/pt-br\/centrais-de-conteudo\/editais\/21082025_Edital_2662823_SEI_2661209_Edital_n__17_2025.pdf\">Edital 017\/2025 \u2013 CAPES\/PDSE<\/a> e <a href=\"https:\/\/www.gov.br\/capes\/pt-br\/centrais-de-conteudo\/editais\/08102025_Edital_2696973_SEI_2695934_Edital_17_2025__.pdf\">Edital alterado CAPES\/PDSE<\/a>&nbsp;&nbsp;<\/p>\n\n\n\n<p><a href=\"https:\/\/www.prppg.ufpr.br\/site\/wp-content\/uploads\/2025\/08\/sei_8082966_edital_04_2025.pdf\">Edital 04\/2025 UFPR\/PROPG\/SIPROP<\/a><\/p>\n\n\n\n<ul class=\"wp-block-list\">\n<li>Inscri\u00e7\u00e3o at\u00e9 \u00e0s<strong> 23:59hs do dia 23\/11\/2025<\/strong><\/li>\n\n\n\n<li><a href=\"https:\/\/agrarias.ufpr.br\/pgapv\/wp-content\/uploads\/sites\/39\/2025\/10\/Anexo-1-Tabela-avaliacao-bolsista-PGAPV-2025-PDSE.xlsx\">ANEXO I<\/a> \u2013 Pontua\u00e7\u00e3o (tabela corrigida)<\/li>\n<\/ul>\n\n\n\n<p><strong>1\u00aa CHAMADA<\/strong><\/p>\n\n\n\n<p><a href=\"https:\/\/agrarias.ufpr.br\/pgapv\/wp-content\/uploads\/sites\/39\/2025\/09\/018.2025-PDSE_Resultado_2025.pdf\"><strong>Edital 018\/2025<\/strong><\/a> \u2013 Resultado Sele\u00e7\u00e3o Bolsa CAPES\/PDSE 2026<\/p>\n\n\n\n<p><a href=\"https:\/\/agrarias.ufpr.br\/pgapv\/wp-content\/uploads\/sites\/39\/2025\/08\/017.2025.pdf\"><strong>Edital 017\/2025<\/strong><\/a> \u2013 Sele\u00e7\u00e3o Doutorado Sandu\u00edche CAPES\/PDSE<\/p>\n\n\n\n<ul class=\"wp-block-list\">\n<li><a href=\"https:\/\/agrarias.ufpr.br\/pgapv\/wp-content\/uploads\/sites\/39\/2025\/08\/tabela-avaliacao-bolsista-PGAPV-2025.xlsx\">ANEXO I<\/a> \u2013 Pontua\u00e7\u00e3o (tabela corrigida)<\/li>\n\n\n\n<li>Inscri\u00e7\u00e3o at\u00e9 \u00e0s<strong> 23:59hs do dia 13\/09\/2025<\/strong><\/li>\n\n\n\n<li><a href=\"https:\/\/www.gov.br\/capes\/pt-br\/acesso-a-informacao\/acoes-e-programas\/bolsas\/bolsas-e-auxilios-internacionais\/encontre-aqui\/paises\/multinacional\/programa-de-doutorado-sanduiche-no-exterior-pdse\">Edital 017\/2025 \u2013 CAPES\/PDSE<\/a><\/li>\n\n\n\n<li><a href=\"https:\/\/www.prppg.ufpr.br\/site\/wp-content\/uploads\/2025\/08\/sei_8077552_edital_3_2025.pdf\" target=\"_blank\" rel=\"noreferrer noopener\">Edital 03\/2025 \u2013 UFPR\/PROPG\/SIPROP<\/a><\/li>\n<\/ul>\n\n\n\n<p><a href=\"https:\/\/agrarias.ufpr.br\/pgapv\/wp-content\/uploads\/sites\/39\/2024\/12\/021.2024_assinado.pdf\"><strong>Edital 021\/2024<\/strong><\/a> \u2013 Resultado Sele\u00e7\u00e3o Bolsa PDSE 2025<\/p>\n\n\n\n<p><\/p>\n","protected":false},"excerpt":{"rendered":"<p>2\u00aa CHAMADA Edital 027\/2025 &#8211; Resultado\/Classifica\u00e7\u00e3o Bolsa Doutorado Sandu\u00edche CAPES\/PDSE 2026 (2\u00aa chamada) Edital 026\/2025 &#8211; Homologa\u00e7\u00e3o das inscri\u00e7\u00f5es &#8211; Sele\u00e7\u00e3o Doutorado Sandu\u00edche CAPES\/PDSE (2\u00aa chamada) Edital 022\/2025 &#8211; Sele\u00e7\u00e3o Doutorado Sandu\u00edche CAPES\/PDSE Edital 017\/2025 \u2013 CAPES\/PDSE e Edital alterado CAPES\/PDSE&nbsp;&nbsp; Edital 04\/2025 UFPR\/PROPG\/SIPROP 1\u00aa CHAMADA Edital 018\/2025 \u2013 Resultado Sele\u00e7\u00e3o Bolsa CAPES\/PDSE 2026 Edital 017\/2025 \u2013 Sele\u00e7\u00e3o Doutorado Sandu\u00edche CAPES\/PDSE Edital 021\/2024 \u2013 Resultado Sele\u00e7\u00e3o Bolsa PDSE 2025<\/p>\n","protected":false},"author":3,"featured_media":0,"parent":0,"menu_order":0,"comment_status":"closed","ping_status":"closed","template":"","meta":{"footnotes":""},"class_list":["post-1868","page","type-page","status-publish","hentry"],"_links":{"self":[{"href":"https:\/\/agrarias.ufpr.br\/pgapv\/wp-json\/wp\/v2\/pages\/1868","targetHints":{"allow":["GET"]}}],"collection":[{"href":"https:\/\/agrarias.ufpr.br\/pgapv\/wp-json\/wp\/v2\/pages"}],"about":[{"href":"https:\/\/agrarias.ufpr.br\/pgapv\/wp-json\/wp\/v2\/types\/page"}],"author":[{"embeddable":true,"href":"https:\/\/agrarias.ufpr.br\/pgapv\/wp-json\/wp\/v2\/users\/3"}],"replies":[{"embeddable":true,"href":"https:\/\/agrarias.ufpr.br\/pgapv\/wp-json\/wp\/v2\/comments?post=1868"}],"version-history":[{"count":43,"href":"https:\/\/agrarias.ufpr.br\/pgapv\/wp-json\/wp\/v2\/pages\/1868\/revisions"}],"predecessor-version":[{"id":7630,"href":"https:\/\/agrarias.ufpr.br\/pgapv\/wp-json\/wp\/v2\/pages\/1868\/revisions\/7630"}],"wp:attachment":[{"href":"https:\/\/agrarias.ufpr.br\/pgapv\/wp-json\/wp\/v2\/media?parent=1868"}],"curies":[{"name":"wp","href":"https:\/\/api.w.org\/{rel}","templated":true}]}}