{"id":1864,"date":"2018-09-28T12:22:44","date_gmt":"2018-09-28T12:22:44","guid":{"rendered":"https:\/\/agrarias.ufpr.br\/pgapv\/?page_id=1864"},"modified":"2026-03-14T22:06:45","modified_gmt":"2026-03-14T22:06:45","slug":"mestrado-doutorado","status":"publish","type":"page","link":"https:\/\/agrarias.ufpr.br\/pgapv\/mestrado-doutorado\/","title":{"rendered":"Mestrado\/Doutorado"},"content":{"rendered":"\n<p><a href=\"https:\/\/agrarias.ufpr.br\/pgapv\/wp-content\/uploads\/sites\/39\/2026\/02\/004.2026_assinado.pdf\">Edital 004\/2026<\/a> &#8211; Resultado Sele\u00e7\u00e3o Mestrado\/Doutorado &#8211; ingresso: 1\u00ba semestre\/2026<\/p>\n\n\n\n<p><\/p>\n\n\n\n\n\n<p><\/p>\n\n\n\n<p><\/p>\n\n\n\n<p class=\"has-text-align-center\"><strong>SELE\u00c7\u00c3O MESTRADO\/DOUTORADO &#8211; 2\u00ba SEMESTRE\/2026<\/strong><\/p>\n\n\n\n<p>Ser\u00e1 divulgado em breve (maio\/junho-2026)<\/p>\n\n\n\n<p>Formul\u00e1rios de Inscri\u00e7\u00e3o<\/p>\n\n\n\n<ul class=\"wp-block-list\">\n<li>Doutorado<\/li>\n\n\n\n<li>Mestrado<\/li>\n<\/ul>\n\n\n\n<p><strong>Documentos&nbsp; obrigat\u00f3rios<\/strong><\/p>\n\n\n\n<ul class=\"wp-block-list\">\n<li><a href=\"https:\/\/agrarias.ufpr.br\/pgapv\/wp-content\/uploads\/sites\/39\/2025\/07\/Carta-de-Referencia.docx\">Carta de Refer\u00eancia<\/a> &#8211; modelo (uso obrigat\u00f3rio) a ser enviado por e-mail pelo informante (Art. 6\u00ba &#8211; al\u00ednea &#8216;j&#8217;)<\/li>\n\n\n\n<li><a href=\"https:\/\/agrarias.ufpr.br\/pgapv\/wp-content\/uploads\/sites\/39\/2025\/07\/ANEXO-I-Modelo-Pre-Projeto-2025.docx\">Anexo I<\/a>&nbsp; &nbsp;&#8211; Proposta do projeto &#8211; modelo (uso obrigat\u00f3rio)<\/li>\n\n\n\n<li>Anexo II&nbsp; &#8211; Quadro de vagas\/docente<\/li>\n\n\n\n<li><a href=\"https:\/\/agrarias.ufpr.br\/pgapv\/wp-content\/uploads\/sites\/39\/2025\/10\/Tabela-avaliacao-bolsista-PGAPV-2025-Bolsa-MS-DR.xlsx\">Anexo III<\/a> &#8211; Tabela pontua\u00e7\u00e3o curricular (produ\u00e7\u00e3o dos \u00faltimos 05 anos) &#8211; incluir em formul\u00e1rio de pontua\u00e7\u00e3o em formato &#8216;pdf&#8217; no formul\u00e1rio de inscri\u00e7\u00e3o no SIGA<\/li>\n<\/ul>\n\n\n\n<p><strong>Anexos Termos de Autodeclara\u00e7\u00e3o (Resolu\u00e7\u00e3o \u00ba 02\/2025-CEPE)<\/strong><\/p>\n\n\n\n<p class=\"has-text-align-center\">Incluir em &#8216;Outros documentos conforme Edital em formato &#8216;pdf&#8217;<\/p>\n\n\n\n<ul class=\"wp-block-list\">\n<li><a href=\"https:\/\/agrarias.ufpr.br\/pgapv\/wp-content\/uploads\/sites\/39\/2025\/07\/Anexo-IV-Autodeclaracao-identidade-negros-pardos.docx\">Anexo IV<\/a>&nbsp; &nbsp;&#8211; TERMO DE AUTODECLARA\u00c7\u00c3O DE IDENTIDADE NEGRA\n<ul class=\"wp-block-list\">\n<li><div class=\"x_elementToProof\"><p class=\"x_elementToProof\"><span data-olk-copy-source=\"MessageBody\"><p class=\"x_elementToProof\"><\/p><\/span><\/p><p class=\"x_elementToProof\">&#x1f517; <a title=\"https:\/\/www.prppg.ufpr.br\/site\/banca-unificada\/\" data-auth=\"NotApplicable\" data-linkindex=\"0\" href=\"https:\/\/www.prppg.ufpr.br\/site\/banca-unificada\/\" id=\"LPlnkOWA59e6d3cc-0cbb-a246-72aa-14b7ed9f4221\" target=\"_blank\" rel=\"noopener noreferrer\" class=\"x_Hyperlink x_SCXW2180193 x_BCX8 x_OWAAutoLink\">https:\/\/www.prppg.ufpr.br\/site\/banca-unificada<\/a><\/p><\/div><div class=\"x_elementToProof\"><p class=\"x_elementToProof\">A iniciativa atende a uma demanda das coordena\u00e7\u00f5es e tem como objetivo reduzir a realiza\u00e7\u00e3o de bancas locais, al\u00e9m de promover maior padroniza\u00e7\u00e3o e seguran\u00e7a jur\u00eddica.<\/p><\/div><div class=\"x_elementToProof\"><p class=\"x_elementToProof\">A participa\u00e7\u00e3o \u00e9 <b>obrigat\u00f3ria<\/b> para quem deseja concorrer \u00e0s vagas reservadas e <b>ainda n\u00e3o passou por banca de valida\u00e7\u00e3o de autodeclara\u00e7\u00e3o da UFPR<\/b>.<\/p><\/div><div class=\"x_elementToProof\"><p class=\"x_elementToProof\">Em caso de d\u00favidas, as pessoas interessadas devem entrar em contato pelo e-mail:<\/p><\/div><div class=\"x_elementToProof\"><p class=\"x_elementToProof\">&#x1f4e9; <b>afirmativas.pg@ufpr.br<\/b><\/p><\/div><\/li>\n<\/ul>\n<\/li>\n\n\n\n<li><a href=\"https:\/\/agrarias.ufpr.br\/pgapv\/wp-content\/uploads\/sites\/39\/2025\/07\/Anexo-V-Autodeclaracao-identidade-indigena.docx\">Anexo V<\/a>&nbsp; &nbsp; &#8211; TERMO DE AUTODECLARA\u00c7\u00c3O DE IDENTIDADE IND\u00cdGENA<\/li>\n\n\n\n<li><a href=\"https:\/\/agrarias.ufpr.br\/pgapv\/wp-content\/uploads\/sites\/39\/2025\/07\/Anexo-VI-Autodeclaracao-identidade-travesti-trans.docx\">Anexo VI<\/a>&nbsp; &nbsp;&#8211; TERMO DE AUTODECLARA\u00c7\u00c3O DE IDENTIDADE TRANS (TRANSEXUAIS E TRAVESTIS)<\/li>\n\n\n\n<li><a href=\"https:\/\/agrarias.ufpr.br\/pgapv\/wp-content\/uploads\/sites\/39\/2025\/07\/Anexo-VII-Autodeclaracao-identidade-quilombola.docx\">Anexo VII<\/a>&nbsp; &#8211; TERMO DE AUTODECLARA\u00c7\u00c3O DE IDENTIDADE QUILOMBOLA<\/li>\n\n\n\n<li><a href=\"https:\/\/agrarias.ufpr.br\/pgapv\/wp-content\/uploads\/sites\/39\/2025\/07\/Anexo-VIII-Autodeclaracao-identidade-deficiencia.docx\">Anexo VIII<\/a> &#8211; AUTODECLARA\u00c7\u00c3O DO\/A CANDIDATO\/A PESSOA COM DEFICI\u00caNCIA<\/li>\n\n\n\n<li><a href=\"https:\/\/agrarias.ufpr.br\/pgapv\/wp-content\/uploads\/sites\/39\/2025\/07\/Anexo-IX-Autodeclaracao-identidade-surdos.docx\">Anexo IX<\/a>&nbsp; &nbsp;&#8211; AUTODECLARA\u00c7\u00c3O DO(A) CANDIDATO(A) SURDO(A) COMO MINORIA LINGU\u00cdSTICA (LIBRAS COMO L1)<\/li>\n<\/ul>\n\n\n\n<p><\/p>\n\n\n\n<p class=\"has-text-align-center\"><strong>Documentos para Sele\u00e7\u00e3o Bolsista<\/strong><\/p>\n\n\n\n<p><a href=\"https:\/\/agrarias.ufpr.br\/pgapv\/wp-content\/uploads\/sites\/39\/2026\/03\/0052026_assinado_260314_180622.pdf\">Edital 005\/2026<\/a> &#8211; Resultado Sele\u00e7\u00e3o Bolsista Mestrado\/Doutorado (v\u00e1lido para o 1\u00ba semestre\/2026 &#8211; at\u00e9 julho) <\/p>\n\n\n<ul>\n<li><strong>Recurso at\u00e9 \u00e0s 19h00 do dia 16\/03\/2026 via e-mail (pgapv@ufpr.br)<\/strong><\/li>\n<\/ul>\n\n\n<p><a href=\"https:\/\/agrarias.ufpr.br\/pgapv\/wp-content\/uploads\/sites\/39\/2026\/02\/003.2026_-assinado.pdf\">Edital 003\/2026<\/a> &#8211; Sele\u00e7\u00e3o Bolsa Mestrado\/Doutorado &#8211;  v\u00e1lido para 1\u00ba semestre\/2026 <\/p>\n\n\n\n<p><\/p>\n\n\n\n<ul class=\"wp-block-list\">\n<li><a href=\"https:\/\/agrarias.ufpr.br\/pgapv\/wp-content\/uploads\/sites\/39\/2025\/10\/NORMA_07_-_Selecao_de_bolsistas_assinado.pdf\"><span style=\"vertical-align: inherit\"><span style=\"vertical-align: inherit\"><span style=\"vertical-align: inherit\"><span style=\"vertical-align: inherit\"><span style=\"vertical-align: inherit\"><span style=\"vertical-align: inherit\"><span style=\"vertical-align: inherit\"><span style=\"vertical-align: inherit\">Norma interna 07\/2025<\/span><\/span><\/span><\/span><\/span><\/span><\/span><\/span><\/a><\/li>\n\n\n\n<li><span style=\"vertical-align: inherit\"><span style=\"vertical-align: inherit\"><span style=\"vertical-align: inherit\"><span style=\"vertical-align: inherit\"><span style=\"vertical-align: inherit\"><span style=\"vertical-align: inherit\"><span style=\"vertical-align: inherit\"><span style=\"vertical-align: inherit\">Formul\u00e1rios de Pontua\u00e7\u00e3o<\/span><\/span><\/span><\/span><\/span><\/span><\/span><\/span>\n<ul class=\"wp-block-list\">\n<li><a href=\"https:\/\/agrarias.ufpr.br\/pgapv\/wp-content\/uploads\/sites\/39\/2025\/10\/Tabela-avaliacao-bolsista-PGAPV-2025-Bolsa-MS-DR.xlsx\"><span style=\"vertical-align: inherit\"><span style=\"vertical-align: inherit\"><span style=\"vertical-align: inherit\"><span style=\"vertical-align: inherit\"><span style=\"vertical-align: inherit\"><span style=\"vertical-align: inherit\"><span style=\"vertical-align: inherit\"><span style=\"vertical-align: inherit\">Mestrado\/Doutorado<\/span><\/span><\/span><\/span><\/span><\/span><\/span><\/span><\/a> (formul\u00e1rio atualizado)<\/li>\n<\/ul>\n<\/li>\n<\/ul>\n\n\n\n\n\n\n","protected":false},"excerpt":{"rendered":"<p>Edital 004\/2026 &#8211; Resultado Sele\u00e7\u00e3o Mestrado\/Doutorado &#8211; ingresso: 1\u00ba semestre\/2026 SELE\u00c7\u00c3O MESTRADO\/DOUTORADO &#8211; 2\u00ba SEMESTRE\/2026 Ser\u00e1 divulgado em breve (maio\/junho-2026) Formul\u00e1rios de Inscri\u00e7\u00e3o Documentos&nbsp; obrigat\u00f3rios Anexos Termos de Autodeclara\u00e7\u00e3o (Resolu\u00e7\u00e3o \u00ba 02\/2025-CEPE) Incluir em &#8216;Outros documentos conforme Edital em formato &#8216;pdf&#8217; Documentos para Sele\u00e7\u00e3o Bolsista Edital 005\/2026 &#8211; Resultado Sele\u00e7\u00e3o Bolsista Mestrado\/Doutorado (v\u00e1lido para o [&hellip;]<\/p>\n","protected":false},"author":3,"featured_media":0,"parent":0,"menu_order":0,"comment_status":"closed","ping_status":"closed","template":"","meta":{"footnotes":""},"class_list":["post-1864","page","type-page","status-publish","hentry"],"_links":{"self":[{"href":"https:\/\/agrarias.ufpr.br\/pgapv\/wp-json\/wp\/v2\/pages\/1864","targetHints":{"allow":["GET"]}}],"collection":[{"href":"https:\/\/agrarias.ufpr.br\/pgapv\/wp-json\/wp\/v2\/pages"}],"about":[{"href":"https:\/\/agrarias.ufpr.br\/pgapv\/wp-json\/wp\/v2\/types\/page"}],"author":[{"embeddable":true,"href":"https:\/\/agrarias.ufpr.br\/pgapv\/wp-json\/wp\/v2\/users\/3"}],"replies":[{"embeddable":true,"href":"https:\/\/agrarias.ufpr.br\/pgapv\/wp-json\/wp\/v2\/comments?post=1864"}],"version-history":[{"count":441,"href":"https:\/\/agrarias.ufpr.br\/pgapv\/wp-json\/wp\/v2\/pages\/1864\/revisions"}],"predecessor-version":[{"id":7833,"href":"https:\/\/agrarias.ufpr.br\/pgapv\/wp-json\/wp\/v2\/pages\/1864\/revisions\/7833"}],"wp:attachment":[{"href":"https:\/\/agrarias.ufpr.br\/pgapv\/wp-json\/wp\/v2\/media?parent=1864"}],"curies":[{"name":"wp","href":"https:\/\/api.w.org\/{rel}","templated":true}]}}