{"id":175,"date":"2018-07-03T13:32:52","date_gmt":"2018-07-03T13:32:52","guid":{"rendered":"https:\/\/agrarias.ufpr.br\/pgapv\/?page_id=175"},"modified":"2026-04-07T23:53:42","modified_gmt":"2026-04-07T23:53:42","slug":"sistemas-integrados-2","status":"publish","type":"page","link":"https:\/\/agrarias.ufpr.br\/pgapv\/sistemas-integrados-2\/","title":{"rendered":"Sistemas Integrados"},"content":{"rendered":"\n<p>A linha de pesquisa <strong>Produ\u00e7\u00e3o Vegetal em Sistemas Integrados<\/strong>&nbsp;na Integra\u00e7\u00e3o Lavoura-Pecu\u00e1ria est\u00e1 sendo conduzida dentro de dois diferentes contextos regionais. Na regi\u00e3o agr\u00edcola no sul do Paran\u00e1, a pecu\u00e1ria ingressa como uma alternativa econ\u00f4mica e ecol\u00f3gica nos sistemas agr\u00edcolas com plantio direto, onde o enfoque \u00e9 direcionado para criar uma alternativa do uso destas \u00e1reas no per\u00edodo de inverno. Na regi\u00e3o Noroeste do Paran\u00e1, onde a pecu\u00e1ria \u00e9 a atividade principal, a integra\u00e7\u00e3o ingressa como mecanismo de est\u00edmulo \u00e0 recupera\u00e7\u00e3o de \u00e1reas de pastagens degradadas.<\/p>\n\n\n\n<figure class=\"wp-block-table\"><table class=\"has-fixed-layout\"><tbody><tr><td><figure><img loading=\"lazy\" decoding=\"async\" class=\"size-full wp-image-926 alignleft\" src=\"https:\/\/agrarias.ufpr.br\/pgapv\/wp-content\/uploads\/sites\/39\/2018\/08\/alda.jpg\" alt=\"\" width=\"140\" height=\"224\"><\/figure><\/td><td>\n<h4><a href=\"https:\/\/agrarias.ufpr.br\/pgapv\/alda-lucia-gomes-monteiro\/\">Alda Lucia Gomes Monteiro\u2002<\/a><\/h4>\n<p>Profa. Permanente<\/p>\n<p>Sistemas Integrados\/Sistemas Integrados em Produ\u00e7\u00e3o Agropecu\u00e1ria<\/p>\n<p><img loading=\"lazy\" decoding=\"async\" src=\"https:\/\/agrarias.ufpr.br\/fitotecnia\/wp-content\/uploads\/sites\/26\/2016\/03\/email-small-.jpg\" alt=\"email small\" width=\"22\" height=\"22\">&nbsp;&nbsp;aldaufpr@gmail.com&nbsp; &nbsp;<img loading=\"lazy\" decoding=\"async\" class=\"wp-image-758 alignnone\" src=\"https:\/\/agrarias.ufpr.br\/fitotecnia\/wp-content\/uploads\/sites\/26\/2016\/03\/telefone.png\" alt=\"telefone\" width=\"22\" height=\"22\">+55 (41) 3350-5709<\/p>\n<\/td><\/tr><\/tbody><\/table><\/figure>\n\n\n\n<figure class=\"wp-block-table\"><table class=\"has-fixed-layout\"><tbody><tr><td><figure><img loading=\"lazy\" decoding=\"async\" class=\"size-full wp-image-2328 alignleft\" src=\"https:\/\/agrarias.ufpr.br\/pgapv\/wp-content\/uploads\/sites\/39\/2018\/11\/alfredo.jpg\" alt=\"\" width=\"140\" height=\"224\" srcset=\"https:\/\/agrarias.ufpr.br\/pgapv\/wp-content\/uploads\/sites\/39\/2018\/11\/alfredo.jpg 140w, https:\/\/agrarias.ufpr.br\/pgapv\/wp-content\/uploads\/sites\/39\/2018\/11\/alfredo-75x120.jpg 75w\" sizes=\"auto, (max-width: 140px) 100vw, 140px\" \/><\/figure><\/td><td>\n<h4><a href=\"https:\/\/agrarias.ufpr.br\/pgapv\/alfredo-junior-paiola-albrecht\/\">Alfredo Junior Paiola Albrecht<\/a><\/h4>\n<p>Prof. Colaborador<\/p>\n<p>Sistemas Integrados\/Biologia e Manejo de Plantas Daninhas<\/p>\n<p><img loading=\"lazy\" decoding=\"async\" src=\"https:\/\/agrarias.ufpr.br\/fitotecnia\/wp-content\/uploads\/sites\/26\/2016\/03\/email-small-.jpg\" alt=\"email small\" width=\"22\" height=\"22\">&nbsp;ajpalbrecht@ufpr.br \/ ajpalbrecht@yahoo.com.br &nbsp;&nbsp;&nbsp;<img loading=\"lazy\" decoding=\"async\" class=\"wp-image-758 alignnone\" src=\"https:\/\/agrarias.ufpr.br\/fitotecnia\/wp-content\/uploads\/sites\/26\/2016\/03\/telefone.png\" alt=\"telefone\" width=\"22\" height=\"22\">+55 (44) 3211-1314 ou +55 (44) 99963-4193<\/p>\n<\/td><\/tr><\/tbody><\/table><\/figure>\n\n\n\n<figure class=\"wp-block-table\"><table class=\"has-fixed-layout\"><tbody><tr><td><figure><img loading=\"lazy\" decoding=\"async\" class=\"size-full wp-image-636 alignleft\" src=\"https:\/\/agrarias.ufpr.br\/pgapv\/wp-content\/uploads\/sites\/39\/2018\/07\/anibal.jpg\" alt=\"\" width=\"140\" height=\"224\" srcset=\"https:\/\/agrarias.ufpr.br\/pgapv\/wp-content\/uploads\/sites\/39\/2018\/07\/anibal.jpg 140w, https:\/\/agrarias.ufpr.br\/pgapv\/wp-content\/uploads\/sites\/39\/2018\/07\/anibal-75x120.jpg 75w\" sizes=\"auto, (max-width: 140px) 100vw, 140px\" \/><\/figure><\/td><td>\n<h4><a href=\"https:\/\/agrarias.ufpr.br\/pgapv\/anibal-de-moraes\/\">Anibal de Moraes<\/a><\/h4>\n<p>Prof. Permanente<\/p>\n<p>Sistemas Integrados\/Sistemas Integrados em Produ\u00e7\u00e3o Agropecu\u00e1ria<\/p>\n<p><img loading=\"lazy\" decoding=\"async\" src=\"https:\/\/agrarias.ufpr.br\/fitotecnia\/wp-content\/uploads\/sites\/26\/2016\/03\/email-small-.jpg\" alt=\"email small\" width=\"22\" height=\"22\">&nbsp;anibaldemoraes@gmail.com &nbsp;&nbsp;<img loading=\"lazy\" decoding=\"async\" class=\"wp-image-758 alignnone\" src=\"https:\/\/agrarias.ufpr.br\/fitotecnia\/wp-content\/uploads\/sites\/26\/2016\/03\/telefone.png\" alt=\"telefone\" width=\"22\" height=\"22\">+55 (41) 3350-5754 \/+55 (41) 99222-9881<\/p>\n<\/td><\/tr><\/tbody><\/table><\/figure>\n\n\n\n<figure class=\"wp-block-table\"><table class=\"has-fixed-layout\"><tbody><tr><td><figure><img loading=\"lazy\" decoding=\"async\" class=\"size-full wp-image-637 alignleft\" src=\"https:\/\/agrarias.ufpr.br\/pgapv\/wp-content\/uploads\/sites\/39\/2018\/07\/arthur.jpg\" alt=\"\" width=\"140\" height=\"224\" srcset=\"https:\/\/agrarias.ufpr.br\/pgapv\/wp-content\/uploads\/sites\/39\/2018\/07\/arthur.jpg 140w, https:\/\/agrarias.ufpr.br\/pgapv\/wp-content\/uploads\/sites\/39\/2018\/07\/arthur-75x120.jpg 75w\" sizes=\"auto, (max-width: 140px) 100vw, 140px\" \/><\/figure><\/td><td>\n<h4><a href=\"https:\/\/agrarias.ufpr.br\/pgapv\/arthur-arrobas-martins-barroso\/\">Arthur Arrobas Martins Barroso<\/a><\/h4>\n<p>Prof. Permanente<\/p>\n<p>Sistemas Integrados\/Biologia e Manejo de Plantas Daninhas<\/p>\n<p><img loading=\"lazy\" decoding=\"async\" src=\"https:\/\/agrarias.ufpr.br\/fitotecnia\/wp-content\/uploads\/sites\/26\/2016\/03\/email-small-.jpg\" alt=\"email small\" width=\"22\" height=\"22\">&nbsp;arrobas@ufpr.br \/ arthuragro07@hotmail.com&nbsp; &nbsp; <img loading=\"lazy\" decoding=\"async\" class=\"wp-image-758 alignnone\" src=\"https:\/\/agrarias.ufpr.br\/fitotecnia\/wp-content\/uploads\/sites\/26\/2016\/03\/telefone.png\" alt=\"telefone\" width=\"22\" height=\"22\">+ 55 (41) 33505645 \/ + 55 (16) 996041069<\/p>\n<\/td><\/tr><\/tbody><\/table><\/figure>\n\n\n\n<figure class=\"wp-block-table\"><table class=\"has-fixed-layout\"><tbody><tr><td><figure><img loading=\"lazy\" decoding=\"async\" class=\"size-full wp-image-364 alignleft\" src=\"https:\/\/agrarias.ufpr.br\/pgapv\/wp-content\/uploads\/sites\/39\/2018\/07\/foto-em-branco-padrao-1.jpg\" alt=\"\" width=\"140\" height=\"224\" srcset=\"https:\/\/agrarias.ufpr.br\/pgapv\/wp-content\/uploads\/sites\/39\/2018\/07\/foto-em-branco-padrao-1.jpg 140w, https:\/\/agrarias.ufpr.br\/pgapv\/wp-content\/uploads\/sites\/39\/2018\/07\/foto-em-branco-padrao-1-75x120.jpg 75w\" sizes=\"auto, (max-width: 140px) 100vw, 140px\" \/><\/figure><\/td><td>\n<h4><a href=\"https:\/\/agrarias.ufpr.br\/pgapv\/paulo-cesar-de-faccio-carvalho\/\">Paulo C\u00e9sar de Faccio Carvalho<\/a><\/h4>\n<p>Prof. Permanente<\/p>\n<p>Sistemas Integrados\/Sistemas Integrados em Produ\u00e7\u00e3o Agropecu\u00e1ria<\/p>\n<p><img loading=\"lazy\" decoding=\"async\" src=\"https:\/\/agrarias.ufpr.br\/fitotecnia\/wp-content\/uploads\/sites\/26\/2016\/03\/email-small-.jpg\" alt=\"email small\" width=\"22\" height=\"22\">&nbsp;paulocfc@ufrgs.br&nbsp; &nbsp;<img loading=\"lazy\" decoding=\"async\" class=\"wp-image-758 alignnone\" src=\"https:\/\/agrarias.ufpr.br\/fitotecnia\/wp-content\/uploads\/sites\/26\/2016\/03\/telefone.png\" alt=\"telefone\" width=\"22\" height=\"22\">+55 (51) 3308-7402<\/p>\n<\/td><\/tr><\/tbody><\/table><\/figure>\n\n\n\n<figure class=\"wp-block-table\"><table class=\"has-fixed-layout\"><tbody><tr><td><figure><img loading=\"lazy\" decoding=\"async\" class=\"size-full wp-image-364 alignleft\" src=\"https:\/\/agrarias.ufpr.br\/pgapv\/wp-content\/uploads\/sites\/39\/2018\/07\/foto-em-branco-padrao-1.jpg\" alt=\"\" width=\"140\" height=\"224\" srcset=\"https:\/\/agrarias.ufpr.br\/pgapv\/wp-content\/uploads\/sites\/39\/2018\/07\/foto-em-branco-padrao-1.jpg 140w, https:\/\/agrarias.ufpr.br\/pgapv\/wp-content\/uploads\/sites\/39\/2018\/07\/foto-em-branco-padrao-1-75x120.jpg 75w\" sizes=\"auto, (max-width: 140px) 100vw, 140px\" \/><\/figure><\/td><td>\n<h4><a href=\"https:\/\/agrarias.ufpr.br\/pgapv\/raquel-rejane-bonato-negrelle\/\">Raquel Rejane Bonato Negrelle\u2002<\/a><\/h4>\n<p>Profa. permanente<\/p>\n<p>Sistemas Integrados\/Ecologia<\/p>\n<p><img loading=\"lazy\" decoding=\"async\" src=\"https:\/\/agrarias.ufpr.br\/fitotecnia\/wp-content\/uploads\/sites\/26\/2016\/03\/email-small-.jpg\" alt=\"email small\" width=\"22\" height=\"22\">&nbsp;negrelle@ufpr.br &nbsp;<img loading=\"lazy\" decoding=\"async\" class=\"wp-image-758 alignnone\" src=\"https:\/\/agrarias.ufpr.br\/fitotecnia\/wp-content\/uploads\/sites\/26\/2016\/03\/telefone.png\" alt=\"telefone\" width=\"22\" height=\"22\">+55 (41) 99996-3731<\/p>\n<\/td><\/tr><\/tbody><\/table><\/figure>\n","protected":false},"excerpt":{"rendered":"<p>A linha de pesquisa Produ\u00e7\u00e3o Vegetal em Sistemas Integrados&nbsp;na Integra\u00e7\u00e3o Lavoura-Pecu\u00e1ria est\u00e1 sendo conduzida dentro de dois diferentes contextos regionais. Na regi\u00e3o agr\u00edcola no sul do Paran\u00e1, a pecu\u00e1ria ingressa como uma alternativa econ\u00f4mica e ecol\u00f3gica nos sistemas agr\u00edcolas com plantio direto, onde o enfoque \u00e9 direcionado para criar uma alternativa do uso destas \u00e1reas [&hellip;]<\/p>\n","protected":false},"author":3,"featured_media":0,"parent":0,"menu_order":0,"comment_status":"closed","ping_status":"closed","template":"","meta":{"footnotes":""},"class_list":["post-175","page","type-page","status-publish","hentry"],"_links":{"self":[{"href":"https:\/\/agrarias.ufpr.br\/pgapv\/wp-json\/wp\/v2\/pages\/175","targetHints":{"allow":["GET"]}}],"collection":[{"href":"https:\/\/agrarias.ufpr.br\/pgapv\/wp-json\/wp\/v2\/pages"}],"about":[{"href":"https:\/\/agrarias.ufpr.br\/pgapv\/wp-json\/wp\/v2\/types\/page"}],"author":[{"embeddable":true,"href":"https:\/\/agrarias.ufpr.br\/pgapv\/wp-json\/wp\/v2\/users\/3"}],"replies":[{"embeddable":true,"href":"https:\/\/agrarias.ufpr.br\/pgapv\/wp-json\/wp\/v2\/comments?post=175"}],"version-history":[{"count":89,"href":"https:\/\/agrarias.ufpr.br\/pgapv\/wp-json\/wp\/v2\/pages\/175\/revisions"}],"predecessor-version":[{"id":8151,"href":"https:\/\/agrarias.ufpr.br\/pgapv\/wp-json\/wp\/v2\/pages\/175\/revisions\/8151"}],"wp:attachment":[{"href":"https:\/\/agrarias.ufpr.br\/pgapv\/wp-json\/wp\/v2\/media?parent=175"}],"curies":[{"name":"wp","href":"https:\/\/api.w.org\/{rel}","templated":true}]}}