{"id":1736,"date":"2018-09-26T18:46:42","date_gmt":"2018-09-26T18:46:42","guid":{"rendered":"https:\/\/agrarias.ufpr.br\/pgapv\/?page_id=1736"},"modified":"2026-02-04T12:41:21","modified_gmt":"2026-02-04T12:41:21","slug":"agro-7036-topicos-especiais-ii-cultivo-de-pequenas-frutas-e-frutas-nativas","status":"publish","type":"page","link":"https:\/\/agrarias.ufpr.br\/pgapv\/agro-7036-topicos-especiais-ii-cultivo-de-pequenas-frutas-e-frutas-nativas\/","title":{"rendered":"AGRO 7036 \u2013 T\u00f3picos Especiais II &#8211; Cultivo de Pequenas Frutas e Frutas Nativas"},"content":{"rendered":"\n<p><strong>N\u00edvel<\/strong><\/p>\n\n\n\n<p>Mestrado\/Doutorado<\/p>\n\n\n\n<p><strong>Natureza<\/strong><\/p>\n\n\n\n<p>Concentrada<\/p>\n\n\n\n<p><strong>Cr\u00e9ditos <\/strong><\/p>\n\n\n\n<p>02<\/p>\n\n\n\n<p><strong>Carga hor\u00e1ria<\/strong><\/p>\n\n\n\n<p>30 horas<\/p>\n\n\n\n<p><strong>Ementa<\/strong><\/p>\n\n\n\n<p>Situa\u00e7\u00e3o e tend\u00eancias da produ\u00e7\u00e3o mundial e nacional de pequenas frutas. Descri\u00e7\u00e3o da classifica\u00e7\u00e3o bot\u00e2nica das principais esp\u00e9cies e caracter\u00edsticas dos g\u00eaneros Rubus e Vaccinium. Exig\u00eancias de solo e clima para o desenvolvimento adequado das pequenas frutas. Estudo do h\u00e1bito de crescimento e ciclo anual e suas rela\u00e7\u00f5es com os sistemas de poda e condu\u00e7\u00e3o das pequenas frutas. Avan\u00e7os na produ\u00e7\u00e3o de mudas e manejo de plantas. An\u00e1lise dos fatores que afetam a conserva\u00e7\u00e3o p\u00f3s-colheita e valor nutrac\u00eautico das pequenas frutas.<\/p>\n\n\n\n<p><strong>Semestre<\/strong><\/p>\n\n\n\n<p>2\u00ba semestre&nbsp;<\/p>\n\n\n\n<p><strong>Dia\/Hor\u00e1rio<\/strong><\/p>\n\n\n\n<p>A definir<\/p>\n\n\n\n<p><strong>Docente<\/strong><\/p>\n\n\n\n<p><a href=\"https:\/\/agrarias.ufpr.br\/pgapv\/luiz-antonio-biasi\/\">Luiz Antonio Biasi<\/a><\/p>\n\n\n\n<p><strong>Bibliografia Recomendada<\/strong><\/p>\n\n\n\n<p>ANTUNES, L.E.C.; RASEIRA, M. C.B. Aspectos t\u00e9cnicos da cultura da amora-preta. Pelotas: Embrapa Clima Temperado. 2004. 54p. (Documentos, 122).<\/p>\n\n\n\n<p>ANTUNES, L.E.C.; RASEIRA, M.C.B. (Ed.). Cultivo do mirtilo (Vaccinium spp.). Pelotas: Embrapa Clima Temperado, 2006. 99p. (Embrapa Clima Temperado. Sistema de Produ\u00e7\u00e3o,8).<\/p>\n\n\n\n<p>BOUNOUS, G. Piccoli frutti. Milano: Edagricole, 2009. 393p.<\/p>\n\n\n\n<p>BUSHWAY, L.; PRITTS, M.; HANDLEY, D. Raspberry and blackberry production guide for the Northeast, Midwest, and Eastern Canada. Ithaca: NRAES, 2008. 157p.<\/p>\n\n\n\n<p>CARPANEZZI, A.A.; ZANONA, K.; VOLTZ, R.R. Separa\u00e7\u00e3o bot\u00e2nica de esp\u00e9cies de Rubus da Regi\u00e3o Metropolitana de Curitiba. Colombo: Embrapa Florestas, 2019. 32 p. (Documentos \/ Embrapa Florestas, 326).<\/p>\n\n\n\n<p>KRETZSCHMAR, A. A.; RUFATO, L.; PELIZZA, T. R.; RUFATO, A.R.; ANTUNES, L.E.C; RASEIRA, M.C.B.; VIZZOTTO, M.; PAGOT, E.; LIMA, C.S.M.; MUNIZ, J.; RIBEIRO, R.S. Pequenas frutas. 1. ed. Florian\u00f3polis: DIOESC, 2013. 194p.<\/p>\n\n\n\n<p>PIO, R. Cultivo de fruteiras de clima temperado em regi\u00f5es subtropicais e tropicais. 2 ed. Lavras: Ed. UFLA, 2018. 681p.<\/p>\n\n\n\n<p>RASEIRA, M.C.B.; ANTUNES, L.E.C. A Cultura do mirtilo. Pelotas: Embrapa Clima Temperado, 2004. 67p. (Embrapa Clima Temperado, Documentos 121).<\/p>\n\n\n\n<p>RASEIRA, M.C.B.; GON\u00c7ALVES, E.D.; TREVISAN, R.; ANTUNES, L.E.C. Aspectos t\u00e9cnicos da cultura da framboeseira. Pelotas: Embrapa Clima Temperado. 2004. 22p. (Documentos, 120).<\/p>\n\n\n\n<p>RETAMALES, J.B.; HANCOCK, J.F. Blueberries. London: CABI, 2012. 323p.<\/p>\n\n\n\n<p>SCHULZA, M.; CHIM, J.F. Nutritional and bioactive value of Rubus berries. Food Bioscience, v. 31, 100438, 2019.<\/p>\n\n\n\n<p>UNDURRAGA, P.; VARGAS, S. Manual del ar\u00e1ndano. Chill\u00e1n: INIA. 2013. 120 p. (Bolet\u00edn INIA, 263).<\/p>\n\n\n\n<p>&nbsp;<\/p>\n","protected":false},"excerpt":{"rendered":"<p>N\u00edvel Mestrado\/Doutorado Natureza Concentrada Cr\u00e9ditos 02 Carga hor\u00e1ria 30 horas Ementa Situa\u00e7\u00e3o e tend\u00eancias da produ\u00e7\u00e3o mundial e nacional de pequenas frutas. Descri\u00e7\u00e3o da classifica\u00e7\u00e3o bot\u00e2nica das principais esp\u00e9cies e caracter\u00edsticas dos g\u00eaneros Rubus e Vaccinium. Exig\u00eancias de solo e clima para o desenvolvimento adequado das pequenas frutas. Estudo do h\u00e1bito de crescimento e ciclo [&hellip;]<\/p>\n","protected":false},"author":10266,"featured_media":0,"parent":0,"menu_order":0,"comment_status":"closed","ping_status":"closed","template":"","meta":{"footnotes":""},"class_list":["post-1736","page","type-page","status-publish","hentry"],"_links":{"self":[{"href":"https:\/\/agrarias.ufpr.br\/pgapv\/wp-json\/wp\/v2\/pages\/1736","targetHints":{"allow":["GET"]}}],"collection":[{"href":"https:\/\/agrarias.ufpr.br\/pgapv\/wp-json\/wp\/v2\/pages"}],"about":[{"href":"https:\/\/agrarias.ufpr.br\/pgapv\/wp-json\/wp\/v2\/types\/page"}],"author":[{"embeddable":true,"href":"https:\/\/agrarias.ufpr.br\/pgapv\/wp-json\/wp\/v2\/users\/10266"}],"replies":[{"embeddable":true,"href":"https:\/\/agrarias.ufpr.br\/pgapv\/wp-json\/wp\/v2\/comments?post=1736"}],"version-history":[{"count":8,"href":"https:\/\/agrarias.ufpr.br\/pgapv\/wp-json\/wp\/v2\/pages\/1736\/revisions"}],"predecessor-version":[{"id":7671,"href":"https:\/\/agrarias.ufpr.br\/pgapv\/wp-json\/wp\/v2\/pages\/1736\/revisions\/7671"}],"wp:attachment":[{"href":"https:\/\/agrarias.ufpr.br\/pgapv\/wp-json\/wp\/v2\/media?parent=1736"}],"curies":[{"name":"wp","href":"https:\/\/api.w.org\/{rel}","templated":true}]}}