{"id":172,"date":"2018-07-03T13:31:09","date_gmt":"2018-07-03T13:31:09","guid":{"rendered":"https:\/\/agrarias.ufpr.br\/pgapv\/?page_id=172"},"modified":"2026-02-03T17:56:00","modified_gmt":"2026-02-03T17:56:00","slug":"morfogenesebiotecnologia","status":"publish","type":"page","link":"https:\/\/agrarias.ufpr.br\/pgapv\/morfogenesebiotecnologia\/","title":{"rendered":"Fisiologia, Morfog\u00eanese e Biotecnologia de Plantas"},"content":{"rendered":"\n<p><strong>Descri\u00e7\u00e3o:<\/strong> Estudo do crescimento, desenvolvimento e intera\u00e7\u00f5es das plantas com o ambiente, visando a melhoria de processos relacionados a produ\u00e7\u00e3o vegetal. Uso de reguladores vegetais e fontes bioativas de origem natural para o aumento da produtividade de culturas agr\u00edcolas, mitiga\u00e7\u00e3o de estresses abi\u00f3ticos, aumento da efici\u00eancia de propaga\u00e7\u00e3o vegetativa de plantas via macropropaga\u00e7\u00e3o e micropropaga\u00e7\u00e3o. Estudo do controle da morfog\u00eanese <em>in vitro<\/em> via organog\u00eanese e embriog\u00eanese som\u00e1tica e transforma\u00e7\u00e3o gen\u00e9tica de plantas.<\/p>\n\n\n\n<div style=\"height:30px\" aria-hidden=\"true\" class=\"wp-block-spacer\"><\/div>\n\n\n\n<div class=\"wp-block-media-text is-stacked-on-mobile\" style=\"grid-template-columns:15% auto\"><figure class=\"wp-block-media-text__media\"><img loading=\"lazy\" decoding=\"async\" width=\"140\" height=\"224\" src=\"https:\/\/agrarias.ufpr.br\/pgapv\/wp-content\/uploads\/sites\/39\/2025\/04\/alessandra.jpg\" alt=\"\" class=\"wp-image-6748 size-full\" srcset=\"https:\/\/agrarias.ufpr.br\/pgapv\/wp-content\/uploads\/sites\/39\/2025\/04\/alessandra.jpg 140w, https:\/\/agrarias.ufpr.br\/pgapv\/wp-content\/uploads\/sites\/39\/2025\/04\/alessandra-75x120.jpg 75w\" sizes=\"auto, (max-width: 140px) 100vw, 140px\" \/><\/figure><div class=\"wp-block-media-text__content\">\n<p><a href=\"https:\/\/agrarias.ufpr.br\/pgapv\/alessandra-ferreira-ribas\/\"><strong>Alessandra Ferreira Ribas<\/strong><\/a><\/p>\n\n\n\n<p>Profa. Permanente<\/p>\n\n\n\n<p>Biotecnologia\/Biologia Molecular<\/p>\n\n\n\n<p><strong>\u00a0<\/strong>alessandraribas@ufpr.br\u00a0\u00a0<\/p>\n\n\n\n<p><img loading=\"lazy\" decoding=\"async\" width=\"22\" height=\"22\" src=\"https:\/\/agrarias.ufpr.br\/fitotecnia\/wp-content\/uploads\/sites\/26\/2016\/03\/telefone.png\" alt=\"telefone\">+55 (41) 3350-5754<\/p>\n<\/div><\/div>\n\n\n\n<div style=\"height:30px\" aria-hidden=\"true\" class=\"wp-block-spacer\"><\/div>\n\n\n\n<div class=\"wp-block-media-text is-stacked-on-mobile\" style=\"grid-template-columns:15% auto\"><figure class=\"wp-block-media-text__media\"><img loading=\"lazy\" decoding=\"async\" width=\"140\" height=\"224\" src=\"https:\/\/agrarias.ufpr.br\/pgapv\/wp-content\/uploads\/sites\/39\/2018\/08\/brunosantana.jpg\" alt=\"\" class=\"wp-image-918 size-full\" srcset=\"https:\/\/agrarias.ufpr.br\/pgapv\/wp-content\/uploads\/sites\/39\/2018\/08\/brunosantana.jpg 140w, https:\/\/agrarias.ufpr.br\/pgapv\/wp-content\/uploads\/sites\/39\/2018\/08\/brunosantana-75x120.jpg 75w\" sizes=\"auto, (max-width: 140px) 100vw, 140px\" \/><\/figure><div class=\"wp-block-media-text__content\">\n<p><a href=\"https:\/\/agrarias.ufpr.br\/pgapv\/bruno-francisco-santanna-dos-santos\/\"><strong>Bruno Francisco Sant\u2019Anna dos Santos<\/strong><\/a><\/p>\n\n\n\n<p>Prof. Permanente<\/p>\n\n\n\n<p>Morfologia Vegetal<\/p>\n\n\n\n<p>\u00a0<img loading=\"lazy\" decoding=\"async\" width=\"22\" height=\"22\" src=\"https:\/\/agrarias.ufpr.br\/fitotecnia\/wp-content\/uploads\/sites\/26\/2016\/03\/email-small-.jpg\" alt=\"email small\">\u00a0brunofrancisco@ufpr.br\u00a0 \u00a0<\/p>\n\n\n\n<p><img loading=\"lazy\" decoding=\"async\" width=\"22\" height=\"22\" src=\"https:\/\/agrarias.ufpr.br\/fitotecnia\/wp-content\/uploads\/sites\/26\/2016\/03\/telefone.png\" alt=\"telefone\">\u00a0+55 (41)\u00a03361-1622<\/p>\n<\/div><\/div>\n\n\n\n<div style=\"height:30px\" aria-hidden=\"true\" class=\"wp-block-spacer\"><\/div>\n\n\n\n<div class=\"wp-block-media-text is-stacked-on-mobile\" style=\"grid-template-columns:15% auto\"><figure class=\"wp-block-media-text__media\"><img loading=\"lazy\" decoding=\"async\" width=\"140\" height=\"224\" src=\"https:\/\/agrarias.ufpr.br\/pgapv\/wp-content\/uploads\/sites\/39\/2025\/04\/daniel140224.jpg\" alt=\"\" class=\"wp-image-6738 size-full\" srcset=\"https:\/\/agrarias.ufpr.br\/pgapv\/wp-content\/uploads\/sites\/39\/2025\/04\/daniel140224.jpg 140w, https:\/\/agrarias.ufpr.br\/pgapv\/wp-content\/uploads\/sites\/39\/2025\/04\/daniel140224-75x120.jpg 75w\" sizes=\"auto, (max-width: 140px) 100vw, 140px\" \/><\/figure><div class=\"wp-block-media-text__content\">\n<p><a href=\"https:\/\/agrarias.ufpr.br\/pgapv\/daniel-fernandes-da-silva\/\"><strong>Daniel Fernandes da Silva<\/strong><\/a><\/p>\n\n\n\n<p>Prof. Permanente<\/p>\n\n\n\n<p>Fisiologia Vegetal<\/p>\n\n\n\n<p>\u00a0<img loading=\"lazy\" decoding=\"async\" width=\"22\" height=\"22\" src=\"https:\/\/agrarias.ufpr.br\/fitotecnia\/wp-content\/uploads\/sites\/26\/2016\/03\/email-small-.jpg\" alt=\"email small\">\u00a0daniel_eafi@yahoo.com.br\u00a0 <\/p>\n\n\n\n<p>\u00a0\u00a0<img loading=\"lazy\" decoding=\"async\" width=\"22\" height=\"22\" src=\"https:\/\/agrarias.ufpr.br\/fitotecnia\/wp-content\/uploads\/sites\/26\/2016\/03\/telefone.png\" alt=\"telefone\">\u00a0+55 (41) 3361-1757<\/p>\n<\/div><\/div>\n\n\n\n<div style=\"height:30px\" aria-hidden=\"true\" class=\"wp-block-spacer\"><\/div>\n\n\n\n<div class=\"wp-block-media-text is-stacked-on-mobile\" style=\"grid-template-columns:15% auto\"><figure class=\"wp-block-media-text__media\"><img loading=\"lazy\" decoding=\"async\" width=\"140\" height=\"224\" src=\"https:\/\/agrarias.ufpr.br\/pgapv\/wp-content\/uploads\/sites\/39\/2018\/07\/bespa.jpg\" alt=\"\" class=\"wp-image-611 size-full\" srcset=\"https:\/\/agrarias.ufpr.br\/pgapv\/wp-content\/uploads\/sites\/39\/2018\/07\/bespa.jpg 140w, https:\/\/agrarias.ufpr.br\/pgapv\/wp-content\/uploads\/sites\/39\/2018\/07\/bespa-75x120.jpg 75w\" sizes=\"auto, (max-width: 140px) 100vw, 140px\" \/><\/figure><div class=\"wp-block-media-text__content\">\n<p><a href=\"https:\/\/agrarias.ufpr.br\/pgapv\/joao-carlos-bespalhok-filho\/\"><strong>Jo\u00e3o Carlos Bespalhok Filho<\/strong><\/a><\/p>\n\n\n\n<p>Prof. Permanente<\/p>\n\n\n\n<p>Melhoramento de Plantas<\/p>\n\n\n\n<p>&nbsp;<img loading=\"lazy\" decoding=\"async\" src=\"https:\/\/agrarias.ufpr.br\/fitotecnia\/wp-content\/uploads\/sites\/26\/2016\/03\/email-small-.jpg\" alt=\"email small\" width=\"22\" height=\"22\">&nbsp;bespa@ufpr.br &nbsp;&nbsp;<img loading=\"lazy\" decoding=\"async\" src=\"https:\/\/agrarias.ufpr.br\/fitotecnia\/wp-content\/uploads\/sites\/26\/2016\/03\/telefone.png\" alt=\"telefone\" width=\"22\" height=\"22\">+55 (41) 3350-5716<\/p>\n<\/div><\/div>\n\n\n\n<div style=\"height:30px\" aria-hidden=\"true\" class=\"wp-block-spacer\"><\/div>\n\n\n\n<div class=\"wp-block-media-text is-stacked-on-mobile\" style=\"grid-template-columns:15% auto\"><figure class=\"wp-block-media-text__media\"><img loading=\"lazy\" decoding=\"async\" width=\"140\" height=\"224\" src=\"https:\/\/agrarias.ufpr.br\/pgapv\/wp-content\/uploads\/sites\/39\/2018\/08\/katia.jpg\" alt=\"\" class=\"wp-image-964 size-full\" srcset=\"https:\/\/agrarias.ufpr.br\/pgapv\/wp-content\/uploads\/sites\/39\/2018\/08\/katia.jpg 140w, https:\/\/agrarias.ufpr.br\/pgapv\/wp-content\/uploads\/sites\/39\/2018\/08\/katia-75x120.jpg 75w\" sizes=\"auto, (max-width: 140px) 100vw, 140px\" \/><\/figure><div class=\"wp-block-media-text__content\">\n<p><a href=\"https:\/\/agrarias.ufpr.br\/pgapv\/katia-christina-zuffellato-ribas\/\"><strong>Katia Christina Zuffellato Ribas<\/strong><\/a><\/p>\n\n\n\n<p>Profa. Permanente<\/p>\n\n\n\n<p>Fisiologia Vegetal<\/p>\n\n\n\n<p>\u00a0<img loading=\"lazy\" decoding=\"async\" width=\"22\" height=\"22\" src=\"https:\/\/agrarias.ufpr.br\/fitotecnia\/wp-content\/uploads\/sites\/26\/2016\/03\/email-small-.jpg\" alt=\"email small\">\u00a0kazu@ufpr.br\/katiazuffellato@gmail.com\u00a0 \u00a0\u00a0<\/p>\n\n\n\n<p><img loading=\"lazy\" decoding=\"async\" width=\"22\" height=\"22\" src=\"https:\/\/agrarias.ufpr.br\/fitotecnia\/wp-content\/uploads\/sites\/26\/2016\/03\/telefone.png\" alt=\"telefone\">+55 (41)33661-1758<\/p>\n<\/div><\/div>\n\n\n\n<div style=\"height:30px\" aria-hidden=\"true\" class=\"wp-block-spacer\"><\/div>\n\n\n\n<div class=\"wp-block-media-text is-stacked-on-mobile\" style=\"grid-template-columns:15% auto\"><figure class=\"wp-block-media-text__media\"><img loading=\"lazy\" decoding=\"async\" width=\"98\" height=\"157\" src=\"https:\/\/agrarias.ufpr.br\/pgapv\/wp-content\/uploads\/sites\/39\/2021\/02\/lucianasite.jpg\" alt=\"\" class=\"wp-image-3453 size-full\" srcset=\"https:\/\/agrarias.ufpr.br\/pgapv\/wp-content\/uploads\/sites\/39\/2021\/02\/lucianasite.jpg 98w, https:\/\/agrarias.ufpr.br\/pgapv\/wp-content\/uploads\/sites\/39\/2021\/02\/lucianasite-75x120.jpg 75w\" sizes=\"auto, (max-width: 98px) 100vw, 98px\" \/><\/figure><div class=\"wp-block-media-text__content\">\n<p><a href=\"https:\/\/agrarias.ufpr.br\/pgapv\/luciana-lopes-fortes-ribas\/\"><strong>Luciana Lopes Fortes Ribas<\/strong><\/a><\/p>\n\n\n\n<p>Profa. Colaboradora<\/p>\n\n\n\n<p>Fisiologia Vegetal&nbsp;e Cultura de Tecidos Vegetais<\/p>\n\n\n\n<p><strong>\u00a0<\/strong>llfribas@ufpr.br\/llfribas@gmail.com\u00a0\u00a0<\/p>\n\n\n\n<p><img loading=\"lazy\" decoding=\"async\" width=\"22\" height=\"22\" src=\"https:\/\/agrarias.ufpr.br\/fitotecnia\/wp-content\/uploads\/sites\/26\/2016\/03\/telefone.png\" alt=\"telefone\">+55 (41) 3361-1626<\/p>\n<\/div><\/div>\n\n\n\n<div style=\"height:30px\" aria-hidden=\"true\" class=\"wp-block-spacer\"><\/div>\n\n\n\n<div class=\"wp-block-media-text is-stacked-on-mobile\" style=\"grid-template-columns:15% auto\"><figure class=\"wp-block-media-text__media\"><img loading=\"lazy\" decoding=\"async\" width=\"140\" height=\"224\" src=\"https:\/\/agrarias.ufpr.br\/pgapv\/wp-content\/uploads\/sites\/39\/2025\/04\/biasi140224.jpg\" alt=\"\" class=\"wp-image-6758 size-full\" srcset=\"https:\/\/agrarias.ufpr.br\/pgapv\/wp-content\/uploads\/sites\/39\/2025\/04\/biasi140224.jpg 140w, https:\/\/agrarias.ufpr.br\/pgapv\/wp-content\/uploads\/sites\/39\/2025\/04\/biasi140224-75x120.jpg 75w\" sizes=\"auto, (max-width: 140px) 100vw, 140px\" \/><\/figure><div class=\"wp-block-media-text__content\">\n<p><a href=\"https:\/\/agrarias.ufpr.br\/pgapv\/luiz-antonio-biasi\/\"><strong>Luiz Antonio Biasi<\/strong><\/a><\/p>\n\n\n\n<p>Prof. Permanente<\/p>\n\n\n\n<p>Cultura de Tecidos e Fruticultura<\/p>\n\n\n\n<p><strong>\u00a0\u00a0<\/strong>biasi@ufpr.br \u00a0\u00a0<\/p>\n\n\n\n<p><img loading=\"lazy\" decoding=\"async\" width=\"22\" height=\"22\" src=\"https:\/\/agrarias.ufpr.br\/fitotecnia\/wp-content\/uploads\/sites\/26\/2016\/03\/telefone.png\" alt=\"telefone\">+55 (41) 3350-5682<\/p>\n<\/div><\/div>\n\n\n\n<div style=\"height:30px\" aria-hidden=\"true\" class=\"wp-block-spacer\"><\/div>\n\n\n\n<div class=\"wp-block-media-text is-stacked-on-mobile\" style=\"grid-template-columns:15% auto\"><figure class=\"wp-block-media-text__media\"><img loading=\"lazy\" decoding=\"async\" width=\"140\" height=\"224\" src=\"https:\/\/agrarias.ufpr.br\/pgapv\/wp-content\/uploads\/sites\/39\/2025\/04\/mauro140224.jpg\" alt=\"\" class=\"wp-image-6741 size-full\" srcset=\"https:\/\/agrarias.ufpr.br\/pgapv\/wp-content\/uploads\/sites\/39\/2025\/04\/mauro140224.jpg 140w, https:\/\/agrarias.ufpr.br\/pgapv\/wp-content\/uploads\/sites\/39\/2025\/04\/mauro140224-75x120.jpg 75w\" sizes=\"auto, (max-width: 140px) 100vw, 140px\" \/><\/figure><div class=\"wp-block-media-text__content\">\n<p><a href=\"https:\/\/agrarias.ufpr.br\/pgapv\/mauro-brasil-dias-tofanelli\/\"><strong>Mauro Brasil Dias Tofanelli<\/strong><\/a><\/p>\n\n\n\n<p>Prof. Permanente<\/p>\n\n\n\n<p>Fruticultura<\/p>\n\n\n\n<p><img loading=\"lazy\" decoding=\"async\" width=\"22\" height=\"22\" src=\"https:\/\/agrarias.ufpr.br\/fitotecnia\/wp-content\/uploads\/sites\/26\/2016\/03\/email-small-.jpg\" alt=\"email small\">\u00a0mbrasildt@ufpr.br\u00a0 \u00a0<\/p>\n\n\n\n<p><img loading=\"lazy\" decoding=\"async\" width=\"22\" height=\"22\" src=\"https:\/\/agrarias.ufpr.br\/fitotecnia\/wp-content\/uploads\/sites\/26\/2016\/03\/telefone.png\" alt=\"telefone\">+55 (41) 3350-5745<\/p>\n<\/div><\/div>\n\n\n\n<div style=\"height:30px\" aria-hidden=\"true\" class=\"wp-block-spacer\"><\/div>\n","protected":false},"excerpt":{"rendered":"<p>Descri\u00e7\u00e3o: Estudo do crescimento, desenvolvimento e intera\u00e7\u00f5es das plantas com o ambiente, visando a melhoria de processos relacionados a produ\u00e7\u00e3o vegetal. Uso de reguladores vegetais e fontes bioativas de origem natural para o aumento da produtividade de culturas agr\u00edcolas, mitiga\u00e7\u00e3o de estresses abi\u00f3ticos, aumento da efici\u00eancia de propaga\u00e7\u00e3o vegetativa de plantas via macropropaga\u00e7\u00e3o e micropropaga\u00e7\u00e3o. [&hellip;]<\/p>\n","protected":false},"author":3,"featured_media":0,"parent":0,"menu_order":0,"comment_status":"closed","ping_status":"closed","template":"","meta":{"footnotes":""},"class_list":["post-172","page","type-page","status-publish","hentry"],"_links":{"self":[{"href":"https:\/\/agrarias.ufpr.br\/pgapv\/wp-json\/wp\/v2\/pages\/172","targetHints":{"allow":["GET"]}}],"collection":[{"href":"https:\/\/agrarias.ufpr.br\/pgapv\/wp-json\/wp\/v2\/pages"}],"about":[{"href":"https:\/\/agrarias.ufpr.br\/pgapv\/wp-json\/wp\/v2\/types\/page"}],"author":[{"embeddable":true,"href":"https:\/\/agrarias.ufpr.br\/pgapv\/wp-json\/wp\/v2\/users\/3"}],"replies":[{"embeddable":true,"href":"https:\/\/agrarias.ufpr.br\/pgapv\/wp-json\/wp\/v2\/comments?post=172"}],"version-history":[{"count":94,"href":"https:\/\/agrarias.ufpr.br\/pgapv\/wp-json\/wp\/v2\/pages\/172\/revisions"}],"predecessor-version":[{"id":7589,"href":"https:\/\/agrarias.ufpr.br\/pgapv\/wp-json\/wp\/v2\/pages\/172\/revisions\/7589"}],"wp:attachment":[{"href":"https:\/\/agrarias.ufpr.br\/pgapv\/wp-json\/wp\/v2\/media?parent=172"}],"curies":[{"name":"wp","href":"https:\/\/api.w.org\/{rel}","templated":true}]}}