{"id":1682,"date":"2018-09-25T19:15:42","date_gmt":"2018-09-25T19:15:42","guid":{"rendered":"https:\/\/agrarias.ufpr.br\/pgapv\/?page_id=1682"},"modified":"2026-02-04T12:40:55","modified_gmt":"2026-02-04T12:40:55","slug":"agro-7038-avancos-na-cadeia-produtiva-de-frutiferas-subtropicais-e-tropicais","status":"publish","type":"page","link":"https:\/\/agrarias.ufpr.br\/pgapv\/agro-7038-avancos-na-cadeia-produtiva-de-frutiferas-subtropicais-e-tropicais\/","title":{"rendered":"AGRO 7042 \u2013 Avan\u00e7os na Cadeia Produtiva de Frut\u00edferas Subtropicais e Tropicais"},"content":{"rendered":"\n<p><strong>N\u00edvel<\/strong><\/p>\n\n\n\n<p>Mestrado\/Doutorado<\/p>\n\n\n\n<p><strong>Natureza<\/strong><\/p>\n\n\n\n<p>Concentrada<\/p>\n\n\n\n<p><strong>Cr\u00e9ditos <\/strong><\/p>\n\n\n\n<p>04<\/p>\n\n\n\n<p><strong>Carga hor\u00e1ria<\/strong><\/p>\n\n\n\n<p>60 horas&nbsp;<\/p>\n\n\n\n<p><strong>Ementa<\/strong><\/p>\n\n\n\n<p>Situa\u00e7\u00e3o e perspectivas da cadeia produtiva das frut\u00edferas subtropicais e tropicais. Exporta\u00e7\u00e3o brasileira de frutas. Manejo e novas tecnologias de cultivo dos citros, abacateiro, caquizeiro, figueira, bananeira, maracujazeiro, goiabeira e outras de interesse regional.<\/p>\n\n\n\n<p><strong>Semestre<\/strong><\/p>\n\n\n\n<p>2\u00ba<\/p>\n\n\n\n<p><strong>Dia\/Hor\u00e1rio<\/strong><\/p>\n\n\n\n<p>A definir<\/p>\n\n\n\n<p><strong>Docente<\/strong><\/p>\n\n\n\n<p><a href=\"https:\/\/agrarias.ufpr.br\/pgapv\/mauro-brasil-dias-tofanelli\/\">Mauro Brasil Dias Tofanelli<\/a><\/p>\n\n\n\n<p><strong>Bibliografia Recomendada<\/strong><\/p>\n\n\n\n<p>ALVES, E.J. A cultura da banana: aspectos t\u00e9cnicos, socioecon\u00f4micos e agroindustriais. 2. ed. rev. Bras\u00edlia: Embrapa, 1999. 585p.<\/p>\n\n\n\n<p>BRUCKNER, C.H.; PICAN\u00c7O, M.C. Maracuj\u00e1: tecnologia de produ\u00e7\u00e3o, p\u00f3s-colheita, agroind\u00fastria, mercado. Porto Alegre: Cinco Continentes, 2001. 472p.<\/p>\n\n\n\n<p>CASTRO, P.R.C.; KLUGE, R.A. (Coords.). Ecofisiologia de fruteiras tropicais: abacaxizeiro, maracujazeiro, mangueira, bananeira, cacaueiro. S\u00e3o Paulo: Nobel, 1998. 111p.<\/p>\n\n\n\n<p>CUNHA SOBRINHO, A. P. da; MAGALH\u00c3ES, A. F. de J.; SOUZA, A. da S.; PASSOS, O. S.; SOARES FILHO, W. dos S. (Ed.). Cultura dos citros. Bras\u00edlia: Embrapa, v.1, 2013. 399p.<\/p>\n\n\n\n<p>EMPRESA DE PESQUISA AGROPECU\u00c1RIA DE MINAS GERAIS. EPAMIG. Figueira. Informe Agropecu\u00e1rio. Belo Horizonte, v.18, n.188, p.1-60, 1997.<\/p>\n\n\n\n<p>KOLLER, O.C. Abacate: produ\u00e7\u00e3o de mudas, instala\u00e7\u00e3o e manejo de pomares, colheita e p\u00f3s-colheita. Porto Alegre: Cinco Continentes, 2002. 149p.<\/p>\n\n\n\n<p>KOLLER, O.C. (Org.). Citricultura 1. laranja: tecnologia de produ\u00e7\u00e3o, p\u00f3s-colheita, industrializa\u00e7\u00e3o e comercializa\u00e7\u00e3o. Porto Alegre: Cinco Continentes, 2006. 396p.<\/p>\n\n\n\n<p>KOLLER, O.C. (Coord.). Citricultura: cultura de tangerinas \u2013 tecnoloiga de produ\u00e7\u00e3o, p\u00f3s-colheita e industrializa\u00e7\u00e3o. Porto Alegre: R\u00edgel, 2009. 400p.<\/p>\n\n\n\n<p>MARTINS, F. P.; PEREIRA, F. M. Cultura do caquizeiro. Jaboticabal: FUNEP, 1989. 71p.<\/p>\n\n\n\n<p>MEDEIROS, A.R.M. de. Figueira (Ficus carica L.) do plantio ao processamento caseiro. Pelotas: Embrapa Clima Temperado, 2002. 16p. (Circular T\u00e9cnica, 35).<\/p>\n\n\n\n<p>SAMPAIO, A.C. (Coord.). Goiaba: do plantio \u00e0 comercializa\u00e7\u00e3o. Campinas: CATI, 2011. 214p.<\/p>\n\n\n\n<p>SILVA, C.R. de R. e. Fruticultura comercial: fruticultura tropical. Lavras: UFLA\/Faepe, 2001. 178p.<\/p>\n\n\n\n<p>SIM\u00c3O, S. Tratado de fruticultura. Piracicaba: Fealq, 1998. 780p.<\/p>\n\n\n\n<p>SANTOS-SEREJO, J.A. dos; DANTAS, J.L.L.; SAMPAIO, C.V.; COELHO, Y. da S. Fruticultura tropical: esp\u00e9cies regionais e ex\u00f3ticas. Bras\u00edlia: Embrapa Informa\u00e7\u00e3o Tecnol\u00f3gica, 2009. 509p.<\/p>\n","protected":false},"excerpt":{"rendered":"<p>N\u00edvel Mestrado\/Doutorado Natureza Concentrada Cr\u00e9ditos 04 Carga hor\u00e1ria 60 horas&nbsp; Ementa Situa\u00e7\u00e3o e perspectivas da cadeia produtiva das frut\u00edferas subtropicais e tropicais. Exporta\u00e7\u00e3o brasileira de frutas. Manejo e novas tecnologias de cultivo dos citros, abacateiro, caquizeiro, figueira, bananeira, maracujazeiro, goiabeira e outras de interesse regional. Semestre 2\u00ba Dia\/Hor\u00e1rio A definir Docente Mauro Brasil Dias Tofanelli [&hellip;]<\/p>\n","protected":false},"author":10266,"featured_media":0,"parent":0,"menu_order":0,"comment_status":"closed","ping_status":"closed","template":"","meta":{"footnotes":""},"class_list":["post-1682","page","type-page","status-publish","hentry"],"_links":{"self":[{"href":"https:\/\/agrarias.ufpr.br\/pgapv\/wp-json\/wp\/v2\/pages\/1682","targetHints":{"allow":["GET"]}}],"collection":[{"href":"https:\/\/agrarias.ufpr.br\/pgapv\/wp-json\/wp\/v2\/pages"}],"about":[{"href":"https:\/\/agrarias.ufpr.br\/pgapv\/wp-json\/wp\/v2\/types\/page"}],"author":[{"embeddable":true,"href":"https:\/\/agrarias.ufpr.br\/pgapv\/wp-json\/wp\/v2\/users\/10266"}],"replies":[{"embeddable":true,"href":"https:\/\/agrarias.ufpr.br\/pgapv\/wp-json\/wp\/v2\/comments?post=1682"}],"version-history":[{"count":5,"href":"https:\/\/agrarias.ufpr.br\/pgapv\/wp-json\/wp\/v2\/pages\/1682\/revisions"}],"predecessor-version":[{"id":7665,"href":"https:\/\/agrarias.ufpr.br\/pgapv\/wp-json\/wp\/v2\/pages\/1682\/revisions\/7665"}],"wp:attachment":[{"href":"https:\/\/agrarias.ufpr.br\/pgapv\/wp-json\/wp\/v2\/media?parent=1682"}],"curies":[{"name":"wp","href":"https:\/\/api.w.org\/{rel}","templated":true}]}}