{"id":1665,"date":"2018-09-25T19:02:38","date_gmt":"2018-09-25T19:02:38","guid":{"rendered":"https:\/\/agrarias.ufpr.br\/pgapv\/?page_id=1665"},"modified":"2026-04-08T00:14:41","modified_gmt":"2026-04-08T00:14:41","slug":"agro-7038-topicos-especiais-iv-tecnologia-da-producao-de-flores-de-corte","status":"publish","type":"page","link":"https:\/\/agrarias.ufpr.br\/pgapv\/agro-7038-topicos-especiais-iv-tecnologia-da-producao-de-flores-de-corte\/","title":{"rendered":"AGRO 7038 \u2013 T\u00f3picos Especiais IV \u2013 Tecnologia da Produ\u00e7\u00e3o de Flores de Corte"},"content":{"rendered":"\n<p><strong>N\u00edvel<\/strong><\/p>\n\n\n\n<p>Mestrado\/Doutorado<\/p>\n\n\n\n<p><strong>Natureza<\/strong><\/p>\n\n\n\n<p>Concentrada<\/p>\n\n\n\n<p><strong>Cr\u00e9ditos <\/strong><\/p>\n\n\n\n<p>4<\/p>\n\n\n\n<p><strong>Carga hor\u00e1ria<\/strong><\/p>\n\n\n\n<p>60<\/p>\n\n\n\n<p><strong>Ementa<\/strong><\/p>\n\n\n\n<p>Estudo das flores de corte temperadas e tropicais no que se refere: aspectos socioecon\u00f4micos, aspectos bot\u00e2nicos, exig\u00eancias edafoclim\u00e1ticas, produ\u00e7\u00e3o de mudas, implanta\u00e7\u00e3o da cultura, manejo do ambiente, utiliza\u00e7\u00e3o de reguladores vegetais, aspectos fitossanit\u00e1rios e desordens fisiol\u00f3gicas, colheita, p\u00f3s-colheita e comercializa\u00e7\u00e3o.<\/p>\n\n\n\n<p><strong>Semestre<\/strong><\/p>\n\n\n\n<p>2\u00ba semestre<\/p>\n\n\n\n<p><strong>Dia\/Hor\u00e1rio<\/strong><\/p>\n\n\n\n<p>Quarta-feira\/ 8:00 \u2013 12:00 horas<\/p>\n\n\n\n<p><strong>Docente<\/strong><\/p>\n\n\n\n<p><a href=\"https:\/\/agrarias.ufpr.br\/pgapv\/daniella-nogueira-moraes-carneiro\/\">Daniella Nogueira Moraes Carneiro<\/a><\/p>\n\n\n\n<p><strong>Bibliografia Recomendada<\/strong><\/p>\n\n\n\n<p>AGUIAR, R. L.; DAREZZO, R. J.; ROZANE, D. E.; AGUILERA, G. A. H.; SILVA, D. J. H.<strong> Cultivo em ambiente protegido: hist\u00f3rico, tecnologia e perspectivas<\/strong>. Vi\u00e7osa: UFV, 2004.<\/p>\n\n\n\n<p>BARBOSA, J. G.; LOPES, L. C. <strong>Propaga\u00e7\u00e3o de plantas ornamentais<\/strong>. Vi\u00e7osa: UFV, 2007.<\/p>\n\n\n\n<p>BALL, V. <strong>Ball Redbook<\/strong>. 16 ed. Ball Publishing. 1997. 802p.<\/p>\n\n\n\n<p>K\u00c4MPF, A. N.; TAKANE, R. J.; SIQUEIRA, P. T. V. <strong>Floricultura: t\u00e9cnicas de preparo de substratos<\/strong>. Editora LK, 2006.<\/p>\n\n\n\n<p>PAIVA, P. D. O.; ALMEIDA, E. F. A. <strong>Produ\u00e7\u00e3o de flores de corte<\/strong>. Lavras, MG: Ed. UFLA, 2012. v. 1.<\/p>\n\n\n\n<p>PAIVA, P. D. O.; ALMEIDA, E. F. A. <strong>Produ\u00e7\u00e3o de flores de corte<\/strong>. Lavras, MG: Ed. UFLA, 2014. v. 2.<\/p>\n\n\n\n<p>RESS, A.R.&nbsp; <strong>Ornamental bulbs, corms and tubers<\/strong>.&nbsp; Wallingford: CAB International, 1992. 220p.<\/p>\n\n\n\n<p>TAIZ, L.; ZEIGER, E.&nbsp; <strong>Plant Physiology<\/strong>. Cummings Publish. 1991. 565 p.<\/p>\n","protected":false},"excerpt":{"rendered":"<p>N\u00edvel Mestrado\/Doutorado Natureza Concentrada Cr\u00e9ditos 4 Carga hor\u00e1ria 60 Ementa Estudo das flores de corte temperadas e tropicais no que se refere: aspectos socioecon\u00f4micos, aspectos bot\u00e2nicos, exig\u00eancias edafoclim\u00e1ticas, produ\u00e7\u00e3o de mudas, implanta\u00e7\u00e3o da cultura, manejo do ambiente, utiliza\u00e7\u00e3o de reguladores vegetais, aspectos fitossanit\u00e1rios e desordens fisiol\u00f3gicas, colheita, p\u00f3s-colheita e comercializa\u00e7\u00e3o. Semestre 2\u00ba semestre Dia\/Hor\u00e1rio Quarta-feira\/ [&hellip;]<\/p>\n","protected":false},"author":10266,"featured_media":0,"parent":0,"menu_order":0,"comment_status":"closed","ping_status":"closed","template":"","meta":{"footnotes":""},"class_list":["post-1665","page","type-page","status-publish","hentry"],"_links":{"self":[{"href":"https:\/\/agrarias.ufpr.br\/pgapv\/wp-json\/wp\/v2\/pages\/1665","targetHints":{"allow":["GET"]}}],"collection":[{"href":"https:\/\/agrarias.ufpr.br\/pgapv\/wp-json\/wp\/v2\/pages"}],"about":[{"href":"https:\/\/agrarias.ufpr.br\/pgapv\/wp-json\/wp\/v2\/types\/page"}],"author":[{"embeddable":true,"href":"https:\/\/agrarias.ufpr.br\/pgapv\/wp-json\/wp\/v2\/users\/10266"}],"replies":[{"embeddable":true,"href":"https:\/\/agrarias.ufpr.br\/pgapv\/wp-json\/wp\/v2\/comments?post=1665"}],"version-history":[{"count":6,"href":"https:\/\/agrarias.ufpr.br\/pgapv\/wp-json\/wp\/v2\/pages\/1665\/revisions"}],"predecessor-version":[{"id":8273,"href":"https:\/\/agrarias.ufpr.br\/pgapv\/wp-json\/wp\/v2\/pages\/1665\/revisions\/8273"}],"wp:attachment":[{"href":"https:\/\/agrarias.ufpr.br\/pgapv\/wp-json\/wp\/v2\/media?parent=1665"}],"curies":[{"name":"wp","href":"https:\/\/api.w.org\/{rel}","templated":true}]}}