{"id":166,"date":"2018-07-03T13:26:17","date_gmt":"2018-07-03T13:26:17","guid":{"rendered":"https:\/\/agrarias.ufpr.br\/pgapv\/?page_id=166"},"modified":"2026-04-06T14:56:48","modified_gmt":"2026-04-06T14:56:48","slug":"producaovegetal","status":"publish","type":"page","link":"https:\/\/agrarias.ufpr.br\/pgapv\/producaovegetal\/","title":{"rendered":"Produ\u00e7\u00e3o Vegetal na Agricultura Sustent\u00e1vel"},"content":{"rendered":"\n<p class=\"justificado\"><strong>Descri\u00e7\u00e3o: <\/strong>Gera\u00e7\u00e3o de conhecimentos cient\u00edficos e t\u00e9cnicos que viabilizem a implanta\u00e7\u00e3o e manuten\u00e7\u00e3o de sistemas de produ\u00e7\u00e3o agr\u00edcola sustent\u00e1veis. A partir de estudos multidisciplinares, visa subsidiar o desenvolvimento de tecnologias para garantir a seguran\u00e7a alimentar, inclus\u00e3o social e melhoria da qualidade de vida dos produtores rurais, assim como diminuir as press\u00f5es negativas sobre biodiversidade. Nesta din\u00e2mica, busca identificar e entender sinergismos e propriedades emergentes que resultam intera\u00e7\u00f5es planta-ambiente.<\/p>\n\n\n\n<div style=\"height:30px\" aria-hidden=\"true\" class=\"wp-block-spacer\"><\/div>\n\n\n\n<div class=\"wp-block-media-text is-stacked-on-mobile\" style=\"grid-template-columns:15% auto\"><figure class=\"wp-block-media-text__media\"><img loading=\"lazy\" decoding=\"async\" width=\"140\" height=\"224\" src=\"https:\/\/agrarias.ufpr.br\/pgapv\/wp-content\/uploads\/sites\/39\/2025\/04\/bruno140224.jpg\" alt=\"\" class=\"wp-image-6761 size-full\" srcset=\"https:\/\/agrarias.ufpr.br\/pgapv\/wp-content\/uploads\/sites\/39\/2025\/04\/bruno140224.jpg 140w, https:\/\/agrarias.ufpr.br\/pgapv\/wp-content\/uploads\/sites\/39\/2025\/04\/bruno140224-75x120.jpg 75w\" sizes=\"auto, (max-width: 140px) 100vw, 140px\" \/><\/figure><div class=\"wp-block-media-text__content\">\n<p><a href=\"https:\/\/agrarias.ufpr.br\/pgapv\/bruno-portela-brasileiro\/\"><strong>Bruno Portela Brasileiro<\/strong><\/a><\/p>\n\n\n\n<p>Prof. Permanente<\/p>\n\n\n\n<p>Estat\u00edstica Experimental<\/p>\n\n\n\n<p><img loading=\"lazy\" decoding=\"async\" width=\"22\" height=\"22\" src=\"https:\/\/agrarias.ufpr.br\/fitotecnia\/wp-content\/uploads\/sites\/26\/2016\/03\/email-small-.jpg\" alt=\"email small\">&nbsp;brasileiro@ufpr.br &nbsp;&nbsp;<\/p>\n\n\n\n<p><img loading=\"lazy\" decoding=\"async\" width=\"22\" height=\"22\" src=\"https:\/\/agrarias.ufpr.br\/fitotecnia\/wp-content\/uploads\/sites\/26\/2016\/03\/telefone.png\" alt=\"telefone\">+55 (41) 3350-5753<\/p>\n<\/div><\/div>\n\n\n\n<div style=\"height:30px\" aria-hidden=\"true\" class=\"wp-block-spacer\"><\/div>\n\n\n\n<div class=\"wp-block-media-text is-stacked-on-mobile\" style=\"grid-template-columns:15% auto\"><figure class=\"wp-block-media-text__media\"><img loading=\"lazy\" decoding=\"async\" width=\"98\" height=\"150\" src=\"https:\/\/agrarias.ufpr.br\/pgapv\/wp-content\/uploads\/sites\/39\/2021\/03\/cicero.jpg\" alt=\"\" class=\"wp-image-3553 size-full\" srcset=\"https:\/\/agrarias.ufpr.br\/pgapv\/wp-content\/uploads\/sites\/39\/2021\/03\/cicero.jpg 98w, https:\/\/agrarias.ufpr.br\/pgapv\/wp-content\/uploads\/sites\/39\/2021\/03\/cicero-78x120.jpg 78w\" sizes=\"auto, (max-width: 98px) 100vw, 98px\" \/><\/figure><div class=\"wp-block-media-text__content\">\n<p><strong><a href=\"https:\/\/agrarias.ufpr.br\/pgapv\/cicero-deschamps\/\">C\u00edcero Deschamps<\/a><\/strong><\/p>\n\n\n\n<p>Prof. Permanente<\/p>\n\n\n\n<p>Fisiologia Vegetal<\/p>\n\n\n\n<p><img loading=\"lazy\" decoding=\"async\" width=\"22\" height=\"22\" src=\"https:\/\/agrarias.ufpr.br\/fitotecnia\/wp-content\/uploads\/sites\/26\/2016\/03\/email-small-.jpg\" alt=\"email small\">&nbsp; cicero@ufpr.br &nbsp;<\/p>\n\n\n\n<p><img loading=\"lazy\" decoding=\"async\" width=\"22\" height=\"22\" src=\"https:\/\/agrarias.ufpr.br\/fitotecnia\/wp-content\/uploads\/sites\/26\/2016\/03\/telefone.png\" alt=\"telefone\">+55 (41) 3350-5687<\/p>\n<\/div><\/div>\n\n\n\n<div style=\"height:30px\" aria-hidden=\"true\" class=\"wp-block-spacer\"><\/div>\n\n\n\n<div class=\"wp-block-media-text is-stacked-on-mobile\" style=\"grid-template-columns:15% auto\"><figure class=\"wp-block-media-text__media\"><img loading=\"lazy\" decoding=\"async\" width=\"140\" height=\"224\" src=\"https:\/\/agrarias.ufpr.br\/pgapv\/wp-content\/uploads\/sites\/39\/2021\/08\/edcalos.jpg\" alt=\"\" class=\"wp-image-4504 size-full\" srcset=\"https:\/\/agrarias.ufpr.br\/pgapv\/wp-content\/uploads\/sites\/39\/2021\/08\/edcalos.jpg 140w, https:\/\/agrarias.ufpr.br\/pgapv\/wp-content\/uploads\/sites\/39\/2021\/08\/edcalos-75x120.jpg 75w\" sizes=\"auto, (max-width: 140px) 100vw, 140px\" \/><\/figure><div class=\"wp-block-media-text__content\">\n<p><a href=\"https:\/\/agrarias.ufpr.br\/pgapv\/edicarlos-damacena-de-souza\"><strong>Edicarlos Damacena de Souza\u2002<\/strong><\/a><\/p>\n\n\n\n<p>Prof. Permanente<\/p>\n\n\n\n<p>Sistemas Integrados em Produ\u00e7\u00e3o Agropecu\u00e1ria<\/p>\n\n\n\n<p><img loading=\"lazy\" decoding=\"async\" width=\"22\" height=\"22\" src=\"https:\/\/agrarias.ufpr.br\/fitotecnia\/wp-content\/uploads\/sites\/26\/2016\/03\/email-small-.jpg\" alt=\"email small\">&nbsp; edicarlos@ufr.edu.br &nbsp;<\/p>\n\n\n\n<p><img loading=\"lazy\" decoding=\"async\" width=\"22\" height=\"22\" src=\"https:\/\/agrarias.ufpr.br\/fitotecnia\/wp-content\/uploads\/sites\/26\/2016\/03\/telefone.png\" alt=\"telefone\">+55 (66) 9 9976-2832<\/p>\n<\/div><\/div>\n\n\n\n<div style=\"height:30px\" aria-hidden=\"true\" class=\"wp-block-spacer\"><\/div>\n\n\n\n<div class=\"wp-block-media-text is-stacked-on-mobile\" style=\"grid-template-columns:15% auto\"><figure class=\"wp-block-media-text__media\"><img loading=\"lazy\" decoding=\"async\" width=\"140\" height=\"224\" src=\"https:\/\/agrarias.ufpr.br\/pgapv\/wp-content\/uploads\/sites\/39\/2018\/07\/francine-c.jpg\" alt=\"\" class=\"wp-image-571 size-full\" srcset=\"https:\/\/agrarias.ufpr.br\/pgapv\/wp-content\/uploads\/sites\/39\/2018\/07\/francine-c.jpg 140w, https:\/\/agrarias.ufpr.br\/pgapv\/wp-content\/uploads\/sites\/39\/2018\/07\/francine-c-75x120.jpg 75w\" sizes=\"auto, (max-width: 140px) 100vw, 140px\" \/><\/figure><div class=\"wp-block-media-text__content\">\n<p><a href=\"https:\/\/agrarias.ufpr.br\/pgapv\/francine-lorena-cuquel\/\"><strong>Francine Lorena Cuquel<\/strong><\/a><\/p>\n\n\n\n<p>Profa. Permanente<\/p>\n\n\n\n<p>P\u00f3s-colheita<\/p>\n\n\n\n<p><img loading=\"lazy\" decoding=\"async\" width=\"22\" height=\"22\" src=\"https:\/\/agrarias.ufpr.br\/fitotecnia\/wp-content\/uploads\/sites\/26\/2016\/03\/email-small-.jpg\" alt=\"email small\">&nbsp;francine@ufpr.br &nbsp;&nbsp;<\/p>\n\n\n\n<p><img loading=\"lazy\" decoding=\"async\" width=\"22\" height=\"22\" src=\"https:\/\/agrarias.ufpr.br\/fitotecnia\/wp-content\/uploads\/sites\/26\/2016\/03\/telefone.png\" alt=\"telefone\">+55 (41) 3350-5771<\/p>\n<\/div><\/div>\n\n\n\n<div style=\"height:30px\" aria-hidden=\"true\" class=\"wp-block-spacer\"><\/div>\n\n\n\n<div class=\"wp-block-media-text is-stacked-on-mobile\" style=\"grid-template-columns:15% auto\"><figure class=\"wp-block-media-text__media\"><img loading=\"lazy\" decoding=\"async\" width=\"140\" height=\"224\" src=\"https:\/\/agrarias.ufpr.br\/pgapv\/wp-content\/uploads\/sites\/39\/2025\/04\/leandro140224.jpg\" alt=\"\" class=\"wp-image-6762 size-full\" srcset=\"https:\/\/agrarias.ufpr.br\/pgapv\/wp-content\/uploads\/sites\/39\/2025\/04\/leandro140224.jpg 140w, https:\/\/agrarias.ufpr.br\/pgapv\/wp-content\/uploads\/sites\/39\/2025\/04\/leandro140224-75x120.jpg 75w\" sizes=\"auto, (max-width: 140px) 100vw, 140px\" \/><\/figure><div class=\"wp-block-media-text__content\">\n<p><a href=\"https:\/\/agrarias.ufpr.br\/pgapv\/leandro-bittencourt-de-oliveira\/\"><strong>Leandro Bittencourt de Oliveira<\/strong><\/a><\/p>\n\n\n\n<p>Prof. Permanente<\/p>\n\n\n\n<p>Sistemas Integrados em Produ\u00e7\u00e3o Agropecu\u00e1ria<\/p>\n\n\n\n<p><img loading=\"lazy\" decoding=\"async\" width=\"22\" height=\"22\" src=\"https:\/\/agrarias.ufpr.br\/fitotecnia\/wp-content\/uploads\/sites\/26\/2016\/03\/email-small-.jpg\" alt=\"email small\">&nbsp;bittencourtoliveira@ufpr.br&nbsp;&nbsp;<\/p>\n\n\n\n<p><img loading=\"lazy\" decoding=\"async\" width=\"22\" height=\"22\" src=\"https:\/\/agrarias.ufpr.br\/fitotecnia\/wp-content\/uploads\/sites\/26\/2016\/03\/telefone.png\" alt=\"telefone\">+55 (41) 3350-5754<\/p>\n<\/div><\/div>\n\n\n\n<div style=\"height:30px\" aria-hidden=\"true\" class=\"wp-block-spacer\"><\/div>\n\n\n\n<div class=\"wp-block-media-text is-stacked-on-mobile\" style=\"grid-template-columns:15% auto\"><figure class=\"wp-block-media-text__media\"><img loading=\"lazy\" decoding=\"async\" width=\"140\" height=\"224\" src=\"https:\/\/agrarias.ufpr.br\/pgapv\/wp-content\/uploads\/sites\/39\/2025\/04\/leandropayola140224.jpg\" alt=\"\" class=\"wp-image-6768 size-full\" srcset=\"https:\/\/agrarias.ufpr.br\/pgapv\/wp-content\/uploads\/sites\/39\/2025\/04\/leandropayola140224.jpg 140w, https:\/\/agrarias.ufpr.br\/pgapv\/wp-content\/uploads\/sites\/39\/2025\/04\/leandropayola140224-75x120.jpg 75w\" sizes=\"auto, (max-width: 140px) 100vw, 140px\" \/><\/figure><div class=\"wp-block-media-text__content\">\n<p><a href=\"https:\/\/agrarias.ufpr.br\/pgapv\/leandropaiola\/\"><strong>Leandro Paiola Albrecht&nbsp;<\/strong><\/a><\/p>\n\n\n\n<p>Prof. Colaborador<\/p>\n\n\n\n<p>Manejo de Grandes Culturas Anuais em Sistemas Produtivos<\/p>\n\n\n\n<p><img loading=\"lazy\" decoding=\"async\" width=\"22\" height=\"22\" src=\"https:\/\/agrarias.ufpr.br\/fitotecnia\/wp-content\/uploads\/sites\/26\/2016\/03\/email-small-.jpg\" alt=\"email small\">&nbsp;lpalbrecht@ufpr.br&nbsp;&nbsp;<\/p>\n\n\n\n<p><img loading=\"lazy\" decoding=\"async\" width=\"22\" height=\"22\" src=\"https:\/\/agrarias.ufpr.br\/fitotecnia\/wp-content\/uploads\/sites\/26\/2016\/03\/telefone.png\" alt=\"telefone\">&nbsp;+55 (44) 3211-1314 e (44) 99972-0478<\/p>\n<\/div><\/div>\n\n\n\n<div style=\"height:30px\" aria-hidden=\"true\" class=\"wp-block-spacer\"><\/div>\n\n\n\n<div class=\"wp-block-media-text is-stacked-on-mobile\" style=\"grid-template-columns:15% auto\"><figure class=\"wp-block-media-text__media\"><img loading=\"lazy\" decoding=\"async\" width=\"140\" height=\"224\" src=\"https:\/\/agrarias.ufpr.br\/pgapv\/wp-content\/uploads\/sites\/39\/2025\/04\/paulo140224.jpg\" alt=\"\" class=\"wp-image-6764 size-full\" srcset=\"https:\/\/agrarias.ufpr.br\/pgapv\/wp-content\/uploads\/sites\/39\/2025\/04\/paulo140224.jpg 140w, https:\/\/agrarias.ufpr.br\/pgapv\/wp-content\/uploads\/sites\/39\/2025\/04\/paulo140224-75x120.jpg 75w\" sizes=\"auto, (max-width: 140px) 100vw, 140px\" \/><\/figure><div class=\"wp-block-media-text__content\">\n<p><a href=\"https:\/\/agrarias.ufpr.br\/pgapv\/paulo-cesar-de-faccio-carvalho\/\"><strong>Paulo C\u00e9sar de Faccio Carvalho<\/strong><\/a><\/p>\n\n\n\n<p>Prof. Permanente<\/p>\n\n\n\n<p>Sistemas Integrados em Produ\u00e7\u00e3o Agropecu\u00e1ria<\/p>\n\n\n\n<p><img loading=\"lazy\" decoding=\"async\" width=\"22\" height=\"22\" src=\"https:\/\/agrarias.ufpr.br\/fitotecnia\/wp-content\/uploads\/sites\/26\/2016\/03\/email-small-.jpg\" alt=\"email small\">&nbsp;paulocfc@ufrgs.br&nbsp; &nbsp;<\/p>\n\n\n\n<p><img loading=\"lazy\" decoding=\"async\" width=\"22\" height=\"22\" src=\"https:\/\/agrarias.ufpr.br\/fitotecnia\/wp-content\/uploads\/sites\/26\/2016\/03\/telefone.png\" alt=\"telefone\">+55 (51) 3308-7402<\/p>\n<\/div><\/div>\n\n\n\n<div style=\"height:30px\" aria-hidden=\"true\" class=\"wp-block-spacer\"><\/div>\n","protected":false},"excerpt":{"rendered":"<p>Descri\u00e7\u00e3o: Gera\u00e7\u00e3o de conhecimentos cient\u00edficos e t\u00e9cnicos que viabilizem a implanta\u00e7\u00e3o e manuten\u00e7\u00e3o de sistemas de produ\u00e7\u00e3o agr\u00edcola sustent\u00e1veis. A partir de estudos multidisciplinares, visa subsidiar o desenvolvimento de tecnologias para garantir a seguran\u00e7a alimentar, inclus\u00e3o social e melhoria da qualidade de vida dos produtores rurais, assim como diminuir as press\u00f5es negativas sobre biodiversidade. Nesta [&hellip;]<\/p>\n","protected":false},"author":3,"featured_media":0,"parent":0,"menu_order":0,"comment_status":"closed","ping_status":"closed","template":"","meta":{"footnotes":""},"class_list":["post-166","page","type-page","status-publish","hentry"],"_links":{"self":[{"href":"https:\/\/agrarias.ufpr.br\/pgapv\/wp-json\/wp\/v2\/pages\/166","targetHints":{"allow":["GET"]}}],"collection":[{"href":"https:\/\/agrarias.ufpr.br\/pgapv\/wp-json\/wp\/v2\/pages"}],"about":[{"href":"https:\/\/agrarias.ufpr.br\/pgapv\/wp-json\/wp\/v2\/types\/page"}],"author":[{"embeddable":true,"href":"https:\/\/agrarias.ufpr.br\/pgapv\/wp-json\/wp\/v2\/users\/3"}],"replies":[{"embeddable":true,"href":"https:\/\/agrarias.ufpr.br\/pgapv\/wp-json\/wp\/v2\/comments?post=166"}],"version-history":[{"count":103,"href":"https:\/\/agrarias.ufpr.br\/pgapv\/wp-json\/wp\/v2\/pages\/166\/revisions"}],"predecessor-version":[{"id":8010,"href":"https:\/\/agrarias.ufpr.br\/pgapv\/wp-json\/wp\/v2\/pages\/166\/revisions\/8010"}],"wp:attachment":[{"href":"https:\/\/agrarias.ufpr.br\/pgapv\/wp-json\/wp\/v2\/media?parent=166"}],"curies":[{"name":"wp","href":"https:\/\/api.w.org\/{rel}","templated":true}]}}