{"id":161,"date":"2018-07-03T13:21:10","date_gmt":"2018-07-03T13:21:10","guid":{"rendered":"https:\/\/agrarias.ufpr.br\/pgapv\/?page_id=161"},"modified":"2026-02-04T14:39:44","modified_gmt":"2026-02-04T14:39:44","slug":"henrique-da-silva-silveira-duarte","status":"publish","type":"page","link":"https:\/\/agrarias.ufpr.br\/pgapv\/henrique-da-silva-silveira-duarte\/","title":{"rendered":"Henrique da Silva Silveira Duarte"},"content":{"rendered":"\n<p>Prof. Permanente<\/p>\n\n\n\n<p><b>Forma\u00e7\u00e3o Acad\u00eamica&nbsp;<\/b><\/p>\n\n\n\n<p>P\u00f3s-Doutorado, UFV (2013-2014)<\/p>\n\n\n\n<p>Dr. em Fitopatologia, UFV (2012)<\/p>\n\n\n\n<p>M.Sc. em Fitopatologia, UFV (2009)<\/p>\n\n\n\n<p>Eng. Agr\u00f4nomo, UFV (2007)<\/p>\n\n\n\n<p><strong>Linha de pesquisa\/\u00c1rea<\/strong><\/p>\n\n\n\n<p>Prote\u00e7\u00e3o Vegetal e Seguran\u00e7a Ambiental<strong>\/<\/strong>Fitopatologia. Pesquisa e orienta\u00e7\u00e3o na \u00e1rea de epidemiologia e manejo integrado de doen\u00e7as de plantas principalmente com estudos de fitopatometria, t\u00e9cnicas moleculares no estudo de popula\u00e7\u00e3o de pat\u00f3genos e pesquisa com resist\u00eancia de fungos a fungicidas. Culturas de maior \u00eanfase para pesquisas s\u00e3o batata, morango, soja, milho e esp\u00e9cies florestais.<\/p>\n\n\n\n<p><strong>Disciplinas Ministradas <\/strong><\/p>\n\n\n\n<p><a href=\"https:\/\/agrarias.ufpr.br\/pgapv\/apv-7004-diagnose-de-doencas-de-plantas\/\">AGRO 7005 &#8211; Diagnose de Doen\u00e7as de Plantas<\/a><\/p>\n\n\n\n<p class=\"Normal_Web_ tm6\"><a href=\"https:\/\/agrarias.ufpr.br\/pgapv\/agro-7027-pratica-docente-i\/\"><span class=\"tm7\">AGRO 7027 &#8211; Pr\u00e1tica Docente I<\/span><\/a><\/p>\n\n\n\n<p class=\"Normal_Web_ tm6\"><a href=\"https:\/\/agrarias.ufpr.br\/pgapv\/agro7028-pratica-docente-ii\/\"><span class=\"tm7\">AGRO 7028 &#8211; Pr\u00e1tica Docente II&nbsp;<\/span><\/a><\/p>\n\n\n\n<p><a href=\"https:\/\/agrarias.ufpr.br\/pgapv\/agentes-causais-de-doencas-de-plantas\/\">AGRO 7041 \u2013 Agentes Causais de Doen\u00e7as de Plantas<\/a><\/p>\n\n\n\n<p><strong>Laborat\u00f3rios\/Unidade de Apoio&nbsp;<\/strong><\/p>\n\n\n\n<p><a href=\"https:\/\/agrarias.ufpr.br\/pgapv\/laboratorio-de-epidemiologia-para-manejo-integrado-de-doenca-lemid-1\/\">Laborat\u00f3rio de Epidemiologia para Manejo Integrado de Doen\u00e7a (LEMID 1)<\/a><\/p>\n\n\n\n<p><a href=\"https:\/\/agrarias.ufpr.br\/pgapv\/laboratorio-de-epidemiologia-para-manejo-integrado-de-doenca-lemid-2\/\">Laborat\u00f3rio de Epidemiologia para Manejo Integrado de Doen\u00e7a (LEMID 2)<\/a><\/p>\n\n\n\n<p><a href=\"https:\/\/agrarias.ufpr.br\/pgapv\/laboratorio-de-epidemiologia-molecular-laem\/\">Laborat\u00f3rio de Epidemiologia Molecular \u2013 LAEM<\/a><\/p>\n\n\n\n<p><a href=\"https:\/\/agrarias.ufpr.br\/pgapv\/laboratorio-de-fitopatologia\/\">Laborat\u00f3rio de Fitopatologia<\/a><\/p>\n\n\n\n<p><a href=\"https:\/\/agrarias.ufpr.br\/pgapv\/area-experimental-doencas-em-grandes-culturas\/\">\u00c1rea Experimental Doen\u00e7as em Grandes Culturas<\/a><\/p>\n\n\n\n<p><strong>Publica\u00e7\u00f5es<\/strong><\/p>\n\n\n\n<p><strong><a href=\"http:\/\/buscatextual.cnpq.br\/buscatextual\/visualizacv.do?id=K4759559P2\"><img loading=\"lazy\" decoding=\"async\" class=\"alignnone wp-image-742\" src=\"https:\/\/agrarias.ufpr.br\/fitotecnia\/wp-content\/uploads\/sites\/26\/2016\/03\/icon_lattes.png\" alt=\"icon_lattes\" width=\"30\" height=\"29\">&nbsp;<\/a><\/strong><span style=\"color: #000000;\"><a style=\"color: #000000;\" href=\"http:\/\/buscatextual.cnpq.br\/buscatextual\/visualizacv.do?id=K4759559P2\"><span style=\"color: #000080;\"><strong>Lattes<\/strong><\/span>&nbsp;<\/a><\/span><strong><a href=\"https:\/\/www.researchgate.net\/profile\/Henrique-Duarte-2\"><img loading=\"lazy\" decoding=\"async\" class=\"alignnone wp-image-1136 size-full\" src=\"https:\/\/agrarias.ufpr.br\/fitotecnia\/wp-content\/uploads\/sites\/26\/2016\/03\/apple-touch-icon-180x180-e1459453504744.png\" alt=\"apple-touch-icon-180x180\" width=\"29\" height=\"29\"><\/a>&nbsp;<span style=\"color: #000080;\"><span style=\"color: #0000ff;\"><span style=\"color: #000080;\"><a style=\"color: #000080;\" href=\"https:\/\/www.researchgate.net\/profile\/Henrique-Duarte-2\">Research Gat<\/a>e<\/span><\/span>&nbsp;<a href=\"https:\/\/orcid.org\/0000-0002-8128-5428\"><img loading=\"lazy\" decoding=\"async\" class=\"alignnone wp-image-3360\" src=\"https:\/\/agrarias.ufpr.br\/pgapv\/wp-content\/uploads\/sites\/39\/2021\/02\/unnamed.jpg\" alt=\"\" width=\"93\" height=\"37\" srcset=\"https:\/\/agrarias.ufpr.br\/pgapv\/wp-content\/uploads\/sites\/39\/2021\/02\/unnamed.jpg 347w, https:\/\/agrarias.ufpr.br\/pgapv\/wp-content\/uploads\/sites\/39\/2021\/02\/unnamed-300x119.jpg 300w, https:\/\/agrarias.ufpr.br\/pgapv\/wp-content\/uploads\/sites\/39\/2021\/02\/unnamed-250x99.jpg 250w, https:\/\/agrarias.ufpr.br\/pgapv\/wp-content\/uploads\/sites\/39\/2021\/02\/unnamed-160x64.jpg 160w\" sizes=\"auto, (max-width: 93px) 100vw, 93px\" \/><\/a><\/span><\/strong><\/p>\n\n\n\n<p><strong>Contatos<\/strong><\/p>\n\n\n\n<p><img loading=\"lazy\" decoding=\"async\" class=\"alignnone wp-image-757\" src=\"https:\/\/agrarias.ufpr.br\/fitotecnia\/wp-content\/uploads\/sites\/26\/2016\/03\/email-small-.jpg\" alt=\"email small\" width=\"22\" height=\"22\">&nbsp;henriqueduarte@ufpr.br\/henrique.duarte49@gmail.com<\/p>\n\n\n\n<p><img loading=\"lazy\" decoding=\"async\" class=\"wp-image-758 alignnone\" src=\"https:\/\/agrarias.ufpr.br\/fitotecnia\/wp-content\/uploads\/sites\/26\/2016\/03\/telefone.png\" alt=\"telefone\" width=\"22\" height=\"22\">&nbsp;+55 (41) 3350-5684<\/p>\n","protected":false},"excerpt":{"rendered":"<p>Prof. Permanente Forma\u00e7\u00e3o Acad\u00eamica&nbsp; P\u00f3s-Doutorado, UFV (2013-2014) Dr. em Fitopatologia, UFV (2012) M.Sc. em Fitopatologia, UFV (2009) Eng. Agr\u00f4nomo, UFV (2007) Linha de pesquisa\/\u00c1rea Prote\u00e7\u00e3o Vegetal e Seguran\u00e7a Ambiental\/Fitopatologia. Pesquisa e orienta\u00e7\u00e3o na \u00e1rea de epidemiologia e manejo integrado de doen\u00e7as de plantas principalmente com estudos de fitopatometria, t\u00e9cnicas moleculares no estudo de popula\u00e7\u00e3o de pat\u00f3genos e pesquisa com resist\u00eancia de fungos a fungicidas. Culturas de maior \u00eanfase para pesquisas s\u00e3o batata, morango, soja, milho [&hellip;]<\/p>\n","protected":false},"author":3,"featured_media":0,"parent":0,"menu_order":0,"comment_status":"closed","ping_status":"closed","template":"","meta":{"footnotes":""},"class_list":["post-161","page","type-page","status-publish","hentry"],"_links":{"self":[{"href":"https:\/\/agrarias.ufpr.br\/pgapv\/wp-json\/wp\/v2\/pages\/161","targetHints":{"allow":["GET"]}}],"collection":[{"href":"https:\/\/agrarias.ufpr.br\/pgapv\/wp-json\/wp\/v2\/pages"}],"about":[{"href":"https:\/\/agrarias.ufpr.br\/pgapv\/wp-json\/wp\/v2\/types\/page"}],"author":[{"embeddable":true,"href":"https:\/\/agrarias.ufpr.br\/pgapv\/wp-json\/wp\/v2\/users\/3"}],"replies":[{"embeddable":true,"href":"https:\/\/agrarias.ufpr.br\/pgapv\/wp-json\/wp\/v2\/comments?post=161"}],"version-history":[{"count":63,"href":"https:\/\/agrarias.ufpr.br\/pgapv\/wp-json\/wp\/v2\/pages\/161\/revisions"}],"predecessor-version":[{"id":7696,"href":"https:\/\/agrarias.ufpr.br\/pgapv\/wp-json\/wp\/v2\/pages\/161\/revisions\/7696"}],"wp:attachment":[{"href":"https:\/\/agrarias.ufpr.br\/pgapv\/wp-json\/wp\/v2\/media?parent=161"}],"curies":[{"name":"wp","href":"https:\/\/api.w.org\/{rel}","templated":true}]}}