{"id":157,"date":"2018-07-03T13:16:22","date_gmt":"2018-07-03T13:16:22","guid":{"rendered":"https:\/\/agrarias.ufpr.br\/pgapv\/?page_id=157"},"modified":"2026-02-04T14:41:24","modified_gmt":"2026-02-04T14:41:24","slug":"louise-larissa-may-de-mio","status":"publish","type":"page","link":"https:\/\/agrarias.ufpr.br\/pgapv\/louise-larissa-may-de-mio\/","title":{"rendered":"Louise Larissa May De Mio"},"content":{"rendered":"\n<p><strong>Forma\u00e7\u00e3o Acad\u00eamica<\/strong><\/p>\n\n\n\n<p>P\u00f3s-Doutorado,&nbsp;University of California, Davis, UCDAVIS, Estados Unidos (2008-2009)<\/p>\n\n\n\n<p>Dra. em Fitopatologia, ESALQ\/USP (2001)<\/p>\n\n\n\n<p>M.Sc. em Fitopatologia, ESALQ\/USP (1994)<\/p>\n\n\n\n<p>Eng. Agr\u00f4noma, UFPR (1990)<\/p>\n\n\n\n<p><strong>Linha de pesquisa\/\u00c1rea<\/strong><\/p>\n\n\n\n<p>Prote\u00e7\u00e3o Vegetal e Seguran\u00e7a Ambiental<strong>\/<\/strong>Fitopatologia<\/p>\n\n\n\n<p>Pesquisa e orienta\u00e7\u00e3o em p\u00f3s-gradua\u00e7\u00e3o na \u00e1rea de epidemiologia e manejo integrado de doen\u00e7as de plantas em geral. Uso de m\u00e9todos moleculares no estudo de popula\u00e7\u00e3o de pat\u00f3genos e pesquisa em resist\u00eancia de fungos a fungicidas. Culturas de maior \u00eanfase para pesquisas s\u00e3o as frut\u00edferas e soja.<\/p>\n\n\n\n<p><strong>Disciplinas Ministradas<\/strong><\/p>\n\n\n\n<p><a href=\"https:\/\/agrarias.ufpr.br\/pgapv\/agro-7004-controle-de-doencas-de-plantas\/\">AGRO 7004 \u2013 Controle de Doen\u00e7as de Plantas&nbsp;<\/a><\/p>\n\n\n\n<p><a href=\"https:\/\/agrarias.ufpr.br\/pgapv\/agro-7009-epidemiologia-de-doencas-de-plantas\/\">AGRO 7009 \u2013 Epidemiologia para o Manejo de Doen\u00e7as de Plantas<\/a><\/p>\n\n\n\n<p><a href=\"https:\/\/agrarias.ufpr.br\/pgapv\/agro-7027-pratica-docente-i\/\">AGRO 7027 \u2013 Pr\u00e1tica Docente I&nbsp;<\/a><\/p>\n\n\n\n<p><a href=\"https:\/\/agrarias.ufpr.br\/pgapv\/agro7028-pratica-docente-ii\/\">AGRO 7028 \u2013 Pr\u00e1tica Docente II&nbsp;<\/a><\/p>\n\n\n\n<p><a href=\"https:\/\/agrarias.ufpr.br\/pgapv\/agro7038-topicos-especiais-iv-manejo-integrado-p-controle-doencas-resist-microbiana-prospeccao-de-alternativas-manejo-de-doencas\/\">AGRO 7038 \u2013 T\u00f3picos Especiais IV \u2013 Manejo Integrado para Controle de Doen\u00e7as, Resist\u00eancia Microbiana e Prospec\u00e7\u00e3o de Alternativas de Manejo de Doen\u00e7as<\/a><\/p>\n\n\n\n<p><strong>Laborat\u00f3rios\/Unidades de Apoio&nbsp;<\/strong><\/p>\n\n\n\n<p><a href=\"https:\/\/agrarias.ufpr.br\/pgapv\/laboratorio-de-epidemiologia-para-manejo-integrado-de-doenca-lemid-1\/\">Laborat\u00f3rio de Epidemiologia para Manejo Integrado de Doen\u00e7a (LEMID 1)<\/a><\/p>\n\n\n\n<p><a href=\"https:\/\/agrarias.ufpr.br\/pgapv\/laboratorio-de-epidemiologia-para-manejo-integrado-de-doenca-lemid-2\/\">Laborat\u00f3rio de Epidemiologia para Manejo Integrado de Doen\u00e7a (LEMID 2)<\/a><\/p>\n\n\n\n<p><a href=\"https:\/\/agrarias.ufpr.br\/pgapv\/laboratorio-de-epidemiologia-molecular-laem\/\">Laborat\u00f3rio de Epidemiologia Molecular \u2013 LAEM<\/a><\/p>\n\n\n\n<p><a href=\"https:\/\/agrarias.ufpr.br\/pgapv\/laboratorio-de-fitopatologia\/\">Laborat\u00f3rio de Fitopatologia<\/a><\/p>\n\n\n\n<p><a href=\"https:\/\/agrarias.ufpr.br\/pgapv\/area-experimental-doencas-em-grandes-culturas\/\">\u00c1rea Experimental Doen\u00e7as em Grandes Culturas<\/a><\/p>\n\n\n\n<p><strong>Publica\u00e7\u00f5es<\/strong><\/p>\n\n\n\n<p><strong><a href=\"http:\/\/buscatextual.cnpq.br\/buscatextual\/visualizacv.do?id=K4784762Z1\"><\/a><span style=\"font-family: helvetica, arial, sans-serif;\"><strong><b><a href=\"http:\/\/buscatextual.cnpq.br\/buscatextual\/visualizacv.do?id=K4784762Z1\"><img loading=\"lazy\" decoding=\"async\" width=\"30\" height=\"29\" class=\"alignnone wp-image-742\" src=\"https:\/\/agrarias.ufpr.br\/fitotecnia\/wp-content\/uploads\/sites\/26\/2016\/03\/icon_lattes.png\" alt=\"icon_lattes\"><\/a><a href=\"http:\/\/lattes.cnpq.br\/2567582971674205\">\u00a0<\/a><\/b><\/strong><\/span>\u00a0<a href=\"http:\/\/buscatextual.cnpq.br\/buscatextual\/visualizacv.do?id=K4784762Z1\">Lattes\u00a0<\/a>\u00a0<a href=\"https:\/\/www.researchgate.net\/profile\/Louise_May-De_Mio\"><\/a>\u00a0<span style=\"font-family: helvetica, arial, sans-serif;\"><strong><b><a href=\"https:\/\/www.researchgate.net\/profile\/Louise_May-De_Mio\"><img loading=\"lazy\" decoding=\"async\" width=\"29\" height=\"29\" class=\"alignnone wp-image-1136 size-full\" src=\"https:\/\/agrarias.ufpr.br\/fitotecnia\/wp-content\/uploads\/sites\/26\/2016\/03\/apple-touch-icon-180x180-e1459453504744.png\" alt=\"apple-touch-icon-180x180\">\u00a0<\/a><\/b><\/strong><\/span><a href=\"https:\/\/www.researchgate.net\/profile\/Louise_May-De_Mio\">Research Gate\u00a0\u00a0<\/a><a href=\"https:\/\/orcid.org\/0000-0002-4202-4428\"><\/a><\/strong><\/p>\n\n\n\n<p><strong>Contatos<\/strong><\/p>\n\n\n\n<p><img loading=\"lazy\" decoding=\"async\" src=\"https:\/\/agrarias.ufpr.br\/fitotecnia\/wp-content\/uploads\/sites\/26\/2016\/03\/email-small-.jpg\" alt=\"email small\" width=\"22\" height=\"22\">&nbsp;maydemio@ufpr.br\/maydemio@gmail.com<\/p>\n\n\n\n<p><img loading=\"lazy\" decoding=\"async\" src=\"https:\/\/agrarias.ufpr.br\/fitotecnia\/wp-content\/uploads\/sites\/26\/2016\/03\/telefone.png\" alt=\"telefone\" width=\"22\" height=\"22\">+55 (41) 3350-5736<\/p>\n","protected":false},"excerpt":{"rendered":"<p>Forma\u00e7\u00e3o Acad\u00eamica P\u00f3s-Doutorado,&nbsp;University of California, Davis, UCDAVIS, Estados Unidos (2008-2009) Dra. em Fitopatologia, ESALQ\/USP (2001) M.Sc. em Fitopatologia, ESALQ\/USP (1994) Eng. Agr\u00f4noma, UFPR (1990) Linha de pesquisa\/\u00c1rea Prote\u00e7\u00e3o Vegetal e Seguran\u00e7a Ambiental\/Fitopatologia Pesquisa e orienta\u00e7\u00e3o em p\u00f3s-gradua\u00e7\u00e3o na \u00e1rea de epidemiologia e manejo integrado de doen\u00e7as de plantas em geral. Uso de m\u00e9todos moleculares no estudo de popula\u00e7\u00e3o de pat\u00f3genos e pesquisa em resist\u00eancia de fungos a fungicidas. Culturas de maior \u00eanfase para pesquisas s\u00e3o [&hellip;]<\/p>\n","protected":false},"author":3,"featured_media":0,"parent":0,"menu_order":0,"comment_status":"closed","ping_status":"closed","template":"","meta":{"footnotes":""},"class_list":["post-157","page","type-page","status-publish","hentry"],"_links":{"self":[{"href":"https:\/\/agrarias.ufpr.br\/pgapv\/wp-json\/wp\/v2\/pages\/157","targetHints":{"allow":["GET"]}}],"collection":[{"href":"https:\/\/agrarias.ufpr.br\/pgapv\/wp-json\/wp\/v2\/pages"}],"about":[{"href":"https:\/\/agrarias.ufpr.br\/pgapv\/wp-json\/wp\/v2\/types\/page"}],"author":[{"embeddable":true,"href":"https:\/\/agrarias.ufpr.br\/pgapv\/wp-json\/wp\/v2\/users\/3"}],"replies":[{"embeddable":true,"href":"https:\/\/agrarias.ufpr.br\/pgapv\/wp-json\/wp\/v2\/comments?post=157"}],"version-history":[{"count":26,"href":"https:\/\/agrarias.ufpr.br\/pgapv\/wp-json\/wp\/v2\/pages\/157\/revisions"}],"predecessor-version":[{"id":7699,"href":"https:\/\/agrarias.ufpr.br\/pgapv\/wp-json\/wp\/v2\/pages\/157\/revisions\/7699"}],"wp:attachment":[{"href":"https:\/\/agrarias.ufpr.br\/pgapv\/wp-json\/wp\/v2\/media?parent=157"}],"curies":[{"name":"wp","href":"https:\/\/api.w.org\/{rel}","templated":true}]}}