{"id":155,"date":"2018-07-03T13:14:32","date_gmt":"2018-07-03T13:14:32","guid":{"rendered":"https:\/\/agrarias.ufpr.br\/pgapv\/?page_id=155"},"modified":"2026-02-04T14:42:45","modified_gmt":"2026-02-04T14:42:45","slug":"renata-faier-calegario","status":"publish","type":"page","link":"https:\/\/agrarias.ufpr.br\/pgapv\/renata-faier-calegario\/","title":{"rendered":"Renata Faier Calegario"},"content":{"rendered":"\n<p><strong>Forma\u00e7\u00e3o Acad\u00eamica<\/strong><\/p>\n\n\n\n<p>P\u00f3s-Doutorado, Esalq\/USP (2013-2014)<\/p>\n\n\n\n<p>P\u00f3s-Doutorado, Esalq\/USP (2009-2011)<\/p>\n\n\n\n<p>Dra. em Fitopatologia, ESALQ\/USP (2009)<\/p>\n\n\n\n<p>M.Sc. em Fitopatologia, UFV (2004)<\/p>\n\n\n\n<p>Eng. Agr\u00f4noma, UFV (2002)<\/p>\n\n\n\n<p><strong>Linha de pesquisa\/\u00c1rea<\/strong><\/p>\n\n\n\n<p>Prote\u00e7\u00e3o Vegetal e Seguran\u00e7a Ambiental\/Fitopatologia<\/p>\n\n\n\n<p>\u00canfase em Virologia Vegetal e Biologia Molecular de Fitopat\u00f3genos&nbsp;<\/p>\n\n\n\n<p><strong>Disciplinas Ministradas<\/strong><\/p>\n\n\n\n<p><a href=\"https:\/\/agrarias.ufpr.br\/pgapv\/agro-7027-pratica-docente-i\/\">AGRO 7027 \u2013 Pr\u00e1tica Docente I<\/a><\/p>\n\n\n\n<p><a href=\"https:\/\/agrarias.ufpr.br\/pgapv\/agro7028-pratica-docente-ii\/\">AGRO 7028 \u2013 Pr\u00e1tica Docente II<\/a><\/p>\n\n\n\n<p><a href=\"https:\/\/agrarias.ufpr.br\/pgapv\/agro-7032-seminarios-i\/\">AGRO 7032 \u2013 Semin\u00e1rios I: Metodologia Cient\u00edfica<\/a><\/p>\n\n\n\n<p><a href=\"https:\/\/agrarias.ufpr.br\/pgapv\/agro-7044-deteccao-molecular-de-fitopatogenos\/\">AGRO 7044 \u2013 Detec\u00e7\u00e3o Molecular de Fitopat\u00f3genos<\/a><\/p>\n\n\n\n<p><strong>Laborat\u00f3rios\/Unidade de Apoio&nbsp;<\/strong><\/p>\n\n\n\n<p><a href=\"https:\/\/agrarias.ufpr.br\/pgapv\/laboratorio-de-fitopatologia\/\">Laborat\u00f3rio de Fitopatologia<\/a><\/p>\n\n\n\n<p><a href=\"https:\/\/agrarias.ufpr.br\/pgapv\/laboratorio-de-epidemiologia-molecular-laem\/\">Laborat\u00f3rio de Epidemiologia Molecular (LAEM)<\/a><\/p>\n\n\n\n<p><a href=\"https:\/\/agrarias.ufpr.br\/pgapv\/area-experimental-doencas-em-grandes-culturas\/\">\u00c1rea Experimental Doen\u00e7as em Grandes Culturas<\/a><\/p>\n\n\n\n<p><strong>Publica\u00e7\u00f5es<\/strong><\/p>\n\n\n\n<p><a href=\"http:\/\/lattes.cnpq.br\/2827241409293980\"><\/a><span style=\"font-family: helvetica, arial, sans-serif;\"><strong><b><img loading=\"lazy\" decoding=\"async\" width=\"30\" height=\"29\" class=\"alignnone wp-image-742\" src=\"https:\/\/agrarias.ufpr.br\/fitotecnia\/wp-content\/uploads\/sites\/26\/2016\/03\/icon_lattes.png\" alt=\"icon_lattes\"><\/b><\/strong><\/span>\u00a0<strong><a href=\"http:\/\/lattes.cnpq.br\/2827241409293980\">Lattes<\/a><\/strong>\u00a0<strong><a href=\"https:\/\/www.researchgate.net\/profile\/Renata_Calegario\"><\/a>\u00a0<span style=\"font-family: helvetica, arial, sans-serif;\"><strong><b><img loading=\"lazy\" decoding=\"async\" width=\"29\" height=\"29\" class=\"alignnone wp-image-1136 size-full\" src=\"https:\/\/agrarias.ufpr.br\/fitotecnia\/wp-content\/uploads\/sites\/26\/2016\/03\/apple-touch-icon-180x180-e1459453504744.png\" alt=\"apple-touch-icon-180x180\"><\/b><\/strong><\/span><a href=\"https:\/\/www.researchgate.net\/profile\/Renata_Calegario\">Research Gate\u00a0\u00a0<\/a><a href=\"https:\/\/orcid.org\/0000-0002-9890-4977\"><\/a><\/strong><\/p>\n\n\n\n<p><strong>Contatos<\/strong><\/p>\n\n\n\n<p><img loading=\"lazy\" decoding=\"async\" src=\"https:\/\/agrarias.ufpr.br\/fitotecnia\/wp-content\/uploads\/sites\/26\/2016\/03\/email-small-.jpg\" alt=\"email small\" width=\"22\" height=\"22\">&nbsp;renata.faier@ufpr.br\/rfaier@hotmail.com<\/p>\n\n\n\n<p><img loading=\"lazy\" decoding=\"async\" src=\"https:\/\/agrarias.ufpr.br\/fitotecnia\/wp-content\/uploads\/sites\/26\/2016\/03\/telefone.png\" alt=\"telefone\" width=\"22\" height=\"22\">+55 (41) 3350-5715<\/p>\n","protected":false},"excerpt":{"rendered":"<p>Forma\u00e7\u00e3o Acad\u00eamica P\u00f3s-Doutorado, Esalq\/USP (2013-2014) P\u00f3s-Doutorado, Esalq\/USP (2009-2011) Dra. em Fitopatologia, ESALQ\/USP (2009) M.Sc. em Fitopatologia, UFV (2004) Eng. Agr\u00f4noma, UFV (2002) Linha de pesquisa\/\u00c1rea Prote\u00e7\u00e3o Vegetal e Seguran\u00e7a Ambiental\/Fitopatologia \u00canfase em Virologia Vegetal e Biologia Molecular de Fitopat\u00f3genos&nbsp; Disciplinas Ministradas AGRO 7027 \u2013 Pr\u00e1tica Docente I AGRO 7028 \u2013 Pr\u00e1tica Docente II AGRO 7032 \u2013 Semin\u00e1rios I: Metodologia Cient\u00edfica AGRO 7044 \u2013 Detec\u00e7\u00e3o Molecular de Fitopat\u00f3genos Laborat\u00f3rios\/Unidade de Apoio&nbsp; Laborat\u00f3rio de Fitopatologia Laborat\u00f3rio de [&hellip;]<\/p>\n","protected":false},"author":3,"featured_media":0,"parent":0,"menu_order":0,"comment_status":"closed","ping_status":"closed","template":"","meta":{"footnotes":""},"class_list":["post-155","page","type-page","status-publish","hentry"],"_links":{"self":[{"href":"https:\/\/agrarias.ufpr.br\/pgapv\/wp-json\/wp\/v2\/pages\/155","targetHints":{"allow":["GET"]}}],"collection":[{"href":"https:\/\/agrarias.ufpr.br\/pgapv\/wp-json\/wp\/v2\/pages"}],"about":[{"href":"https:\/\/agrarias.ufpr.br\/pgapv\/wp-json\/wp\/v2\/types\/page"}],"author":[{"embeddable":true,"href":"https:\/\/agrarias.ufpr.br\/pgapv\/wp-json\/wp\/v2\/users\/3"}],"replies":[{"embeddable":true,"href":"https:\/\/agrarias.ufpr.br\/pgapv\/wp-json\/wp\/v2\/comments?post=155"}],"version-history":[{"count":22,"href":"https:\/\/agrarias.ufpr.br\/pgapv\/wp-json\/wp\/v2\/pages\/155\/revisions"}],"predecessor-version":[{"id":7700,"href":"https:\/\/agrarias.ufpr.br\/pgapv\/wp-json\/wp\/v2\/pages\/155\/revisions\/7700"}],"wp:attachment":[{"href":"https:\/\/agrarias.ufpr.br\/pgapv\/wp-json\/wp\/v2\/media?parent=155"}],"curies":[{"name":"wp","href":"https:\/\/api.w.org\/{rel}","templated":true}]}}