{"id":1493,"date":"2018-09-22T17:07:44","date_gmt":"2018-09-22T17:07:44","guid":{"rendered":"https:\/\/agrarias.ufpr.br\/pgapv\/?page_id=1493"},"modified":"2021-02-12T21:16:47","modified_gmt":"2021-02-12T21:16:47","slug":"agro-7022-morfogenese-morfologia-e-poda-de-plantas-perenes-2","status":"publish","type":"page","link":"https:\/\/agrarias.ufpr.br\/pgapv\/agro-7022-morfogenese-morfologia-e-poda-de-plantas-perenes-2\/","title":{"rendered":"AGRO 7022 \u2013 Morfog\u00eanese, Morfologia e Poda de Plantas Perenes"},"content":{"rendered":"<p><strong>N\u00edvel<\/strong><\/p>\n<p>Mestrado\/Doutorado<\/p>\n<p><strong>Natureza<\/strong><\/p>\n<p>Concentrada<\/p>\n<p><strong>Cr\u00e9ditos <\/strong><\/p>\n<p>04<\/p>\n<p><strong>Carga hor\u00e1ria<\/strong><\/p>\n<p>60 horas&nbsp;<\/p>\n<p><strong>Ementa<\/strong><\/p>\n<p style=\"text-align: justify\">Morfog\u00eanese dos sistemas a\u00e9reos e radiciais com suas implica\u00e7\u00f5es na condu\u00e7\u00e3o e poda das plantas bem como no seu enraizamento. Dorm\u00eancia. Processos morfog\u00eanicos in vitro.<\/p>\n<p><strong>Semestre<\/strong><\/p>\n<p>2\u00ba semestre de anos pares<\/p>\n<p><strong>Dia\/Hor\u00e1rio<\/strong><\/p>\n<p>A definir<\/p>\n<p><strong>Docente<\/strong><\/p>\n<p><a href=\"https:\/\/agrarias.ufpr.br\/pgapv\/flavio-zanette\/\">Fl\u00e1vio Zanette<\/a><\/p>\n<p><strong>Bibliografia Recomendada<\/strong><\/p>\n<p style=\"text-align: justify\">ANSELMINI, J. I. Fenologia reprodutiva da <em>Araucaria angustifolia<\/em> (Bert.) O. Ktze, na regi\u00e3o de Curitiba \u2013 PR. 52 f. Disserta\u00e7\u00e3o (Mestrado em Produ\u00e7\u00e3o Vegetal &#8211; Agronomia) \u2013 Universidade Federal do Paran\u00e1, Curitiba, 2005. Dispon\u00edvel em:&nbsp;https:\/\/acervodigital.ufpr.br\/handle\/1884\/1922?show=full.<\/p>\n<p style=\"text-align: justify\">CARVALHO, R. I. N. de. Din\u00e2mica da dorm\u00eancia e do conte\u00fado de carboidrato e prote\u00ednas em gemas vegetativas e ramos de um e dois anos de macieira com ou sem frio suplementar. 134 f. Tese (Doutorado em Produ\u00e7\u00e3o Vegetal &#8211; Agronomia) \u2013 Universidade Federal do Paran\u00e1, Curitiba, 2001.<\/p>\n<p style=\"text-align: justify\">CONSTANTINO, V. Nutri\u00e7\u00e3o de mudas e morfog\u00eanese da <em>Araucaria angustifolia<\/em>. (BERT.) O. Ktze. submetida \u00e0 enxertia. 133 f. Tese (Doutorado em Produ\u00e7\u00e3o Vegetal &#8211; Agronomia) \u2013 Universidade Federal do Paran\u00e1, Curitiba, 2017. Dispon\u00edvel em:https:\/\/acervodigital.ufpr.br\/handle\/1884\/47970.<\/p>\n<p style=\"text-align: justify\">HACKBARTH, C. Aspectos morfol\u00f3gicos e fisiol\u00f3gicos do polimorfismo do caule-tronco e ramos \u2013 da <em>Araucaria angustifolia<\/em> (Bertol.) Kuntze. 120 f. Tese (Doutorado em Produ\u00e7\u00e3o Vegetal &#8211; Agronomia) \u2013 Universidade Federal do Paran\u00e1, Curitiba, 2018. Dispon\u00edvel em: https:\/\/acervodigital.ufpr.br\/handle\/1884\/56075.<\/p>\n<p style=\"text-align: justify\">PEREIRA, G. P. Fisiologia e bioqu\u00edmica da dorm\u00eancia de gemas de caquizeiro \u2018Fuyu\u2019. 100 f. Tese (Doutorado em Produ\u00e7\u00e3o Vegetal &#8211; Agronomia) \u2013 Universidade Federal do Paran\u00e1, Curitiba, 2017. Dispon\u00edvel em:https:\/\/acervodigital.ufpr.br\/handle\/1884\/47448<\/p>\n<p style=\"text-align: justify\">WENDLING, I.; ZANETTE, F. Arauc\u00e1ria: particularidades, propaga\u00e7\u00e3o e manejo de plantios. Bras\u00edlia, DF: Embrapa, 2017. 159 p. : il. color. ; 22,5 cm x 16,5 cm.<\/p>\n<p style=\"text-align: justify\">RECH, T. D. Ramifica\u00e7\u00e3o e produtividade do vimeiro em diferentes condi\u00e7\u00f5es ambientais e de manejo no Planalto Sul Catarinense.&nbsp;149 f. Tese (Doutorado em Produ\u00e7\u00e3o Vegetal &#8211; Agronomia) \u2013 Universidade Federal do Paran\u00e1, Curitiba, 2006. Dispon\u00edvel em: https:\/\/acervodigital.ufpr.br\/handle\/1884\/7018.<\/p>\n","protected":false},"excerpt":{"rendered":"<p>N\u00edvel Mestrado\/Doutorado Natureza Concentrada Cr\u00e9ditos 04 Carga hor\u00e1ria 60 horas&nbsp; Ementa Morfog\u00eanese dos sistemas a\u00e9reos e radiciais com suas implica\u00e7\u00f5es na condu\u00e7\u00e3o e poda das plantas bem como no seu enraizamento. Dorm\u00eancia. Processos morfog\u00eanicos in vitro. Semestre 2\u00ba semestre de anos pares Dia\/Hor\u00e1rio A definir Docente Fl\u00e1vio Zanette Bibliografia Recomendada ANSELMINI, J. I. Fenologia reprodutiva [&hellip;]<\/p>\n","protected":false},"author":10266,"featured_media":0,"parent":0,"menu_order":0,"comment_status":"closed","ping_status":"closed","template":"","meta":{"footnotes":""},"class_list":["post-1493","page","type-page","status-publish","hentry"],"_links":{"self":[{"href":"https:\/\/agrarias.ufpr.br\/pgapv\/wp-json\/wp\/v2\/pages\/1493","targetHints":{"allow":["GET"]}}],"collection":[{"href":"https:\/\/agrarias.ufpr.br\/pgapv\/wp-json\/wp\/v2\/pages"}],"about":[{"href":"https:\/\/agrarias.ufpr.br\/pgapv\/wp-json\/wp\/v2\/types\/page"}],"author":[{"embeddable":true,"href":"https:\/\/agrarias.ufpr.br\/pgapv\/wp-json\/wp\/v2\/users\/10266"}],"replies":[{"embeddable":true,"href":"https:\/\/agrarias.ufpr.br\/pgapv\/wp-json\/wp\/v2\/comments?post=1493"}],"version-history":[{"count":5,"href":"https:\/\/agrarias.ufpr.br\/pgapv\/wp-json\/wp\/v2\/pages\/1493\/revisions"}],"predecessor-version":[{"id":3230,"href":"https:\/\/agrarias.ufpr.br\/pgapv\/wp-json\/wp\/v2\/pages\/1493\/revisions\/3230"}],"wp:attachment":[{"href":"https:\/\/agrarias.ufpr.br\/pgapv\/wp-json\/wp\/v2\/media?parent=1493"}],"curies":[{"name":"wp","href":"https:\/\/api.w.org\/{rel}","templated":true}]}}