{"id":134,"date":"2018-07-03T13:02:00","date_gmt":"2018-07-03T13:02:00","guid":{"rendered":"https:\/\/agrarias.ufpr.br\/pgapv\/?page_id=134"},"modified":"2026-02-03T18:14:20","modified_gmt":"2026-02-03T18:14:20","slug":"ex-coordenadores","status":"publish","type":"page","link":"https:\/\/agrarias.ufpr.br\/pgapv\/ex-coordenadores\/","title":{"rendered":"Ex-coordenadores"},"content":{"rendered":"\n<p><span style=\"color: #ff0000;\"><strong>2024- Atual<\/strong><\/span><\/p>\n\n\n\n<p><strong>Coordenadora<\/strong>: <a href=\"https:\/\/agrarias.ufpr.br\/pgapv\/maria-aparecida-cassilha-zawadneak\/\">Maria Aparecida Cassilha Zawadneak<\/a><\/p>\n\n\n\n<p><strong>Vice-Coordenador<\/strong>: <a href=\"https:\/\/agrarias.ufpr.br\/pgapv\/leandro-bittencourt-de-oliveira\/\">Leandro Bittencourt de Oliveira<\/a><\/p>\n\n\n\n<p><span style=\"color: #ff0000;\"><strong>2020- 2024<\/strong><\/span><\/p>\n\n\n\n<p><strong>Coordenador<\/strong>: <a href=\"https:\/\/agrarias.ufpr.br\/pgapv\/arthur-arrobas-martins-barroso\/\">Arthur Arrobas Martins Barroso<\/a><\/p>\n\n\n\n<p><strong>Vice-Coordenadora<\/strong>: <a href=\"https:\/\/agrarias.ufpr.br\/pgapv\/maria-aparecida-cassilha-zawadneak\/\">Maria Aparecida Cassilha Zawadneak<\/a><\/p>\n\n\n\n<p><span style=\"color: #ff0000;\"><strong>2018- 2020<\/strong><\/span><\/p>\n\n\n\n<p><strong>Coordenador<\/strong>: <a href=\"https:\/\/agrarias.ufpr.br\/pgapv\/anibal-de-moraes\/\">Anibal de Moraes<\/a><\/p>\n\n\n\n<p><strong>Vice-Coordenador<\/strong>:<a href=\"https:\/\/agrarias.ufpr.br\/pgapv\/cicero-deschamps\/\">&nbsp;C\u00edcero Deschamps<\/a><\/p>\n\n\n\n<p><span style=\"color: #ff0000;\"><strong>2016- 2018<\/strong><\/span><\/p>\n\n\n\n<p><strong>Coordenador<\/strong>: <a href=\"https:\/\/agrarias.ufpr.br\/pgapv\/cicero-deschamps\/\">C\u00edcero Deschamps<\/a><\/p>\n\n\n\n<p><strong>Vice-Coordenador<\/strong>: <a href=\"https:\/\/agrarias.ufpr.br\/pgapv\/anibal-de-moraes\/\">Anibal de Moraes<\/a><\/p>\n\n\n\n<p><span style=\"color: #ff0000;\"><strong>2014- 2016<\/strong><\/span><\/p>\n\n\n\n<p><strong>Coordenador<\/strong>: <a href=\"https:\/\/agrarias.ufpr.br\/pgapv\/cicero-deschamps\/\">C\u00edcero Deschamps<\/a><\/p>\n\n\n\n<p><strong>Vice-Coordenador<\/strong>: <a href=\"https:\/\/agrarias.ufpr.br\/pgapv\/louise-larissa-may-de-mio\/\">Louise Larissa May De Mio<\/a><\/p>\n\n\n\n<p><span style=\"color: #ff0000;\"><strong>2012- 2014<\/strong><\/span><\/p>\n\n\n\n<p><strong>Coordenador<\/strong>: <a href=\"https:\/\/agrarias.ufpr.br\/pgapv\/louise-larissa-may-de-mio\/\">Louise Larissa May De Mio<\/a><\/p>\n\n\n\n<p><strong>Vice-Coordenador<\/strong>:&nbsp;<a href=\"https:\/\/agrarias.ufpr.br\/pgapv\/cicero-deschamps\/\">C\u00edcero Deschamps<\/a><\/p>\n\n\n\n<p><span style=\"color: #ff0000;\"><strong>2010- 2012<\/strong><\/span><\/p>\n\n\n\n<p><strong>Coordenador<\/strong>: <a href=\"https:\/\/agrarias.ufpr.br\/pgapv\/louise-larissa-may-de-mio\/\">Louise Larissa May De Mio<\/a><\/p>\n\n\n\n<p><strong>Vice-Coordenador<\/strong>:&nbsp;<a href=\"https:\/\/agrarias.ufpr.br\/pgapv\/francine-lorena-cuquel\/\">Francine Lorena Cuquel<\/a><\/p>\n\n\n\n<p><span style=\"color: #ff0000;\"><strong>2008- 2010<\/strong><\/span><\/p>\n\n\n\n<p><strong>Coordenador<\/strong>: <a href=\"https:\/\/agrarias.ufpr.br\/pgapv\/francine-lorena-cuquel\/\">Francine Lorena Cuquel<\/a><\/p>\n\n\n\n<p><strong>Vice-Coordenador<\/strong>: <a title=\"Raquel Rejane Bonato Negrelle\" href=\"https:\/\/agrarias.ufpr.br\/pgapv\/raquel-rejane-bonato-negrelle\/\">Raquel Rejane Bonato Negrelle<\/a><\/p>\n\n\n\n<p><span style=\"color: #ff0000;\"><strong>2006- 2008<\/strong><\/span><\/p>\n\n\n\n<p><strong>Coordenador<\/strong>:&nbsp;<a href=\"https:\/\/agrarias.ufpr.br\/pgapv\/francine-lorena-cuquel\/\">Francine Lorena Cuquel<\/a><\/p>\n\n\n\n<p><strong>Vice-Coordenador<\/strong>:&nbsp;<a href=\"https:\/\/agrarias.ufpr.br\/pgapv\/luiz-antonio-biasi\/\">Luiz Antonio Biasi<\/a><\/p>\n\n\n\n<p><span style=\"color: #ff0000;\"><strong>2004- 2006<\/strong><\/span><\/p>\n\n\n\n<p><strong>Coordenador<\/strong>:<a href=\"https:\/\/agrarias.ufpr.br\/pgapv\/luiz-antonio-biasi\/\"> Luiz Antonio Biasi<\/a><\/p>\n\n\n\n<p><strong>Vice-Coordenador<\/strong>:&nbsp;<a href=\"https:\/\/agrarias.ufpr.br\/pgapv\/francine-lorena-cuquel\/\">Francine Lorena Cuquel<\/a><\/p>\n\n\n\n<p><span style=\"color: #ff0000;\"><strong>2002- 2004<\/strong><\/span><\/p>\n\n\n\n<p><strong>Coordenador<\/strong>: <a href=\"https:\/\/agrarias.ufpr.br\/pgapv\/luiz-antonio-biasi\/\">Luiz Antonio Biasi<\/a><\/p>\n\n\n\n<p><strong>Vice-Coordenador<\/strong>:&nbsp;Luiz Doni Filho<\/p>\n\n\n\n<p><span style=\"color: #ff0000;\"><strong>2000- 2002<\/strong><\/span><\/p>\n\n\n\n<p><strong>Coordenador<\/strong>: Luiz Doni Filho<\/p>\n\n\n\n<p><strong>Vice-Coordenador<\/strong>: Pedro Ronzelli junior<\/p>\n\n\n\n<p><span style=\"color: #ff0000;\"><strong>1998- 2000<\/strong><\/span><\/p>\n\n\n\n<p><strong>Coordenador<\/strong>: Luiz Doni Filho<\/p>\n\n\n\n<p><strong>Vice-Coordenador<\/strong>: <a href=\"https:\/\/agrarias.ufpr.br\/pgapv\/anibal-de-moraes\/\">Anibal de Moraes<\/a><\/p>\n\n\n\n<p><span style=\"color: #ff0000;\"><strong>1996- 1998<\/strong><\/span><\/p>\n\n\n\n<p><strong>Coordenador<\/strong>: <a href=\"https:\/\/agrarias.ufpr.br\/pgapv\/flavio-zanette\/\">Fl\u00e1vio Zanette<\/a><\/p>\n\n\n\n<p><strong>Vice-Coordenador<\/strong>: Maria L\u00facia Rosa Zakzevskas da Costa Lima<\/p>\n\n\n\n<p><span style=\"color: #ff0000;\"><strong>1994- 1996<\/strong><\/span><\/p>\n\n\n\n<p><strong>Coordenador<\/strong>: <a href=\"https:\/\/agrarias.ufpr.br\/pgapv\/flavio-zanette\/\">Fl\u00e1vio Zanette<\/a><\/p>\n\n\n\n<p><strong>Vice-Coordenador<\/strong>: <a href=\"https:\/\/agrarias.ufpr.br\/pgapv\/anibal-de-moraes\/\">Anibal de Moraes<\/a><\/p>\n","protected":false},"excerpt":{"rendered":"<p>2024- Atual Coordenadora: Maria Aparecida Cassilha Zawadneak Vice-Coordenador: Leandro Bittencourt de Oliveira 2020- 2024 Coordenador: Arthur Arrobas Martins Barroso Vice-Coordenadora: Maria Aparecida Cassilha Zawadneak 2018- 2020 Coordenador: Anibal de Moraes Vice-Coordenador:&nbsp;C\u00edcero Deschamps 2016- 2018 Coordenador: C\u00edcero Deschamps Vice-Coordenador: Anibal de Moraes 2014- 2016 Coordenador: C\u00edcero Deschamps Vice-Coordenador: Louise Larissa May De Mio 2012- 2014 Coordenador: [&hellip;]<\/p>\n","protected":false},"author":3,"featured_media":0,"parent":0,"menu_order":0,"comment_status":"closed","ping_status":"closed","template":"","meta":{"footnotes":""},"class_list":["post-134","page","type-page","status-publish","hentry"],"_links":{"self":[{"href":"https:\/\/agrarias.ufpr.br\/pgapv\/wp-json\/wp\/v2\/pages\/134","targetHints":{"allow":["GET"]}}],"collection":[{"href":"https:\/\/agrarias.ufpr.br\/pgapv\/wp-json\/wp\/v2\/pages"}],"about":[{"href":"https:\/\/agrarias.ufpr.br\/pgapv\/wp-json\/wp\/v2\/types\/page"}],"author":[{"embeddable":true,"href":"https:\/\/agrarias.ufpr.br\/pgapv\/wp-json\/wp\/v2\/users\/3"}],"replies":[{"embeddable":true,"href":"https:\/\/agrarias.ufpr.br\/pgapv\/wp-json\/wp\/v2\/comments?post=134"}],"version-history":[{"count":12,"href":"https:\/\/agrarias.ufpr.br\/pgapv\/wp-json\/wp\/v2\/pages\/134\/revisions"}],"predecessor-version":[{"id":7609,"href":"https:\/\/agrarias.ufpr.br\/pgapv\/wp-json\/wp\/v2\/pages\/134\/revisions\/7609"}],"wp:attachment":[{"href":"https:\/\/agrarias.ufpr.br\/pgapv\/wp-json\/wp\/v2\/media?parent=134"}],"curies":[{"name":"wp","href":"https:\/\/api.w.org\/{rel}","templated":true}]}}