{"id":1304,"date":"2018-09-17T18:47:15","date_gmt":"2018-09-17T18:47:15","guid":{"rendered":"https:\/\/agrarias.ufpr.br\/pgapv\/?page_id=1304"},"modified":"2018-09-28T19:07:17","modified_gmt":"2018-09-28T19:07:17","slug":"area-de-ensino-pesquisa-e-extensao-em-floricultura-neflor-nucleo-de-estudos-em-floricultura-e-paisagismo","status":"publish","type":"page","link":"https:\/\/agrarias.ufpr.br\/pgapv\/area-de-ensino-pesquisa-e-extensao-em-floricultura-neflor-nucleo-de-estudos-em-floricultura-e-paisagismo\/","title":{"rendered":"\u00c1rea de Ensino, Pesquisa e Extens\u00e3o em Floricultura (NEFLOR-N\u00facleo de Estudos em Floricultura e Paisagismo)"},"content":{"rendered":"<p><strong><b>Interesses<\/b><\/strong><\/p>\n<p style=\"text-align: justify\">A \u00e1rea da floricultura est\u00e1 localizada no Centro de Esta\u00e7\u00f5es Experimentais do Canguiri, tem por finalidade gerar conhecimento cient\u00edfico e t\u00e9cnico para o avan\u00e7o da explora\u00e7\u00e3o das flores e outras plantas ornamentais em Curitiba e regi\u00e3o metropolitana. No Setor est\u00e3o alocadas v\u00e1rias esp\u00e9cies de ornamentais adaptadas ao clima da regi\u00e3o sob cultivo ecol\u00f3gico. Nessas plantas s\u00e3o realizadas pesquisas, atividades de extens\u00e3o e aulas pr\u00e1ticas das disciplinas ofertadas pelo Setor. &nbsp;A \u00e1rea tamb\u00e9m abriga o NEFLOR-N\u00facleo de Estudos em Floricultura e Paisagismo, formado por alunos de gradua\u00e7\u00e3o e p\u00f3s-gradua\u00e7\u00e3o.<\/p>\n<p><strong><b>\u00c1reas de atua\u00e7\u00e3o<\/b><\/strong><\/p>\n<p>Propaga\u00e7\u00e3o e manejo cultural de flores e plantas ornamentais de clima temperado, subtropical e tropical.<\/p>\n<p><strong><b>Estrutura<\/b><\/strong><\/p>\n<p style=\"text-align: justify\">Laborat\u00f3rio, sala de aula te\u00f3rica, galp\u00e3o de preparo de substrato e plantio, sala de armazenamento de fertilizantes e substrato, almoxarifado, casa-de-vegeta\u00e7\u00e3o, estufa, viveiro e sede do NEFLOR.<\/p>\n<p><strong><b>Coordenadora<\/b><\/strong><\/p>\n<p><a href=\"https:\/\/agrarias.ufpr.br\/pgapv\/daniella-nogueira-moraes-carneiro\/\">Daniella&nbsp;Nogueira Moraes Carneiro<\/a><\/p>\n<p><strong><b>Colaboradora<\/b><\/strong><\/p>\n<p><a href=\"https:\/\/agrarias.ufpr.br\/pgapv\/francine-lorena-cuquel\/\">Francine Lorena Cuquel<\/a><\/p>\n<p><strong><b>T\u00e9cnico<\/b><\/strong><\/p>\n<p>Marlon Eichinger de Carvalho<\/p>\n<p><strong><b>Local&nbsp;<\/b><\/strong><\/p>\n<p>Esta\u00e7\u00e3o Experimental do Canguiri (UFPR).&nbsp;Rua Ivone Pimentel, n\u00ba 19 83327-000 Pinhais-PR<\/p>\n<p><strong><b>Contatos<\/b><\/strong><\/p>\n<p><strong><b>&nbsp;<img loading=\"lazy\" decoding=\"async\" class=\"wp-image-758 alignnone\" src=\"https:\/\/agrarias.ufpr.br\/fitotecnia\/wp-content\/uploads\/sites\/26\/2016\/03\/telefone.png\" alt=\"telefone\" width=\"22\" height=\"22\"><\/b><\/strong>+55 (41) 3301-8901 (Fazenda Canguiri)<\/p>\n<p><strong><b>Fotos<\/b><\/strong><\/p>\n<p>[Best_Wordpress_Gallery id=&#8221;19&#8243; gal_title=&#8221;neflor&#8221;]<\/p>\n","protected":false},"excerpt":{"rendered":"<p>Interesses A \u00e1rea da floricultura est\u00e1 localizada no Centro de Esta\u00e7\u00f5es Experimentais do Canguiri, tem por finalidade gerar conhecimento cient\u00edfico e t\u00e9cnico para o avan\u00e7o da explora\u00e7\u00e3o das flores e outras plantas ornamentais em Curitiba e regi\u00e3o metropolitana. No Setor est\u00e3o alocadas v\u00e1rias esp\u00e9cies de ornamentais adaptadas ao clima da regi\u00e3o sob cultivo ecol\u00f3gico. Nessas [&hellip;]<\/p>\n","protected":false},"author":3,"featured_media":0,"parent":0,"menu_order":0,"comment_status":"closed","ping_status":"closed","template":"","meta":{"footnotes":""},"class_list":["post-1304","page","type-page","status-publish","hentry"],"_links":{"self":[{"href":"https:\/\/agrarias.ufpr.br\/pgapv\/wp-json\/wp\/v2\/pages\/1304","targetHints":{"allow":["GET"]}}],"collection":[{"href":"https:\/\/agrarias.ufpr.br\/pgapv\/wp-json\/wp\/v2\/pages"}],"about":[{"href":"https:\/\/agrarias.ufpr.br\/pgapv\/wp-json\/wp\/v2\/types\/page"}],"author":[{"embeddable":true,"href":"https:\/\/agrarias.ufpr.br\/pgapv\/wp-json\/wp\/v2\/users\/3"}],"replies":[{"embeddable":true,"href":"https:\/\/agrarias.ufpr.br\/pgapv\/wp-json\/wp\/v2\/comments?post=1304"}],"version-history":[{"count":6,"href":"https:\/\/agrarias.ufpr.br\/pgapv\/wp-json\/wp\/v2\/pages\/1304\/revisions"}],"predecessor-version":[{"id":1926,"href":"https:\/\/agrarias.ufpr.br\/pgapv\/wp-json\/wp\/v2\/pages\/1304\/revisions\/1926"}],"wp:attachment":[{"href":"https:\/\/agrarias.ufpr.br\/pgapv\/wp-json\/wp\/v2\/media?parent=1304"}],"curies":[{"name":"wp","href":"https:\/\/api.w.org\/{rel}","templated":true}]}}