{"id":130,"date":"2018-07-03T13:01:27","date_gmt":"2018-07-03T13:01:27","guid":{"rendered":"https:\/\/agrarias.ufpr.br\/pgapv\/?page_id=130"},"modified":"2026-02-03T18:14:49","modified_gmt":"2026-02-03T18:14:49","slug":"ex-docentes","status":"publish","type":"page","link":"https:\/\/agrarias.ufpr.br\/pgapv\/ex-docentes\/","title":{"rendered":"Ex-Docentes"},"content":{"rendered":"\n<p>Adelino Pelissari<\/p>\n\n\n\n<p>Adalto Belarmino Pereira Netto<\/p>\n\n\n\n<p>Alda Lucia Gomes Monteiro<\/p>\n\n\n\n<p>Amadeu Bona Filho<\/p>\n\n\n\n<p>Amir Pissaia<\/p>\n\n\n\n<p>Anibal de Moraes<\/p>\n\n\n\n<p>\u00c1tila Francisco M\u00f3gor<\/p>\n\n\n\n<p>Beatriz Monte Serrat<\/p>\n\n\n\n<p>Celina Wisniewski<\/p>\n\n\n\n<p>Edelclaiton Daros<\/p>\n\n\n\n<p>Edilberto Possamai<\/p>\n\n\n\n<p>Eli Nunes Marques<\/p>\n\n\n\n<p>Fl\u00e1vio Zanette<\/p>\n\n\n\n<p>Henrique Soares Koehler<\/p>\n\n\n\n<p>Jo\u00e3o Ricardo Dittrich<\/p>\n\n\n\n<p>Jos\u00e9 Antonio Costa<\/p>\n\n\n\n<p>Lino Bittencourt Monteiro<\/p>\n\n\n\n<p>Luiz Doni Filho<\/p>\n\n\n\n<p>Luiz Antonio Correa Lucchesi<\/p>\n\n\n\n<p>Marguerite Germaine Ghislaine Quoirin<\/p>\n\n\n\n<p>Maria L\u00facia Rosa Zakzevskas da Costa Lima<\/p>\n\n\n\n<p>Mario Mundstock<\/p>\n\n\n\n<p>Maristela Panobianco Vasconcellos<\/p>\n\n\n\n<p>Nilce Nazareno da Fonte<\/p>\n\n\n\n<p>Pedro Ronzelli Junior<\/p>\n\n\n\n<p>Raquel Rejane Bonato Negrelle<\/p>\n\n\n\n<p>Ricardo Antonio Ayub<\/p>\n\n\n\n<p>Ricardo Augusto de Oliveira<\/p>\n\n\n\n<p>Valdo Jos\u00e9 Cavalett<\/p>\n\n\n\n<p>Vismar da Costa Lima Neto<\/p>\n","protected":false},"excerpt":{"rendered":"<p>Adelino Pelissari Adalto Belarmino Pereira Netto Alda Lucia Gomes Monteiro Amadeu Bona Filho Amir Pissaia Anibal de Moraes \u00c1tila Francisco M\u00f3gor Beatriz Monte Serrat Celina Wisniewski Edelclaiton Daros Edilberto Possamai Eli Nunes Marques Fl\u00e1vio Zanette Henrique Soares Koehler Jo\u00e3o Ricardo Dittrich Jos\u00e9 Antonio Costa Lino Bittencourt Monteiro Luiz Doni Filho Luiz Antonio Correa Lucchesi Marguerite [&hellip;]<\/p>\n","protected":false},"author":3,"featured_media":0,"parent":0,"menu_order":0,"comment_status":"closed","ping_status":"closed","template":"","meta":{"footnotes":""},"class_list":["post-130","page","type-page","status-publish","hentry"],"_links":{"self":[{"href":"https:\/\/agrarias.ufpr.br\/pgapv\/wp-json\/wp\/v2\/pages\/130","targetHints":{"allow":["GET"]}}],"collection":[{"href":"https:\/\/agrarias.ufpr.br\/pgapv\/wp-json\/wp\/v2\/pages"}],"about":[{"href":"https:\/\/agrarias.ufpr.br\/pgapv\/wp-json\/wp\/v2\/types\/page"}],"author":[{"embeddable":true,"href":"https:\/\/agrarias.ufpr.br\/pgapv\/wp-json\/wp\/v2\/users\/3"}],"replies":[{"embeddable":true,"href":"https:\/\/agrarias.ufpr.br\/pgapv\/wp-json\/wp\/v2\/comments?post=130"}],"version-history":[{"count":18,"href":"https:\/\/agrarias.ufpr.br\/pgapv\/wp-json\/wp\/v2\/pages\/130\/revisions"}],"predecessor-version":[{"id":7610,"href":"https:\/\/agrarias.ufpr.br\/pgapv\/wp-json\/wp\/v2\/pages\/130\/revisions\/7610"}],"wp:attachment":[{"href":"https:\/\/agrarias.ufpr.br\/pgapv\/wp-json\/wp\/v2\/media?parent=130"}],"curies":[{"name":"wp","href":"https:\/\/api.w.org\/{rel}","templated":true}]}}