{"id":128,"date":"2018-07-03T13:01:02","date_gmt":"2018-07-03T13:01:02","guid":{"rendered":"https:\/\/agrarias.ufpr.br\/pgapv\/?page_id=128"},"modified":"2026-02-09T16:15:28","modified_gmt":"2026-02-09T16:15:28","slug":"administracao","status":"publish","type":"page","link":"https:\/\/agrarias.ufpr.br\/pgapv\/administracao\/","title":{"rendered":"Colegiado\/Secretaria"},"content":{"rendered":"\n<p><b><span style=\"vertical-align: inherit\"><span style=\"vertical-align: inherit\"><span style=\"vertical-align: inherit\"><span style=\"vertical-align: inherit\"><span style=\"vertical-align: inherit\"><span style=\"vertical-align: inherit\"><span style=\"vertical-align: inherit\"><span style=\"vertical-align: inherit\">CORPO DOCENTE DO COLEGIADO<\/span><\/span><\/span><\/span><\/span><\/span><\/span><\/span><\/b><\/p>\n\n\n\n<p><a href=\"https:\/\/agrarias.ufpr.br\/pgapv\/maria-aparecida-cassilha-zawadneak\/\"><span style=\"vertical-align: inherit\"><span style=\"vertical-align: inherit\"><span style=\"vertical-align: inherit\"><span style=\"vertical-align: inherit\"><span style=\"vertical-align: inherit\"><span style=\"vertical-align: inherit\"><span style=\"vertical-align: inherit\"><span style=\"vertical-align: inherit\">Profa. Dra. Maria Aparecida Cassilha Zawadneak &#8211; Coordenadora do Programa <\/span><\/span><\/span><\/span><\/span><\/span><\/span><\/span><\/a><br><a href=\"https:\/\/agrarias.ufpr.br\/pgapv\/leandro-bittencourt-de-oliveira\/\"><span style=\"vertical-align: inherit\"><span style=\"vertical-align: inherit\"><span style=\"vertical-align: inherit\"><span style=\"vertical-align: inherit\"><span style=\"vertical-align: inherit\"><span style=\"vertical-align: inherit\"><span style=\"vertical-align: inherit\"><span style=\"vertical-align: inherit\">Prof. Dr. Leandro Bittencourt de Oliveira &#8211; Vice-Coordenador do Programa<\/span><\/span><\/span><\/span><\/span><\/span><\/span><\/span><\/a><\/p>\n\n\n\n<p><strong><span style=\"vertical-align: inherit\">Prote\u00e7\u00e3o de Plantas e Seguran\u00e7a Ambiental <\/span><\/strong><br><a href=\"https:\/\/agrarias.ufpr.br\/pgapv\/arthur-arrobas-martins-barroso\/\"><span style=\"vertical-align: inherit\">Prof. Dr. Arthur Arrobas Martins Barroso &#8211; Membro Titular <\/span><\/a><br><a href=\"https:\/\/agrarias.ufpr.br\/pgapv\/henrique-da-silva-silveira-duarte\/\"><span style=\"vertical-align: inherit\">Prof. Dr. Henrique da Silva Silveira Duarte &#8211; Membro Titular <\/span><\/a><br><a href=\"https:\/\/agrarias.ufpr.br\/pgapv\/louise-larissa-may-de-mio\/\"><span style=\"vertical-align: inherit\">Profa. Dra. Louise Larissa May De Mio &#8211; Membro Suplente<\/span><\/a><\/p>\n\n\n\n<p><strong><span style=\"vertical-align: inherit\"><span style=\"vertical-align: inherit\"><span style=\"vertical-align: inherit\"><span style=\"vertical-align: inherit\"><span style=\"vertical-align: inherit\"><span style=\"vertical-align: inherit\"><span style=\"vertical-align: inherit\"><span style=\"vertical-align: inherit\">Fisiologia, Morfog\u00eanese e Biotecnologia de Plantas <\/span><\/span><\/span><\/span><\/span><\/span><\/span><\/span><\/strong><br><a href=\"https:\/\/agrarias.ufpr.br\/pgapv\/luiz-antonio-biasi\/\"><span style=\"vertical-align: inherit\"><span style=\"vertical-align: inherit\"><span style=\"vertical-align: inherit\"><span style=\"vertical-align: inherit\"><span style=\"vertical-align: inherit\"><span style=\"vertical-align: inherit\"><span style=\"vertical-align: inherit\"><span style=\"vertical-align: inherit\">Prof. Dr. Luiz Antonio Biasi &#8211; Membro T\u00edtular<\/span><\/span><\/span><\/span><\/span><\/span><\/span><\/span><\/a><br><a href=\"https:\/\/agrarias.ufpr.br\/pgapv\/mauro-brasil-dias-tofanelli\/\"><span style=\"vertical-align: inherit\"><span style=\"vertical-align: inherit\"><span style=\"vertical-align: inherit\"><span style=\"vertical-align: inherit\"><span style=\"vertical-align: inherit\"><span style=\"vertical-align: inherit\"><span style=\"vertical-align: inherit\"><span style=\"vertical-align: inherit\">Prof. Dr. Mauro Brasil Dias Tofanelli &#8211; Membro Titular <\/span><\/span><\/span><\/span><\/span><\/span><\/span><\/span><\/a><br><a href=\"https:\/\/agrarias.ufpr.br\/pgapv\/alessandra-ferreira-ribas\/\"><span style=\"vertical-align: inherit\"><span style=\"vertical-align: inherit\"><span style=\"vertical-align: inherit\"><span style=\"vertical-align: inherit\"><span style=\"vertical-align: inherit\"><span style=\"vertical-align: inherit\"><span style=\"vertical-align: inherit\"><span style=\"vertical-align: inherit\">Profa. Dra. Alessandra Ferreira Ribas &#8211; Membro Suplente<\/span><\/span><\/span><\/span><\/span><\/span><\/span><\/span><\/a><\/p>\n\n\n\n<p><strong><span style=\"vertical-align: inherit\"><span style=\"vertical-align: inherit\"><span style=\"vertical-align: inherit\"><span style=\"vertical-align: inherit\"><span style=\"vertical-align: inherit\"><span style=\"vertical-align: inherit\"><span style=\"vertical-align: inherit\"><span style=\"vertical-align: inherit\">Produ\u00e7\u00e3o Vegetal na Agricultura Sustent\u00e1vel <\/span><\/span><\/span><\/span><\/span><\/span><\/span><\/span><\/strong><br><a href=\"https:\/\/agrarias.ufpr.br\/pgapv\/cicero-deschamps\/\"><span style=\"vertical-align: inherit\"><span style=\"vertical-align: inherit\"><span style=\"vertical-align: inherit\"><span style=\"vertical-align: inherit\"><span style=\"vertical-align: inherit\"><span style=\"vertical-align: inherit\"><span style=\"vertical-align: inherit\"><span style=\"vertical-align: inherit\">Prof. Dr. C\u00edcero Deschamps &#8211; Membro Titular <\/span><\/span><\/span><\/span><\/span><\/span><\/span><\/span><\/a><br><a href=\"https:\/\/agrarias.ufpr.br\/pgapv\/bruno-portela-brasileiro\/\"><span style=\"vertical-align: inherit\"><span style=\"vertical-align: inherit\"><span style=\"vertical-align: inherit\"><span style=\"vertical-align: inherit\"><span style=\"vertical-align: inherit\"><span style=\"vertical-align: inherit\"><span style=\"vertical-align: inherit\"><span style=\"vertical-align: inherit\">Prof. Dr. Bruno Portela Brasileiro &#8211; Membro Titular <\/span><\/span><\/span><\/span><\/span><\/span><\/span><\/span><\/a><br><a href=\"https:\/\/agrarias.ufpr.br\/pgapv\/edicarlos-damacena-de-souza\"><span style=\"vertical-align: inherit\"><span style=\"vertical-align: inherit\"><span style=\"vertical-align: inherit\"><span style=\"vertical-align: inherit\"><span style=\"vertical-align: inherit\"><span style=\"vertical-align: inherit\"><span style=\"vertical-align: inherit\"><span style=\"vertical-align: inherit\">Prof. Edicarlos Damacena de Souza &#8211; Membro Suplente<\/span><\/span><\/span><\/span><\/span><\/span><\/span><\/span><\/a><\/p>\n\n\n\n<p><b><span style=\"vertical-align: inherit\"><span style=\"vertical-align: inherit\"><span style=\"vertical-align: inherit\"><span style=\"vertical-align: inherit\"><span style=\"vertical-align: inherit\"><span style=\"vertical-align: inherit\"><span style=\"vertical-align: inherit\"><span style=\"vertical-align: inherit\">CORPO DISCENTE DO COLEGIADO<\/span><\/span><\/span><\/span><\/span><\/span><\/span><\/span><\/b><\/p>\n\n\n\n<ul class=\"wp-block-list\">\n<li><span style=\"vertical-align: inherit\"><span style=\"vertical-align: inherit\"><span style=\"vertical-align: inherit\"><span style=\"vertical-align: inherit\"><span style=\"vertical-align: inherit\"><span style=\"vertical-align: inherit\"><span style=\"vertical-align: inherit\"><span style=\"vertical-align: inherit\">Nicolas Eduardo Ravaglio (LP: Fisiologia, Morfog\u00eanese e Biotecnologia de Plantas) &#8211; Representante discente titular<\/span><\/span><\/span><\/span><\/span><\/span><\/span><\/span><\/li>\n\n\n\n<li><span style=\"vertical-align: inherit\"><span style=\"vertical-align: inherit\"><span style=\"vertical-align: inherit\"><span style=\"vertical-align: inherit\"><span style=\"vertical-align: inherit\"><span style=\"vertical-align: inherit\"><span style=\"vertical-align: inherit\"><span style=\"vertical-align: inherit\">Maria Gabriela de Carlos da Rocha (LP: Prote\u00e7\u00e3o de Plantas e Seguran\u00e7a Ambiental) &#8211; Representante discente titular<\/span><\/span><\/span><\/span><\/span><\/span><\/span><\/span><\/li>\n\n\n\n<li><span style=\"vertical-align: inherit\"><span style=\"vertical-align: inherit\"><span style=\"vertical-align: inherit\"><span style=\"vertical-align: inherit\"><span style=\"vertical-align: inherit\"><span style=\"vertical-align: inherit\"><span style=\"vertical-align: inherit\"><span style=\"vertical-align: inherit\">Ana Paula Corteze (LP: Produ\u00e7\u00e3o Vegetal na Agricultura Sustent\u00e1vel) &#8211; Representante discente titular<\/span><\/span><\/span><\/span><\/span><\/span><\/span><\/span><\/li>\n<\/ul>\n\n\n\n<p><b><span style=\"vertical-align: inherit\"><span style=\"vertical-align: inherit\"><span style=\"vertical-align: inherit\"><span style=\"vertical-align: inherit\"><span style=\"vertical-align: inherit\"><span style=\"vertical-align: inherit\"><span style=\"vertical-align: inherit\"><span style=\"vertical-align: inherit\">SECRET\u00c1RIA&nbsp;<\/span><\/span><\/span><\/span><\/span><\/span><\/span><\/span><\/b><\/p>\n\n\n\n<p><a href=\"https:\/\/agrarias.ufpr.br\/fitotecnia\/servidores\/\"><span style=\"vertical-align: inherit\"><span style=\"vertical-align: inherit\"><span style=\"vertical-align: inherit\"><span style=\"vertical-align: inherit\"><span style=\"vertical-align: inherit\"><span style=\"vertical-align: inherit\"><span style=\"vertical-align: inherit\"><span style=\"vertical-align: inherit\">Lucimara Antunes<\/span><\/span><\/span><\/span><\/span><\/span><\/span><\/span><\/a><br><a href=\"https:\/\/agrarias.ufpr.br\/fitotecnia\/servidores\/\"><span style=\"vertical-align: inherit\"><span style=\"vertical-align: inherit\"><span style=\"vertical-align: inherit\"><span style=\"vertical-align: inherit\"><span style=\"vertical-align: inherit\"><span style=\"vertical-align: inherit\"><span style=\"vertical-align: inherit\"><span style=\"vertical-align: inherit\"> Tatiana Miranda Borges<\/span><\/span><\/span><\/span><\/span><\/span><\/span><\/span><\/a><\/p>\n\n\n\n<p class=\"has-text-align-left\"><strong><span style=\"vertical-align: inherit\"><span style=\"vertical-align: inherit\"><span style=\"vertical-align: inherit\"><span style=\"vertical-align: inherit\"><span style=\"vertical-align: inherit\"><span style=\"vertical-align: inherit\"><span style=\"vertical-align: inherit\"><span style=\"vertical-align: inherit\">DATAS DAS REUNI\u00d5ES DO COLEGIADO PGAPV 2026<\/span><\/span><\/span><\/span><\/span><\/span><\/span><\/span><\/strong><br><span style=\"vertical-align: inherit\"><span style=\"vertical-align: inherit\"> Local: Anfiteatro do DFF\/PGAPV e via Microsoft TEAMS (H\u00edbrida)<\/span><\/span><br><span style=\"vertical-align: inherit\"><span style=\"vertical-align: inherit\">Hor\u00e1rio: 8:30 \/ 9:00 hs.<\/span><\/span><br><strong><span style=\"vertical-align: inherit\"><span style=\"vertical-align: inherit\">Importante ressaltar que os dados informados poder\u00e3o ser alterados com aviso pr\u00e9vio aos Membros do Colegiado.<\/span><\/span><\/strong><\/p>\n\n\n<ul>\n<li>23\/FEVEREIRO<\/li>\n<li>16\/MAR\u00c7O<\/li>\n<li>27\/ABRIL<\/li>\n<li>18\/MAIO<\/li>\n<li>15\/JUNHO<\/li>\n<li>20\/JULHO<\/li>\n<li>17\/AGOSTO<\/li>\n<li>21\/SETEMBRO<\/li>\n<li>19\/OUTUBRO<\/li>\n<li>16\/NOVEMBRO<\/li>\n<li>14\/DEZEMBRO<\/li>\n<\/ul>\n\n\n<p><\/p>\n","protected":false},"excerpt":{"rendered":"<p>CORPO DOCENTE DO COLEGIADO Profa. Dra. Maria Aparecida Cassilha Zawadneak &#8211; Coordenadora do Programa Prof. Dr. Leandro Bittencourt de Oliveira &#8211; Vice-Coordenador do Programa Prote\u00e7\u00e3o de Plantas e Seguran\u00e7a Ambiental Prof. Dr. Arthur Arrobas Martins Barroso &#8211; Membro Titular Prof. Dr. Henrique da Silva Silveira Duarte &#8211; Membro Titular Profa. Dra. Louise Larissa May De Mio &#8211; Membro Suplente Fisiologia, Morfog\u00eanese e Biotecnologia de Plantas Prof. Dr. Luiz Antonio Biasi &#8211; Membro T\u00edtularProf. Dr. Mauro [&hellip;]<\/p>\n","protected":false},"author":3,"featured_media":0,"parent":0,"menu_order":0,"comment_status":"closed","ping_status":"closed","template":"","meta":{"footnotes":""},"class_list":["post-128","page","type-page","status-publish","hentry"],"_links":{"self":[{"href":"https:\/\/agrarias.ufpr.br\/pgapv\/wp-json\/wp\/v2\/pages\/128","targetHints":{"allow":["GET"]}}],"collection":[{"href":"https:\/\/agrarias.ufpr.br\/pgapv\/wp-json\/wp\/v2\/pages"}],"about":[{"href":"https:\/\/agrarias.ufpr.br\/pgapv\/wp-json\/wp\/v2\/types\/page"}],"author":[{"embeddable":true,"href":"https:\/\/agrarias.ufpr.br\/pgapv\/wp-json\/wp\/v2\/users\/3"}],"replies":[{"embeddable":true,"href":"https:\/\/agrarias.ufpr.br\/pgapv\/wp-json\/wp\/v2\/comments?post=128"}],"version-history":[{"count":54,"href":"https:\/\/agrarias.ufpr.br\/pgapv\/wp-json\/wp\/v2\/pages\/128\/revisions"}],"predecessor-version":[{"id":7743,"href":"https:\/\/agrarias.ufpr.br\/pgapv\/wp-json\/wp\/v2\/pages\/128\/revisions\/7743"}],"wp:attachment":[{"href":"https:\/\/agrarias.ufpr.br\/pgapv\/wp-json\/wp\/v2\/media?parent=128"}],"curies":[{"name":"wp","href":"https:\/\/api.w.org\/{rel}","templated":true}]}}