{"id":126,"date":"2018-07-03T13:00:34","date_gmt":"2018-07-03T13:00:34","guid":{"rendered":"https:\/\/agrarias.ufpr.br\/pgapv\/?page_id=126"},"modified":"2026-02-03T18:08:52","modified_gmt":"2026-02-03T18:08:52","slug":"missao","status":"publish","type":"page","link":"https:\/\/agrarias.ufpr.br\/pgapv\/missao\/","title":{"rendered":"Miss\u00e3o e Objetivos"},"content":{"rendered":"\n<p><strong>MISS\u00c3O<\/strong><\/p>\n\n\n\n<p>Busca por excel\u00eancia da forma\u00e7\u00e3o t\u00e9cnica, cient\u00edfica e human\u00edstica de profissionais para a Produ\u00e7\u00e3o Vegetal, comprometidos com o desenvolvimento social e sustent\u00e1vel.<\/p>\n\n\n\n<p><strong>OBJETIVO GERAL<\/strong><\/p>\n\n\n\n<p>No Mestrado, o PGAPV objetiva formar recursos humanos com compet\u00eancias e habilidades para atuarem no ensino, no desenvolvimento e na aplica\u00e7\u00e3o da ci\u00eancia, com forma\u00e7\u00e3o s\u00f3lida em metodologia de pesquisa, \u00e9tica e responsabilidade socioambiental.<br>No Doutorado, o PGAPV objetiva formar recursos humanos com compet\u00eancias e habilidades para atuarem de maneira independente, no ensino, na cria\u00e7\u00e3o, na aplica\u00e7\u00e3o e na divulga\u00e7\u00e3o da ci\u00eancia, com forma\u00e7\u00e3o multidisciplinar e inovativa em metodologia avan\u00e7ada de pesquisa, \u00e9tica e responsabilidade socioambiental.<\/p>\n\n\n\n<p><strong>OBJETIVOS ESPEC\u00cdFICOS<\/strong><\/p>\n\n\n\n<p><em>Mestrado<\/em><br>\u2013 Capacitar os alunos para o ensino da Agronomia moderna na gradua\u00e7\u00e3o;<br>\u2013 Capacitar os alunos para planejar, conduzir, analisar e divulgar experimentos cient\u00edficos;<br>\u2013 Despertar nos alunos o interesse pela inova\u00e7\u00e3o e fornecer as informa\u00e7\u00f5es necess\u00e1rias para o desenvolvimento do empreendedorismo dentro do curso.<\/p>\n\n\n\n<p><em>Doutorado<\/em><br>\u2013 Capacitar os alunos para o ensino da Agronomia moderna na gradua\u00e7\u00e3o e na p\u00f3s-gradua\u00e7\u00e3o;<br>\u2013 Capacitar os alunos para planejar, conduzir, analisar e divulgar experimentos cient\u00edficos, de maneira independente, com qualidade e contribui\u00e7\u00f5es pioneiras na ci\u00eancia;<br>\u2013 Estimular os alunos \u00e0 internacionaliza\u00e7\u00e3o e a interdisciplinaridade na pesquisa;<br>\u2013 Despertar nos alunos o interesse pela inova\u00e7\u00e3o e fornecer as informa\u00e7\u00f5es necess\u00e1rias para o desenvolvimento do empreendedorismo dentro do curso.<\/p>\n","protected":false},"excerpt":{"rendered":"<p>MISS\u00c3O Busca por excel\u00eancia da forma\u00e7\u00e3o t\u00e9cnica, cient\u00edfica e human\u00edstica de profissionais para a Produ\u00e7\u00e3o Vegetal, comprometidos com o desenvolvimento social e sustent\u00e1vel. OBJETIVO GERAL No Mestrado, o PGAPV objetiva formar recursos humanos com compet\u00eancias e habilidades para atuarem no ensino, no desenvolvimento e na aplica\u00e7\u00e3o da ci\u00eancia, com forma\u00e7\u00e3o s\u00f3lida em metodologia de pesquisa, [&hellip;]<\/p>\n","protected":false},"author":3,"featured_media":0,"parent":0,"menu_order":0,"comment_status":"closed","ping_status":"closed","template":"","meta":{"footnotes":""},"class_list":["post-126","page","type-page","status-publish","hentry"],"_links":{"self":[{"href":"https:\/\/agrarias.ufpr.br\/pgapv\/wp-json\/wp\/v2\/pages\/126","targetHints":{"allow":["GET"]}}],"collection":[{"href":"https:\/\/agrarias.ufpr.br\/pgapv\/wp-json\/wp\/v2\/pages"}],"about":[{"href":"https:\/\/agrarias.ufpr.br\/pgapv\/wp-json\/wp\/v2\/types\/page"}],"author":[{"embeddable":true,"href":"https:\/\/agrarias.ufpr.br\/pgapv\/wp-json\/wp\/v2\/users\/3"}],"replies":[{"embeddable":true,"href":"https:\/\/agrarias.ufpr.br\/pgapv\/wp-json\/wp\/v2\/comments?post=126"}],"version-history":[{"count":14,"href":"https:\/\/agrarias.ufpr.br\/pgapv\/wp-json\/wp\/v2\/pages\/126\/revisions"}],"predecessor-version":[{"id":7599,"href":"https:\/\/agrarias.ufpr.br\/pgapv\/wp-json\/wp\/v2\/pages\/126\/revisions\/7599"}],"wp:attachment":[{"href":"https:\/\/agrarias.ufpr.br\/pgapv\/wp-json\/wp\/v2\/media?parent=126"}],"curies":[{"name":"wp","href":"https:\/\/api.w.org\/{rel}","templated":true}]}}