{"id":1217,"date":"2018-09-14T13:43:11","date_gmt":"2018-09-14T13:43:11","guid":{"rendered":"https:\/\/agrarias.ufpr.br\/pgapv\/?page_id=1217"},"modified":"2021-02-26T14:35:49","modified_gmt":"2021-02-26T14:35:49","slug":"producao-integrada-de-morangos","status":"publish","type":"page","link":"https:\/\/agrarias.ufpr.br\/pgapv\/producao-integrada-de-morangos\/","title":{"rendered":"Laborat\u00f3rio de Entomologia Agr\u00edcola \u201cProf Angelo Moreira da Costa Lima\u201d"},"content":{"rendered":"<p><img loading=\"lazy\" decoding=\"async\" class=\" wp-image-1192 aligncenter\" src=\"https:\/\/agrarias.ufpr.br\/pgapv\/wp-content\/uploads\/sites\/39\/2018\/09\/Imagem1-300x212.png\" alt=\"\" width=\"304\" height=\"215\" srcset=\"https:\/\/agrarias.ufpr.br\/pgapv\/wp-content\/uploads\/sites\/39\/2018\/09\/Imagem1-300x212.png 300w, https:\/\/agrarias.ufpr.br\/pgapv\/wp-content\/uploads\/sites\/39\/2018\/09\/Imagem1-250x177.png 250w, https:\/\/agrarias.ufpr.br\/pgapv\/wp-content\/uploads\/sites\/39\/2018\/09\/Imagem1-160x113.png 160w, https:\/\/agrarias.ufpr.br\/pgapv\/wp-content\/uploads\/sites\/39\/2018\/09\/Imagem1.png 684w\" sizes=\"auto, (max-width: 304px) 100vw, 304px\" \/><\/p>\n<p style=\"text-align: justify\">O laborat\u00f3rio possui estrutura para realiza\u00e7\u00e3o de estudos envolvendo identifica\u00e7\u00e3o, monitoramento, biologia de pragas e organismos ben\u00e9ficos, manejo agroecol\u00f3gico de pragas (controle biol\u00f3gico, controle com extratos bot\u00e2nicos).<\/p>\n<p><strong>Interesses de pesquisa<\/strong><\/p>\n<p>Artr\u00f3podes e moluscos terrestres de import\u00e2ncia agr\u00edcola com \u00eanfase a pragas de olericolas e morangueiro. Identifica\u00e7\u00e3o de af\u00eddeos e tripes. Produ\u00e7\u00e3o integrada do morangueiro.<\/p>\n<p><strong>Coordenador<\/strong><\/p>\n<p><a href=\"https:\/\/agrarias.ufpr.br\/pgapv\/maria-aparecida-cassilha-zawadneak\/\">Maria Aparecida Cassilha Zawadneak<\/a><\/p>\n<p><strong>Colaboradora<\/strong><\/p>\n<p>Profa Dra Ida Chapaval Pimentel<\/p>\n<p><a href=\"https:\/\/agrarias.ufpr.br\/pgapv\/joatan-machado-da-rosa\/\">Joatan&nbsp;Machado da Rosa<\/a><\/p>\n<p><strong>Contatos<\/strong><\/p>\n<p><strong><img loading=\"lazy\" decoding=\"async\" class=\"wp-image-758 alignnone\" src=\"https:\/\/agrarias.ufpr.br\/fitotecnia\/wp-content\/uploads\/sites\/26\/2016\/03\/telefone.png\" alt=\"telefone\" width=\"22\" height=\"22\"><\/strong>+55 (41) 3361-1697\/ 1700<\/p>\n<p>&nbsp;<\/p>\n<p><a href=\"http:\/\/www.bio.ufpr.br\/pimo\/projetos-vinculados\/\"><img loading=\"lazy\" decoding=\"async\" class=\"wp-image-1219 aligncenter\" src=\"https:\/\/agrarias.ufpr.br\/pgapv\/wp-content\/uploads\/sites\/39\/2018\/09\/morangos01.png\" alt=\"\" width=\"321\" height=\"178\" srcset=\"https:\/\/agrarias.ufpr.br\/pgapv\/wp-content\/uploads\/sites\/39\/2018\/09\/morangos01.png 635w, https:\/\/agrarias.ufpr.br\/pgapv\/wp-content\/uploads\/sites\/39\/2018\/09\/morangos01-300x166.png 300w, https:\/\/agrarias.ufpr.br\/pgapv\/wp-content\/uploads\/sites\/39\/2018\/09\/morangos01-250x139.png 250w, https:\/\/agrarias.ufpr.br\/pgapv\/wp-content\/uploads\/sites\/39\/2018\/09\/morangos01-160x89.png 160w\" sizes=\"auto, (max-width: 321px) 100vw, 321px\" \/><\/a><\/p>\n<p>O laborat\u00f3rio possui estrutura para realiza\u00e7\u00e3o de estudos envolvendo&nbsp;identifica\u00e7\u00e3o, monitoramento, biologia de pragas e organismos ben\u00e9ficos, manejo agroecol\u00f3gico de pragas (controle biologico, controle com extratos bot\u00e2nicos).<\/p>\n<p><strong><b>Coordenadora&nbsp;<\/b><\/strong><\/p>\n<p><a href=\"https:\/\/agrarias.ufpr.br\/pgapv\/maria-aparecida-cassilha-zawadneak\/\">Maria Aparecida Cassilha Zawadneak<\/a><\/p>\n<p><strong><img loading=\"lazy\" decoding=\"async\" class=\"wp-image-758 alignnone\" src=\"https:\/\/agrarias.ufpr.br\/fitotecnia\/wp-content\/uploads\/sites\/26\/2016\/03\/telefone.png\" alt=\"telefone\" width=\"22\" height=\"22\">&nbsp;<\/strong>(41) 3361 1700\/ 1710<\/p>\n","protected":false},"excerpt":{"rendered":"<p>O laborat\u00f3rio possui estrutura para realiza\u00e7\u00e3o de estudos envolvendo identifica\u00e7\u00e3o, monitoramento, biologia de pragas e organismos ben\u00e9ficos, manejo agroecol\u00f3gico de pragas (controle biol\u00f3gico, controle com extratos bot\u00e2nicos). Interesses de pesquisa Artr\u00f3podes e moluscos terrestres de import\u00e2ncia agr\u00edcola com \u00eanfase a pragas de olericolas e morangueiro. Identifica\u00e7\u00e3o de af\u00eddeos e tripes. Produ\u00e7\u00e3o integrada do morangueiro. Coordenador [&hellip;]<\/p>\n","protected":false},"author":3,"featured_media":0,"parent":0,"menu_order":0,"comment_status":"closed","ping_status":"closed","template":"","meta":{"footnotes":""},"class_list":["post-1217","page","type-page","status-publish","hentry"],"_links":{"self":[{"href":"https:\/\/agrarias.ufpr.br\/pgapv\/wp-json\/wp\/v2\/pages\/1217","targetHints":{"allow":["GET"]}}],"collection":[{"href":"https:\/\/agrarias.ufpr.br\/pgapv\/wp-json\/wp\/v2\/pages"}],"about":[{"href":"https:\/\/agrarias.ufpr.br\/pgapv\/wp-json\/wp\/v2\/types\/page"}],"author":[{"embeddable":true,"href":"https:\/\/agrarias.ufpr.br\/pgapv\/wp-json\/wp\/v2\/users\/3"}],"replies":[{"embeddable":true,"href":"https:\/\/agrarias.ufpr.br\/pgapv\/wp-json\/wp\/v2\/comments?post=1217"}],"version-history":[{"count":10,"href":"https:\/\/agrarias.ufpr.br\/pgapv\/wp-json\/wp\/v2\/pages\/1217\/revisions"}],"predecessor-version":[{"id":3513,"href":"https:\/\/agrarias.ufpr.br\/pgapv\/wp-json\/wp\/v2\/pages\/1217\/revisions\/3513"}],"wp:attachment":[{"href":"https:\/\/agrarias.ufpr.br\/pgapv\/wp-json\/wp\/v2\/media?parent=1217"}],"curies":[{"name":"wp","href":"https:\/\/api.w.org\/{rel}","templated":true}]}}