{"id":1204,"date":"2018-09-14T13:17:28","date_gmt":"2018-09-14T13:17:28","guid":{"rendered":"https:\/\/agrarias.ufpr.br\/pgapv\/?page_id=1204"},"modified":"2026-02-04T12:33:56","modified_gmt":"2026-02-04T12:33:56","slug":"topicos-especiais-bioecologia-nutrional-de-artropodes","status":"publish","type":"page","link":"https:\/\/agrarias.ufpr.br\/pgapv\/topicos-especiais-bioecologia-nutrional-de-artropodes\/","title":{"rendered":"AGRO 7043 \u2013 Bioecologia Nutricional de Artr\u00f3podes"},"content":{"rendered":"\n<p><strong><b>N\u00edvel<\/b><\/strong><\/p>\n\n\n\n<p>Mestrado\/Doutorado<\/p>\n\n\n\n<p><strong><b>Natureza<\/b><\/strong><\/p>\n\n\n\n<p>Semestral<\/p>\n\n\n\n<p><strong><b>Cr\u00e9ditos <\/b><\/strong><\/p>\n\n\n\n<p>04<\/p>\n\n\n\n<p><strong><b>Carga hor\u00e1ria<\/b><\/strong><\/p>\n\n\n\n<p>60 horas&nbsp;<\/p>\n\n\n\n<p><strong><b>Ementa<\/b><\/strong><\/p>\n\n\n\n<p>Aprofundamento te\u00f3rico-pr\u00e1tico em t\u00e9cnicas de cria\u00e7\u00e3o de artr\u00f3podes em laborat\u00f3rio. Abordagem sobre as etapas de um estudo biol\u00f3gico utilizando substratos alimentares naturais e artificiais. Princ\u00edpios de nutri\u00e7\u00e3o e t\u00e9cnicas de cria\u00e7\u00e3o: exig\u00eancias nutricionais, diversidade de padr\u00f5es alimentares e qualidade dos alimentos.<\/p>\n\n\n\n<p><strong><b>Semestre<\/b><\/strong><\/p>\n\n\n\n<p>1\u00ba semestre de anos pares<\/p>\n\n\n\n<p><strong><b>Dia\/Hor\u00e1rio<\/b><\/strong><\/p>\n\n\n\n<p>Segunda-feira\/ 13:30 \u2013 18:30 horas<\/p>\n\n\n\n<p><strong><b>Docente<\/b><\/strong><\/p>\n\n\n\n<p><a href=\"https:\/\/agrarias.ufpr.br\/pgapv\/maria-aparecida-cassilha-zawadneak\/\">Maria Aparecida Cassilha Zawdneak<\/a><\/p>\n\n\n\n<p><strong><b>Bibliografia Recomendada<\/b><\/strong><\/p>\n\n\n\n<p>COHEN, A.C. Insects diet: science and technology. Florida, Boca Raton, 2005, 429p.<\/p>\n\n\n\n<p>DHIFI,W.; BELLILI, S.; JAZI, S.; BAHLOUL, N.; MNIF, W. Essential oils\u2019 chemical characterization and investigation of some biological activities: a critical review. Medicines 3:1\u201316, 2016.&nbsp; https:\/\/doi.org\/10.3390\/medicines3040025<\/p>\n\n\n\n<p>HERVET, V. A. D.; LAIRD,R. A.; FLOATE, K. D.&nbsp;&nbsp; Review of the McMorran Diet for Rearing Lepidoptera Species With Addition of a Further 39 Species. Journal of Insect Science, 16(1): 19; 1\u20137, 2016.&nbsp; https:\/\/doi.org\/10.1093\/jisesa\/iev151<\/p>\n\n\n\n<p>ISMAN, M. B.&nbsp; Botanical insecticides, deterrents, and repellents in modern agriculture and an increasingly regulated world. Annual Review of Entomology, Vol. 51:45-66, 2006. https:\/\/doi.org\/10.1146\/annurev.ento.51.110104.151146.<\/p>\n\n\n\n<p>KUMAR, J. Biopesticide: an environment friendly pest management strategy. Biofertil Biopest 6:e127, 2015.. https:\/\/doi.org\/10.4172\/2155-6202.1000e127<\/p>\n\n\n\n<p>PARRA, J. R. P.; COELHO JUNIOR, A.&nbsp; Applied Biological Control in Brazil: From Laboratory Assays to Field Application. Journal of Insect Science, 19(2): 5; 1\u20136, 2019.&nbsp; https:\/\/doi: 10.1093\/jisesa\/iey112<\/p>\n\n\n\n<p>PANIZZI, A. R.; PARRA, J. R. P.&nbsp; (Org.). Bioecologia e nutri\u00e7\u00e3o de insetos base para o manejo integrado de pragas. Bras\u00edlia, DF: Embrapa, 2009, 1.164 p.<\/p>\n\n\n\n<p>WAGNER, D. Insect Declines in the Anthropocene.&nbsp; Annual Review of Entomology 2020 65:1, 457-480. https:\/\/www.annualreviews.org\/doi\/abs\/10.1146\/annurev-ento-011019-025151<\/p>\n","protected":false},"excerpt":{"rendered":"<p>N\u00edvel Mestrado\/Doutorado Natureza Semestral Cr\u00e9ditos 04 Carga hor\u00e1ria 60 horas&nbsp; Ementa Aprofundamento te\u00f3rico-pr\u00e1tico em t\u00e9cnicas de cria\u00e7\u00e3o de artr\u00f3podes em laborat\u00f3rio. Abordagem sobre as etapas de um estudo biol\u00f3gico utilizando substratos alimentares naturais e artificiais. Princ\u00edpios de nutri\u00e7\u00e3o e t\u00e9cnicas de cria\u00e7\u00e3o: exig\u00eancias nutricionais, diversidade de padr\u00f5es alimentares e qualidade dos alimentos. Semestre 1\u00ba semestre [&hellip;]<\/p>\n","protected":false},"author":3,"featured_media":0,"parent":0,"menu_order":0,"comment_status":"closed","ping_status":"closed","template":"","meta":{"footnotes":""},"class_list":["post-1204","page","type-page","status-publish","hentry"],"_links":{"self":[{"href":"https:\/\/agrarias.ufpr.br\/pgapv\/wp-json\/wp\/v2\/pages\/1204","targetHints":{"allow":["GET"]}}],"collection":[{"href":"https:\/\/agrarias.ufpr.br\/pgapv\/wp-json\/wp\/v2\/pages"}],"about":[{"href":"https:\/\/agrarias.ufpr.br\/pgapv\/wp-json\/wp\/v2\/types\/page"}],"author":[{"embeddable":true,"href":"https:\/\/agrarias.ufpr.br\/pgapv\/wp-json\/wp\/v2\/users\/3"}],"replies":[{"embeddable":true,"href":"https:\/\/agrarias.ufpr.br\/pgapv\/wp-json\/wp\/v2\/comments?post=1204"}],"version-history":[{"count":8,"href":"https:\/\/agrarias.ufpr.br\/pgapv\/wp-json\/wp\/v2\/pages\/1204\/revisions"}],"predecessor-version":[{"id":7652,"href":"https:\/\/agrarias.ufpr.br\/pgapv\/wp-json\/wp\/v2\/pages\/1204\/revisions\/7652"}],"wp:attachment":[{"href":"https:\/\/agrarias.ufpr.br\/pgapv\/wp-json\/wp\/v2\/media?parent=1204"}],"curies":[{"name":"wp","href":"https:\/\/api.w.org\/{rel}","templated":true}]}}