{"id":1129,"date":"2018-09-04T12:30:49","date_gmt":"2018-09-04T12:30:49","guid":{"rendered":"https:\/\/agrarias.ufpr.br\/pgapv\/?page_id=1129"},"modified":"2026-02-04T12:35:46","modified_gmt":"2026-02-04T12:35:46","slug":"agro-7004-controle-de-doencas-de-plantas","status":"publish","type":"page","link":"https:\/\/agrarias.ufpr.br\/pgapv\/agro-7004-controle-de-doencas-de-plantas\/","title":{"rendered":"AGRO 7004 \u2013 Controle de Doen\u00e7as de Plantas"},"content":{"rendered":"\n<p class=\"Normal_Web_ tm9\"><strong><span class=\"tm10\">N\u00edvel<\/span><\/strong><\/p>\n\n\n\n<p class=\"Normal_Web_ tm9\"><span class=\"tm11\">Mestrado\/Doutorado<\/span><\/p>\n\n\n\n<p class=\"Normal_Web_ tm9\"><strong><span class=\"Forte\">Natureza<\/span><\/strong><\/p>\n\n\n\n<p class=\"Normal_Web_ tm9\"><span class=\"tm11\">Semestral<\/span><\/p>\n\n\n\n<p class=\"Normal_Web_ tm9\"><strong><span class=\"tm10\">Cr\u00e9ditos <\/span><\/strong><\/p>\n\n\n\n<p class=\"Normal_Web_ tm9\"><span class=\"tm11\">05<\/span><\/p>\n\n\n\n<p class=\"Normal_Web_ tm9\"><strong><span class=\"Forte\">Carga hor\u00e1ria<\/span><\/strong><\/p>\n\n\n\n<p class=\"Normal_Web_ tm9\"><span class=\"tm11\">75 horas<\/span><\/p>\n\n\n\n<p class=\"Normal_Web_ tm9\"><strong><span class=\"Forte\">Ementa<\/span><\/strong><\/p>\n\n\n\n<p>Estabelecimento de rela\u00e7\u00f5es entre os princ\u00edpios gerais no controle das doen\u00e7as e os m\u00e9todos de controle. Estudos aprofundados nos grupos de fungicidas e no desenvolvimento de bioinsumos. Busca de compreens\u00e3o sobre o modo e mecanismos de a\u00e7\u00e3o de fungicidas e de bioinsumos; resist\u00eancia de fungos a fungicidas e propostas de manejo integrando m\u00e9todos para controle de doen\u00e7as com seguran\u00e7a alimentar. Estudos de caso.<\/p>\n\n\n\n<p class=\"Normal_Web_ tm9\"><strong><span class=\"Forte\">Semestre<\/span><\/strong><\/p>\n\n\n\n<p class=\"Normal_Web_ tm9\"><span class=\"tm11\">1\u00ba semestre de anos \u00edmpares<\/span><\/p>\n\n\n\n<p class=\"Normal_Web_ tm9\"><strong><span class=\"tm10\">Dia\/Hor\u00e1rio<\/span><\/strong><\/p>\n\n\n\n<p class=\"Normal_Web_ tm9\"><span class=\"tm15\">Quinta-feira\/ 07:00 \u2013 12:00 horas<\/span><\/p>\n\n\n\n<p class=\"Normal_Web_ tm9\"><strong><span class=\"Forte\">Docente<\/span><\/strong><\/p>\n\n\n\n<p class=\"Normal_Web_ tm9\"><a href=\"https:\/\/agrarias.ufpr.br\/pgapv\/louise-larissa-may-de-mio\/\"><span class=\"tm11\">Louise Larissa May De Mio<\/span><\/a><\/p>\n\n\n\n<p class=\"Normal_Web_ tm16\"><strong><span class=\"tm17\">Bibliografia Recomendada<\/span><\/strong><\/p>\n\n\n\n<p>AMORIM, L.; REZENDE, J.A.; BERGAMIN FILHO, A.; Manual de Fitopatologia. Vol 1. 2018. Quinta edi\u00e7\u00e3o.<\/p>\n\n\n\n<p>OLIVER, R.P.; HEWITT, H.G. Fungicides in Crop Protection, CAB International. 2014. Plant Pathology, 67:1697:1705.<\/p>\n\n\n\n<p>BRENT, K.; HOLLOMON, D. W. Fungicide resistance in crop pathogens: How can it be managed, FRAC Monograph n.1, 2007<\/p>\n\n\n\n<p>BRENT, K.; HOLLOMON, D. W. Fungicide Resistance: The assessment of risk. FRAC monograph, n. 2.<\/p>\n\n\n\n<p>DUTRA, P. S.S.; LICHTEMBERG, P.S.F.; MARTINEZ, M. B.; MICHAILIDES, T.J.;&nbsp;MAY DE MIO, L.L. (2020). Cross-Resistance Among Demethylation Inhibitor Fungicides with Brazilian Monilinia fructicola Isolates as a Foundation to Discuss Brown Rot Control in Stone Fruit. Plant Disease. https:\/\/doi.org\/10.1094\/PDIS-04-20-0714-RE<\/p>\n\n\n\n<p>KLOSOWSKI, A. C.; CASTELLAR, C.; STAMMLER, G ;&nbsp;MAY DE MIO, L L&nbsp;. (2018). Fungicide sensitivity and monocyclic parameters related to soybean pathosystem from organic and conventional soybean production systems.<\/p>\n\n\n\n<p>LAMICHHANE,&nbsp;J.R.&nbsp; DACHBRODT-SAAYDEH,&nbsp;S.&nbsp; KUDSK,&nbsp;P.;&nbsp;MESS\u00c9AN, A. (2016).&nbsp; Toward a reduced reliance on conventional pesticides in european agriculture. Plant Disease,&nbsp;100: 10-24,&nbsp;10.1094\/PDIS-05-15-0574-FE<\/p>\n\n\n\n<p>LICHTEMBERG, P.F.S.; MICHAILIDES, T.J. ; PUCKETT, R. D.; ZEVIANE, W.M.&nbsp;;&nbsp;MAY-DE MIO, L.L. (2019)&nbsp;. Fitness costs associated with G461S mutants of Monilinia fructicola could favor the management of tebuconazole resistance in Brazil. Tropical Plant Pathology 44:140-150.<\/p>\n\n\n\n<p>MOREIRA, R.R.; HAMADA, N. A.; PERES, N. A.;&nbsp;MAY DE MIO, L.L. (2019) Sensitivity of Colletotrichum acutatum species complex from apple trees in Brazil to dithiocarbamates, MBC and QoI fungicides. Plant Disease, https:\/\/doi.org\/10.1094\/PDIS-07-18-1144-RE<\/p>\n\n\n\n<p>REIS, E.M.; REIS, A.C. &amp; FORCELINI, C.A. Manual de Fungicidas: guia para o controle qu\u00edmico de doen\u00e7as de plantas. Editora UPF, Passo Fundo. 2007.<\/p>\n\n\n\n<p>RUSSELL, P.E. A century of fungicide evolution. Journal of Agricultural Science 143: 11\u201325. 2005.<\/p>\n\n\n\n<p>RUSSELL, P.E. The development of commercial disease control. Plant Pathology 55: 585-594. 2006.<\/p>\n","protected":false},"excerpt":{"rendered":"<p>N\u00edvel Mestrado\/Doutorado Natureza Semestral Cr\u00e9ditos 05 Carga hor\u00e1ria 75 horas Ementa Estabelecimento de rela\u00e7\u00f5es entre os princ\u00edpios gerais no controle das doen\u00e7as e os m\u00e9todos de controle. Estudos aprofundados nos grupos de fungicidas e no desenvolvimento de bioinsumos. Busca de compreens\u00e3o sobre o modo e mecanismos de a\u00e7\u00e3o de fungicidas e de bioinsumos; resist\u00eancia de [&hellip;]<\/p>\n","protected":false},"author":3,"featured_media":0,"parent":0,"menu_order":0,"comment_status":"closed","ping_status":"closed","template":"","meta":{"footnotes":""},"class_list":["post-1129","page","type-page","status-publish","hentry"],"_links":{"self":[{"href":"https:\/\/agrarias.ufpr.br\/pgapv\/wp-json\/wp\/v2\/pages\/1129","targetHints":{"allow":["GET"]}}],"collection":[{"href":"https:\/\/agrarias.ufpr.br\/pgapv\/wp-json\/wp\/v2\/pages"}],"about":[{"href":"https:\/\/agrarias.ufpr.br\/pgapv\/wp-json\/wp\/v2\/types\/page"}],"author":[{"embeddable":true,"href":"https:\/\/agrarias.ufpr.br\/pgapv\/wp-json\/wp\/v2\/users\/3"}],"replies":[{"embeddable":true,"href":"https:\/\/agrarias.ufpr.br\/pgapv\/wp-json\/wp\/v2\/comments?post=1129"}],"version-history":[{"count":9,"href":"https:\/\/agrarias.ufpr.br\/pgapv\/wp-json\/wp\/v2\/pages\/1129\/revisions"}],"predecessor-version":[{"id":7663,"href":"https:\/\/agrarias.ufpr.br\/pgapv\/wp-json\/wp\/v2\/pages\/1129\/revisions\/7663"}],"wp:attachment":[{"href":"https:\/\/agrarias.ufpr.br\/pgapv\/wp-json\/wp\/v2\/media?parent=1129"}],"curies":[{"name":"wp","href":"https:\/\/api.w.org\/{rel}","templated":true}]}}